{"id":706,"date":"2025-08-21T10:12:54","date_gmt":"2025-08-21T02:12:54","guid":{"rendered":"https:\/\/mostebglass.com\/?post_type=product&#038;p=706"},"modified":"2026-03-16T13:08:51","modified_gmt":"2026-03-16T05:08:51","slug":"puste-butelki-i-trzciny-dyfuzorow-luzem-ze-spiralnym-wzorem","status":"publish","type":"product","link":"https:\/\/mostebglass.com\/pl\/bulk-empty-diffuser-bottles-and-reeds-with-spiral-design\/","title":{"rendered":"Puste butelki do dyfuzor\u00f3w i patyczki o pojemno\u015bci 100 ml i 250 ml w spiralnym kszta\u0142cie"},"content":{"rendered":"<p>Puste butelki i patyczki zapachowe maj\u0105 spiralny kszta\u0142t, kt\u00f3ry jest wyj\u0105tkowy i doda elegancji ka\u017cdemu wn\u0119trzu. Przezroczysta, szklana obudowa pozwala na wyeksponowanie kolorowego p\u0142ynu, a solidna rama zapewnia trwa\u0142o\u015b\u0107. Ten dyfuzor idealnie nadaje si\u0119 do u\u017cytku w domu lub w biurze i doskonale komponuje si\u0119 z patyczkami zapachowymi, zapewniaj\u0105c sta\u0142y i przyjemny zapach. Jego nowoczesny, a zarazem minimalistyczny design idealnie pasuje do ka\u017cdego wn\u0119trza.<\/p>\n<h2>Cechy produktu<\/h2>\n<ul>\n<li><strong>Przyci\u0105gaj\u0105ca wzrok spiralna faktura:<\/strong> Obrotowy, \u017cebrowany wz\u00f3r dodaje Twojemu deflektorowi ruchu i g\u0142\u0119bi, dzi\u0119ki czemu mo\u017cesz go postawi\u0107 na p\u00f3\u0142kach i w mediach spo\u0142eczno\u015bciowych.<\/li>\n<li><strong>Kszta\u0142t kulisty:<\/strong> Okr\u0105g\u0142y kszta\u0142t butelki z g\u0142adkimi, zaokr\u0105glonymi liniami tworzy niepowtarzaln\u0105 i dekoracyjn\u0105 ca\u0142o\u015b\u0107.<\/li>\n<li><strong>Trwa\u0142e szk\u0142o przezroczyste:<\/strong> Szklana butelka o wysokiej rozdzielczo\u015bci jest odporna na zarysowania i substancje chemiczne, dzi\u0119ki czemu idealnie nadaje si\u0119 do d\u0142ugotrwa\u0142ego przechowywania i cz\u0119stego u\u017cytkowania.<\/li>\n<\/ul>\n<h2>Jak jedna marka zbudowa\u0142a bestseller<\/h2>\n<p>Startup z bran\u017cy aromaterapii kupi\u0142 kiedy\u015b 3000 pustych butelek po dyfuzorach i patyczk\u00f3w. Wybra\u0142 jasnozielony kolor korpusu butelki i doda\u0142 swoje unikalne logo. Po\u0142\u0105czenie spiralnego wzoru i niestandardowego koloru sprawi\u0142o, \u017ce ich produkty sta\u0142y si\u0119 popularne. W ci\u0105gu zaledwie dw\u00f3ch miesi\u0119cy firma otrzyma\u0142a wiele powtarzaj\u0105cych si\u0119 zam\u00f3wie\u0144, a sprzeda\u017c znacznie wzros\u0142a. To dowodzi, \u017ce te puste butelki po dyfuzorach mog\u0105 naprawd\u0119 pom\u00f3c w rozwoju Twojego biznesu.<\/p>\n<h2>Twoja marka, Twoje zasady<\/h2>\n<ul>\n<li>Niestandardowe wykonanie: Mo\u017cesz wybra\u0107 zdobienie lukrem, malowanie lub rze\u017abienie, aby nada\u0107 szklanej butelce specjaln\u0105 faktur\u0119.<\/li>\n<li>Pokrywki: Wymie\u0144 standardowy korek na pokrywk\u0119 drewnian\u0105, metalow\u0105 lub ceramiczn\u0105, aby dopasowa\u0107 j\u0105 do stylu swojego produktu.<\/li>\n<li>Rozmiar: Je\u015bli 50 ml i 100 ml nie spe\u0142niaj\u0105 Pa\u0144stwa wymaga\u0144, mo\u017cemy dostosowa\u0107 rozmiar szk\u0142a rozbrajaj\u0105cego do Pa\u0144stwa konkretnych wymaga\u0144.<\/li>\n<\/ul>","protected":false},"excerpt":{"rendered":"<p>Hurtowa sprzeda\u017c pustych butelek do dyfuzor\u00f3w oraz pustych butelek do dyfuzor\u00f3w i patyczk\u00f3w. Najwy\u017csza jako\u015b\u0107, cena fabryczna, darmowe pr\u00f3bki dla klient\u00f3w B2B.<\/p>","protected":false},"featured_media":4780,"template":"","meta":{"site-sidebar-layout":"default","site-content-layout":"","ast-site-content-layout":"default","site-content-style":"default","site-sidebar-style":"default","ast-global-header-display":"","ast-banner-title-visibility":"","ast-main-header-display":"","ast-hfb-above-header-display":"","ast-hfb-below-header-display":"","ast-hfb-mobile-header-display":"","site-post-title":"","ast-breadcrumbs-content":"","ast-featured-img":"","footer-sml-layout":"","theme-transparent-header-meta":"default","adv-header-id-meta":"","stick-header-meta":"","header-above-stick-meta":"","header-main-stick-meta":"","header-below-stick-meta":"","astra-migrate-meta-layouts":"set","ast-page-background-enabled":"default","ast-page-background-meta":{"desktop":{"background-color":"var(--ast-global-color-5)","background-image":"","background-repeat":"repeat","background-position":"center center","background-size":"auto","background-attachment":"scroll","background-type":"","background-media":"","overlay-type":"","overlay-color":"","overlay-opacity":"","overlay-gradient":""},"tablet":{"background-color":"","background-image":"","background-repeat":"repeat","background-position":"center center","background-size":"auto","background-attachment":"scroll","background-type":"","background-media":"","overlay-type":"","overlay-color":"","overlay-opacity":"","overlay-gradient":""},"mobile":{"background-color":"","background-image":"","background-repeat":"repeat","background-position":"center center","background-size":"auto","background-attachment":"scroll","background-type":"","background-media":"","overlay-type":"","overlay-color":"","overlay-opacity":"","overlay-gradient":""}},"ast-content-background-meta":{"desktop":{"background-color":"var(--ast-global-color-4)","background-image":"","background-repeat":"repeat","background-position":"center center","background-size":"auto","background-attachment":"scroll","background-type":"","background-media":"","overlay-type":"","overlay-color":"","overlay-opacity":"","overlay-gradient":""},"tablet":{"background-color":"var(--ast-global-color-4)","background-image":"","background-repeat":"repeat","background-position":"center center","background-size":"auto","background-attachment":"scroll","background-type":"","background-media":"","overlay-type":"","overlay-color":"","overlay-opacity":"","overlay-gradient":""},"mobile":{"background-color":"var(--ast-global-color-4)","background-image":"","background-repeat":"repeat","background-position":"center center","background-size":"auto","background-attachment":"scroll","background-type":"","background-media":"","overlay-type":"","overlay-color":"","overlay-opacity":"","overlay-gradient":""}}},"product_brand":[],"product_cat":[54],"product_tag":[],"class_list":{"0":"post-706","1":"product","2":"type-product","3":"status-publish","4":"has-post-thumbnail","6":"product_cat-reed-diffuser-bottles","7":"desktop-align-left","8":"tablet-align-left","9":"mobile-align-left","11":"first","12":"instock","13":"shipping-taxable","14":"product-type-simple"},"jetpack_sharing_enabled":true,"_links":{"self":[{"href":"https:\/\/mostebglass.com\/pl\/wp-json\/wp\/v2\/product\/706","targetHints":{"allow":["GET"]}}],"collection":[{"href":"https:\/\/mostebglass.com\/pl\/wp-json\/wp\/v2\/product"}],"about":[{"href":"https:\/\/mostebglass.com\/pl\/wp-json\/wp\/v2\/types\/product"}],"wp:featuredmedia":[{"embeddable":true,"href":"https:\/\/mostebglass.com\/pl\/wp-json\/wp\/v2\/media\/4780"}],"wp:attachment":[{"href":"https:\/\/mostebglass.com\/pl\/wp-json\/wp\/v2\/media?parent=706"}],"wp:term":[{"taxonomy":"product_brand","embeddable":true,"href":"https:\/\/mostebglass.com\/pl\/wp-json\/wp\/v2\/product_brand?post=706"},{"taxonomy":"product_cat","embeddable":true,"href":"https:\/\/mostebglass.com\/pl\/wp-json\/wp\/v2\/product_cat?post=706"},{"taxonomy":"product_tag","embeddable":true,"href":"https:\/\/mostebglass.com\/pl\/wp-json\/wp\/v2\/product_tag?post=706"}],"curies":[{"name":"wp","href":"https:\/\/api.w.org\/{rel}","templated":true}]}}