{"id":717,"date":"2025-08-21T13:15:37","date_gmt":"2025-08-21T05:15:37","guid":{"rendered":"https:\/\/mostebglass.com\/?post_type=product&#038;p=717"},"modified":"2026-02-10T11:17:05","modified_gmt":"2026-02-10T03:17:05","slug":"glass-jars-with-cork-lids-candle-storage-spice-containers","status":"publish","type":"product","link":"https:\/\/mostebglass.com\/pl\/glass-jars-with-cork-lids-candle-storage-spice-containers\/","title":{"rendered":"S\u0142oiki szklane o pojemno\u015bci 100 ml i 200 ml z korkowymi pokrywkami | Pojemniki na \u015bwiece, do przechowywania i przyprawy"},"content":{"rendered":"<p>Te szklane s\u0142oiki z korkowymi pokrywkami (100 ml i 200 ml) maj\u0105 zaokr\u0105glony, cylindryczny kszta\u0142t z g\u0142adkimi i delikatnie zaokr\u0105glonymi \u015bciankami bocznymi oraz szerokim otworem u\u0142atwiaj\u0105cym nape\u0142nianie i dost\u0119p do zawarto\u015bci. Wykonane s\u0105 z ci\u0119\u017ckiego, litego szk\u0142a i dost\u0119pne w kolorach: przezroczystym, bursztynowym, czarnym i zielonym, zapewniaj\u0105c jednocze\u015bnie r\u00f3\u017cnorodno\u015b\u0107 wizualn\u0105 i skuteczn\u0105 ochron\u0119 przed \u015bwiat\u0142em. S\u0142oiki zamykane s\u0105 naturalnym korkiem, kt\u00f3ry idealnie przylega do szyjki s\u0142oika i jest bardzo \u0142atwy w zamkni\u0119ciu, co tworzy ciep\u0142y i organiczny kontrast ze szklanym korpusem.<\/p>\n<figure id=\"attachment_4426\" aria-describedby=\"caption-attachment-4426\" style=\"width: 500px\" class=\"wp-caption aligncenter\"><img fetchpriority=\"high\" decoding=\"async\" class=\"wp-image-4426\" src=\"https:\/\/mostebglass.com\/wp-content\/uploads\/2025\/08\/100ml-200ml-glass-jars-with-cork-lids.webp\" alt=\"S\u0142oiki szklane o pojemno\u015bci 100 ml i 200 ml z korkowymi pokrywkami\" width=\"500\" height=\"500\" srcset=\"https:\/\/mostebglass.com\/wp-content\/uploads\/2025\/08\/100ml-200ml-glass-jars-with-cork-lids.webp 1024w, https:\/\/mostebglass.com\/wp-content\/uploads\/2025\/08\/100ml-200ml-glass-jars-with-cork-lids-768x768.webp 768w, https:\/\/mostebglass.com\/wp-content\/uploads\/2025\/08\/100ml-200ml-glass-jars-with-cork-lids-12x12.webp 12w, https:\/\/mostebglass.com\/wp-content\/uploads\/2025\/08\/100ml-200ml-glass-jars-with-cork-lids-300x300.webp 300w, https:\/\/mostebglass.com\/wp-content\/uploads\/2025\/08\/100ml-200ml-glass-jars-with-cork-lids-600x600.webp 600w, https:\/\/mostebglass.com\/wp-content\/uploads\/2025\/08\/100ml-200ml-glass-jars-with-cork-lids-100x100.webp 100w\" sizes=\"(max-width: 500px) 100vw, 500px\" \/><figcaption id=\"caption-attachment-4426\" class=\"wp-caption-text\">S\u0142oiki szklane o pojemno\u015bci 100 ml i 200 ml z korkowymi pokrywkami<\/figcaption><\/figure>\n<h2>G\u0142\u00f3wne cechy<\/h2>\n<p>Posiada stabiln\u0105, p\u0142ask\u0105 podstaw\u0119, jednolit\u0105 grubo\u015b\u0107 \u015bcianek i niewielkie wymiary, dzi\u0119ki czemu mie\u015bci si\u0119 w opakowaniach o ma\u0142ej obj\u0119to\u015bci. Korkowa pokrywka zapobiega nadmiernemu nara\u017ceniu na kurz i zapewnia mo\u017cliwo\u015b\u0107 wielokrotnego otwierania i zamykania.<\/p>\n<h2>Aplikacje<\/h2>\n<p>S\u0142oiki mo\u017cna z \u0142atwo\u015bci\u0105 wykorzysta\u0107 na wiele sposob\u00f3w, na przyk\u0142ad jako s\u0142oiki na \u015bwiece (do przechowywania ma\u0142ych \u015bwiec zapachowych), s\u0142oiki do przechowywania (zio\u0142a, przyprawy, s\u00f3l lub herbata), s\u0142oiki dekoracyjne (dekoracje do domu lub zestawy prezentowe) oraz pojemniki (na artyku\u0142y r\u0119kodzielnicze lub pr\u00f3bki kosmetyk\u00f3w). Ich wielofunkcyjny wygl\u0105d idealnie pasuje do marek detalicznych, zastosowa\u0144 w bran\u017cy hotelarskiej i program\u00f3w pakowania na zam\u00f3wienie.<\/p>\n<h2>Kluczowe specyfikacje<\/h2>\n<table style=\"border-collapse: collapse; width: 80%; margin-right: auto; margin-left: auto;\" border=\"0\" width=\"144\" cellspacing=\"0\" cellpadding=\"0\">\n<tbody>\n<tr>\n<td width=\"72\">Funkcja<\/td>\n<td width=\"72\">Bli\u017csze dane<\/td>\n<\/tr>\n<tr>\n<td>Wymiary<\/td>\n<td>100 ml (64 mm * 63 mm), 200 ml (69 mm * 93 mm)<\/td>\n<\/tr>\n<tr>\n<td>Opcje kolor\u00f3w<\/td>\n<td>Przezroczysty, zielony, bursztynowy, matowo czarny lub w niestandardowym kolorze<\/td>\n<\/tr>\n<tr>\n<td>Tworzywo<\/td>\n<td>Szk\u0142o sodowo-wapniowe bezo\u0142owiowe i korek naturalny<\/td>\n<\/tr>\n<\/tbody>\n<\/table>\n<figure id=\"attachment_4430\" aria-describedby=\"caption-attachment-4430\" style=\"width: 500px\" class=\"wp-caption aligncenter\"><img decoding=\"async\" class=\"wp-image-4430\" src=\"https:\/\/mostebglass.com\/wp-content\/uploads\/2025\/08\/100ml-glass-jars-with-cork-lids.webp\" alt=\"S\u0142oiki szklane o pojemno\u015bci 100 ml z korkowymi pokrywkami\" width=\"500\" height=\"500\" srcset=\"https:\/\/mostebglass.com\/wp-content\/uploads\/2025\/08\/100ml-glass-jars-with-cork-lids.webp 1024w, https:\/\/mostebglass.com\/wp-content\/uploads\/2025\/08\/100ml-glass-jars-with-cork-lids-768x768.webp 768w, https:\/\/mostebglass.com\/wp-content\/uploads\/2025\/08\/100ml-glass-jars-with-cork-lids-12x12.webp 12w, https:\/\/mostebglass.com\/wp-content\/uploads\/2025\/08\/100ml-glass-jars-with-cork-lids-300x300.webp 300w, https:\/\/mostebglass.com\/wp-content\/uploads\/2025\/08\/100ml-glass-jars-with-cork-lids-600x600.webp 600w, https:\/\/mostebglass.com\/wp-content\/uploads\/2025\/08\/100ml-glass-jars-with-cork-lids-100x100.webp 100w\" sizes=\"(max-width: 500px) 100vw, 500px\" \/><figcaption id=\"caption-attachment-4430\" class=\"wp-caption-text\">S\u0142oiki szklane 100 ml<\/figcaption><\/figure>\n<h2>Pomys\u0142y na personalizacj\u0119 dla Ciebie<\/h2>\n<ol>\n<li><strong>Szablon z faktur\u0105 sezonow\u0105:<\/strong>Na\u0142\u00f3\u017c na szk\u0142o niestandardow\u0105, \u015bmierdz\u0105c\u0105 tekstur\u0119 (np. p\u0142atki \u015bniegu na zim\u0119, p\u0142atki \u015bniegu, kwiaty na wiosn\u0119) za pomoc\u0105 pow\u0142ok odpornych na ciep\u0142o. Idealne do bursztynowych s\u0142oik\u00f3w na \u015bwiece w sezonowej kolekcji \u015bwiec lub do sprzeda\u017cy hurtowej.<\/li>\n<li><strong>Wk\u0142adki korkowe z logo marki:<\/strong> Laser-angrev zapewnia wysok\u0105 jako\u015b\u0107 nadruku logo lub wzoru na opakowaniach \u015bwiec hurtowych w korkowych wieczkach.<\/li>\n<\/ol>\n<p>&nbsp;<\/p>","protected":false},"excerpt":{"rendered":"<p>Uniwersalne, ma\u0142e szklane s\u0142oiki z korkowymi pokrywkami, idealne na \u015bwiece, s\u0142oiki do przechowywania, pojemniki na przyprawy i opakowania dekoracyjne. Rozwi\u0105zania dostosowane do potrzeb klient\u00f3w detalicznych i hurtowych.<\/p>","protected":false},"featured_media":4431,"template":"","meta":{"site-sidebar-layout":"default","site-content-layout":"","ast-site-content-layout":"default","site-content-style":"default","site-sidebar-style":"default","ast-global-header-display":"","ast-banner-title-visibility":"","ast-main-header-display":"","ast-hfb-above-header-display":"","ast-hfb-below-header-display":"","ast-hfb-mobile-header-display":"","site-post-title":"","ast-breadcrumbs-content":"","ast-featured-img":"","footer-sml-layout":"","theme-transparent-header-meta":"default","adv-header-id-meta":"","stick-header-meta":"","header-above-stick-meta":"","header-main-stick-meta":"","header-below-stick-meta":"","astra-migrate-meta-layouts":"set","ast-page-background-enabled":"default","ast-page-background-meta":{"desktop":{"background-color":"var(--ast-global-color-5)","background-image":"","background-repeat":"repeat","background-position":"center center","background-size":"auto","background-attachment":"scroll","background-type":"","background-media":"","overlay-type":"","overlay-color":"","overlay-opacity":"","overlay-gradient":""},"tablet":{"background-color":"","background-image":"","background-repeat":"repeat","background-position":"center center","background-size":"auto","background-attachment":"scroll","background-type":"","background-media":"","overlay-type":"","overlay-color":"","overlay-opacity":"","overlay-gradient":""},"mobile":{"background-color":"","background-image":"","background-repeat":"repeat","background-position":"center center","background-size":"auto","background-attachment":"scroll","background-type":"","background-media":"","overlay-type":"","overlay-color":"","overlay-opacity":"","overlay-gradient":""}},"ast-content-background-meta":{"desktop":{"background-color":"var(--ast-global-color-4)","background-image":"","background-repeat":"repeat","background-position":"center center","background-size":"auto","background-attachment":"scroll","background-type":"","background-media":"","overlay-type":"","overlay-color":"","overlay-opacity":"","overlay-gradient":""},"tablet":{"background-color":"var(--ast-global-color-4)","background-image":"","background-repeat":"repeat","background-position":"center center","background-size":"auto","background-attachment":"scroll","background-type":"","background-media":"","overlay-type":"","overlay-color":"","overlay-opacity":"","overlay-gradient":""},"mobile":{"background-color":"var(--ast-global-color-4)","background-image":"","background-repeat":"repeat","background-position":"center center","background-size":"auto","background-attachment":"scroll","background-type":"","background-media":"","overlay-type":"","overlay-color":"","overlay-opacity":"","overlay-gradient":""}}},"product_brand":[],"product_cat":[28,21],"product_tag":[],"class_list":{"0":"post-717","1":"product","2":"type-product","3":"status-publish","4":"has-post-thumbnail","6":"product_cat-glass-candle-jars","7":"product_cat-product","8":"desktop-align-left","9":"tablet-align-left","10":"mobile-align-left","12":"first","13":"instock","14":"shipping-taxable","15":"product-type-simple"},"jetpack_sharing_enabled":true,"_links":{"self":[{"href":"https:\/\/mostebglass.com\/pl\/wp-json\/wp\/v2\/product\/717","targetHints":{"allow":["GET"]}}],"collection":[{"href":"https:\/\/mostebglass.com\/pl\/wp-json\/wp\/v2\/product"}],"about":[{"href":"https:\/\/mostebglass.com\/pl\/wp-json\/wp\/v2\/types\/product"}],"wp:featuredmedia":[{"embeddable":true,"href":"https:\/\/mostebglass.com\/pl\/wp-json\/wp\/v2\/media\/4431"}],"wp:attachment":[{"href":"https:\/\/mostebglass.com\/pl\/wp-json\/wp\/v2\/media?parent=717"}],"wp:term":[{"taxonomy":"product_brand","embeddable":true,"href":"https:\/\/mostebglass.com\/pl\/wp-json\/wp\/v2\/product_brand?post=717"},{"taxonomy":"product_cat","embeddable":true,"href":"https:\/\/mostebglass.com\/pl\/wp-json\/wp\/v2\/product_cat?post=717"},{"taxonomy":"product_tag","embeddable":true,"href":"https:\/\/mostebglass.com\/pl\/wp-json\/wp\/v2\/product_tag?post=717"}],"curies":[{"name":"wp","href":"https:\/\/api.w.org\/{rel}","templated":true}]}}