{"id":729,"date":"2025-08-21T12:49:19","date_gmt":"2025-08-21T04:49:19","guid":{"rendered":"https:\/\/mostebglass.com\/?post_type=product&#038;p=729"},"modified":"2026-04-09T15:24:15","modified_gmt":"2026-04-09T07:24:15","slug":"clear-reed-diffuser-containers-with-vertical-stripes-wholesale","status":"publish","type":"product","link":"https:\/\/mostebglass.com\/pl\/clear-reed-diffuser-containers-with-vertical-stripes-wholesale\/","title":{"rendered":"50 ml 100 ml przezroczyste pojemniki na dyfuzory z patyczkami zapachowymi w pionowe paski hurtowo"},"content":{"rendered":"<p>Wykonany z najwy\u017cszej jako\u015bci szk\u0142a dyfuzor z patyczkami \u2013 a jednocze\u015bnie elegancki, przezroczysty dyfuzor z patyczkami \u2013 charakteryzuje si\u0119 eleganckim, cylindrycznym kszta\u0142tem z ostrymi, pionowymi kraw\u0119dziami. Trwa\u0142a, przezroczysta butelka dyfuzora jest krystalicznie czysta, co stanowi idealny spos\u00f3b na zaprezentowanie Twojego wyj\u0105tkowego zapachu. Specjalizujemy si\u0119 w sprzeda\u017cy perfum luzem oraz szerokiej gamie akcesori\u00f3w do dyfuzor\u00f3w, w tym uniwersalnych pojemnik\u00f3w i pojemnik\u00f3w na dyfuzory, oferuj\u0105c wysokiej jako\u015bci produkty w przyst\u0119pnych cenach.<\/p>\n<h2>Cechy produktu<\/h2>\n<ul>\n<li>Praktyczny design: Pionowe paski i szeroki wlot (w po\u0142\u0105czeniu z bezpiecznym korkiem) sprawiaj\u0105, \u017ce ten klasyczny dyfuzor z patyczkiem jest \u0142atwy do nape\u0142niania. Bez problemu pasuje do innych dyfuzor\u00f3w z patyczkami i pojemnik\u00f3w na dyfuzory, dzi\u0119ki czemu idealnie nadaje si\u0119 do codziennego u\u017cytku.<\/li>\n<li>Przezroczysty: Wykonany z najwy\u017cszej jako\u015bci szk\u0142a dyfuzyjnego, zapach wewn\u0105trz tej przezroczystej butelki dyfuzora (wyj\u0105tkowego, przezroczystego dyfuzora patyczkowego) jest wyra\u017anie widoczny, zapewniaj\u0105c \u015bwie\u017ce i czyste doznania wizualne.<\/li>\n<li>Smuk\u0142y: Smuk\u0142a butelka i czyste linie tego szklanego dyfuzora z patyczkami tworz\u0105 prosty, elegancki design, kt\u00f3ry pasuje do ka\u017cdego stylu ekspozycji i idealnie komponuje si\u0119 z pojemnikami na dyfuzory z patyczkami.<\/li>\n<\/ul>\n<h2>Prawdziwa historia: Jak jedna marka podwoi\u0142a liczb\u0119 powracaj\u0105cych klient\u00f3w<\/h2>\n<p>Kalifornijska marka wellness planowa\u0142a wprowadzi\u0107 na rynek unikalnie wygl\u0105daj\u0105cy dyfuzor z patyczkiem. Jej klienci byli zachwyceni zapachem, ale nie mogli sobie przypomnie\u0107 innych butelek ze szk\u0142a i pojemnik\u00f3w na dyfuzory dost\u0119pnych na p\u00f3\u0142ce. Zdecydowali si\u0119 wi\u0119c na nasz niestandardowy, przezroczysty dyfuzor z patyczkami, wykonany z mi\u0119kkiego, zielonego szk\u0142a, z markowym korkiem i dopasowanym opakowaniem. Produkt cieszy\u0142 si\u0119 tak du\u017c\u0105 popularno\u015bci\u0105, \u017ce w ci\u0105gu sze\u015bciu miesi\u0119cy rozszerzyli swoj\u0105 ofert\u0119, u\u017cywaj\u0105c tej samej przezroczystej butelki i podwajaj\u0105c przychody.<\/p>\n<h2>Twoje opcje personalizacji<\/h2>\n<p>Nie zadowalaj si\u0119 gotowymi rozwi\u0105zaniami. U\u0142atwiamy personalizacj\u0119 ka\u017cdego szczeg\u00f3\u0142u szklanego dyfuzora za pomoc\u0105 patyczk\u00f3w, przezroczystej butelki lub pojemnik\u00f3w na patyczki zapachowe:<\/p>\n<ul>\n<li>Wyko\u0144czenia specjalne: Matowe, mro\u017cone lub kolorowe szk\u0142o dyfuzyjne zapewniaj\u0105ce wra\u017cenie ekskluzywno\u015bci, odpowiednie zar\u00f3wno do przezroczystych dyfuzor\u00f3w trzcinowych, jak i pojemnik\u00f3w na dyfuzory.<\/li>\n<li>Dodatki: Niestandardowe korki i firmowe opakowania dyfuzor\u00f3w, kt\u00f3re podnios\u0105 atrakcyjno\u015b\u0107 Twojego produktu.<\/li>\n<li>Zastosowania logo: Sitodruk, etykietowanie lub piaskowanie na szklanych powierzchniach dyfuzor\u00f3w.<\/li>\n<\/ul>\n<p>Szukasz naprawd\u0119 spersonalizowanego i ekskluzywnego dyfuzora zapachowego z patyczkami, w komplecie z niestandardowymi pojemnikami lub unikalnym opakowaniem? Zrobimy go specjalnie dla Ciebie.<\/p>","protected":false},"excerpt":{"rendered":"<p>Hurtowa sprzeda\u017c przezroczystych butelek i pojemnik\u00f3w na dyfuzory zapachowe. Zam\u00f3wienia hurtowe, darmowe pr\u00f3bki, najwy\u017csza jako\u015b\u0107 \u2013 idealne dla marek perfum i dostawc\u00f3w.<\/p>","protected":false},"featured_media":5015,"template":"","meta":{"site-sidebar-layout":"default","site-content-layout":"","ast-site-content-layout":"default","site-content-style":"default","site-sidebar-style":"default","ast-global-header-display":"","ast-banner-title-visibility":"","ast-main-header-display":"","ast-hfb-above-header-display":"","ast-hfb-below-header-display":"","ast-hfb-mobile-header-display":"","site-post-title":"","ast-breadcrumbs-content":"","ast-featured-img":"","footer-sml-layout":"","theme-transparent-header-meta":"default","adv-header-id-meta":"","stick-header-meta":"","header-above-stick-meta":"","header-main-stick-meta":"","header-below-stick-meta":"","astra-migrate-meta-layouts":"set","ast-page-background-enabled":"default","ast-page-background-meta":{"desktop":{"background-color":"var(--ast-global-color-5)","background-image":"","background-repeat":"repeat","background-position":"center center","background-size":"auto","background-attachment":"scroll","background-type":"","background-media":"","overlay-type":"","overlay-color":"","overlay-opacity":"","overlay-gradient":""},"tablet":{"background-color":"","background-image":"","background-repeat":"repeat","background-position":"center center","background-size":"auto","background-attachment":"scroll","background-type":"","background-media":"","overlay-type":"","overlay-color":"","overlay-opacity":"","overlay-gradient":""},"mobile":{"background-color":"","background-image":"","background-repeat":"repeat","background-position":"center center","background-size":"auto","background-attachment":"scroll","background-type":"","background-media":"","overlay-type":"","overlay-color":"","overlay-opacity":"","overlay-gradient":""}},"ast-content-background-meta":{"desktop":{"background-color":"var(--ast-global-color-4)","background-image":"","background-repeat":"repeat","background-position":"center center","background-size":"auto","background-attachment":"scroll","background-type":"","background-media":"","overlay-type":"","overlay-color":"","overlay-opacity":"","overlay-gradient":""},"tablet":{"background-color":"var(--ast-global-color-4)","background-image":"","background-repeat":"repeat","background-position":"center center","background-size":"auto","background-attachment":"scroll","background-type":"","background-media":"","overlay-type":"","overlay-color":"","overlay-opacity":"","overlay-gradient":""},"mobile":{"background-color":"var(--ast-global-color-4)","background-image":"","background-repeat":"repeat","background-position":"center center","background-size":"auto","background-attachment":"scroll","background-type":"","background-media":"","overlay-type":"","overlay-color":"","overlay-opacity":"","overlay-gradient":""}}},"product_brand":[],"product_cat":[54],"product_tag":[],"class_list":{"0":"post-729","1":"product","2":"type-product","3":"status-publish","4":"has-post-thumbnail","6":"product_cat-reed-diffuser-bottles","7":"desktop-align-left","8":"tablet-align-left","9":"mobile-align-left","11":"first","12":"instock","13":"shipping-taxable","14":"product-type-simple"},"jetpack_sharing_enabled":true,"_links":{"self":[{"href":"https:\/\/mostebglass.com\/pl\/wp-json\/wp\/v2\/product\/729","targetHints":{"allow":["GET"]}}],"collection":[{"href":"https:\/\/mostebglass.com\/pl\/wp-json\/wp\/v2\/product"}],"about":[{"href":"https:\/\/mostebglass.com\/pl\/wp-json\/wp\/v2\/types\/product"}],"wp:featuredmedia":[{"embeddable":true,"href":"https:\/\/mostebglass.com\/pl\/wp-json\/wp\/v2\/media\/5015"}],"wp:attachment":[{"href":"https:\/\/mostebglass.com\/pl\/wp-json\/wp\/v2\/media?parent=729"}],"wp:term":[{"taxonomy":"product_brand","embeddable":true,"href":"https:\/\/mostebglass.com\/pl\/wp-json\/wp\/v2\/product_brand?post=729"},{"taxonomy":"product_cat","embeddable":true,"href":"https:\/\/mostebglass.com\/pl\/wp-json\/wp\/v2\/product_cat?post=729"},{"taxonomy":"product_tag","embeddable":true,"href":"https:\/\/mostebglass.com\/pl\/wp-json\/wp\/v2\/product_tag?post=729"}],"curies":[{"name":"wp","href":"https:\/\/api.w.org\/{rel}","templated":true}]}}