{"id":755,"date":"2025-08-21T19:14:33","date_gmt":"2025-08-21T11:14:33","guid":{"rendered":"https:\/\/mostebglass.com\/?post_type=product&#038;p=755"},"modified":"2026-03-13T14:29:12","modified_gmt":"2026-03-13T06:29:12","slug":"empty-glass-diffuser-bottles-in-pumpkin-shape-for-wholesale","status":"publish","type":"product","link":"https:\/\/mostebglass.com\/pl\/empty-glass-diffuser-bottles-in-pumpkin-shape-for-wholesale\/","title":{"rendered":"100 ml 200 ml puste szklane butelki do dyfuzor\u00f3w w kszta\u0142cie dyni, hurtowo"},"content":{"rendered":"<p>Niezale\u017cnie od tego, czy kupujesz puste szklane flakony do dyfuzor\u00f3w do nowej linii zapachowej, czy tworzysz kompletn\u0105 kolekcj\u0119 opakowa\u0144 perfum, ta niska, pulchna szklana butelka o czystych, geometrycznych kraw\u0119dziach przypomina nowoczesn\u0105 dyni\u0119 sk\u0105pan\u0105 w s\u0142o\u0144cu. To co\u015b wi\u0119cej ni\u017c zwyk\u0142a butelka \u2013 to szklany dyfuzor na n\u00f3\u017cce, stworzony z my\u015bl\u0105 o sprzeda\u017cy.<\/p>\n<h2>Cechy produktu<\/h2>\n<ul>\n<li><strong>Projekt szk\u0142a fasetowanego:<\/strong> Butelka zaprojektowana jest wielowarstwowo, przybieraj\u0105c kszta\u0142t dyni, kt\u00f3ry odbija \u015bwiat\u0142o w niezwykle elegancki spos\u00f3b i stanowi ozdob\u0119 ka\u017cdego wn\u0119trza.<\/li>\n<li><strong>Stabilna okr\u0105g\u0142a podstawa:<\/strong> Zaokr\u0105glone, szerokie dno zapobiega przewr\u00f3ceniu si\u0119 pojemnika podczas u\u017cytkowania, dzi\u0119ki czemu mo\u017cna go bezpiecznie i wygodnie u\u017cywa\u0107 na p\u00f3\u0142kach, sto\u0142ach i blatach.<\/li>\n<li><strong>Wyb\u00f3r ko\u0142nierzy dekoracyjnych premium:<\/strong> Klienci mog\u0105 wybra\u0107 fantazyjny metalowy ko\u0142nierzyk w kolorze z\u0142otym lub czarnym, kt\u00f3ry dodaje wyrafinowania i zwi\u0119ksza og\u00f3lny urok.<\/li>\n<\/ul>\n<h2>Prawdziwy sukces: Jak marka podwoi\u0142a zainteresowanie detaliczne<\/h2>\n<p>Kalifornijska marka to nowa linia produkt\u00f3w do aromaterapii. Wybra\u0142 nasze szklane butelki z rozpylaczem o pojemno\u015bci 100 ml. Zdecydowa\u0142 si\u0119 na branding z wykorzystaniem Custom Amber-Colored, Empty Glass Defuser Bottles i Laser Angrev. Te szklane butelki z patyczkami sta\u0142y si\u0119 bestsellerem. Sprzedawcy detaliczni stawiaj\u0105 na unikatowy design, a sprzeda\u017c produkt\u00f3w tej marki wzros\u0142a o 35% w ci\u0105gu trzech miesi\u0119cy. To pokazuje, jak dobrze zaprojektowana butelka mo\u017ce zwi\u0119kszy\u0107 atrakcyjno\u015b\u0107.<\/p>\n<h2>Wskaz\u00f3wki dotycz\u0105ce personalizacji<\/h2>\n<ol>\n<li>Aby uzyska\u0107 delikatniejszy wygl\u0105d, pokryj \u017cebra matowym wyko\u0144czeniem lub wyostrz linie na szkle dyfuzora za pomoc\u0105 trawienia kwasem.<\/li>\n<li>Butelki mo\u017cna dostosowa\u0107 do indywidualnych potrzeb, wybieraj\u0105c matowy, czarny kolor \u2014 rzadko spotykana opcja na rynku.<\/li>\n<li>Zamie\u0144 standardow\u0105 nakr\u0119tk\u0119 na korek z drewna lub szk\u0142a.<\/li>\n<\/ol>","protected":false},"excerpt":{"rendered":"<p>Wysokiej jako\u015bci szklany dyfuzor z patyczkami i pustymi szklanymi butelkami. Idealny do zam\u00f3wie\u0144 hurtowych, personalizacji i darmowych pr\u00f3bek dla Twojej firmy.<\/p>","protected":false},"featured_media":4752,"template":"","meta":{"site-sidebar-layout":"default","site-content-layout":"","ast-site-content-layout":"default","site-content-style":"default","site-sidebar-style":"default","ast-global-header-display":"","ast-banner-title-visibility":"","ast-main-header-display":"","ast-hfb-above-header-display":"","ast-hfb-below-header-display":"","ast-hfb-mobile-header-display":"","site-post-title":"","ast-breadcrumbs-content":"","ast-featured-img":"","footer-sml-layout":"","theme-transparent-header-meta":"default","adv-header-id-meta":"","stick-header-meta":"","header-above-stick-meta":"","header-main-stick-meta":"","header-below-stick-meta":"","astra-migrate-meta-layouts":"set","ast-page-background-enabled":"default","ast-page-background-meta":{"desktop":{"background-color":"var(--ast-global-color-5)","background-image":"","background-repeat":"repeat","background-position":"center center","background-size":"auto","background-attachment":"scroll","background-type":"","background-media":"","overlay-type":"","overlay-color":"","overlay-opacity":"","overlay-gradient":""},"tablet":{"background-color":"","background-image":"","background-repeat":"repeat","background-position":"center center","background-size":"auto","background-attachment":"scroll","background-type":"","background-media":"","overlay-type":"","overlay-color":"","overlay-opacity":"","overlay-gradient":""},"mobile":{"background-color":"","background-image":"","background-repeat":"repeat","background-position":"center center","background-size":"auto","background-attachment":"scroll","background-type":"","background-media":"","overlay-type":"","overlay-color":"","overlay-opacity":"","overlay-gradient":""}},"ast-content-background-meta":{"desktop":{"background-color":"var(--ast-global-color-4)","background-image":"","background-repeat":"repeat","background-position":"center center","background-size":"auto","background-attachment":"scroll","background-type":"","background-media":"","overlay-type":"","overlay-color":"","overlay-opacity":"","overlay-gradient":""},"tablet":{"background-color":"var(--ast-global-color-4)","background-image":"","background-repeat":"repeat","background-position":"center center","background-size":"auto","background-attachment":"scroll","background-type":"","background-media":"","overlay-type":"","overlay-color":"","overlay-opacity":"","overlay-gradient":""},"mobile":{"background-color":"var(--ast-global-color-4)","background-image":"","background-repeat":"repeat","background-position":"center center","background-size":"auto","background-attachment":"scroll","background-type":"","background-media":"","overlay-type":"","overlay-color":"","overlay-opacity":"","overlay-gradient":""}}},"product_brand":[],"product_cat":[54],"product_tag":[],"class_list":{"0":"post-755","1":"product","2":"type-product","3":"status-publish","4":"has-post-thumbnail","6":"product_cat-reed-diffuser-bottles","7":"desktop-align-left","8":"tablet-align-left","9":"mobile-align-left","11":"first","12":"instock","13":"shipping-taxable","14":"product-type-simple"},"jetpack_sharing_enabled":true,"_links":{"self":[{"href":"https:\/\/mostebglass.com\/pl\/wp-json\/wp\/v2\/product\/755","targetHints":{"allow":["GET"]}}],"collection":[{"href":"https:\/\/mostebglass.com\/pl\/wp-json\/wp\/v2\/product"}],"about":[{"href":"https:\/\/mostebglass.com\/pl\/wp-json\/wp\/v2\/types\/product"}],"wp:featuredmedia":[{"embeddable":true,"href":"https:\/\/mostebglass.com\/pl\/wp-json\/wp\/v2\/media\/4752"}],"wp:attachment":[{"href":"https:\/\/mostebglass.com\/pl\/wp-json\/wp\/v2\/media?parent=755"}],"wp:term":[{"taxonomy":"product_brand","embeddable":true,"href":"https:\/\/mostebglass.com\/pl\/wp-json\/wp\/v2\/product_brand?post=755"},{"taxonomy":"product_cat","embeddable":true,"href":"https:\/\/mostebglass.com\/pl\/wp-json\/wp\/v2\/product_cat?post=755"},{"taxonomy":"product_tag","embeddable":true,"href":"https:\/\/mostebglass.com\/pl\/wp-json\/wp\/v2\/product_tag?post=755"}],"curies":[{"name":"wp","href":"https:\/\/api.w.org\/{rel}","templated":true}]}}