{"id":766,"date":"2025-08-22T10:26:40","date_gmt":"2025-08-22T02:26:40","guid":{"rendered":"https:\/\/mostebglass.com\/?post_type=product&#038;p=766"},"modified":"2026-03-03T14:08:27","modified_gmt":"2026-03-03T06:08:27","slug":"glass-round-votive-candle-holders-in-ball-style-bulk","status":"publish","type":"product","link":"https:\/\/mostebglass.com\/pl\/glass-round-votive-candle-holders-in-ball-style-bulk\/","title":{"rendered":"Szklane okr\u0105g\u0142e \u015bwieczniki wotywne w kszta\u0142cie kuli, hurtowo"},"content":{"rendered":"<p>To szklany, okr\u0105g\u0142y \u015bwiecznik wotywny, charakteryzuj\u0105cy si\u0119 wysok\u0105 przezroczysto\u015bci\u0105 i g\u0142adk\u0105, polerowan\u0105 powierzchni\u0105, kt\u00f3ra dodaje uroku p\u0142omieniowi \u015bwiecy. Solidna, gruba podstawa zapewnia trwa\u0142o\u015b\u0107 i odporno\u015b\u0107 na ciep\u0142o. Zaokr\u0105glone kszta\u0142ty i zaokr\u0105glona zewn\u0119trzna cz\u0119\u015b\u0107 \u015bwiecy nadaj\u0105 jej mi\u0119kki i nowoczesny wygl\u0105d, a g\u0142\u0119bokie wn\u0119trze mocno trzyma wosk, zapobiegaj\u0105c jego rozlewaniu. U\u0142atwia to nalewanie i umieszczanie knota, co idealnie sprawdza si\u0119 zar\u00f3wno w przypadku \u015bwiec odlewanych r\u0119cznie, jak i nape\u0142nianych maszynowo.<\/p>\n<h2>Cechy produktu<\/h2>\n<ul>\n<li><strong>Dwuwarstwowa struktura wizualna:<\/strong> Zaokr\u0105glone \u015bcianki i wewn\u0119trzna cz\u0119\u015b\u0107 kielicha nadaj\u0105 wn\u0119trzu specjalny efekt g\u0142\u0119boko\u015bci akwarium.<\/li>\n<li><strong>Szerokie otwarcie ust:<\/strong> \u0141atwo wla\u0107 wosk, wycentrowa\u0107 knot i \u0142atwo go wyczy\u015bci\u0107.<\/li>\n<li><strong>G\u0142\u0119boka jama wewn\u0119trzna:<\/strong> Minimalizuje ryzyko wylania si\u0119 wosku i utrzymuje stopiony wosk w czystym pojemniku.<\/li>\n<\/ul>\n<h2>Kluczowe specyfikacje<\/h2>\n<table style=\"border-collapse: collapse; width: 80%; margin-left: auto; margin-right: auto;\" border=\"0\" width=\"144\" cellspacing=\"0\" cellpadding=\"0\">\n<tbody>\n<tr style=\"height: 13.50pt;\">\n<td style=\"height: 13.5pt; width: 54pt; text-align: center;\" width=\"72\" height=\"18\">Funkcja<\/td>\n<td style=\"width: 54pt; text-align: center;\" width=\"72\">Bli\u017csze dane<\/td>\n<\/tr>\n<tr style=\"height: 13.50pt;\">\n<td style=\"height: 13.5pt; text-align: center;\" height=\"18\">Wymiary<\/td>\n<td style=\"text-align: center;\">68*25mm<\/td>\n<\/tr>\n<tr style=\"height: 13.50pt;\">\n<td style=\"height: 13.5pt; text-align: center;\" height=\"18\">Tworzywo<\/td>\n<td style=\"text-align: center;\">Szk\u0142o kryszta\u0142owe<\/td>\n<\/tr>\n<tr style=\"height: 13.50pt;\">\n<td style=\"height: 13.5pt; text-align: center;\" height=\"18\">Opcje kolor\u00f3w<\/td>\n<td style=\"text-align: center;\">Wyczy\u015b\u0107, tak jak potrzebujesz<\/td>\n<\/tr>\n<\/tbody>\n<\/table>\n<h2>Przypadek sukcesu<\/h2>\n<p>Jedna z p\u00f3\u0142nocnow\u0142oskich butikowych marek zapach\u00f3w do domu, specjalizuj\u0105ca si\u0119 w botanicznych \u015bwiecach sojowych, zdecydowa\u0142a si\u0119 na zaprojektowanie na zam\u00f3wienie naszego szklanego \u015bwiecznika w kszta\u0142cie misy. \u015awiecznik l\u015bni matow\u0105 pow\u0142ok\u0105, kt\u00f3ra podkre\u015bla efekt suszonych kwiat\u00f3w zatopionych w wosku, uzupe\u0142niaj\u0105c minimalistyczny, \u015br\u00f3dziemnomorski styl. Na du\u017cej podstawie wyt\u0142oczono delikatny wz\u00f3r ga\u0142\u0105zki oliwnej, a logo marki nadrukowano matow\u0105 z\u0142ot\u0105 foli\u0105 na zewn\u0119trznej kraw\u0119dzi. Zam\u00f3wili\u015bmy r\u00f3wnie\u017c specjalnie zaprojektowane wieczko z popio\u0142\u00f3w, grawerowane laserowo, kt\u00f3re idealnie pasuje do szerokiego otworu w \u015bwieczniku.<\/p>\n<p>Opinie klient\u00f3w pokazuj\u0105, \u017ce postrzegana jako\u015b\u0107 premium wzros\u0142a o 35% w momencie test\u00f3w w sklepach. Odnotowano r\u00f3wnie\u017c 28-procentowy wzrost liczby produkt\u00f3w ponownie zakupionych w ci\u0105gu dw\u00f3ch miesi\u0119cy od premiery.<\/p>\n<h2>Pomys\u0142y na personalizacj\u0119 dla Ciebie<\/h2>\n<ol>\n<li><strong>Efekty wyko\u0144czenia powierzchni:<\/strong> Matowe wyko\u0144czenie, wewn\u0119trzna pow\u0142oka natryskowa, zewn\u0119trzna pow\u0142oka matowa lub opalizuj\u0105ca galwanizacja dodaj\u0105ca g\u0142\u0119bi efektowi wizualnemu.<\/li>\n<li><strong>Grawerowanie lub odlewanie podstawy:<\/strong> Niestandardowe wyt\u0142oczone oznaczenie marki lub g\u0142\u0119boki wz\u00f3r na spodzie umo\u017cliwiaj\u0105cy \u0142atw\u0105 identyfikacj\u0119 marki.<\/li>\n<li><strong>Odpowiednia pokrywa:<\/strong> Szklana, drewniana, bambusowa lub metalowa pokrywka pasuj\u0105ca do szerokiej konstrukcji rantu.<\/li>\n<\/ol>","protected":false},"excerpt":{"rendered":"<p>Zwi\u0119ksz sprzeda\u017c dzi\u0119ki okr\u0105g\u0142ym \u015bwiecznikom wotywnym! Darmowa wysy\u0142ka hurtowych s\u0142oik\u00f3w na \u015bwiece + ekskluzywne szablony. Idealne dla luksusowych marek \u015bwiec.<\/p>","protected":false},"featured_media":4575,"template":"","meta":{"site-sidebar-layout":"default","site-content-layout":"","ast-site-content-layout":"default","site-content-style":"default","site-sidebar-style":"default","ast-global-header-display":"","ast-banner-title-visibility":"","ast-main-header-display":"","ast-hfb-above-header-display":"","ast-hfb-below-header-display":"","ast-hfb-mobile-header-display":"","site-post-title":"","ast-breadcrumbs-content":"","ast-featured-img":"","footer-sml-layout":"","theme-transparent-header-meta":"default","adv-header-id-meta":"","stick-header-meta":"","header-above-stick-meta":"","header-main-stick-meta":"","header-below-stick-meta":"","astra-migrate-meta-layouts":"set","ast-page-background-enabled":"default","ast-page-background-meta":{"desktop":{"background-color":"var(--ast-global-color-5)","background-image":"","background-repeat":"repeat","background-position":"center center","background-size":"auto","background-attachment":"scroll","background-type":"","background-media":"","overlay-type":"","overlay-color":"","overlay-opacity":"","overlay-gradient":""},"tablet":{"background-color":"","background-image":"","background-repeat":"repeat","background-position":"center center","background-size":"auto","background-attachment":"scroll","background-type":"","background-media":"","overlay-type":"","overlay-color":"","overlay-opacity":"","overlay-gradient":""},"mobile":{"background-color":"","background-image":"","background-repeat":"repeat","background-position":"center center","background-size":"auto","background-attachment":"scroll","background-type":"","background-media":"","overlay-type":"","overlay-color":"","overlay-opacity":"","overlay-gradient":""}},"ast-content-background-meta":{"desktop":{"background-color":"var(--ast-global-color-4)","background-image":"","background-repeat":"repeat","background-position":"center center","background-size":"auto","background-attachment":"scroll","background-type":"","background-media":"","overlay-type":"","overlay-color":"","overlay-opacity":"","overlay-gradient":""},"tablet":{"background-color":"var(--ast-global-color-4)","background-image":"","background-repeat":"repeat","background-position":"center center","background-size":"auto","background-attachment":"scroll","background-type":"","background-media":"","overlay-type":"","overlay-color":"","overlay-opacity":"","overlay-gradient":""},"mobile":{"background-color":"var(--ast-global-color-4)","background-image":"","background-repeat":"repeat","background-position":"center center","background-size":"auto","background-attachment":"scroll","background-type":"","background-media":"","overlay-type":"","overlay-color":"","overlay-opacity":"","overlay-gradient":""}}},"product_brand":[],"product_cat":[28],"product_tag":[],"class_list":{"0":"post-766","1":"product","2":"type-product","3":"status-publish","4":"has-post-thumbnail","6":"product_cat-glass-candle-jars","7":"desktop-align-left","8":"tablet-align-left","9":"mobile-align-left","11":"first","12":"instock","13":"shipping-taxable","14":"product-type-simple"},"jetpack_sharing_enabled":true,"_links":{"self":[{"href":"https:\/\/mostebglass.com\/pl\/wp-json\/wp\/v2\/product\/766","targetHints":{"allow":["GET"]}}],"collection":[{"href":"https:\/\/mostebglass.com\/pl\/wp-json\/wp\/v2\/product"}],"about":[{"href":"https:\/\/mostebglass.com\/pl\/wp-json\/wp\/v2\/types\/product"}],"wp:featuredmedia":[{"embeddable":true,"href":"https:\/\/mostebglass.com\/pl\/wp-json\/wp\/v2\/media\/4575"}],"wp:attachment":[{"href":"https:\/\/mostebglass.com\/pl\/wp-json\/wp\/v2\/media?parent=766"}],"wp:term":[{"taxonomy":"product_brand","embeddable":true,"href":"https:\/\/mostebglass.com\/pl\/wp-json\/wp\/v2\/product_brand?post=766"},{"taxonomy":"product_cat","embeddable":true,"href":"https:\/\/mostebglass.com\/pl\/wp-json\/wp\/v2\/product_cat?post=766"},{"taxonomy":"product_tag","embeddable":true,"href":"https:\/\/mostebglass.com\/pl\/wp-json\/wp\/v2\/product_tag?post=766"}],"curies":[{"name":"wp","href":"https:\/\/api.w.org\/{rel}","templated":true}]}}