{"id":776,"date":"2025-08-22T10:46:08","date_gmt":"2025-08-22T02:46:08","guid":{"rendered":"https:\/\/mostebglass.com\/?post_type=product&#038;p=776"},"modified":"2026-03-19T15:14:25","modified_gmt":"2026-03-19T07:14:25","slug":"hanging-car-diffuser-bottles-with-diamond-glass-bulk","status":"publish","type":"product","link":"https:\/\/mostebglass.com\/pl\/hanging-car-diffuser-bottles-with-diamond-glass-bulk\/","title":{"rendered":"8 ml wisz\u0105ce butelki do dyfuzor\u00f3w samochodowych z diamentowym szk\u0142em"},"content":{"rendered":"<p>Ten stylowy dyfuzor samochodowy mie\u015bci si\u0119 w eleganckiej, diamentowej, fasetowanej szklanej butelce, kt\u00f3ra emanuje ol\u015bniewaj\u0105cym blaskiem. Kompaktowa pojemno\u015b\u0107 8 ml idealnie pasuje do ka\u017cdego samochodu. Wielowarstwowa drewniana nakr\u0119tka i kolorowy sznurek dodaj\u0105 mu przyci\u0105gaj\u0105cego wzrok charakteru.<\/p>\n<h2>Cechy produktu<\/h2>\n<ul>\n<li>Butelka w kszta\u0142cie diamentu: Przezroczyste szk\u0142o tworzy wyj\u0105tkowy, stylowy design w kszta\u0142cie diamentu, dzi\u0119ki czemu wyra\u017anie wida\u0107 pozosta\u0142y zapach.<\/li>\n<li>Kompaktowy i przeno\u015bny: Kompaktowy rozmiar zajmuje minimaln\u0105 ilo\u015b\u0107 miejsca, dzi\u0119ki czemu mo\u017cna go \u0142atwo przechowywa\u0107 w samochodzie lub zawiesi\u0107 na baga\u017cu podr\u0119cznym.<\/li>\n<li>W zestawie smycz: Stylowy i praktyczny design pozwala na powieszenie smyczy i wielowarstwowej drewnianej czapki w samochodzie lub przy torbie.<\/li>\n<\/ul>\n<h2>Historia sukcesu: Jak marka podnios\u0142a atrakcyjno\u015b\u0107 sprzeda\u017cy detalicznej<\/h2>\n<p>Wcze\u015bniej pewna marka sprzedawa\u0142a online zwyk\u0142e, puste szklane dyfuzory, ale klienci narzekali, \u017ce wygl\u0105daj\u0105 \u201etanio\u201d. Zast\u0105pili\u015bmy je wisz\u0105cymi butelkami do dyfuzor\u00f3w samochodowych, wykonanymi ze specjalnego szk\u0142a w kolorze le\u015bnej zieleni, grawerowan\u0105 nakr\u0119tk\u0105 i sznurkiem w odcieniach ziemi.<\/p>\n<p>Efekt? Ich wska\u017anik konwersji na Amazonie wzr\u00f3s\u0142 o 92% w ci\u0105gu trzech miesi\u0119cy. Sprzedawcy zachwycaj\u0105 si\u0119 ekskluzywnym wygl\u0105dem. Jeden z kupuj\u0105cych powiedzia\u0142: \u201eWygl\u0105da jak przedmiot luksusowy, a nie zwyk\u0142y dyfuzor samochodowy\u201d.<\/p>\n<h2>Chcesz spersonalizowa\u0107 ten dyfuzor samochodowy?<\/h2>\n<p>Nie ograniczaj si\u0119 do tego samego. Mo\u017cemy dostosowa\u0107 ka\u017cdy szczeg\u00f3\u0142:<\/p>\n<ul>\n<li>Sznurek i koraliki: Wybierz kolor sznurka i materia\u0142 koralik\u00f3w \u2014 drewno, akryl lub kamie\u0144 \u2014 aby uzupe\u0142ni\u0107 palet\u0119 barw Twojej marki.<\/li>\n<li>Kolor butelki: Aby uzyska\u0107 efekt tarczy lub jednolitego koloru w kolorze czarnym, niebieskim, bursztynowym lub w niestandardowym odcieniu, mo\u017cna zastosowa\u0107 kolorowe szkliwa szklane w celu zwi\u0119kszenia atrakcyjno\u015bci wizualnej.<\/li>\n<li>Elastyczny rozmiar: Potrzebujesz pr\u00f3bki 5 ml lub 10 ml d\u0142ugotrwa\u0142ego zapachu? Mamy co\u015b dla Ciebie.<\/li>\n<li>Logo i branding: Aby wyra\u017anie wyeksponowa\u0107 swoj\u0105 mark\u0119, wybierz wyko\u0144czenie matowe\/piaskowane, sitodrukowe lub grawerowane laserowo.<\/li>\n<\/ul>\n<p>Te wisz\u0105ce butelki z od\u015bwie\u017caczem powietrza do samochodu nie tylko s\u0105 praktyczne, ale tak\u017ce stanowi\u0105 cichych sprzedawc\u00f3w.<\/p>","protected":false},"excerpt":{"rendered":"<p>Butelki z dyfuzorem samochodowym premium i wisz\u0105ce butelki z dyfuzorem samochodowym dost\u0119pne hurtowo. Zam\u00f3w hurtowo, spersonalizuj sw\u00f3j styl i skorzystaj z darmowych pr\u00f3bek ju\u017c dzi\u015b.<\/p>","protected":false},"featured_media":4822,"template":"","meta":{"site-sidebar-layout":"default","site-content-layout":"","ast-site-content-layout":"default","site-content-style":"default","site-sidebar-style":"default","ast-global-header-display":"","ast-banner-title-visibility":"","ast-main-header-display":"","ast-hfb-above-header-display":"","ast-hfb-below-header-display":"","ast-hfb-mobile-header-display":"","site-post-title":"","ast-breadcrumbs-content":"","ast-featured-img":"","footer-sml-layout":"","theme-transparent-header-meta":"default","adv-header-id-meta":"","stick-header-meta":"","header-above-stick-meta":"","header-main-stick-meta":"","header-below-stick-meta":"","astra-migrate-meta-layouts":"set","ast-page-background-enabled":"default","ast-page-background-meta":{"desktop":{"background-color":"var(--ast-global-color-5)","background-image":"","background-repeat":"repeat","background-position":"center center","background-size":"auto","background-attachment":"scroll","background-type":"","background-media":"","overlay-type":"","overlay-color":"","overlay-opacity":"","overlay-gradient":""},"tablet":{"background-color":"","background-image":"","background-repeat":"repeat","background-position":"center center","background-size":"auto","background-attachment":"scroll","background-type":"","background-media":"","overlay-type":"","overlay-color":"","overlay-opacity":"","overlay-gradient":""},"mobile":{"background-color":"","background-image":"","background-repeat":"repeat","background-position":"center center","background-size":"auto","background-attachment":"scroll","background-type":"","background-media":"","overlay-type":"","overlay-color":"","overlay-opacity":"","overlay-gradient":""}},"ast-content-background-meta":{"desktop":{"background-color":"var(--ast-global-color-4)","background-image":"","background-repeat":"repeat","background-position":"center center","background-size":"auto","background-attachment":"scroll","background-type":"","background-media":"","overlay-type":"","overlay-color":"","overlay-opacity":"","overlay-gradient":""},"tablet":{"background-color":"var(--ast-global-color-4)","background-image":"","background-repeat":"repeat","background-position":"center center","background-size":"auto","background-attachment":"scroll","background-type":"","background-media":"","overlay-type":"","overlay-color":"","overlay-opacity":"","overlay-gradient":""},"mobile":{"background-color":"var(--ast-global-color-4)","background-image":"","background-repeat":"repeat","background-position":"center center","background-size":"auto","background-attachment":"scroll","background-type":"","background-media":"","overlay-type":"","overlay-color":"","overlay-opacity":"","overlay-gradient":""}}},"product_brand":[],"product_cat":[54],"product_tag":[],"class_list":{"0":"post-776","1":"product","2":"type-product","3":"status-publish","4":"has-post-thumbnail","6":"product_cat-reed-diffuser-bottles","7":"desktop-align-left","8":"tablet-align-left","9":"mobile-align-left","11":"first","12":"instock","13":"shipping-taxable","14":"product-type-simple"},"jetpack_sharing_enabled":true,"_links":{"self":[{"href":"https:\/\/mostebglass.com\/pl\/wp-json\/wp\/v2\/product\/776","targetHints":{"allow":["GET"]}}],"collection":[{"href":"https:\/\/mostebglass.com\/pl\/wp-json\/wp\/v2\/product"}],"about":[{"href":"https:\/\/mostebglass.com\/pl\/wp-json\/wp\/v2\/types\/product"}],"wp:featuredmedia":[{"embeddable":true,"href":"https:\/\/mostebglass.com\/pl\/wp-json\/wp\/v2\/media\/4822"}],"wp:attachment":[{"href":"https:\/\/mostebglass.com\/pl\/wp-json\/wp\/v2\/media?parent=776"}],"wp:term":[{"taxonomy":"product_brand","embeddable":true,"href":"https:\/\/mostebglass.com\/pl\/wp-json\/wp\/v2\/product_brand?post=776"},{"taxonomy":"product_cat","embeddable":true,"href":"https:\/\/mostebglass.com\/pl\/wp-json\/wp\/v2\/product_cat?post=776"},{"taxonomy":"product_tag","embeddable":true,"href":"https:\/\/mostebglass.com\/pl\/wp-json\/wp\/v2\/product_tag?post=776"}],"curies":[{"name":"wp","href":"https:\/\/api.w.org\/{rel}","templated":true}]}}