{"id":777,"date":"2025-08-22T17:31:53","date_gmt":"2025-08-22T09:31:53","guid":{"rendered":"https:\/\/mostebglass.com\/?post_type=product&#038;p=777"},"modified":"2026-03-25T15:57:02","modified_gmt":"2026-03-25T07:57:02","slug":"tealight-candles-holders-colored-glass-candle-vessels-supplier","status":"publish","type":"product","link":"https:\/\/mostebglass.com\/pl\/tealight-candles-holders-colored-glass-candle-vessels-supplier\/","title":{"rendered":"Podgrzewacze \u2013 kolorowe szklane pojemniki na \u015bwiece"},"content":{"rendered":"<p>Ta seria podgrzewaczy charakteryzuje si\u0119 eleganck\u0105, p\u0142ytk\u0105 mis\u0105 (w stylu spodka) o g\u0142adkim, zaokr\u0105glonym profilu. Oba wykonane s\u0105 z krystalicznie czystego, litego szk\u0142a i ka\u017cdy z zag\u0142\u0119bieniem po\u015brodku (\u015brednica wewn\u0119trzna 41 mm), co u\u0142atwia umieszczenie w nich standardowego podgrzewacza. \u015awieczniki te charakteryzuj\u0105 si\u0119 solidnym, wysokiej jako\u015bci wyko\u0144czeniem. Dost\u0119pne s\u0105 w przejrzystych i \u017cywych kolorach, takich jak niebieski, czerwony i \u017c\u00f3\u0142ty.<\/p>\n<h2>Kluczowe specyfikacje<\/h2>\n<table style=\"border-collapse: collapse; width: 80%; margin-left: auto; margin-right: auto;\" border=\"0\" width=\"144\" cellspacing=\"0\" cellpadding=\"0\">\n<tbody>\n<tr style=\"height: 13.50pt;\">\n<td style=\"height: 13.50pt; width: 54.00pt;\" width=\"72\" height=\"18\">Funkcja<\/td>\n<td style=\"width: 54.00pt;\" width=\"72\">Bli\u017csze dane<\/td>\n<\/tr>\n<tr style=\"height: 13.50pt;\">\n<td style=\"height: 13.50pt;\" height=\"18\">Waga<\/td>\n<td>118g<\/td>\n<\/tr>\n<tr style=\"height: 13.50pt;\">\n<td style=\"height: 13.50pt;\" height=\"18\">Wymiary<\/td>\n<td>\u015arednica wewn\u0119trzna: 41 mm; Wysoko\u015b\u0107: 25 mm; \u015arednica otworu: 76 mm<\/td>\n<\/tr>\n<tr style=\"height: 13.50pt;\">\n<td style=\"height: 13.50pt;\" height=\"18\">Tworzywo<\/td>\n<td>Szk\u0142em sodowo wapiennym<\/td>\n<\/tr>\n<tr style=\"height: 13.50pt;\">\n<td style=\"height: 13.50pt;\" height=\"18\">Opcje kolor\u00f3w<\/td>\n<td>Wyczy\u015b\u0107 lub dostosuj<\/td>\n<\/tr>\n<\/tbody>\n<\/table>\n<h2>Pomys\u0142y na personalizacj\u0119 dla Ciebie<\/h2>\n<ol>\n<li><strong>Wytrawione logo marki:<\/strong> Laser- Twoje logo na podstawie kt\u00f3rego mo\u017cesz dokona\u0107 wyboru identyfikacji marki \u015bwiecy w hurtowym s\u0142oiku ze \u015bwiecami.<\/li>\n<li><strong>Spakuj jako zestaw:<\/strong> Oferuj okr\u0105g\u0142e, szklane \u015bwieczniki w zestawach prezentowych dla sprzedawc\u00f3w \u015bwiec.<\/li>\n<\/ol>\n<h2>Aplikacja<\/h2>\n<p>Mo\u017cna je uk\u0142ada\u0107 w stosy, a ich miniaturowy rozmiar i kszta\u0142t idealnie sprawdzaj\u0105 si\u0119 w przypadku du\u017cych ilo\u015bci i zapewniaj\u0105 dobr\u0105 logistyk\u0119. Dzi\u0119ki prostemu, a zarazem zabawnemu wygl\u0105dowi, mog\u0105 by\u0107 r\u00f3wnie\u017c ozdob\u0105 zestawu prezentowego, promocji sezonowych i kolekcji markowych \u015bwiec. Produkt ten jest bardzo elastyczny w bran\u017cy hotelarskiej, organizacji imprez i sprzeda\u017cy detalicznej w odniesieniu do klient\u00f3w B2B.<\/p>","protected":false},"excerpt":{"rendered":"<p>Podgrzewacze w kolorowych szklanych pojemnikach. Uroczy s\u0142oik na \u015bwiece, idealny na imprezy, do dekoracji i jako hurtowa sprzeda\u017c szklanych pojemnik\u00f3w na podgrzewacze.<\/p>","protected":false},"featured_media":1992,"template":"","meta":{"site-sidebar-layout":"default","site-content-layout":"","ast-site-content-layout":"default","site-content-style":"default","site-sidebar-style":"default","ast-global-header-display":"","ast-banner-title-visibility":"","ast-main-header-display":"","ast-hfb-above-header-display":"","ast-hfb-below-header-display":"","ast-hfb-mobile-header-display":"","site-post-title":"","ast-breadcrumbs-content":"","ast-featured-img":"","footer-sml-layout":"","theme-transparent-header-meta":"default","adv-header-id-meta":"","stick-header-meta":"","header-above-stick-meta":"","header-main-stick-meta":"","header-below-stick-meta":"","astra-migrate-meta-layouts":"set","ast-page-background-enabled":"default","ast-page-background-meta":{"desktop":{"background-color":"var(--ast-global-color-5)","background-image":"","background-repeat":"repeat","background-position":"center center","background-size":"auto","background-attachment":"scroll","background-type":"","background-media":"","overlay-type":"","overlay-color":"","overlay-opacity":"","overlay-gradient":""},"tablet":{"background-color":"","background-image":"","background-repeat":"repeat","background-position":"center center","background-size":"auto","background-attachment":"scroll","background-type":"","background-media":"","overlay-type":"","overlay-color":"","overlay-opacity":"","overlay-gradient":""},"mobile":{"background-color":"","background-image":"","background-repeat":"repeat","background-position":"center center","background-size":"auto","background-attachment":"scroll","background-type":"","background-media":"","overlay-type":"","overlay-color":"","overlay-opacity":"","overlay-gradient":""}},"ast-content-background-meta":{"desktop":{"background-color":"var(--ast-global-color-4)","background-image":"","background-repeat":"repeat","background-position":"center center","background-size":"auto","background-attachment":"scroll","background-type":"","background-media":"","overlay-type":"","overlay-color":"","overlay-opacity":"","overlay-gradient":""},"tablet":{"background-color":"var(--ast-global-color-4)","background-image":"","background-repeat":"repeat","background-position":"center center","background-size":"auto","background-attachment":"scroll","background-type":"","background-media":"","overlay-type":"","overlay-color":"","overlay-opacity":"","overlay-gradient":""},"mobile":{"background-color":"var(--ast-global-color-4)","background-image":"","background-repeat":"repeat","background-position":"center center","background-size":"auto","background-attachment":"scroll","background-type":"","background-media":"","overlay-type":"","overlay-color":"","overlay-opacity":"","overlay-gradient":""}}},"product_brand":[],"product_cat":[28],"product_tag":[],"class_list":{"0":"post-777","1":"product","2":"type-product","3":"status-publish","4":"has-post-thumbnail","6":"product_cat-glass-candle-jars","7":"desktop-align-left","8":"tablet-align-left","9":"mobile-align-left","11":"first","12":"instock","13":"shipping-taxable","14":"product-type-simple"},"jetpack_sharing_enabled":true,"_links":{"self":[{"href":"https:\/\/mostebglass.com\/pl\/wp-json\/wp\/v2\/product\/777","targetHints":{"allow":["GET"]}}],"collection":[{"href":"https:\/\/mostebglass.com\/pl\/wp-json\/wp\/v2\/product"}],"about":[{"href":"https:\/\/mostebglass.com\/pl\/wp-json\/wp\/v2\/types\/product"}],"wp:featuredmedia":[{"embeddable":true,"href":"https:\/\/mostebglass.com\/pl\/wp-json\/wp\/v2\/media\/1992"}],"wp:attachment":[{"href":"https:\/\/mostebglass.com\/pl\/wp-json\/wp\/v2\/media?parent=777"}],"wp:term":[{"taxonomy":"product_brand","embeddable":true,"href":"https:\/\/mostebglass.com\/pl\/wp-json\/wp\/v2\/product_brand?post=777"},{"taxonomy":"product_cat","embeddable":true,"href":"https:\/\/mostebglass.com\/pl\/wp-json\/wp\/v2\/product_cat?post=777"},{"taxonomy":"product_tag","embeddable":true,"href":"https:\/\/mostebglass.com\/pl\/wp-json\/wp\/v2\/product_tag?post=777"}],"curies":[{"name":"wp","href":"https:\/\/api.w.org\/{rel}","templated":true}]}}