{"id":788,"date":"2025-08-22T13:27:34","date_gmt":"2025-08-22T05:27:34","guid":{"rendered":"https:\/\/mostebglass.com\/?post_type=product&#038;p=788"},"modified":"2026-03-18T11:38:33","modified_gmt":"2026-03-18T03:38:33","slug":"hanging-empty-car-diffuser-bottles-with-wood-lids-wholesale","status":"publish","type":"product","link":"https:\/\/mostebglass.com\/pl\/hanging-empty-car-diffuser-bottles-with-wood-lids-wholesale\/","title":{"rendered":"10 ml wisz\u0105ce puste butelki do dyfuzor\u00f3w samochodowych z drewnianymi pokrywkami hurtowo"},"content":{"rendered":"<p>Ten wisz\u0105cy dyfuzor, zaprojektowany specjalnie do samochod\u00f3w, sta\u0142 si\u0119 niekwestionowanym faworytem. Jego mi\u0119kki, zaokr\u0105glony kszta\u0142t dzwonu oferuje g\u0142adkie linie bez ostrych kraw\u0119dzi. Jego mi\u0119kki, okr\u0105g\u0142y kszta\u0142t dzwonu nie oferuje g\u0142adkich linii ani ostrych kraw\u0119dzi. Zosta\u0142 wykonany z wysokiej jako\u015bci szk\u0142a o mi\u0119kkim, matowym wyko\u0144czeniu. Powierzchnia z efektem szronu nadaje mu ch\u0142odn\u0105 elegancj\u0119, a jako\u015b\u0107 jest wyra\u017anie widoczna w d\u0142oni.<\/p>\n<h2>Cechy produktu<\/h2>\n<ul>\n<li><strong>Elegancja w kszta\u0142cie dzwonka:<\/strong> G\u0142adki, okr\u0105g\u0142y szklany klosz uwalnia luksusow\u0105 aur\u0119, podczas gdy oszroniona, nieruchoma powierzchnia delikatnie odbija \u015bwiat\u0142o.<\/li>\n<li><strong>Tekstura sfrustrowana:<\/strong> Szk\u0142o mro\u017cone to odrobina klasy deflektora, jest odporne na plamy i odciski palc\u00f3w.<\/li>\n<li><strong>Kompaktowy i lekki:<\/strong> Pojemno\u015b\u0107 10 ml sprawia, \u017ce \u200b\u200bjest \u0142atwy do z\u0142o\u017cenia i przenoszenia lub powieszenia, oszcz\u0119dzaj\u0105c miejsce.<\/li>\n<\/ul>\n<h2>Przypadek sukcesu<\/h2>\n<p>Nasz ma\u0142y, okr\u0105g\u0142y flakon zapachu samochodowego o pojemno\u015bci 10 ml zosta\u0142 wybrany przez niemieck\u0105 mark\u0119 motoryzacyjn\u0105. Na etapie personalizacji klient wybra\u0142 r\u00f3\u017cne kolory, takie jak bursztynowy, r\u00f3\u017cowy, niebieski i przezroczysty, aby dopasowa\u0107 i rozr\u00f3\u017cni\u0107 poszczeg\u00f3lne wersje zapachowe. Co wi\u0119cej, sznurek do zawieszania zosta\u0142 ulepszony do p\u0142askiego, plecionego sk\u00f3rzanego paska z zgrzewanymi termicznie ko\u0144cami; na koniec klient zdecydowa\u0142 si\u0119 na zastosowanie techniki mikrot\u0142oczenia na g\u00f3rnej cz\u0119\u015bci wieczka flakonu, wykorzystuj\u0105c symboliczn\u0105 ikon\u0119 zamiast logo marki.<\/p>\n<p>Po premierze, linia produkt\u00f3w odnotowa\u0142a wzrost sprzeda\u017cy online o 44% w ci\u0105gu pierwszych dw\u00f3ch miesi\u0119cy od debiutu rynkowego. W ci\u0105gu zaledwie dziewi\u0119ciu miesi\u0119cy klient z\u0142o\u017cy\u0142 pi\u0119\u0107 kolejnych zam\u00f3wie\u0144 uzupe\u0142niaj\u0105cych.<\/p>\n<h2>Szukasz personalizacji? Zacznij tutaj<\/h2>\n<ul>\n<li>Kolor butelki: Zmie\u0144 matow\u0105, przezroczyst\u0105 butelk\u0119 na czarn\u0105, sza\u0142wiowo-zielon\u0105, granatow\u0105 lub inn\u0105, wybran\u0105 przez siebie palet\u0119 kolor\u00f3w. Matowe kolory natychmiast podnios\u0105 poziom Twojego dyfuzora.<\/li>\n<li>Kszta\u0142t butelki: geometryczne szlify, takie jak diamenty, \u0142ezki i sze\u015bciok\u0105ty (zwi\u0119kszaj\u0105ce odbicie \u015bwiat\u0142a).<\/li>\n<li>Dost\u0119pna pojemno\u015b\u0107: idealna to 10 ml, ale mo\u017cemy zaoferowa\u0107 r\u00f3wnie\u017c pojemno\u015bci 8 ml lub 12 ml na potrzeby zestaw\u00f3w pr\u00f3bek lub do d\u0142ugotrwa\u0142ego stosowania.<\/li>\n<li>Logo i branding: Wydrukuj swoje logo na opakowaniach lub stw\u00f3rz specjaln\u0105 wersj\u0119 \u015bwi\u0105teczn\u0105, aby zwi\u0119kszy\u0107 rozpoznawalno\u015b\u0107 marki.<\/li>\n<li>Doris i koraliki: dopasuj kolory do swojej marki. U\u017cyj bawe\u0142ny organicznej, nici z recyklingu, a nawet sk\u00f3rzanych sznurk\u00f3w, aby uzyska\u0107 wyrazisty wygl\u0105d.<\/li>\n<\/ul>","protected":false},"excerpt":{"rendered":"<p>Wysokiej jako\u015bci butelki wisz\u0105ce do dyfuzor\u00f3w i puste butelki do dyfuzor\u00f3w samochodowych w hurtowych ilo\u015bciach. Zam\u00f3w ju\u017c teraz i ciesz si\u0119 konkurencyjnymi cenami, szybk\u0105 dostaw\u0105 i gwarancj\u0105 jako\u015bci.<\/p>","protected":false},"featured_media":4801,"template":"","meta":{"site-sidebar-layout":"default","site-content-layout":"","ast-site-content-layout":"default","site-content-style":"default","site-sidebar-style":"default","ast-global-header-display":"","ast-banner-title-visibility":"","ast-main-header-display":"","ast-hfb-above-header-display":"","ast-hfb-below-header-display":"","ast-hfb-mobile-header-display":"","site-post-title":"","ast-breadcrumbs-content":"","ast-featured-img":"","footer-sml-layout":"","theme-transparent-header-meta":"default","adv-header-id-meta":"","stick-header-meta":"","header-above-stick-meta":"","header-main-stick-meta":"","header-below-stick-meta":"","astra-migrate-meta-layouts":"set","ast-page-background-enabled":"default","ast-page-background-meta":{"desktop":{"background-color":"var(--ast-global-color-5)","background-image":"","background-repeat":"repeat","background-position":"center center","background-size":"auto","background-attachment":"scroll","background-type":"","background-media":"","overlay-type":"","overlay-color":"","overlay-opacity":"","overlay-gradient":""},"tablet":{"background-color":"","background-image":"","background-repeat":"repeat","background-position":"center center","background-size":"auto","background-attachment":"scroll","background-type":"","background-media":"","overlay-type":"","overlay-color":"","overlay-opacity":"","overlay-gradient":""},"mobile":{"background-color":"","background-image":"","background-repeat":"repeat","background-position":"center center","background-size":"auto","background-attachment":"scroll","background-type":"","background-media":"","overlay-type":"","overlay-color":"","overlay-opacity":"","overlay-gradient":""}},"ast-content-background-meta":{"desktop":{"background-color":"var(--ast-global-color-4)","background-image":"","background-repeat":"repeat","background-position":"center center","background-size":"auto","background-attachment":"scroll","background-type":"","background-media":"","overlay-type":"","overlay-color":"","overlay-opacity":"","overlay-gradient":""},"tablet":{"background-color":"var(--ast-global-color-4)","background-image":"","background-repeat":"repeat","background-position":"center center","background-size":"auto","background-attachment":"scroll","background-type":"","background-media":"","overlay-type":"","overlay-color":"","overlay-opacity":"","overlay-gradient":""},"mobile":{"background-color":"var(--ast-global-color-4)","background-image":"","background-repeat":"repeat","background-position":"center center","background-size":"auto","background-attachment":"scroll","background-type":"","background-media":"","overlay-type":"","overlay-color":"","overlay-opacity":"","overlay-gradient":""}}},"product_brand":[],"product_cat":[54],"product_tag":[],"class_list":{"0":"post-788","1":"product","2":"type-product","3":"status-publish","4":"has-post-thumbnail","6":"product_cat-reed-diffuser-bottles","7":"desktop-align-left","8":"tablet-align-left","9":"mobile-align-left","11":"first","12":"instock","13":"shipping-taxable","14":"product-type-simple"},"jetpack_sharing_enabled":true,"_links":{"self":[{"href":"https:\/\/mostebglass.com\/pl\/wp-json\/wp\/v2\/product\/788","targetHints":{"allow":["GET"]}}],"collection":[{"href":"https:\/\/mostebglass.com\/pl\/wp-json\/wp\/v2\/product"}],"about":[{"href":"https:\/\/mostebglass.com\/pl\/wp-json\/wp\/v2\/types\/product"}],"wp:featuredmedia":[{"embeddable":true,"href":"https:\/\/mostebglass.com\/pl\/wp-json\/wp\/v2\/media\/4801"}],"wp:attachment":[{"href":"https:\/\/mostebglass.com\/pl\/wp-json\/wp\/v2\/media?parent=788"}],"wp:term":[{"taxonomy":"product_brand","embeddable":true,"href":"https:\/\/mostebglass.com\/pl\/wp-json\/wp\/v2\/product_brand?post=788"},{"taxonomy":"product_cat","embeddable":true,"href":"https:\/\/mostebglass.com\/pl\/wp-json\/wp\/v2\/product_cat?post=788"},{"taxonomy":"product_tag","embeddable":true,"href":"https:\/\/mostebglass.com\/pl\/wp-json\/wp\/v2\/product_tag?post=788"}],"curies":[{"name":"wp","href":"https:\/\/api.w.org\/{rel}","templated":true}]}}