{"id":805,"date":"2025-08-22T17:00:16","date_gmt":"2025-08-22T09:00:16","guid":{"rendered":"https:\/\/mostebglass.com\/?post_type=product&#038;p=805"},"modified":"2026-03-16T16:09:15","modified_gmt":"2026-03-16T08:09:15","slug":"diffuser-glass-bottle-with-diamond-pattern-bulk","status":"publish","type":"product","link":"https:\/\/mostebglass.com\/pl\/diffuser-glass-bottle-with-diamond-pattern-bulk\/","title":{"rendered":"200 ml szklana butelka z dyfuzorem ze wzorem diamentowym"},"content":{"rendered":"<p>Szukasz wyrafinowanej szklanej butelki do dyfuzora? Ta przezroczysta szklana butelka charakteryzuje si\u0119 eleganckim, zaokr\u0105glonym kszta\u0142tem. Jest ozdobiona delikatnym wzorem w romby i ma w\u0105sk\u0105 szyjk\u0119. Jest na tyle uniwersalna, \u017ce \u200b\u200bspe\u0142ni wszystkie Twoje potrzeby w zakresie aromaterapii i idealnie sprawdzi si\u0119 jako dyfuzor z patyczkami zapachowymi lub jako butelka do dyfuzora w du\u017cych opakowaniach.<\/p>\n<h2>Cechy produktu<\/h2>\n<ul>\n<li><strong>Klasyczny kszta\u0142t:<\/strong> Smuk\u0142a, w\u0105ska szyjka tworzy smuk\u0142y, elegancki kszta\u0142t, kt\u00f3ry pasuje do r\u00f3\u017cnych styl\u00f3w aromaterapii i pi\u0119knie si\u0119 prezentuje na wystawie.<\/li>\n<li><strong>Teksturowany wz\u00f3r diamentowy:<\/strong> Diamentowy wz\u00f3r dodaje odrobin\u0119 wyrafinowania, dzi\u0119ki czemu te patyczki zapachowe wyr\u00f3\u017cniaj\u0105 si\u0119 na p\u00f3\u0142ce.<\/li>\n<li><strong>Szk\u0142o premium:<\/strong> Wykonane z wysokiej jako\u015bci szk\u0142a, te butelki do dyfuzor\u00f3w s\u0105 trwa\u0142e i stylowe, dzi\u0119ki czemu stan\u0105 si\u0119 ozdob\u0105 ka\u017cdego opakowania do aromaterapii.<\/li>\n<\/ul>\n<h2>Historie sukcesu<\/h2>\n<p>Nasz 200-mililitrowy flakon do dyfuzora zosta\u0142 wybrany przez francusk\u0105 firm\u0119 perfumeryjn\u0105 ze wzgl\u0119du na kryszta\u0142ow\u0105 faktur\u0119. Flakon wykonany jest ze szk\u0142a o wysokiej przejrzysto\u015bci i dodatkowo uszlachetniony g\u0142\u0119bokim, fasetowanym grawerunkiem, kt\u00f3ry ma na celu maksymalizacj\u0119 za\u0142amania \u015bwiat\u0142a. Posiada ko\u0142nierz z galwanizowanego aluminium w kolorze z\u0142otym i jest po\u0142\u0105czony z czarnymi, w\u0142\u00f3knistymi patyczkami dyfuzyjnymi; logo marki jest r\u00f3wnie\u017c nadrukowane bia\u0142ym sitodrukiem na ramieniu flakonu.<\/p>\n<p>Po oficjalnej premierze produkt odnotowa\u0142 fenomenalny wzrost sprzeda\u017cy o 38% w ci\u0105gu sezonu. P\u00f3\u017aniej, w pierwszym roku od premiery, klient z\u0142o\u017cy\u0142 pi\u0119\u0107 kolejnych zam\u00f3wie\u0144 hurtowych.<\/p>\n<h2>Chcesz dostosowa\u0107? Oto, od czego zacz\u0105\u0107<\/h2>\n<ul>\n<li>Gra kolor\u00f3w: Prze\u0142\u0105czaj si\u0119 mi\u0119dzy przezroczystym a czarnym, niebieskim lub niestandardowymi odcieniami.<\/li>\n<li>Style zatyczek: Wybierz drewno, metal lub bambus \u2014 ka\u017cdy z nich nadaje inny charakter.<\/li>\n<li>Zmiany w rozmiarze: Chocia\u017c pojemno\u015b\u0107 200 ml cieszy si\u0119 du\u017c\u0105 popularno\u015bci\u0105, mo\u017cesz dostosowa\u0107 j\u0105 do indywidualnych potrzeb \u2013 100 ml w zestawach podr\u00f3\u017cnych lub 300 ml do wi\u0119kszych domowych zastosowa\u0144. Po\u0142\u0105cz je w zestaw, aby zwi\u0119kszy\u0107 sprzeda\u017c swoich dyfuzor\u00f3w.<\/li>\n<\/ul>\n<p>Te du\u017ce butelki z dyfuzorem s\u0105 nie tylko funkcjonalne. To one tworz\u0105 pierwsze wra\u017cenie o Twojej marce.<\/p>","protected":false},"excerpt":{"rendered":"<p>Butelki do dyfuzor\u00f3w hurtowo i szklane butelki do dyfuzor\u00f3w \u2013 hurt. Najwy\u017csza jako\u015b\u0107, mo\u017cliwo\u015b\u0107 personalizacji, rabaty hurtowe dost\u0119pne dla Twojej firmy.<\/p>","protected":false},"featured_media":4786,"template":"","meta":{"site-sidebar-layout":"default","site-content-layout":"","ast-site-content-layout":"default","site-content-style":"default","site-sidebar-style":"default","ast-global-header-display":"","ast-banner-title-visibility":"","ast-main-header-display":"","ast-hfb-above-header-display":"","ast-hfb-below-header-display":"","ast-hfb-mobile-header-display":"","site-post-title":"","ast-breadcrumbs-content":"","ast-featured-img":"","footer-sml-layout":"","theme-transparent-header-meta":"default","adv-header-id-meta":"","stick-header-meta":"","header-above-stick-meta":"","header-main-stick-meta":"","header-below-stick-meta":"","astra-migrate-meta-layouts":"set","ast-page-background-enabled":"default","ast-page-background-meta":{"desktop":{"background-color":"var(--ast-global-color-5)","background-image":"","background-repeat":"repeat","background-position":"center center","background-size":"auto","background-attachment":"scroll","background-type":"","background-media":"","overlay-type":"","overlay-color":"","overlay-opacity":"","overlay-gradient":""},"tablet":{"background-color":"","background-image":"","background-repeat":"repeat","background-position":"center center","background-size":"auto","background-attachment":"scroll","background-type":"","background-media":"","overlay-type":"","overlay-color":"","overlay-opacity":"","overlay-gradient":""},"mobile":{"background-color":"","background-image":"","background-repeat":"repeat","background-position":"center center","background-size":"auto","background-attachment":"scroll","background-type":"","background-media":"","overlay-type":"","overlay-color":"","overlay-opacity":"","overlay-gradient":""}},"ast-content-background-meta":{"desktop":{"background-color":"var(--ast-global-color-4)","background-image":"","background-repeat":"repeat","background-position":"center center","background-size":"auto","background-attachment":"scroll","background-type":"","background-media":"","overlay-type":"","overlay-color":"","overlay-opacity":"","overlay-gradient":""},"tablet":{"background-color":"var(--ast-global-color-4)","background-image":"","background-repeat":"repeat","background-position":"center center","background-size":"auto","background-attachment":"scroll","background-type":"","background-media":"","overlay-type":"","overlay-color":"","overlay-opacity":"","overlay-gradient":""},"mobile":{"background-color":"var(--ast-global-color-4)","background-image":"","background-repeat":"repeat","background-position":"center center","background-size":"auto","background-attachment":"scroll","background-type":"","background-media":"","overlay-type":"","overlay-color":"","overlay-opacity":"","overlay-gradient":""}}},"product_brand":[],"product_cat":[54],"product_tag":[],"class_list":{"0":"post-805","1":"product","2":"type-product","3":"status-publish","4":"has-post-thumbnail","6":"product_cat-reed-diffuser-bottles","7":"desktop-align-left","8":"tablet-align-left","9":"mobile-align-left","11":"first","12":"instock","13":"shipping-taxable","14":"product-type-simple"},"jetpack_sharing_enabled":true,"_links":{"self":[{"href":"https:\/\/mostebglass.com\/pl\/wp-json\/wp\/v2\/product\/805","targetHints":{"allow":["GET"]}}],"collection":[{"href":"https:\/\/mostebglass.com\/pl\/wp-json\/wp\/v2\/product"}],"about":[{"href":"https:\/\/mostebglass.com\/pl\/wp-json\/wp\/v2\/types\/product"}],"wp:featuredmedia":[{"embeddable":true,"href":"https:\/\/mostebglass.com\/pl\/wp-json\/wp\/v2\/media\/4786"}],"wp:attachment":[{"href":"https:\/\/mostebglass.com\/pl\/wp-json\/wp\/v2\/media?parent=805"}],"wp:term":[{"taxonomy":"product_brand","embeddable":true,"href":"https:\/\/mostebglass.com\/pl\/wp-json\/wp\/v2\/product_brand?post=805"},{"taxonomy":"product_cat","embeddable":true,"href":"https:\/\/mostebglass.com\/pl\/wp-json\/wp\/v2\/product_cat?post=805"},{"taxonomy":"product_tag","embeddable":true,"href":"https:\/\/mostebglass.com\/pl\/wp-json\/wp\/v2\/product_tag?post=805"}],"curies":[{"name":"wp","href":"https:\/\/api.w.org\/{rel}","templated":true}]}}