{"id":823,"date":"2025-08-25T08:40:08","date_gmt":"2025-08-25T00:40:08","guid":{"rendered":"https:\/\/mostebglass.com\/?post_type=product&#038;p=823"},"modified":"2026-03-06T17:54:45","modified_gmt":"2026-03-06T09:54:45","slug":"przezroczyste-szklane-butelki-z-dyfuzorem-zapachowym-z-rowkami","status":"publish","type":"product","link":"https:\/\/mostebglass.com\/pl\/bulk-clear-fragrance-glass-diffuser-bottles-with-grooves\/","title":{"rendered":"Butelki z dyfuzorem zapachowym ze szk\u0142a przezroczystego z rowkami o pojemno\u015bci 110 ml i 130 ml"},"content":{"rendered":"<p>Poznajcie swoje kolejne bestsellerowe butelki do dyfuzor\u00f3w z przezroczystego szk\u0142a: smuk\u0142a, cylindryczna butelka z przezroczystego szk\u0142a z delikatnymi rowkami biegn\u0105cymi pionowo w d\u00f3\u0142. W\u0105ska szyjka i gwintowany otw\u00f3r zapewniaj\u0105 bezpieczne dopasowanie do kork\u00f3w i nasadek pa\u0142eczek zapachowych. Niezale\u017cnie od tego, czy szukasz materia\u0142\u00f3w do nowej linii, czy uzupe\u0142niasz swoj\u0105 kolekcj\u0119 akcesori\u00f3w do dyfuzor\u00f3w, te butelki do dyfuzor\u00f3w zapachowych spe\u0142niaj\u0105 swoj\u0105 funkcj\u0119 i \u015bwietnie wygl\u0105daj\u0105.<\/p>\n<h2>Cechy produktu<\/h2>\n<ul>\n<li><strong>Najwy\u017csza przejrzysto\u015b\u0107 i po\u0142ysk:<\/strong> Nasze przezroczyste szklane butelki do dyfuzor\u00f3w zapewniaj\u0105 krystaliczn\u0105 przejrzysto\u015b\u0107 zapachu i wysoki po\u0142ysk.<\/li>\n<li><strong>Teksturowany uchwyt i elegancki wygl\u0105d:<\/strong> The vertical grooves of the bottle serve a purpose, and that is tactile appeal and helps the consumer hold the scent diffuser with sticks.w<\/li>\n<li><strong>Prosty kszta\u0142t:<\/strong> cylindryczny kszta\u0142t z w\u0105sk\u0105 szyjk\u0105, czyste i g\u0142adkie linie, odpowiedni do r\u00f3\u017cnych styl\u00f3w wn\u0119trz i niebanalny po umieszczeniu.<\/li>\n<\/ul>\n<h2>Prawdziwy sukces, prawdziwe rezultaty<\/h2>\n<p>Marka wprowadzi\u0142a na rynek now\u0105 lini\u0119 dyfuzor\u00f3w o zapachu lawendy i wanilii w pojemno\u015bci 130 ml. Wybrali mi\u0119kk\u0105, matow\u0105, czarn\u0105, lakierowan\u0105 szklan\u0105 butelk\u0119 z szczotkowan\u0105, z\u0142ot\u0105 aluminiow\u0105 nakr\u0119tk\u0105 i naturalnym rattanem. Na froncie butelki znajduje si\u0119 eleganckie logo wykonane metod\u0105 sitodruku. W ci\u0105gu trzech miesi\u0119cy linia dyfuzor\u00f3w wyprzeda\u0142a si\u0119 w dw\u00f3ch du\u017cych sieciach butikowych. Pow\u00f3d? Poniewa\u017c butelki wygl\u0105daj\u0105 na luksusowe i ekskluzywne. Sprzedawcy twierdz\u0105, \u017ce klienci wybieraj\u0105 je w pierwszej kolejno\u015bci \u2013 dzi\u0119ki fakturze i przejrzysto\u015bci szk\u0142a.<\/p>\n<h2>Jak dostosowa\u0107 te szklane butelki dyfuzor\u00f3w<\/h2>\n<p>Pozw\u00f3l nam uczyni\u0107 ten dyfuzor Twoim. Oto jak:<\/p>\n<ul>\n<li>Dopasowanie kolor\u00f3w: Wybierz klasyczny dyfuzor lub zdecyduj si\u0119 na odwa\u017cn\u0105 kolorystyk\u0119. Oferujemy niestandardowe kolory (dymny, sza\u0142wiowy, bursztynowy, gradientowy itp.) oraz wyko\u0144czenia matowe\/satynowe.<\/li>\n<li>Dopasowanie zatyczek: Wybierz zatyczki z \u017cywicy imituj\u0105cej drewno, aluminium, bambusa lub prawdziwego drewna rattanowego. Szukasz luksusowego akcentu? Mo\u017cesz doda\u0107 zatyczk\u0119 magnetyczn\u0105.<\/li>\n<li>Elastyczne rozmiary: Standardowe rozmiary to 110 ml i 130 ml, ale w przypadku zam\u00f3wie\u0144 hurtowych oferujemy regulowane rozmiary.<\/li>\n<li>Dodaj swoje logo poprzez sitodruk lub t\u0142oczenie na szklanym dyfuzorze z nadrukowan\u0105 nazw\u0105 marki.<\/li>\n<li>Opakowanie: Oferujemy przyjazne dla \u015brodowiska opcje opakowa\u0144 do aromaterapii, w tym kartony z recyklingu i opakowania biodegradowalne, idealne dla marek zr\u00f3wnowa\u017conych.<\/li>\n<\/ul>\n<p>To nie tylko pojemniki do aromaterapii; to budulec marki. Kupuj\u0105c u nas hurtowe butelki do dyfuzor\u00f3w zapachowych, zyskujesz co\u015b wi\u0119cej ni\u017c tylko szklane butelki; zyskujesz partnera w projektowaniu.<\/p>","protected":false},"excerpt":{"rendered":"<p>Hurtowa sprzeda\u017c szklanych butelek do dyfuzor\u00f3w i perfum. Bezpo\u015brednio z fabryki, mo\u017cliwo\u015b\u0107 personalizacji projekt\u00f3w, hurtowa dostawa z darmowymi pr\u00f3bkami marek perfum.<\/p>","protected":false},"featured_media":4652,"template":"","meta":{"site-sidebar-layout":"default","site-content-layout":"","ast-site-content-layout":"default","site-content-style":"default","site-sidebar-style":"default","ast-global-header-display":"","ast-banner-title-visibility":"","ast-main-header-display":"","ast-hfb-above-header-display":"","ast-hfb-below-header-display":"","ast-hfb-mobile-header-display":"","site-post-title":"","ast-breadcrumbs-content":"","ast-featured-img":"","footer-sml-layout":"","theme-transparent-header-meta":"default","adv-header-id-meta":"","stick-header-meta":"","header-above-stick-meta":"","header-main-stick-meta":"","header-below-stick-meta":"","astra-migrate-meta-layouts":"set","ast-page-background-enabled":"default","ast-page-background-meta":{"desktop":{"background-color":"var(--ast-global-color-5)","background-image":"","background-repeat":"repeat","background-position":"center center","background-size":"auto","background-attachment":"scroll","background-type":"","background-media":"","overlay-type":"","overlay-color":"","overlay-opacity":"","overlay-gradient":""},"tablet":{"background-color":"","background-image":"","background-repeat":"repeat","background-position":"center center","background-size":"auto","background-attachment":"scroll","background-type":"","background-media":"","overlay-type":"","overlay-color":"","overlay-opacity":"","overlay-gradient":""},"mobile":{"background-color":"","background-image":"","background-repeat":"repeat","background-position":"center center","background-size":"auto","background-attachment":"scroll","background-type":"","background-media":"","overlay-type":"","overlay-color":"","overlay-opacity":"","overlay-gradient":""}},"ast-content-background-meta":{"desktop":{"background-color":"var(--ast-global-color-4)","background-image":"","background-repeat":"repeat","background-position":"center center","background-size":"auto","background-attachment":"scroll","background-type":"","background-media":"","overlay-type":"","overlay-color":"","overlay-opacity":"","overlay-gradient":""},"tablet":{"background-color":"var(--ast-global-color-4)","background-image":"","background-repeat":"repeat","background-position":"center center","background-size":"auto","background-attachment":"scroll","background-type":"","background-media":"","overlay-type":"","overlay-color":"","overlay-opacity":"","overlay-gradient":""},"mobile":{"background-color":"var(--ast-global-color-4)","background-image":"","background-repeat":"repeat","background-position":"center center","background-size":"auto","background-attachment":"scroll","background-type":"","background-media":"","overlay-type":"","overlay-color":"","overlay-opacity":"","overlay-gradient":""}}},"product_brand":[],"product_cat":[54],"product_tag":[],"class_list":{"0":"post-823","1":"product","2":"type-product","3":"status-publish","4":"has-post-thumbnail","6":"product_cat-reed-diffuser-bottles","7":"desktop-align-left","8":"tablet-align-left","9":"mobile-align-left","11":"first","12":"instock","13":"shipping-taxable","14":"product-type-simple"},"jetpack_sharing_enabled":true,"_links":{"self":[{"href":"https:\/\/mostebglass.com\/pl\/wp-json\/wp\/v2\/product\/823","targetHints":{"allow":["GET"]}}],"collection":[{"href":"https:\/\/mostebglass.com\/pl\/wp-json\/wp\/v2\/product"}],"about":[{"href":"https:\/\/mostebglass.com\/pl\/wp-json\/wp\/v2\/types\/product"}],"wp:featuredmedia":[{"embeddable":true,"href":"https:\/\/mostebglass.com\/pl\/wp-json\/wp\/v2\/media\/4652"}],"wp:attachment":[{"href":"https:\/\/mostebglass.com\/pl\/wp-json\/wp\/v2\/media?parent=823"}],"wp:term":[{"taxonomy":"product_brand","embeddable":true,"href":"https:\/\/mostebglass.com\/pl\/wp-json\/wp\/v2\/product_brand?post=823"},{"taxonomy":"product_cat","embeddable":true,"href":"https:\/\/mostebglass.com\/pl\/wp-json\/wp\/v2\/product_cat?post=823"},{"taxonomy":"product_tag","embeddable":true,"href":"https:\/\/mostebglass.com\/pl\/wp-json\/wp\/v2\/product_tag?post=823"}],"curies":[{"name":"wp","href":"https:\/\/api.w.org\/{rel}","templated":true}]}}