{"id":841,"date":"2025-08-25T17:35:42","date_gmt":"2025-08-25T09:35:42","guid":{"rendered":"https:\/\/mostebglass.com\/?post_type=product&#038;p=841"},"modified":"2026-03-02T17:23:30","modified_gmt":"2026-03-02T09:23:30","slug":"double-ended-tall-candle-holders-with-lantern-design-bulk","status":"publish","type":"product","link":"https:\/\/mostebglass.com\/pl\/double-ended-tall-candle-holders-with-lantern-design-bulk\/","title":{"rendered":"Podw\u00f3jne wysokie \u015bwieczniki z motywem latarni, hurtowo"},"content":{"rendered":"<p>Ten szklany, wysoki \u015bwiecznik typu \u201edwa w jednym\u201d ma specjalny wz\u00f3r w kszta\u0142cie latarni, kt\u00f3ry mo\u017cna stosowa\u0107 z obu stron, w zale\u017cno\u015bci od rozmiaru \u015bwiecy. Wykonany jest z przezroczystego szk\u0142a o wysokiej przejrzysto\u015bci, co nadaje mu pi\u0119kn\u0105, \u017cebrowan\u0105 faktur\u0119 z symetrycznymi detalami. G\u00f3rna cz\u0119\u015b\u0107 jest zaokr\u0105glona i szersza z pionowymi \u017c\u0142obieniami, a drugi koniec jest smuklejszy i bardziej strukturalny, z podobnymi teksturowanymi wzorami. Zr\u00f3wnowa\u017cona sylwetka i g\u0142adka, t\u0142oczona powierzchnia nadaj\u0105 mu styl vintage i nowoczesny.<\/p>\n<h2>Cechy produktu<\/h2>\n<ul>\n<li><strong>Konstrukcja dwustronna i odwracalna:<\/strong> W tym projekcie jedna strona jest wyposa\u017cona w \u015bwiece sto\u017ckowe, a druga strona w podgrzewacze lub ma\u0142e \u015bwiece filarowe.<\/li>\n<li><strong>Symetryczna sylwetka klepsydry:<\/strong> Zmiana kierunku Korpus klepsydry jest symetryczny, co gwarantuje harmoni\u0119 wizualn\u0105 i niestabilne ustawienie w przypadku odwr\u00f3cenia.<\/li>\n<li><strong>Szeroka, stabilna obr\u0119cz na obu ko\u0144cach:<\/strong> Zaprojektowano je tak, aby wyeliminowa\u0107 ryzyko przewr\u00f3cenia si\u0119 \u015bwiec.<\/li>\n<\/ul>\n<h2>Kluczowe specyfikacje<\/h2>\n<table style=\"border-collapse: collapse; width: 80%; margin-left: auto; margin-right: auto;\" border=\"0\" width=\"144\" cellspacing=\"0\" cellpadding=\"0\">\n<tbody>\n<tr style=\"height: 13.50pt;\">\n<td style=\"height: 13.5pt; width: 54pt; text-align: center;\" width=\"72\" height=\"18\">Funkcja<\/td>\n<td style=\"width: 54pt; text-align: center;\" width=\"72\">Bli\u017csze dane<\/td>\n<\/tr>\n<tr style=\"height: 13.50pt;\">\n<td style=\"height: 13.5pt; text-align: center;\" height=\"18\">Wymiary<\/td>\n<td style=\"text-align: center;\">79\/52*4*6 mm<\/td>\n<\/tr>\n<tr style=\"height: 13.50pt;\">\n<td style=\"height: 13.5pt; text-align: center;\" height=\"18\">Tworzywo<\/td>\n<td style=\"text-align: center;\">Szk\u0142o kryszta\u0142owe<\/td>\n<\/tr>\n<tr style=\"height: 13.50pt;\">\n<td style=\"height: 13.5pt; text-align: center;\" height=\"18\">Opcje kolor\u00f3w<\/td>\n<td style=\"text-align: center;\">Przezroczyste lub dostosowane<\/td>\n<\/tr>\n<\/tbody>\n<\/table>\n<h2>Przypadek sukcesu<\/h2>\n<p>Jedna z butikowych marek z artyku\u0142ami wyposa\u017cenia wn\u0119trz wybra\u0142a nasze dwug\u0142owe szklane \u015bwieczniki, ale w delikatnym, dymnym odcieniu szaro\u015bci i galwanizowanym z\u0142otym obramowaniu wzd\u0142u\u017c zw\u0119\u017caj\u0105cego si\u0119 ko\u0144ca, co dodaje im dodatkowej elegancji. Aby wzmocni\u0107 wizerunek marki, logo zosta\u0142o wygrawerowane laserowo na dolnej cz\u0119\u015bci podstawy, kt\u00f3ra by\u0142a mniejsza.<\/p>\n<p>Po wprowadzeniu wersji szytej na miar\u0119 marka odnotowa\u0142a \u015bredni wzrost warto\u015bci zam\u00f3wie\u0144 na poziomie 35%, co prze\u0142o\u017cy\u0142o si\u0119 na 42% wzrost ilo\u015bci zakup\u00f3w w ci\u0105gu dw\u00f3ch kwarta\u0142\u00f3w.<\/p>\n<h2>Pomys\u0142y na personalizacj\u0119 dla Ciebie<\/h2>\n<ol>\n<li><strong>Wariacje na temat faktury kwiatowej:<\/strong> Dodaj do wysokiego \u015bwiecznika r\u00f3\u017cne wiruj\u0105ce wersje matowych tekstur, tworz\u0105c wyj\u0105tkowe rozproszenie \u015bwiat\u0142a, kt\u00f3re wyr\u00f3\u017cni Twoj\u0105 luksusow\u0105 \u015bwiec\u0119.<\/li>\n<li><strong>Podstawy z akcentami metalowymi:<\/strong> Zastosuj z\u0142ote lub srebrne wyko\u0144czenie podstawy, aby dostosowa\u0107 pojemniki na \u015bwiece w hurtowych s\u0142oikach na \u015bwiece do indywidualnych potrzeb i uzyska\u0107 wysokiej jako\u015bci luksusowe pojemniki na \u015bwiece.<\/li>\n<li><strong>Miniaturowe etykiety na pokrywki:<\/strong> Dodaj odklejane etykiety samoprzylepne do wewn\u0119trznej strony pokrywy, aby u\u0142atwi\u0107 branding, je\u015bli produkujesz du\u017ce opakowania \u015bwiec!<\/li>\n<\/ol>","protected":false},"excerpt":{"rendered":"<p>Eleganckie, wysokie \u015bwieczniki z podw\u00f3jnym zako\u0144czeniem i wzorem w kszta\u0142cie latarni. Pasuj\u0105 do \u015bwiec sto\u017ckowych i podgrzewaczy, idealne na wesela i sto\u0142y w jadalni. Wysy\u0142ka bezpo\u015brednio z fabryki.<\/p>","protected":false},"featured_media":4559,"template":"","meta":{"site-sidebar-layout":"default","site-content-layout":"","ast-site-content-layout":"default","site-content-style":"default","site-sidebar-style":"default","ast-global-header-display":"","ast-banner-title-visibility":"","ast-main-header-display":"","ast-hfb-above-header-display":"","ast-hfb-below-header-display":"","ast-hfb-mobile-header-display":"","site-post-title":"","ast-breadcrumbs-content":"","ast-featured-img":"","footer-sml-layout":"","theme-transparent-header-meta":"default","adv-header-id-meta":"","stick-header-meta":"","header-above-stick-meta":"","header-main-stick-meta":"","header-below-stick-meta":"","astra-migrate-meta-layouts":"set","ast-page-background-enabled":"default","ast-page-background-meta":{"desktop":{"background-color":"var(--ast-global-color-5)","background-image":"","background-repeat":"repeat","background-position":"center center","background-size":"auto","background-attachment":"scroll","background-type":"","background-media":"","overlay-type":"","overlay-color":"","overlay-opacity":"","overlay-gradient":""},"tablet":{"background-color":"","background-image":"","background-repeat":"repeat","background-position":"center center","background-size":"auto","background-attachment":"scroll","background-type":"","background-media":"","overlay-type":"","overlay-color":"","overlay-opacity":"","overlay-gradient":""},"mobile":{"background-color":"","background-image":"","background-repeat":"repeat","background-position":"center center","background-size":"auto","background-attachment":"scroll","background-type":"","background-media":"","overlay-type":"","overlay-color":"","overlay-opacity":"","overlay-gradient":""}},"ast-content-background-meta":{"desktop":{"background-color":"var(--ast-global-color-4)","background-image":"","background-repeat":"repeat","background-position":"center center","background-size":"auto","background-attachment":"scroll","background-type":"","background-media":"","overlay-type":"","overlay-color":"","overlay-opacity":"","overlay-gradient":""},"tablet":{"background-color":"var(--ast-global-color-4)","background-image":"","background-repeat":"repeat","background-position":"center center","background-size":"auto","background-attachment":"scroll","background-type":"","background-media":"","overlay-type":"","overlay-color":"","overlay-opacity":"","overlay-gradient":""},"mobile":{"background-color":"var(--ast-global-color-4)","background-image":"","background-repeat":"repeat","background-position":"center center","background-size":"auto","background-attachment":"scroll","background-type":"","background-media":"","overlay-type":"","overlay-color":"","overlay-opacity":"","overlay-gradient":""}}},"product_brand":[],"product_cat":[28,21],"product_tag":[],"class_list":{"0":"post-841","1":"product","2":"type-product","3":"status-publish","4":"has-post-thumbnail","6":"product_cat-glass-candle-jars","7":"product_cat-product","8":"desktop-align-left","9":"tablet-align-left","10":"mobile-align-left","12":"first","13":"instock","14":"shipping-taxable","15":"product-type-simple"},"jetpack_sharing_enabled":true,"_links":{"self":[{"href":"https:\/\/mostebglass.com\/pl\/wp-json\/wp\/v2\/product\/841","targetHints":{"allow":["GET"]}}],"collection":[{"href":"https:\/\/mostebglass.com\/pl\/wp-json\/wp\/v2\/product"}],"about":[{"href":"https:\/\/mostebglass.com\/pl\/wp-json\/wp\/v2\/types\/product"}],"wp:featuredmedia":[{"embeddable":true,"href":"https:\/\/mostebglass.com\/pl\/wp-json\/wp\/v2\/media\/4559"}],"wp:attachment":[{"href":"https:\/\/mostebglass.com\/pl\/wp-json\/wp\/v2\/media?parent=841"}],"wp:term":[{"taxonomy":"product_brand","embeddable":true,"href":"https:\/\/mostebglass.com\/pl\/wp-json\/wp\/v2\/product_brand?post=841"},{"taxonomy":"product_cat","embeddable":true,"href":"https:\/\/mostebglass.com\/pl\/wp-json\/wp\/v2\/product_cat?post=841"},{"taxonomy":"product_tag","embeddable":true,"href":"https:\/\/mostebglass.com\/pl\/wp-json\/wp\/v2\/product_tag?post=841"}],"curies":[{"name":"wp","href":"https:\/\/api.w.org\/{rel}","templated":true}]}}