{"id":846,"date":"2025-08-25T10:49:52","date_gmt":"2025-08-25T02:49:52","guid":{"rendered":"https:\/\/mostebglass.com\/?post_type=product&#038;p=846"},"modified":"2026-03-19T14:48:34","modified_gmt":"2026-03-19T06:48:34","slug":"empty-car-hanging-diffuser-bottles-with-wood-lids-wholesale","status":"publish","type":"product","link":"https:\/\/mostebglass.com\/pl\/empty-car-hanging-diffuser-bottles-with-wood-lids-wholesale\/","title":{"rendered":"8 ml puste butelki do zawieszania dyfuzor\u00f3w samochodowych z drewnianymi pokrywkami, hurtowa sprzeda\u017c"},"content":{"rendered":"<p>Nasze puste butelki do dyfuzor\u00f3w samochodowych to mobilne doznania zapachowe. Dzi\u0119ki przezroczystej, kwadratowej obudowie ze szk\u0142a, s\u0105 kompaktowe i eleganckie, idealne do noszenia ze sob\u0105 aromaterapii w podr\u00f3\u017cy. Drewniana nakr\u0119tka zamyka butelk\u0119, a elastyczny sznurek \u0142\u0105czy j\u0105 z butelk\u0105, przekszta\u0142caj\u0105c j\u0105 w urz\u0105dzenie gotowe do zawieszenia.<\/p>\n<h2>Cechy produktu<\/h2>\n<ul>\n<li><strong>Fuzja materia\u0142\u00f3w:<\/strong> Przezroczyste szk\u0142o i naturalne drewno tworz\u0105 naturalne i ciep\u0142e wra\u017cenie, a drewniana nasadka dodaje naturalnego i ciep\u0142ego akcentu, zapewniaj\u0105c bogate doznania wizualne i dotykowe.<\/li>\n<li><strong>Kompaktowy i przeno\u015bny:<\/strong> Pojemno\u015b\u0107 8 ml sprawia, \u017ce \u200b\u200bjest kompaktowy i \u0142atwy do zawieszenia w samochodzie lub innym miejscu, oszcz\u0119dzaj\u0105c miejsce.<\/li>\n<li><strong>Kszta\u0142t kwadratowy:<\/strong> Kwadratowy kszta\u0142t szklanego pojemnika o czystych, prostych liniach wyr\u00f3\u017cnia go spo\u015br\u00f3d tradycyjnych okr\u0105g\u0142ych butelek. Jego unikalny kszta\u0142t sprawia, \u017ce \u200b\u200bstanowi element dekoracyjny zar\u00f3wno w pozycji stoj\u0105cej, jak i wisz\u0105cej.<\/li>\n<\/ul>\n<h2>Jak jedna marka w ci\u0105gu trzech miesi\u0119cy przekszta\u0142ci\u0142a ten flakon perfum w bestseller<\/h2>\n<p>Firma chcia\u0142a wprowadzi\u0107 na rynek lini\u0119 zapach\u00f3w do samochodu dla os\u00f3b doje\u017cd\u017caj\u0105cych do pracy. Wybra\u0142a ten 8-mililitrowy, pusty flakon po zapachu do samochodu ze wzgl\u0119du na jego elegancki wygl\u0105d i kompaktowy rozmiar. Wybrali flakony w kolorze granatowym, zielonym mchu i piaskowym be\u017cu. Drewniana nakr\u0119tka r\u00f3wnie\u017c zosta\u0142a lekko przyciemniona, aby pasowa\u0142a do koloru. Do sznurka dodali ma\u0142\u0105 metk\u0119 z logo marki. Efekt? Puste flakony po dyfuzorze samochodowym wyprzeda\u0142y si\u0119 w ci\u0105gu 10 dni na targu. Kierowcy byli zachwyceni wygl\u0105dem i \u0142atwo\u015bci\u0105 wymiany zapachu. Partnerzy handlowi r\u00f3wnie\u017c prosili o wi\u0119cej.<\/p>\n<h2>Chcesz spersonalizowa\u0107 wisz\u0105ce butelki z dyfuzorem do samochodu? Wypr\u00f3buj te pomys\u0142y<\/h2>\n<ul>\n<li>Pokoloruj szk\u0142o: Wypr\u00f3buj delikatne odcienie \u2013 dymn\u0105 szaro\u015b\u0107, oceaniczny b\u0142\u0119kit lub r\u00f3\u017cowe z\u0142oto. Nawet jasny kolor mo\u017ce sprawi\u0107, \u017ce Tw\u00f3j pojemnik na perfumy b\u0119dzie si\u0119 wyr\u00f3\u017cnia\u0142.<\/li>\n<li>Ulepsz drewno: u\u017cyj bambusa, orzecha lub rze\u017abionej zatyczki. Dodaj sw\u00f3j branding, aby prosta zatyczka sta\u0142a si\u0119 wyrazistym akcentem.<\/li>\n<li>Zmie\u0144 sznurek: Zamie\u0144 be\u017c na czarny, czerwony lub pleciony sk\u00f3rzany. Albo zaproponuj sezonowe kolory. Klienci uwielbiaj\u0105 edycje limitowane.<\/li>\n<\/ul>","protected":false},"excerpt":{"rendered":"<p>Hurtowa sprzeda\u017c pustych butelek do dyfuzor\u00f3w samochodowych i butelek do dyfuzor\u00f3w wisz\u0105cych. Mo\u017cliwo\u015b\u0107 personalizacji, zam\u00f3wienia hurtowe mile widziane, bezp\u0142atne pr\u00f3bki dla marek perfum i dystrybutor\u00f3w.<\/p>","protected":false},"featured_media":4817,"template":"","meta":{"site-sidebar-layout":"default","site-content-layout":"","ast-site-content-layout":"default","site-content-style":"default","site-sidebar-style":"default","ast-global-header-display":"","ast-banner-title-visibility":"","ast-main-header-display":"","ast-hfb-above-header-display":"","ast-hfb-below-header-display":"","ast-hfb-mobile-header-display":"","site-post-title":"","ast-breadcrumbs-content":"","ast-featured-img":"","footer-sml-layout":"","theme-transparent-header-meta":"default","adv-header-id-meta":"","stick-header-meta":"","header-above-stick-meta":"","header-main-stick-meta":"","header-below-stick-meta":"","astra-migrate-meta-layouts":"set","ast-page-background-enabled":"default","ast-page-background-meta":{"desktop":{"background-color":"var(--ast-global-color-5)","background-image":"","background-repeat":"repeat","background-position":"center center","background-size":"auto","background-attachment":"scroll","background-type":"","background-media":"","overlay-type":"","overlay-color":"","overlay-opacity":"","overlay-gradient":""},"tablet":{"background-color":"","background-image":"","background-repeat":"repeat","background-position":"center center","background-size":"auto","background-attachment":"scroll","background-type":"","background-media":"","overlay-type":"","overlay-color":"","overlay-opacity":"","overlay-gradient":""},"mobile":{"background-color":"","background-image":"","background-repeat":"repeat","background-position":"center center","background-size":"auto","background-attachment":"scroll","background-type":"","background-media":"","overlay-type":"","overlay-color":"","overlay-opacity":"","overlay-gradient":""}},"ast-content-background-meta":{"desktop":{"background-color":"var(--ast-global-color-4)","background-image":"","background-repeat":"repeat","background-position":"center center","background-size":"auto","background-attachment":"scroll","background-type":"","background-media":"","overlay-type":"","overlay-color":"","overlay-opacity":"","overlay-gradient":""},"tablet":{"background-color":"var(--ast-global-color-4)","background-image":"","background-repeat":"repeat","background-position":"center center","background-size":"auto","background-attachment":"scroll","background-type":"","background-media":"","overlay-type":"","overlay-color":"","overlay-opacity":"","overlay-gradient":""},"mobile":{"background-color":"var(--ast-global-color-4)","background-image":"","background-repeat":"repeat","background-position":"center center","background-size":"auto","background-attachment":"scroll","background-type":"","background-media":"","overlay-type":"","overlay-color":"","overlay-opacity":"","overlay-gradient":""}}},"product_brand":[],"product_cat":[54],"product_tag":[],"class_list":{"0":"post-846","1":"product","2":"type-product","3":"status-publish","4":"has-post-thumbnail","6":"product_cat-reed-diffuser-bottles","7":"desktop-align-left","8":"tablet-align-left","9":"mobile-align-left","11":"first","12":"instock","13":"shipping-taxable","14":"product-type-simple"},"jetpack_sharing_enabled":true,"_links":{"self":[{"href":"https:\/\/mostebglass.com\/pl\/wp-json\/wp\/v2\/product\/846","targetHints":{"allow":["GET"]}}],"collection":[{"href":"https:\/\/mostebglass.com\/pl\/wp-json\/wp\/v2\/product"}],"about":[{"href":"https:\/\/mostebglass.com\/pl\/wp-json\/wp\/v2\/types\/product"}],"wp:featuredmedia":[{"embeddable":true,"href":"https:\/\/mostebglass.com\/pl\/wp-json\/wp\/v2\/media\/4817"}],"wp:attachment":[{"href":"https:\/\/mostebglass.com\/pl\/wp-json\/wp\/v2\/media?parent=846"}],"wp:term":[{"taxonomy":"product_brand","embeddable":true,"href":"https:\/\/mostebglass.com\/pl\/wp-json\/wp\/v2\/product_brand?post=846"},{"taxonomy":"product_cat","embeddable":true,"href":"https:\/\/mostebglass.com\/pl\/wp-json\/wp\/v2\/product_cat?post=846"},{"taxonomy":"product_tag","embeddable":true,"href":"https:\/\/mostebglass.com\/pl\/wp-json\/wp\/v2\/product_tag?post=846"}],"curies":[{"name":"wp","href":"https:\/\/api.w.org\/{rel}","templated":true}]}}