{"id":870,"date":"2025-08-25T16:09:31","date_gmt":"2025-08-25T08:09:31","guid":{"rendered":"https:\/\/mostebglass.com\/?post_type=product&#038;p=870"},"modified":"2026-03-16T13:32:51","modified_gmt":"2026-03-16T05:32:51","slug":"square-aromatherapy-glass-bottles-with-flat-shape-bulk","status":"publish","type":"product","link":"https:\/\/mostebglass.com\/pl\/square-aromatherapy-glass-bottles-with-flat-shape-bulk\/","title":{"rendered":"100 ml kwadratowe szklane butelki do aromaterapii o p\u0142askim kszta\u0142cie, hurtowe"},"content":{"rendered":"<p><span aria-haspopup=\"dialog\" aria-expanded=\"false\" aria-controls=\"radix-_r_1m_\" data-state=\"closed\" data-slot=\"popover-trigger\">Kwadratowa butelka z patyczkami zapachowymi ma minimalistyczny, p\u0142aski design, jest czysta i kanciasta, co nadaje jej nowoczesny wygl\u0105d, kt\u00f3ry pasuje do ka\u017cdego pomieszczenia.<\/span> <span aria-haspopup=\"dialog\" aria-expanded=\"false\" aria-controls=\"radix-_r_1n_\" data-state=\"closed\" data-slot=\"popover-trigger\">P\u0142ynny zapach mo\u017cna zobaczy\u0107 przez przezroczyste szk\u0142o, a czarne patyczki trzcinowe tworz\u0105 \u0142adny kontrast.<\/span> <span aria-haspopup=\"dialog\" aria-expanded=\"false\" aria-controls=\"radix-_r_1o_\" data-state=\"closed\" data-slot=\"popover-trigger\">Za pomoc\u0105 tej eleganckiej butelki z dyfuzorem udekorujesz sw\u00f3j dom, a dodatkowo wype\u0142nisz pomieszczenie przyjemnym zapachem. To idealny spos\u00f3b na wykorzystanie go w aromaterapii lub jako zapach do domu.<\/span><\/p>\n<h2>Cechy produktu<\/h2>\n<ul>\n<li><strong>Nowoczesny, kwadratowy design:<\/strong> P\u0142aski korpus dodaje Twojej marce wyrazistego, nowoczesnego charakteru.<\/li>\n<li><strong>Trwa\u0142e szk\u0142o:<\/strong> Grube, bardzo przejrzyste szk\u0142o jest odporne na st\u0142uczenie i zapewnia dodatkow\u0105 stabilno\u015b\u0107 podczas przechowywania.<\/li>\n<li><strong>P\u0142askie, stabilne dno:<\/strong> Butelka nie przewraca si\u0119 i stoi p\u0142asko, co pozwala na wszechstronne zastosowanie.<\/li>\n<\/ul>\n<h2>Prawdziwa historia sukcesu<\/h2>\n<p>Jeden z naszych klient\u00f3w hurtowych w Australii wprowadza\u0142 na rynek now\u0105 lini\u0119 naturalnych zapach\u00f3w do domu. Potrzebowa\u0142 flakon\u00f3w z patyczkami zapachowymi, kt\u00f3re by\u0142yby wysokiej jako\u015bci, ale jednocze\u015bnie nie by\u0142yby delikatne. Dostarczyli\u015bmy im te kwadratowe flakony o pojemno\u015bci 100 ml w delikatnym bursztynowym odcieniu \u2013 wykonane na zam\u00f3wienie, aby pasowa\u0142y do \u200b\u200bich ziemistego brandingu. Do ka\u017cdej butelki do\u0142\u0105czyli czarny drewniany korek i naturalne patyczki z rattanu. Efekt? Sprzedawcy byli zachwyceni wygl\u0105dem, klienci chwalili szczelno\u015b\u0107, a zam\u00f3wienia na uzupe\u0142nienie zapas\u00f3w nap\u0142ywa\u0142y szybciej ni\u017c oczekiwano.<\/p>\n<h2>Chcesz dostosowa\u0107 sw\u00f3j?<\/h2>\n<ul>\n<li><span aria-haspopup=\"dialog\" aria-expanded=\"false\" aria-controls=\"radix-_r_1p_\" data-state=\"closed\" data-slot=\"popover-trigger\"><strong>Mo\u017cliwo\u015b\u0107 personalizacji pokryw:<\/strong> Powinna r\u00f3wnie\u017c oferowa\u0107 wyb\u00f3r r\u00f3\u017cnych wyko\u0144cze\u0144 nasadki, w tym matowego z\u0142ota, szczotkowanego srebra lub czerni, co zapewni wi\u0119ksz\u0105 elegancj\u0119 i og\u00f3ln\u0105 sp\u00f3jno\u015b\u0107 wygl\u0105du dyfuzora.<\/span><\/li>\n<li><span aria-haspopup=\"dialog\" aria-expanded=\"false\" aria-controls=\"radix-_r_1q_\" data-state=\"closed\" data-slot=\"popover-trigger\"><strong>Spersonalizowane etykietowanie:<\/strong> Dodaj mo\u017cliwo\u015bci brandingu: zaoferuj mo\u017cliwo\u015b\u0107 dodania niestandardowych etykiet lub wygrawerowania na butelce logo, wiadomo\u015bci lub innego specjalnego wzoru, co nada butelce osobistego charakteru.<\/span><\/li>\n<li><span aria-haspopup=\"dialog\" aria-expanded=\"false\" aria-controls=\"radix-_r_1r_\" data-state=\"closed\" data-slot=\"popover-trigger\"><strong>Wariacje pa\u0142eczek trzcinowych:<\/strong> Aby da\u0107 klientom swobod\u0119 wyboru intensywno\u015bci zapachu, oferujemy trzciny wykonane z r\u00f3\u017cnych materia\u0142\u00f3w, np. z drewna naturalnego, rattanu lub czarne, a tak\u017ce o r\u00f3\u017cnych d\u0142ugo\u015bciach.<\/span><\/li>\n<\/ul>","protected":false},"excerpt":{"rendered":"<p>Hurtowa sprzeda\u017c kwadratowych butelek do dyfuzor\u00f3w i szklanych butelek do aromaterapii. Najwy\u017csza jako\u015b\u0107, mo\u017cliwo\u015b\u0107 personalizacji, dostawa hurtowa z darmowymi pr\u00f3bkami marek perfum.<\/p>","protected":false},"featured_media":4781,"template":"","meta":{"site-sidebar-layout":"default","site-content-layout":"","ast-site-content-layout":"default","site-content-style":"default","site-sidebar-style":"default","ast-global-header-display":"","ast-banner-title-visibility":"","ast-main-header-display":"","ast-hfb-above-header-display":"","ast-hfb-below-header-display":"","ast-hfb-mobile-header-display":"","site-post-title":"","ast-breadcrumbs-content":"","ast-featured-img":"","footer-sml-layout":"","theme-transparent-header-meta":"default","adv-header-id-meta":"","stick-header-meta":"","header-above-stick-meta":"","header-main-stick-meta":"","header-below-stick-meta":"","astra-migrate-meta-layouts":"set","ast-page-background-enabled":"default","ast-page-background-meta":{"desktop":{"background-color":"var(--ast-global-color-5)","background-image":"","background-repeat":"repeat","background-position":"center center","background-size":"auto","background-attachment":"scroll","background-type":"","background-media":"","overlay-type":"","overlay-color":"","overlay-opacity":"","overlay-gradient":""},"tablet":{"background-color":"","background-image":"","background-repeat":"repeat","background-position":"center center","background-size":"auto","background-attachment":"scroll","background-type":"","background-media":"","overlay-type":"","overlay-color":"","overlay-opacity":"","overlay-gradient":""},"mobile":{"background-color":"","background-image":"","background-repeat":"repeat","background-position":"center center","background-size":"auto","background-attachment":"scroll","background-type":"","background-media":"","overlay-type":"","overlay-color":"","overlay-opacity":"","overlay-gradient":""}},"ast-content-background-meta":{"desktop":{"background-color":"var(--ast-global-color-4)","background-image":"","background-repeat":"repeat","background-position":"center center","background-size":"auto","background-attachment":"scroll","background-type":"","background-media":"","overlay-type":"","overlay-color":"","overlay-opacity":"","overlay-gradient":""},"tablet":{"background-color":"var(--ast-global-color-4)","background-image":"","background-repeat":"repeat","background-position":"center center","background-size":"auto","background-attachment":"scroll","background-type":"","background-media":"","overlay-type":"","overlay-color":"","overlay-opacity":"","overlay-gradient":""},"mobile":{"background-color":"var(--ast-global-color-4)","background-image":"","background-repeat":"repeat","background-position":"center center","background-size":"auto","background-attachment":"scroll","background-type":"","background-media":"","overlay-type":"","overlay-color":"","overlay-opacity":"","overlay-gradient":""}}},"product_brand":[],"product_cat":[54],"product_tag":[],"class_list":{"0":"post-870","1":"product","2":"type-product","3":"status-publish","4":"has-post-thumbnail","6":"product_cat-reed-diffuser-bottles","7":"desktop-align-left","8":"tablet-align-left","9":"mobile-align-left","11":"first","12":"instock","13":"shipping-taxable","14":"product-type-simple"},"jetpack_sharing_enabled":true,"_links":{"self":[{"href":"https:\/\/mostebglass.com\/pl\/wp-json\/wp\/v2\/product\/870","targetHints":{"allow":["GET"]}}],"collection":[{"href":"https:\/\/mostebglass.com\/pl\/wp-json\/wp\/v2\/product"}],"about":[{"href":"https:\/\/mostebglass.com\/pl\/wp-json\/wp\/v2\/types\/product"}],"wp:featuredmedia":[{"embeddable":true,"href":"https:\/\/mostebglass.com\/pl\/wp-json\/wp\/v2\/media\/4781"}],"wp:attachment":[{"href":"https:\/\/mostebglass.com\/pl\/wp-json\/wp\/v2\/media?parent=870"}],"wp:term":[{"taxonomy":"product_brand","embeddable":true,"href":"https:\/\/mostebglass.com\/pl\/wp-json\/wp\/v2\/product_brand?post=870"},{"taxonomy":"product_cat","embeddable":true,"href":"https:\/\/mostebglass.com\/pl\/wp-json\/wp\/v2\/product_cat?post=870"},{"taxonomy":"product_tag","embeddable":true,"href":"https:\/\/mostebglass.com\/pl\/wp-json\/wp\/v2\/product_tag?post=870"}],"curies":[{"name":"wp","href":"https:\/\/api.w.org\/{rel}","templated":true}]}}