{"id":894,"date":"2025-08-26T09:40:39","date_gmt":"2025-08-26T01:40:39","guid":{"rendered":"https:\/\/mostebglass.com\/?post_type=product&#038;p=894"},"modified":"2026-05-09T16:29:48","modified_gmt":"2026-05-09T08:29:48","slug":"square-glass-diffuser-bottles-with-diamond-pattern-bulk","status":"publish","type":"product","link":"https:\/\/mostebglass.com\/pl\/square-glass-diffuser-bottles-with-diamond-pattern-bulk\/","title":{"rendered":"100 ml kwadratowe szklane butelki do dyfuzor\u00f3w z diamentowym wzorem hurtowo"},"content":{"rendered":"<p>Nie kupujesz tylko pojemnik\u00f3w na dyfuzory \u2013 wybierasz p\u0142\u00f3tna. Te kwadratowe szklane butelki do dyfuzor\u00f3w wyr\u00f3\u017cniaj\u0105 si\u0119 czystymi liniami i teksturowanymi korpusami pokrytymi eleganckimi, wypuk\u0142ymi wzorami w kszta\u0142cie diament\u00f3w.<\/p>\n<h2>Cechy produktu<\/h2>\n<ul>\n<li><strong>Wz\u00f3r diamentowy:<\/strong> Korpus butelki pokryty jest wypuk\u0142ymi wzorami w kszta\u0142cie diament\u00f3w, kt\u00f3re pot\u0119guj\u0105 wra\u017cenie tr\u00f3jwymiarowo\u015bci i faktury korpusu butelki. Pozwala to na uzyskanie bogatych efekt\u00f3w \u015bwietlnych i cieniowych pod wp\u0142ywem \u015bwiat\u0142a.<\/li>\n<li><strong>Kszta\u0142t kwadratowy:<\/strong> W odr\u00f3\u017cnieniu od powszechnych okr\u0105g\u0142ych butelek do aromaterapii, kwadratowy kszta\u0142t jest wyj\u0105tkowy i nowatorski, o prostych i mocnych liniach.<\/li>\n<li><strong>Materia\u0142 przezroczysty:<\/strong> Wykonana ze szk\u0142a o wysokiej przejrzysto\u015bci butelka pozwala wyra\u017anie zobaczy\u0107, ile p\u0142ynu aromaterapeutycznego pozosta\u0142o w \u015brodku.<\/li>\n<\/ul>\n<h2>Marka, kt\u00f3ra idealnie wpasowa\u0142a si\u0119 w styl<\/h2>\n<p>Startup chcia\u0142 wprowadzi\u0107 na rynek luksusow\u0105 lini\u0119 zapach\u00f3w do domu, ale mia\u0142 problem z generycznymi opakowaniami. Wybrali nasze kwadratowe szklane dyfuzory, a my dodali\u015bmy im bursztynowe szk\u0142o, dodaj\u0105c matowoczarny trzonek i markowy aluminiowy korek. Efekt? Ich produkty wyr\u00f3\u017cnia\u0142y si\u0119 na zat\u0142oczonych p\u00f3\u0142kach. Sprzedawcy detaliczni zauwa\u017cyli popraw\u0119 postrzeganej warto\u015bci \u2013 ich zam\u00f3wienia hurtowe wzros\u0142y o 65% w ci\u0105gu czterech miesi\u0119cy.<\/p>\n<h2>Chcesz spersonalizowa\u0107? Oto, gdzie zaczyna si\u0119 zabawa<\/h2>\n<ul>\n<li><strong>Zmie\u0144 odcie\u0144 szk\u0142a:<\/strong> Wybierz przezroczysty, aby uzyska\u0107 wyraziste olejki cytrusowe. Albo wybierz dymn\u0105 szaro\u015b\u0107, aby uzyska\u0107 ziemiste zapachy, takie jak drzewo sanda\u0142owe. Przyciemniane szk\u0142o dyfuzora tworzy nastr\u00f3j, zanim jeszcze nakr\u0119tka zostanie zdj\u0119ta.<\/li>\n<li><strong>Modyfikuj tekstur\u0119:<\/strong> Wz\u00f3r diamentowy dzia\u0142a. Mo\u017cemy jednak dostosowa\u0107 g\u0142\u0119boko\u015b\u0107 lub wypr\u00f3bowa\u0107 subtelne pionowe linie. Mi\u0119ksza faktura sprawia wra\u017cenie bardziej minimalistycznej. G\u0142\u0119bsze rowki oznaczaj\u0105 najwy\u017csz\u0105 jako\u015b\u0107.<\/li>\n<li><strong>Dodaj pow\u0142ok\u0119 wewn\u0119trzn\u0105 (opcjonalnie):<\/strong> Do olejk\u00f3w wra\u017cliwych na promieniowanie UV oferujemy wewn\u0119trzn\u0105 pow\u0142ok\u0119 chroni\u0105c\u0105 przed promieniowaniem UV. Utrzymuje \u015bwie\u017co\u015b\u0107 zapach\u00f3w. Z zewn\u0105trz wygl\u0105da przejrzy\u015bcie. To sprytne ulepszenie dla wysokiej klasy butelek do aromaterapii.<\/li>\n<\/ul>","protected":false},"excerpt":{"rendered":"<p>Hurtowa sprzeda\u017c pojemnik\u00f3w na dyfuzory i kwadratowych szklanych butelek. Mo\u017cliwo\u015b\u0107 personalizacji wzor\u00f3w, najwy\u017csza jako\u015b\u0107, hurtowa dostawa z darmowymi pr\u00f3bkami marek perfum.<\/p>","protected":false},"featured_media":4798,"template":"","meta":{"site-sidebar-layout":"default","site-content-layout":"","ast-site-content-layout":"default","site-content-style":"default","site-sidebar-style":"default","ast-global-header-display":"","ast-banner-title-visibility":"","ast-main-header-display":"","ast-hfb-above-header-display":"","ast-hfb-below-header-display":"","ast-hfb-mobile-header-display":"","site-post-title":"","ast-breadcrumbs-content":"","ast-featured-img":"","footer-sml-layout":"","theme-transparent-header-meta":"default","adv-header-id-meta":"","stick-header-meta":"","header-above-stick-meta":"","header-main-stick-meta":"","header-below-stick-meta":"","astra-migrate-meta-layouts":"set","ast-page-background-enabled":"default","ast-page-background-meta":{"desktop":{"background-color":"var(--ast-global-color-5)","background-image":"","background-repeat":"repeat","background-position":"center center","background-size":"auto","background-attachment":"scroll","background-type":"","background-media":"","overlay-type":"","overlay-color":"","overlay-opacity":"","overlay-gradient":""},"tablet":{"background-color":"","background-image":"","background-repeat":"repeat","background-position":"center center","background-size":"auto","background-attachment":"scroll","background-type":"","background-media":"","overlay-type":"","overlay-color":"","overlay-opacity":"","overlay-gradient":""},"mobile":{"background-color":"","background-image":"","background-repeat":"repeat","background-position":"center center","background-size":"auto","background-attachment":"scroll","background-type":"","background-media":"","overlay-type":"","overlay-color":"","overlay-opacity":"","overlay-gradient":""}},"ast-content-background-meta":{"desktop":{"background-color":"var(--ast-global-color-4)","background-image":"","background-repeat":"repeat","background-position":"center center","background-size":"auto","background-attachment":"scroll","background-type":"","background-media":"","overlay-type":"","overlay-color":"","overlay-opacity":"","overlay-gradient":""},"tablet":{"background-color":"var(--ast-global-color-4)","background-image":"","background-repeat":"repeat","background-position":"center center","background-size":"auto","background-attachment":"scroll","background-type":"","background-media":"","overlay-type":"","overlay-color":"","overlay-opacity":"","overlay-gradient":""},"mobile":{"background-color":"var(--ast-global-color-4)","background-image":"","background-repeat":"repeat","background-position":"center center","background-size":"auto","background-attachment":"scroll","background-type":"","background-media":"","overlay-type":"","overlay-color":"","overlay-opacity":"","overlay-gradient":""}}},"product_brand":[],"product_cat":[54,21],"product_tag":[],"class_list":{"0":"post-894","1":"product","2":"type-product","3":"status-publish","4":"has-post-thumbnail","6":"product_cat-reed-diffuser-bottles","7":"product_cat-product","8":"desktop-align-left","9":"tablet-align-left","10":"mobile-align-left","12":"first","13":"instock","14":"shipping-taxable","15":"product-type-simple"},"jetpack_sharing_enabled":true,"_links":{"self":[{"href":"https:\/\/mostebglass.com\/pl\/wp-json\/wp\/v2\/product\/894","targetHints":{"allow":["GET"]}}],"collection":[{"href":"https:\/\/mostebglass.com\/pl\/wp-json\/wp\/v2\/product"}],"about":[{"href":"https:\/\/mostebglass.com\/pl\/wp-json\/wp\/v2\/types\/product"}],"wp:featuredmedia":[{"embeddable":true,"href":"https:\/\/mostebglass.com\/pl\/wp-json\/wp\/v2\/media\/4798"}],"wp:attachment":[{"href":"https:\/\/mostebglass.com\/pl\/wp-json\/wp\/v2\/media?parent=894"}],"wp:term":[{"taxonomy":"product_brand","embeddable":true,"href":"https:\/\/mostebglass.com\/pl\/wp-json\/wp\/v2\/product_brand?post=894"},{"taxonomy":"product_cat","embeddable":true,"href":"https:\/\/mostebglass.com\/pl\/wp-json\/wp\/v2\/product_cat?post=894"},{"taxonomy":"product_tag","embeddable":true,"href":"https:\/\/mostebglass.com\/pl\/wp-json\/wp\/v2\/product_tag?post=894"}],"curies":[{"name":"wp","href":"https:\/\/api.w.org\/{rel}","templated":true}]}}