{"id":902,"date":"2025-08-26T10:39:41","date_gmt":"2025-08-26T02:39:41","guid":{"rendered":"https:\/\/mostebglass.com\/?post_type=product&#038;p=902"},"modified":"2026-03-25T14:46:49","modified_gmt":"2026-03-25T06:46:49","slug":"vintage-cut-glass-candle-holders-wholesale-candle-stick-holders","status":"publish","type":"product","link":"https:\/\/mostebglass.com\/pl\/vintage-cut-glass-candle-holders-wholesale-candle-stick-holders\/","title":{"rendered":"\u015awieczniki ze szk\u0142a ci\u0119tego w stylu vintage \u2013 hurtowa sprzeda\u017c \u015bwiecznik\u00f3w"},"content":{"rendered":"<p>Ta seria zabytkowych \u015bwiecznik\u00f3w z ci\u0119tego szk\u0142a charakteryzuje si\u0119 eleganck\u0105 sylwetk\u0105 postumentu po\u0142\u0105czon\u0105 z misternymi, t\u0142oczonymi wzorami. \u015awiecznik wykonany jest ze szk\u0142a o wysokiej przejrzysto\u015bci z misternymi, szlifowanymi fakturami, w tym diamentowymi fasetami i pionowymi \u017c\u0142obieniami wzd\u0142u\u017c trzonu i podstawy, tworz\u0105cymi presti\u017cowy efekt odbijania \u015bwiat\u0142a. Szerokie dno (78 mm \u015brednicy) zapewnia stabilno\u015b\u0107 sto\u0142u, a wysoki bok (100 mm) optycznie powi\u0119ksza powierzchni\u0119 sto\u0142u. Otw\u00f3r o \u015brednicy 35 mm jest wyci\u0119ty do okre\u015blonego rozmiaru, aby pomie\u015bci\u0107 standardowe \u015bwiece.<\/p>\n<h2>Aplikacja<\/h2>\n<p>Te wszechstronne \u015bwieczniki pe\u0142ni\u0105 funkcj\u0119 zar\u00f3wno \u015bwiecznik\u00f3w sto\u017ckowych, jak i kompaktowych \u015bwiecznik\u00f3w filarowych do mniejszych format\u00f3w. Znajduj\u0105 szerokie zastosowanie w dekoracjach \u015blubnych, eventowych, restauracyjnych i domowych. Seria ta oferuje klientom B2B wysok\u0105 warto\u015b\u0107 komercyjn\u0105 dla firm wynajmuj\u0105cych, grup hotelarskich i marek detalicznych poszukuj\u0105cych ponadczasowego szk\u0142a inspirowanego stylem vintage. Przezroczysta powierzchnia umo\u017cliwia r\u00f3wnie\u017c personalizacj\u0119, np. poprzez kolorowe powlekanie lub branding, w ramach program\u00f3w marek w\u0142asnych.<\/p>\n<h2>Kluczowe specyfikacje<\/h2>\n<table style=\"border-collapse: collapse; width: 80%; margin-left: auto; margin-right: auto;\" border=\"0\" width=\"144\" cellspacing=\"0\" cellpadding=\"0\">\n<tbody>\n<tr style=\"height: 13.50pt;\">\n<td style=\"height: 13.50pt; width: 54.00pt;\" width=\"72\" height=\"18\">Tworzywo<\/td>\n<td style=\"width: 54.00pt;\" width=\"72\">Szk\u0142o sodowo-wapniowe o wysokiej bia\u0142o\u015bci<\/td>\n<\/tr>\n<tr style=\"height: 13.50pt;\">\n<td style=\"height: 13.50pt;\" height=\"18\">Waga<\/td>\n<td>164g<\/td>\n<\/tr>\n<tr style=\"height: 13.50pt;\">\n<td style=\"height: 13.50pt;\" height=\"18\">Wymiary<\/td>\n<td>\u015arednica podstawy: 78 mm; Wysoko\u015b\u0107: 100 mm; \u015arednica otworu: 35 mm.<\/td>\n<\/tr>\n<tr style=\"height: 13.50pt;\">\n<td style=\"height: 13.50pt;\" height=\"18\">Opcje kolor\u00f3w<\/td>\n<td>Wyczy\u015b\u0107 lub niestandardowo<\/td>\n<\/tr>\n<tr style=\"height: 13.50pt;\">\n<td style=\"height: 13.50pt;\" height=\"18\">Warianty projektu<\/td>\n<td>Pionowa plisowana podstawa lub podstawa w kszta\u0142cie rombu dla dodatkowej faktury<\/td>\n<\/tr>\n<\/tbody>\n<\/table>\n<h2>Cechy produktu<\/h2>\n<ol>\n<li><strong>Elegancki, d\u0142ugi projekt dla efekt\u00f3w wizualnych:\u00a0<\/strong>Wysoko\u015b\u0107 tego nowoczesnego szklanego \u015bwiecznika wynosz\u0105ca 79 mm i szeroko\u015b\u0107 35 mm sprawia, \u017ce \u200b\u200bidealnie nadaje si\u0119 on do kolekcji \u015bwiec w puszkach i s\u0142oikach, kt\u00f3re musz\u0105 wyr\u00f3\u017cnia\u0107 si\u0119 na stole lub kominku.<\/li>\n<li><strong>Wzmocnienie stabilno\u015bci za pomoc\u0105 bazy teksturowej:\u00a0<\/strong>Szeroka, okr\u0105g\u0142a podstawa z promienistymi rowkami sprawia, \u017ce \u200b\u200bten pusty s\u0142oik na \u015bwiece pozostaje prosty, nawet w przypadku wysy\u0142ki hurtowej lub podczas ustawiania na imprezie.<\/li>\n<li><strong>Szczeg\u00f3\u0142y rze\u017aby inspirowanej stylem vintage:\u00a0<\/strong>Kulki w \u015brodkowej cz\u0119\u015bci i rze\u017abienia w kszta\u0142cie pier\u015bcieni dodaj\u0105 jej uroku w stylu retro, dzi\u0119ki czemu jest to \u015bwieca luksusowa, ulubiona w sklepach z artyku\u0142ami \u015bwieczkowymi, kt\u00f3re skupiaj\u0105 si\u0119 na neutralnej estetyce.<\/li>\n<\/ol>\n<h2>Sugestie dotycz\u0105ce personalizacji<\/h2>\n<h3>Wyko\u0144czenie powierzchni<\/h3>\n<p>Te zabytkowe \u015bwieczniki z ci\u0119tego szk\u0142a mo\u017cna personalizowa\u0107 pow\u0142okami natryskowymi (takimi jak bursztynowy, dymny szary lub matowa czer\u0144), matowym wyko\u0144czeniem dla delikatniejszego blasku lub metalicznym platerowaniem, takim jak z\u0142oto i szampan, dla klient\u00f3w z segmentu premium. Daje to kupuj\u0105cym mo\u017cliwo\u015b\u0107 rebrandingu tego samego wzoru w r\u00f3\u017cnych kolekcjach, zar\u00f3wno w nowoczesnym wystroju wn\u0119trz, jak i w ekskluzywnych dekoracjach eventowych.<\/p>\n<h3>Funkcje, adaptacja do rozmiaru<\/h3>\n<p>G\u00f3rn\u0105 \u015brednic\u0119 mo\u017cna regulowa\u0107, aby uzyska\u0107 bardziej precyzyjne dopasowanie do \u015bwiecznika, lub lekko pog\u0142\u0119bi\u0107, aby lepiej podtrzymywa\u0107 ma\u0142e \u015bwieczniki. Ponadto oferujemy zsynchronizowane warianty wysoko\u015bci lub zestawy, aby umo\u017cliwi\u0107 klientom B2B projektowanie wielowarstwowych aran\u017cacji na wesela, w obiektach hotelarskich i firmach wynajmuj\u0105cych.<\/p>","protected":false},"excerpt":{"rendered":"<p>\u015awieczniki z antycznego, ci\u0119tego szk\u0142a z eleganckim coko\u0142em. Idealne jako \u015bwieczniki na sztyfty lub \u015bwieczniki filarowe na imprezy, do dekoracji i do sprzeda\u017cy hurtowej.<\/p>","protected":false},"featured_media":4907,"template":"","meta":{"site-sidebar-layout":"default","site-content-layout":"","ast-site-content-layout":"default","site-content-style":"default","site-sidebar-style":"default","ast-global-header-display":"","ast-banner-title-visibility":"","ast-main-header-display":"","ast-hfb-above-header-display":"","ast-hfb-below-header-display":"","ast-hfb-mobile-header-display":"","site-post-title":"","ast-breadcrumbs-content":"","ast-featured-img":"","footer-sml-layout":"","theme-transparent-header-meta":"default","adv-header-id-meta":"","stick-header-meta":"","header-above-stick-meta":"","header-main-stick-meta":"","header-below-stick-meta":"","astra-migrate-meta-layouts":"set","ast-page-background-enabled":"default","ast-page-background-meta":{"desktop":{"background-color":"var(--ast-global-color-5)","background-image":"","background-repeat":"repeat","background-position":"center center","background-size":"auto","background-attachment":"scroll","background-type":"","background-media":"","overlay-type":"","overlay-color":"","overlay-opacity":"","overlay-gradient":""},"tablet":{"background-color":"","background-image":"","background-repeat":"repeat","background-position":"center center","background-size":"auto","background-attachment":"scroll","background-type":"","background-media":"","overlay-type":"","overlay-color":"","overlay-opacity":"","overlay-gradient":""},"mobile":{"background-color":"","background-image":"","background-repeat":"repeat","background-position":"center center","background-size":"auto","background-attachment":"scroll","background-type":"","background-media":"","overlay-type":"","overlay-color":"","overlay-opacity":"","overlay-gradient":""}},"ast-content-background-meta":{"desktop":{"background-color":"var(--ast-global-color-4)","background-image":"","background-repeat":"repeat","background-position":"center center","background-size":"auto","background-attachment":"scroll","background-type":"","background-media":"","overlay-type":"","overlay-color":"","overlay-opacity":"","overlay-gradient":""},"tablet":{"background-color":"var(--ast-global-color-4)","background-image":"","background-repeat":"repeat","background-position":"center center","background-size":"auto","background-attachment":"scroll","background-type":"","background-media":"","overlay-type":"","overlay-color":"","overlay-opacity":"","overlay-gradient":""},"mobile":{"background-color":"var(--ast-global-color-4)","background-image":"","background-repeat":"repeat","background-position":"center center","background-size":"auto","background-attachment":"scroll","background-type":"","background-media":"","overlay-type":"","overlay-color":"","overlay-opacity":"","overlay-gradient":""}}},"product_brand":[],"product_cat":[28,21],"product_tag":[],"class_list":{"0":"post-902","1":"product","2":"type-product","3":"status-publish","4":"has-post-thumbnail","6":"product_cat-glass-candle-jars","7":"product_cat-product","8":"desktop-align-left","9":"tablet-align-left","10":"mobile-align-left","12":"first","13":"instock","14":"shipping-taxable","15":"product-type-simple"},"jetpack_sharing_enabled":true,"_links":{"self":[{"href":"https:\/\/mostebglass.com\/pl\/wp-json\/wp\/v2\/product\/902","targetHints":{"allow":["GET"]}}],"collection":[{"href":"https:\/\/mostebglass.com\/pl\/wp-json\/wp\/v2\/product"}],"about":[{"href":"https:\/\/mostebglass.com\/pl\/wp-json\/wp\/v2\/types\/product"}],"wp:featuredmedia":[{"embeddable":true,"href":"https:\/\/mostebglass.com\/pl\/wp-json\/wp\/v2\/media\/4907"}],"wp:attachment":[{"href":"https:\/\/mostebglass.com\/pl\/wp-json\/wp\/v2\/media?parent=902"}],"wp:term":[{"taxonomy":"product_brand","embeddable":true,"href":"https:\/\/mostebglass.com\/pl\/wp-json\/wp\/v2\/product_brand?post=902"},{"taxonomy":"product_cat","embeddable":true,"href":"https:\/\/mostebglass.com\/pl\/wp-json\/wp\/v2\/product_cat?post=902"},{"taxonomy":"product_tag","embeddable":true,"href":"https:\/\/mostebglass.com\/pl\/wp-json\/wp\/v2\/product_tag?post=902"}],"curies":[{"name":"wp","href":"https:\/\/api.w.org\/{rel}","templated":true}]}}