{"id":988,"date":"2025-08-27T11:53:06","date_gmt":"2025-08-27T03:53:06","guid":{"rendered":"https:\/\/mostebglass.com\/?post_type=product&#038;p=988"},"modified":"2026-02-28T18:49:16","modified_gmt":"2026-02-28T10:49:16","slug":"multi-size-clear-glass-candle-jars-containers-wholesale","status":"publish","type":"product","link":"https:\/\/mostebglass.com\/pl\/multi-size-clear-glass-candle-jars-containers-wholesale\/","title":{"rendered":"S\u0142oiki i pojemniki na \u015bwiece z przezroczystego szk\u0142a o pojemno\u015bci 320-950 ml i r\u00f3\u017cnych rozmiarach \u2013 hurt"},"content":{"rendered":"<p>Seria sk\u0142ada si\u0119 z uniwersalnych, przezroczystych szklanych s\u0142oik\u00f3w na \u015bwiece o czystym, zaokr\u0105glonym brzegu, grubej podstawie i cylindrycznym kszta\u0142cie, o wyrafinowanym i nowoczesnym wygl\u0105dzie. Przezroczyste szk\u0142o sodowo-wapniowe charakteryzuje si\u0119 wysok\u0105 przejrzysto\u015bci\u0105 i jednolit\u0105 grubo\u015bci\u0105 \u015bcianek, co sprawia, \u017ce \u200b\u200b\u015bwiece wygl\u0105daj\u0105 atrakcyjnie i s\u0105 trwalsze.<\/p>\n<p>Kolekcja obejmuje sze\u015b\u0107 r\u00f3\u017cnych pojemno\u015bci: 320 ml, 410 ml, 430 ml, 550 ml, 690 ml i 950 ml, co daje markom mo\u017cliwo\u015b\u0107 tworzenia linii produkt\u00f3w dopasowanych do r\u00f3\u017cnorodnych zastosowa\u0144. Wybrane modele mo\u017cna stosowa\u0107 z pokrywkami z naturalnego bambusa i metalowymi, co zapewnia kontrast ciep\u0142ych materia\u0142\u00f3w i poprawia szczelno\u015b\u0107.<\/p>\n<h2>Kluczowe specyfikacje<\/h2>\n<p>&nbsp;<\/p>\n<table style=\"border-collapse: collapse; width: 100%; margin-left: auto; margin-right: auto;\" border=\"0\" width=\"100%\" cellspacing=\"0\" cellpadding=\"0\">\n<tbody>\n<tr style=\"height: 13.50pt;\">\n<td style=\"height: 13.50pt; width: 54.00pt;\" width=\"72\" height=\"18\">Pojemno\u015b\u0107<\/td>\n<td style=\"width: 54.00pt;\" width=\"72\">320 ml<\/td>\n<td style=\"width: 54.00pt;\" width=\"72\">410 ml<\/td>\n<td style=\"width: 54.00pt;\" width=\"72\">430 ml<\/td>\n<td style=\"width: 54.00pt;\" width=\"72\">550 ml<\/td>\n<td style=\"width: 54.00pt;\" width=\"72\">690 ml<\/td>\n<td style=\"width: 54.00pt;\" width=\"72\">950 ml<\/td>\n<\/tr>\n<tr style=\"height: 13.50pt;\">\n<td style=\"height: 13.50pt;\" height=\"18\">Wymiary<\/td>\n<td>80x75x100mm<\/td>\n<td>88x83x100mm<\/td>\n<td>90x85x102mm<\/td>\n<td>100x94x101mm<\/td>\n<td>100x92x125mm<\/td>\n<td>120*113*120 mm<\/td>\n<\/tr>\n<tr style=\"height: 13.50pt;\">\n<td style=\"height: 13.50pt;\" height=\"18\">Tworzywo<\/td>\n<td class=\"et2\" style=\"text-align: center;\" colspan=\"6\">Wysoce przejrzyste szk\u0142o sodowo-wapniowe bezo\u0142owiowe<\/td>\n<\/tr>\n<tr style=\"height: 13.50pt;\">\n<td style=\"height: 13.50pt;\" height=\"18\">Opcje kolor\u00f3w<\/td>\n<td class=\"et2\" style=\"text-align: center;\" colspan=\"6\">Przezroczysty, Tw\u00f3j niestandardowy kolor<\/td>\n<\/tr>\n<tr style=\"height: 13.50pt;\">\n<td style=\"height: 13.50pt;\" height=\"18\">Kszta\u0142t<\/td>\n<td class=\"et2\" style=\"text-align: center;\" colspan=\"6\">Korpus cylindryczny o prostych bokach i stabilnej podstawie, gruby i ci\u0119\u017cki<\/td>\n<\/tr>\n<tr style=\"height: 13.50pt;\">\n<td style=\"height: 13.50pt;\" height=\"18\">Kompatybilno\u015b\u0107 pokrywy<\/td>\n<td class=\"et2\" style=\"text-align: center;\" colspan=\"6\">Pokrywki bambusowe i metalowe z podk\u0142adkami silikonowymi<\/td>\n<\/tr>\n<tr style=\"height: 13.50pt;\">\n<td style=\"height: 13.50pt;\" height=\"18\">Opcje personalizacji<\/td>\n<td class=\"et2\" style=\"text-align: center;\" colspan=\"6\">Kolor, rozmiar, pojemno\u015b\u0107, wyko\u0144czenie powierzchni, logo, opakowanie<\/td>\n<\/tr>\n<\/tbody>\n<\/table>\n<h2>Aplikacje<\/h2>\n<p>Te przezroczyste szklane s\u0142oiki na \u015bwiece maj\u0105 r\u00f3\u017cnorodne zastosowania w r\u00f3\u017cnych rynkach:<\/p>\n<ul>\n<li><strong>S\u0142oiki na \u015bwiece<\/strong>:\u015awiece nadaj\u0105 si\u0119 do \u015bwiec zapachowych, sojowych i do pojemnik\u00f3w. G\u0119ste dno zwi\u0119ksza ciep\u0142o spalania i bezpiecze\u0144stwo.<\/li>\n<li><strong>Szklanki do picia<\/strong>:Wyb\u00f3r pojemno\u015bci (np. 320 ml-430 ml) pozwala na u\u017cywanie szklanek do whisky lub do wody ze wzgl\u0119du na ich proporcjonalno\u015b\u0107 i solidn\u0105 podstaw\u0119.<\/li>\n<li><strong>S\u0142oiki do przechowywania<\/strong>:S\u0142oiki te doskonale nadaj\u0105 si\u0119 do przechowywania ziaren kawy, przypraw, cukru, herbaty, soli do k\u0105pieli i drobnych artyku\u0142\u00f3w gospodarstwa domowego. Najlepiej u\u017cywa\u0107 ich z pokrywk\u0105.<\/li>\n<li><strong>Wazony<\/strong>:Mo\u017cliwe s\u0105 wi\u0119ksze (690-950 ml) szklane wazony o minimalistycznej pojemno\u015bci, wype\u0142nione \u017cywymi lub suszonymi kwiatami.<\/li>\n<li><strong>Go\u015bcinno\u015b\u0107\/obdarowywanie<\/strong>:Ma zastosowanie w hotelach, restauracjach, zestawach upominkowych i opakowaniach marketingowych.<\/li>\n<\/ul>\n<h2>Rekomendacje dotycz\u0105ce personalizacji B2B.<\/h2>\n<p>Seria ta ma du\u017cy potencja\u0142 dostosowania do potrzeb w\u0142a\u015bcicieli marek, hurtownik\u00f3w i nabywc\u00f3w marek w\u0142asnych:<\/p>\n<ul>\n<li><strong>Dekoracja na logo<\/strong>: Sitodruk, termotransfer, logo mro\u017cone, grawerowanie laserowe.<\/li>\n<li><strong>Wyko\u0144czenie powierzchni:<\/strong> Szk\u0142o matowe, malowanie natryskowe, galwanizacja, kolor gradientowy.<\/li>\n<li><strong>R\u00f3\u017cne pokrywy:<\/strong> drewniane, bambusowe, metalowe lub malowane na zam\u00f3wienie.<\/li>\n<li><strong>Dopasowanie rozmiaru:<\/strong> Formowanie na wymiar, o wyj\u0105tkowej pojemno\u015bci lub \u015brednicy.<\/li>\n<li><strong>Opcje pakowania:<\/strong> firmowe wk\u0142adki, du\u017ce kartony eksportowe, spersonalizowane pude\u0142ka prezentowe.<\/li>\n<li><strong>\u015awiece gotowe do dostawy:<\/strong> Od wst\u0119pnie woskowanych wype\u0142nie\u0144 po gotowe \u015bwiece.<\/li>\n<\/ul>\n<p>Jednolity wygl\u0105d opakowa\u0144 o wielu pojemno\u015bciach pozwala markom tworzy\u0107 kompletne rodziny produkt\u00f3w i maksymalizowa\u0107 wydajno\u015b\u0107 produkcji i pakowania.<\/p>","protected":false},"excerpt":{"rendered":"<p>Szklane pojemniki o r\u00f3\u017cnych rozmiarach, od 320 ml do 950 ml, idealne na przezroczyste szklane s\u0142oiki na \u015bwiece, szklanki do napoj\u00f3w i wazony. Mo\u017cliwo\u015b\u0107 dostosowania do marek w\u0142asnych i projekt\u00f3w hurtowych.<\/p>","protected":false},"featured_media":4529,"template":"","meta":{"site-sidebar-layout":"default","site-content-layout":"","ast-site-content-layout":"default","site-content-style":"default","site-sidebar-style":"default","ast-global-header-display":"","ast-banner-title-visibility":"","ast-main-header-display":"","ast-hfb-above-header-display":"","ast-hfb-below-header-display":"","ast-hfb-mobile-header-display":"","site-post-title":"","ast-breadcrumbs-content":"","ast-featured-img":"","footer-sml-layout":"","theme-transparent-header-meta":"default","adv-header-id-meta":"","stick-header-meta":"","header-above-stick-meta":"","header-main-stick-meta":"","header-below-stick-meta":"","astra-migrate-meta-layouts":"set","ast-page-background-enabled":"default","ast-page-background-meta":{"desktop":{"background-color":"var(--ast-global-color-5)","background-image":"","background-repeat":"repeat","background-position":"center center","background-size":"auto","background-attachment":"scroll","background-type":"","background-media":"","overlay-type":"","overlay-color":"","overlay-opacity":"","overlay-gradient":""},"tablet":{"background-color":"","background-image":"","background-repeat":"repeat","background-position":"center center","background-size":"auto","background-attachment":"scroll","background-type":"","background-media":"","overlay-type":"","overlay-color":"","overlay-opacity":"","overlay-gradient":""},"mobile":{"background-color":"","background-image":"","background-repeat":"repeat","background-position":"center center","background-size":"auto","background-attachment":"scroll","background-type":"","background-media":"","overlay-type":"","overlay-color":"","overlay-opacity":"","overlay-gradient":""}},"ast-content-background-meta":{"desktop":{"background-color":"var(--ast-global-color-4)","background-image":"","background-repeat":"repeat","background-position":"center center","background-size":"auto","background-attachment":"scroll","background-type":"","background-media":"","overlay-type":"","overlay-color":"","overlay-opacity":"","overlay-gradient":""},"tablet":{"background-color":"var(--ast-global-color-4)","background-image":"","background-repeat":"repeat","background-position":"center center","background-size":"auto","background-attachment":"scroll","background-type":"","background-media":"","overlay-type":"","overlay-color":"","overlay-opacity":"","overlay-gradient":""},"mobile":{"background-color":"var(--ast-global-color-4)","background-image":"","background-repeat":"repeat","background-position":"center center","background-size":"auto","background-attachment":"scroll","background-type":"","background-media":"","overlay-type":"","overlay-color":"","overlay-opacity":"","overlay-gradient":""}}},"product_brand":[],"product_cat":[28,21],"product_tag":[],"class_list":{"0":"post-988","1":"product","2":"type-product","3":"status-publish","4":"has-post-thumbnail","6":"product_cat-glass-candle-jars","7":"product_cat-product","8":"desktop-align-left","9":"tablet-align-left","10":"mobile-align-left","12":"first","13":"instock","14":"shipping-taxable","15":"product-type-simple"},"jetpack_sharing_enabled":true,"_links":{"self":[{"href":"https:\/\/mostebglass.com\/pl\/wp-json\/wp\/v2\/product\/988","targetHints":{"allow":["GET"]}}],"collection":[{"href":"https:\/\/mostebglass.com\/pl\/wp-json\/wp\/v2\/product"}],"about":[{"href":"https:\/\/mostebglass.com\/pl\/wp-json\/wp\/v2\/types\/product"}],"wp:featuredmedia":[{"embeddable":true,"href":"https:\/\/mostebglass.com\/pl\/wp-json\/wp\/v2\/media\/4529"}],"wp:attachment":[{"href":"https:\/\/mostebglass.com\/pl\/wp-json\/wp\/v2\/media?parent=988"}],"wp:term":[{"taxonomy":"product_brand","embeddable":true,"href":"https:\/\/mostebglass.com\/pl\/wp-json\/wp\/v2\/product_brand?post=988"},{"taxonomy":"product_cat","embeddable":true,"href":"https:\/\/mostebglass.com\/pl\/wp-json\/wp\/v2\/product_cat?post=988"},{"taxonomy":"product_tag","embeddable":true,"href":"https:\/\/mostebglass.com\/pl\/wp-json\/wp\/v2\/product_tag?post=988"}],"curies":[{"name":"wp","href":"https:\/\/api.w.org\/{rel}","templated":true}]}}