{"id":993,"date":"2025-08-27T13:15:17","date_gmt":"2025-08-27T05:15:17","guid":{"rendered":"https:\/\/mostebglass.com\/?post_type=product&#038;p=993"},"modified":"2026-03-04T15:05:18","modified_gmt":"2026-03-04T07:05:18","slug":"100-ml-unikalne-butelki-z-dyfuzorem-trzcinowym-o-nieregularnym-ksztalcie-hurtowo","status":"publish","type":"product","link":"https:\/\/mostebglass.com\/pl\/100ml-unique-reed-diffuser-bottles-with-irregular-shape-wholesale\/","title":{"rendered":"Butelki z unikalnym dyfuzorem patyczkowym o pojemno\u015bci 100 ml i nieregularnym kszta\u0142cie \u2013 hurt"},"content":{"rendered":"<p>Zestaw zawiera flakon z patyczkami zapachowymi o nowoczesnym, zakrzywionym kszta\u0142cie, kt\u00f3rego sylwetka jest smuk\u0142a i przezroczysta, co wyra\u017anie uwydatnia zapach w \u015brodku. Podstawa flakonu jest szeroka i stabilna, a szyjka delikatnie zw\u0119\u017ca si\u0119, co pozwala na stabilne podtrzymywanie patyczk\u00f3w zapachowych. Prosta forma i g\u0142adkie wyko\u0144czenie sprawiaj\u0105, \u017ce flakon prezentuje si\u0119 nowocze\u015bnie i pasuje do ka\u017cdego wn\u0119trza.<\/p>\n<h2>Cechy produktu<\/h2>\n<ul>\n<li><strong>Unikalny kszta\u0142t:<\/strong> Nieregularny, p\u0142aski, kwadratowy wz\u00f3r jest nowatorski, wyj\u0105tkowy i dekoracyjny.<\/li>\n<li><strong>Zakrzywiony kszta\u0142t dodaje g\u0142\u0119bi:<\/strong> Wkl\u0119s\u0142y kszta\u0142t tworzy cienie i ruch. Twoja wyj\u0105tkowa butelka do aromaterapii z trzciny emanuje ruchem, a nie p\u0142asko\u015bci\u0105.<\/li>\n<li><strong>Styl minimalistyczny:<\/strong> Minimalistyczny design, pozbawiony zb\u0119dnych ozd\u00f3b, dope\u0142ni ka\u017cde wn\u0119trze domu lub biura.<\/li>\n<\/ul>\n<h2>Jak jedna marka wyr\u00f3\u017cni\u0142a si\u0119 na zat\u0142oczonej p\u00f3\u0142ce<\/h2>\n<p>Jedna z marek premium produkuj\u0105cych zapachy do domu zdecydowa\u0142a si\u0119 na wykorzystanie naszych unikalnych, 100-mililitrowych butelek z patyczkami zapachowymi i zrealizowa\u0142a kilka niestandardowych zam\u00f3wie\u0144. Wybrali lite szk\u0142o, kt\u00f3re by\u0142o grubsze i \u0142atwiejsze w dotyku, a logo firmy zosta\u0142o nadrukowane sitodrukiem bezpo\u015brednio na butelce w matowo-bia\u0142ym wyko\u0144czeniu. Dodatkowo, wygrawerowano has\u0142o marki, co da\u0142o im poczucie jedno\u015bci i jako\u015bci.<\/p>\n<p>Po wprowadzeniu spersonalizowanego zestawu zapachowego, wska\u017anik akceptacji \u015bredniej ceny detalicznej wyni\u00f3s\u0142 38% w pierwszym i drugim kwartale, podczas gdy liczba zam\u00f3wie\u0144 na zestawy prezentowe wzros\u0142a o 41%. Klient nadal sk\u0142ada du\u017ce zam\u00f3wienia na kolejne produkty sezonowe.<\/p>\n<h2>Spersonalizowane sugestie<\/h2>\n<p>Zacznij od tej 100-mililitrowej butelki z dyfuzorem. A potem stw\u00f3rz niezapomniany aromat \u2013 prosto w szkle.<\/p>\n<ul>\n<li>Dostosuj wewn\u0119trzn\u0105 krzywizn\u0119 \u2013 pog\u0142\u0119b j\u0105, aby nada\u0107 dramatyzmu. Albo sp\u0142aszcz, aby nada\u0107 subtelno\u015bci.<\/li>\n<li>Dodaj teksturowan\u0105 powierzchni\u0119 \u2013 piaskowanie dla matowego efektu. Mo\u017cesz te\u017c doda\u0107 drobne kropki dla lepszej przyczepno\u015bci i stylu.<\/li>\n<li>Wyt\u0142ocz swoje logo \u2013 wci\u015bnij je w bok. Trwale. Profesjonalnie. Subtelnie.<\/li>\n<\/ul>\n<p>Je\u015bli wi\u0119c szukasz 100-mililitrowych butelek z zapachem, kt\u00f3re zapewniaj\u0105 \u015bwie\u017co\u015b\u0107 i szybko si\u0119 sprzedaj\u0105, ta szklana butelka z zapachem b\u0119dzie dla Ciebie m\u0105drym wyborem.<\/p>","protected":false},"excerpt":{"rendered":"<p>Unikalne butelki z patyczkami zapachowymi i butelka z dyfuzorem o pojemno\u015bci 100 ml. Nieregularny, p\u0142aski, kwadratowy kszta\u0142t, hurtowa dostawa, mo\u017cliwo\u015b\u0107 personalizacji, bezp\u0142atne pr\u00f3bki marek perfum.<\/p>","protected":false},"featured_media":4605,"template":"","meta":{"site-sidebar-layout":"default","site-content-layout":"","ast-site-content-layout":"default","site-content-style":"default","site-sidebar-style":"default","ast-global-header-display":"","ast-banner-title-visibility":"","ast-main-header-display":"","ast-hfb-above-header-display":"","ast-hfb-below-header-display":"","ast-hfb-mobile-header-display":"","site-post-title":"","ast-breadcrumbs-content":"","ast-featured-img":"","footer-sml-layout":"","theme-transparent-header-meta":"default","adv-header-id-meta":"","stick-header-meta":"","header-above-stick-meta":"","header-main-stick-meta":"","header-below-stick-meta":"","astra-migrate-meta-layouts":"set","ast-page-background-enabled":"default","ast-page-background-meta":{"desktop":{"background-color":"var(--ast-global-color-5)","background-image":"","background-repeat":"repeat","background-position":"center center","background-size":"auto","background-attachment":"scroll","background-type":"","background-media":"","overlay-type":"","overlay-color":"","overlay-opacity":"","overlay-gradient":""},"tablet":{"background-color":"","background-image":"","background-repeat":"repeat","background-position":"center center","background-size":"auto","background-attachment":"scroll","background-type":"","background-media":"","overlay-type":"","overlay-color":"","overlay-opacity":"","overlay-gradient":""},"mobile":{"background-color":"","background-image":"","background-repeat":"repeat","background-position":"center center","background-size":"auto","background-attachment":"scroll","background-type":"","background-media":"","overlay-type":"","overlay-color":"","overlay-opacity":"","overlay-gradient":""}},"ast-content-background-meta":{"desktop":{"background-color":"var(--ast-global-color-4)","background-image":"","background-repeat":"repeat","background-position":"center center","background-size":"auto","background-attachment":"scroll","background-type":"","background-media":"","overlay-type":"","overlay-color":"","overlay-opacity":"","overlay-gradient":""},"tablet":{"background-color":"var(--ast-global-color-4)","background-image":"","background-repeat":"repeat","background-position":"center center","background-size":"auto","background-attachment":"scroll","background-type":"","background-media":"","overlay-type":"","overlay-color":"","overlay-opacity":"","overlay-gradient":""},"mobile":{"background-color":"var(--ast-global-color-4)","background-image":"","background-repeat":"repeat","background-position":"center center","background-size":"auto","background-attachment":"scroll","background-type":"","background-media":"","overlay-type":"","overlay-color":"","overlay-opacity":"","overlay-gradient":""}}},"product_brand":[],"product_cat":[54],"product_tag":[],"class_list":{"0":"post-993","1":"product","2":"type-product","3":"status-publish","4":"has-post-thumbnail","6":"product_cat-reed-diffuser-bottles","7":"desktop-align-left","8":"tablet-align-left","9":"mobile-align-left","11":"first","12":"instock","13":"shipping-taxable","14":"product-type-simple"},"jetpack_sharing_enabled":true,"_links":{"self":[{"href":"https:\/\/mostebglass.com\/pl\/wp-json\/wp\/v2\/product\/993","targetHints":{"allow":["GET"]}}],"collection":[{"href":"https:\/\/mostebglass.com\/pl\/wp-json\/wp\/v2\/product"}],"about":[{"href":"https:\/\/mostebglass.com\/pl\/wp-json\/wp\/v2\/types\/product"}],"wp:featuredmedia":[{"embeddable":true,"href":"https:\/\/mostebglass.com\/pl\/wp-json\/wp\/v2\/media\/4605"}],"wp:attachment":[{"href":"https:\/\/mostebglass.com\/pl\/wp-json\/wp\/v2\/media?parent=993"}],"wp:term":[{"taxonomy":"product_brand","embeddable":true,"href":"https:\/\/mostebglass.com\/pl\/wp-json\/wp\/v2\/product_brand?post=993"},{"taxonomy":"product_cat","embeddable":true,"href":"https:\/\/mostebglass.com\/pl\/wp-json\/wp\/v2\/product_cat?post=993"},{"taxonomy":"product_tag","embeddable":true,"href":"https:\/\/mostebglass.com\/pl\/wp-json\/wp\/v2\/product_tag?post=993"}],"curies":[{"name":"wp","href":"https:\/\/api.w.org\/{rel}","templated":true}]}}