{"id":1032,"date":"2025-08-28T11:26:08","date_gmt":"2025-08-28T03:26:08","guid":{"rendered":"https:\/\/mostebglass.com\/?post_type=product&#038;p=1032"},"modified":"2026-03-20T17:00:21","modified_gmt":"2026-03-20T09:00:21","slug":"round-candle-holder-85ml-jars-and-lids-for-candles","status":"publish","type":"product","link":"https:\/\/mostebglass.com\/pt\/round-candle-holder-85ml-jars-and-lids-for-candles\/","title":{"rendered":"Suporte redondo para velas \u2013 Frascos de 85ml com tampas para velas"},"content":{"rendered":"<p>Nossos potes e tampas de 85 ml para velas s\u00e3o recipientes de vidro minimalistas com boca larga, projetados para serem vers\u00e1teis. Fabricados em vidro s\u00f3dio-c\u00e1lcico de alta resist\u00eancia, possuem um acabamento transparente que se adequa \u00e0 imagem de luxo e modernidade da marca. Este pequeno recipiente para velas tem capacidade total de 85 ml e pode ser usado com velas arom\u00e1ticas, kits para presente e embalagens de vidro prontas para venda. Compat\u00edvel com tampas de metal ou bambu (com veda\u00e7\u00e3o de silicone), serve como uma solu\u00e7\u00e3o completa para potes e tampas de velas, amplamente utilizada por marcas e distribuidores que buscam potes e recipientes para velas com tampas no atacado.<\/p>\n<h2>Especifica\u00e7\u00f5es principais<\/h2>\n<table style=\"border-collapse: collapse; width: 80%; margin-left: auto; margin-right: auto;\" border=\"0\" width=\"593\" cellspacing=\"0\" cellpadding=\"0\">\n<tbody>\n<tr style=\"height: 13.50pt;\">\n<td style=\"height: 13.50pt; width: 119.25pt;\" width=\"159\" height=\"18\">Forma<\/td>\n<td style=\"width: 325.50pt;\" width=\"434\">Boca redonda e larga<\/td>\n<\/tr>\n<tr style=\"height: 13.50pt;\">\n<td style=\"height: 13.50pt;\" height=\"18\">Capacidade<\/td>\n<td>85 ml<\/td>\n<\/tr>\n<tr style=\"height: 13.50pt;\">\n<td style=\"height: 13.50pt;\" height=\"18\">Dimens\u00f5es<\/td>\n<td>Di\u00e2metro superior: 65 mm \/ Di\u00e2metro inferior: 58 mm \/ Altura: 60 mm<\/td>\n<\/tr>\n<tr style=\"height: 13.50pt;\">\n<td style=\"height: 13.50pt;\" height=\"18\">Peso<\/td>\n<td>200 g<\/td>\n<\/tr>\n<tr style=\"height: 13.50pt;\">\n<td style=\"height: 13.50pt;\" height=\"18\">Material<\/td>\n<td>Vidro grosso de cal sodada (compat\u00edvel com reciclagem)<\/td>\n<\/tr>\n<tr style=\"height: 13.50pt;\">\n<td style=\"height: 13.50pt;\" height=\"18\">Op\u00e7\u00f5es de tampa<\/td>\n<td>Tampa de metal\/bambu com anel de silicone (personalizada)<\/td>\n<\/tr>\n<tr style=\"height: 13.50pt;\">\n<td style=\"height: 13.50pt;\" height=\"18\">Cor<\/td>\n<td>Transparente (cores personalizadas dispon\u00edveis)<\/td>\n<\/tr>\n<tr style=\"height: 13.50pt;\">\n<td style=\"height: 13.50pt;\" height=\"18\">Processo de Produ\u00e7\u00e3o<\/td>\n<td>prensado \u00e0 m\u00e1quina<\/td>\n<\/tr>\n<tr style=\"height: 13.50pt;\">\n<td style=\"height: 13.50pt;\" height=\"18\">Embalagem<\/td>\n<td>90 unidades por caixa<\/td>\n<\/tr>\n<tr style=\"height: 13.50pt;\">\n<td style=\"height: 13.50pt;\" height=\"18\">Estilo<\/td>\n<td>Casti\u00e7al minimalista e moderno<\/td>\n<\/tr>\n<tr style=\"height: 13.50pt;\">\n<td style=\"height: 13.50pt;\" height=\"18\">Op\u00e7\u00f5es personalizadas<\/td>\n<td>Logotipo, acabamento da superf\u00edcie, cor, tamanho, formato, capacidade<\/td>\n<\/tr>\n<\/tbody>\n<\/table>\n<h2>Principais caracter\u00edsticas<\/h2>\n<ol>\n<li><strong>Boca larga para melhor dispers\u00e3o da fragr\u00e2ncia<\/strong>A ampla abertura proporciona maior difus\u00e3o do aroma e torna este recipiente perfeito para velas dos melhores produtos de aromaterapia.<\/li>\n<li><strong>Vidro resistente e temperado termicamente<\/strong>A estrutura deste vidro \u00e9 refor\u00e7ada, o que garante grande resist\u00eancia ao choque t\u00e9rmico e seguran\u00e7a para todos os tipos de ceras.<\/li>\n<li><strong>Design reutiliz\u00e1vel e ecologicamente correto<\/strong>Trata-se de um recipiente pronto para reciclagem, robusto e reutiliz\u00e1vel, em conformidade com as tend\u00eancias de embalagens de vidro sustent\u00e1veis.<\/li>\n<\/ol>\n<h2>Estudo de Caso de Sucesso<\/h2>\n<p>Um dos propriet\u00e1rios de uma marca de velas boutique na Fran\u00e7a comprou 20.000 desses potes de vidro para velas como parte de sua linha de presentes sazonais. Sendo uma varejista de produtos de luxo, eles precisavam de embalagens pr\u00f3prias, como revestimento fosco, logotipo impresso em dourado e tampas de bambu. O estilo minimalista e o recipiente transparente permitiam que os clientes visualizassem a cor da cera, o que aumentava o apelo visual da marca nas prateleiras. A linha esgotou em tr\u00eas meses devido ao aumento de 35% nas vendas online e em lojas f\u00edsicas, impulsionando a receita da linha de velas. O cliente j\u00e1 fez diversos pedidos em grande quantidade e firmou uma parceria de longo prazo, com vendas no atacado e em grandes volumes.<\/p>\n<h2>Recomenda\u00e7\u00f5es de personaliza\u00e7\u00e3o para compradores B2B<\/h2>\n<ol>\n<li><strong>Personaliza\u00e7\u00e3o centrada na marca<\/strong>Impress\u00e3o serigr\u00e1fica, relevo ou rotulagem de potes de velas padr\u00e3o para criar potes de velas de luxo exclusivos.<\/li>\n<li><strong>Tampa e embalagem<\/strong>Combina\u00e7\u00e3o de tampas de bambu ou metal: Combine caixas externas personalizadas com tampas de bambu ou metal para criar recipientes completos para velas, ideais para venda ou para presentear.<\/li>\n<li><strong>Op\u00e7\u00f5es de cor\/acabamento<\/strong>Personalize o acabamento fosco, colorido ou pintado do seu casti\u00e7al para combinar com a esta\u00e7\u00e3o ou a identidade visual da sua marca.<\/li>\n<\/ol>\n<p>O produto \u00e9 a melhor op\u00e7\u00e3o do mercado para marcas, distribuidores e parceiros de fabrica\u00e7\u00e3o que desejam itens dur\u00e1veis \u200b\u200be com boa apar\u00eancia, al\u00e9m de op\u00e7\u00f5es flex\u00edveis de embalagem personalizada.<\/p>","protected":false},"excerpt":{"rendered":"<p>Suporte de vela redondo premium com potes e tampas para velas. Embalagem de vidro dur\u00e1vel e minimalista, ideal para venda por atacado e em grandes quantidades.<\/p>","protected":false},"featured_media":4859,"template":"","meta":{"site-sidebar-layout":"default","site-content-layout":"","ast-site-content-layout":"default","site-content-style":"default","site-sidebar-style":"default","ast-global-header-display":"","ast-banner-title-visibility":"","ast-main-header-display":"","ast-hfb-above-header-display":"","ast-hfb-below-header-display":"","ast-hfb-mobile-header-display":"","site-post-title":"","ast-breadcrumbs-content":"","ast-featured-img":"","footer-sml-layout":"","theme-transparent-header-meta":"default","adv-header-id-meta":"","stick-header-meta":"","header-above-stick-meta":"","header-main-stick-meta":"","header-below-stick-meta":"","astra-migrate-meta-layouts":"set","ast-page-background-enabled":"default","ast-page-background-meta":{"desktop":{"background-color":"var(--ast-global-color-5)","background-image":"","background-repeat":"repeat","background-position":"center center","background-size":"auto","background-attachment":"scroll","background-type":"","background-media":"","overlay-type":"","overlay-color":"","overlay-opacity":"","overlay-gradient":""},"tablet":{"background-color":"","background-image":"","background-repeat":"repeat","background-position":"center center","background-size":"auto","background-attachment":"scroll","background-type":"","background-media":"","overlay-type":"","overlay-color":"","overlay-opacity":"","overlay-gradient":""},"mobile":{"background-color":"","background-image":"","background-repeat":"repeat","background-position":"center center","background-size":"auto","background-attachment":"scroll","background-type":"","background-media":"","overlay-type":"","overlay-color":"","overlay-opacity":"","overlay-gradient":""}},"ast-content-background-meta":{"desktop":{"background-color":"var(--ast-global-color-4)","background-image":"","background-repeat":"repeat","background-position":"center center","background-size":"auto","background-attachment":"scroll","background-type":"","background-media":"","overlay-type":"","overlay-color":"","overlay-opacity":"","overlay-gradient":""},"tablet":{"background-color":"var(--ast-global-color-4)","background-image":"","background-repeat":"repeat","background-position":"center center","background-size":"auto","background-attachment":"scroll","background-type":"","background-media":"","overlay-type":"","overlay-color":"","overlay-opacity":"","overlay-gradient":""},"mobile":{"background-color":"var(--ast-global-color-4)","background-image":"","background-repeat":"repeat","background-position":"center center","background-size":"auto","background-attachment":"scroll","background-type":"","background-media":"","overlay-type":"","overlay-color":"","overlay-opacity":"","overlay-gradient":""}}},"product_brand":[],"product_cat":[28,21],"product_tag":[],"class_list":{"0":"post-1032","1":"product","2":"type-product","3":"status-publish","4":"has-post-thumbnail","6":"product_cat-glass-candle-jars","7":"product_cat-product","8":"desktop-align-left","9":"tablet-align-left","10":"mobile-align-left","12":"first","13":"instock","14":"shipping-taxable","15":"product-type-simple"},"jetpack_sharing_enabled":true,"_links":{"self":[{"href":"https:\/\/mostebglass.com\/pt\/wp-json\/wp\/v2\/product\/1032","targetHints":{"allow":["GET"]}}],"collection":[{"href":"https:\/\/mostebglass.com\/pt\/wp-json\/wp\/v2\/product"}],"about":[{"href":"https:\/\/mostebglass.com\/pt\/wp-json\/wp\/v2\/types\/product"}],"wp:featuredmedia":[{"embeddable":true,"href":"https:\/\/mostebglass.com\/pt\/wp-json\/wp\/v2\/media\/4859"}],"wp:attachment":[{"href":"https:\/\/mostebglass.com\/pt\/wp-json\/wp\/v2\/media?parent=1032"}],"wp:term":[{"taxonomy":"product_brand","embeddable":true,"href":"https:\/\/mostebglass.com\/pt\/wp-json\/wp\/v2\/product_brand?post=1032"},{"taxonomy":"product_cat","embeddable":true,"href":"https:\/\/mostebglass.com\/pt\/wp-json\/wp\/v2\/product_cat?post=1032"},{"taxonomy":"product_tag","embeddable":true,"href":"https:\/\/mostebglass.com\/pt\/wp-json\/wp\/v2\/product_tag?post=1032"}],"curies":[{"name":"wp","href":"https:\/\/api.w.org\/{rel}","templated":true}]}}