{"id":1093,"date":"2025-08-29T10:29:29","date_gmt":"2025-08-29T02:29:29","guid":{"rendered":"https:\/\/mostebglass.com\/?post_type=product&#038;p=1093"},"modified":"2026-04-09T13:34:12","modified_gmt":"2026-04-09T05:34:12","slug":"recipientes-para-velas-de-vidro-transparente-de-140-ml-e-315-ml-com-opcoes-personalizadas","status":"publish","type":"product","link":"https:\/\/mostebglass.com\/pt\/140ml-315ml-clear-glass-candle-containers-with-custom-options\/","title":{"rendered":"Recipientes de vidro transparente redondos para velas, de 140 ml a 315 ml, com op\u00e7\u00f5es de personaliza\u00e7\u00e3o."},"content":{"rendered":"<p style=\"text-align: left;\">A Clear Vote procura casti\u00e7ais que combinem eleg\u00e2ncia atemporal com durabilidade moderna? Nossos recipientes de vidro para velas s\u00e3o fabricados com vidro de alta qualidade, oferecendo uma op\u00e7\u00e3o de embalagem que valoriza a decora\u00e7\u00e3o da casa, a apresenta\u00e7\u00e3o em casamentos ou a cole\u00e7\u00e3o de velas de luxo. Com capacidades de 140ml a 315ml e op\u00e7\u00f5es adapt\u00e1veis, voc\u00ea pode escolher a vela ideal para grandes quantidades.<\/p>\n<h2>Funcionalidades do produto para elevar sua marca<\/h2>\n<p><strong>Base redonda para maior estabilidade.<\/strong><\/p>\n<p>Os casti\u00e7ais transparentes para vota\u00e7\u00e3o apresentam uma base espessa (73\u201390 mm de altura) e bordas arredondadas e lisas, garantindo que sua vela de vidro permane\u00e7a reta sobre a mesa de armazenamento ou durante o transporte de velas a granel.<\/p>\n<p><strong>Transpar\u00eancia da cabana de cristal para apelo visual<\/strong><\/p>\n<p>As velas transparentes aumentam a luminosidade do frasco e exibem cores vibrantes da cera, tornando esses recipientes perfeitos para linhas de velas de luxo ou para decora\u00e7\u00e3o de casa.<\/p>\n<p><strong>op\u00e7\u00f5es de beleza adapt\u00e1veis<\/strong><\/p>\n<p>Escolha entre vidro transparente ou colorido (fum\u00ea, \u00e2mbar, fosco) e solicite um logotipo envelhecido a laser ou um efeito de escudo para selecionar embalagens de velas que estejam alinhadas com a identidade da sua marca.<\/p>\n<h2>Especifica\u00e7\u00f5es principais<\/h2>\n<table style=\"border-collapse: collapse; width: 80%; margin-left: auto; margin-right: auto;\" border=\"0\" width=\"288\" cellspacing=\"0\" cellpadding=\"0\">\n<tbody>\n<tr style=\"height: 13.50pt;\">\n<td style=\"height: 13.50pt; width: 54.00pt;\" width=\"72\" height=\"18\">Recurso<\/td>\n<td class=\"et2\" style=\"width: 162pt; text-align: center;\" colspan=\"3\" width=\"216\">Detalhes<\/td>\n<\/tr>\n<tr style=\"height: 13.50pt;\">\n<td style=\"height: 13.50pt;\" height=\"18\">Peso<\/td>\n<td style=\"text-align: center;\">130g<\/td>\n<td style=\"text-align: center;\">160g<\/td>\n<td style=\"text-align: center;\">250g<\/td>\n<\/tr>\n<tr style=\"height: 13.50pt;\">\n<td style=\"height: 13.50pt;\" height=\"18\">Capacidade<\/td>\n<td style=\"text-align: center;\">140ml<\/td>\n<td style=\"text-align: center;\">210ml<\/td>\n<td style=\"text-align: center;\">315ml<\/td>\n<\/tr>\n<tr style=\"height: 13.50pt;\">\n<td style=\"height: 13.50pt;\" height=\"18\">Dimens\u00f5es<\/td>\n<td style=\"text-align: center;\">62x57x73mm<\/td>\n<td style=\"text-align: center;\">70x65x78mm<\/td>\n<td style=\"text-align: center;\">81x76x90mm<\/td>\n<\/tr>\n<tr style=\"height: 13.50pt;\">\n<td style=\"height: 13.50pt;\" height=\"18\">Op\u00e7\u00f5es de cores<\/td>\n<td class=\"et2\" style=\"text-align: center;\" colspan=\"3\">Transparente\/colorido<\/td>\n<\/tr>\n<tr style=\"height: 13.50pt;\">\n<td style=\"height: 13.50pt;\" height=\"18\">Compatibilidade da tampa<\/td>\n<td class=\"et2\" style=\"text-align: center;\" colspan=\"3\">Opcional<\/td>\n<\/tr>\n<\/tbody>\n<\/table>\n<h2>Op\u00e7\u00f5es de adapta\u00e7\u00e3o<\/h2>\n<ol>\n<li><strong>Grava\u00e7\u00e3o a laser: <\/strong>Adicione uma marca discreta ao frasco da vela, permitindo que fornecedores e compradores atacadistas escolham embalagens discretas.<\/li>\n<li><strong>Conjunto de massa est\u00e1vel:<\/strong> Os suportes transparentes para velas de vota\u00e7\u00e3o s\u00e3o projetados para se encaixarem uns dentro dos outros, otimizando o armazenamento de velas no atacado.<\/li>\n<li><strong>Vidro grosso para baixo:<\/strong> O piso espesso proporciona estabilidade e evita acidentes durante a queima.<\/li>\n<\/ol>","protected":false},"excerpt":{"rendered":"<p>D\u00ea destaque \u00e0 sua marca com recipientes de vidro para velas e casti\u00e7ais transparentes! Embalagens de alta qualidade a pre\u00e7os competitivos. Cores e tamanhos personalizados para encomendas por atacado e em grandes quantidades.<\/p>","protected":false},"featured_media":1097,"template":"","meta":{"site-sidebar-layout":"default","site-content-layout":"","ast-site-content-layout":"default","site-content-style":"default","site-sidebar-style":"default","ast-global-header-display":"","ast-banner-title-visibility":"","ast-main-header-display":"","ast-hfb-above-header-display":"","ast-hfb-below-header-display":"","ast-hfb-mobile-header-display":"","site-post-title":"","ast-breadcrumbs-content":"","ast-featured-img":"","footer-sml-layout":"","theme-transparent-header-meta":"default","adv-header-id-meta":"","stick-header-meta":"","header-above-stick-meta":"","header-main-stick-meta":"","header-below-stick-meta":"","astra-migrate-meta-layouts":"set","ast-page-background-enabled":"default","ast-page-background-meta":{"desktop":{"background-color":"var(--ast-global-color-5)","background-image":"","background-repeat":"repeat","background-position":"center center","background-size":"auto","background-attachment":"scroll","background-type":"","background-media":"","overlay-type":"","overlay-color":"","overlay-opacity":"","overlay-gradient":""},"tablet":{"background-color":"","background-image":"","background-repeat":"repeat","background-position":"center center","background-size":"auto","background-attachment":"scroll","background-type":"","background-media":"","overlay-type":"","overlay-color":"","overlay-opacity":"","overlay-gradient":""},"mobile":{"background-color":"","background-image":"","background-repeat":"repeat","background-position":"center center","background-size":"auto","background-attachment":"scroll","background-type":"","background-media":"","overlay-type":"","overlay-color":"","overlay-opacity":"","overlay-gradient":""}},"ast-content-background-meta":{"desktop":{"background-color":"var(--ast-global-color-4)","background-image":"","background-repeat":"repeat","background-position":"center center","background-size":"auto","background-attachment":"scroll","background-type":"","background-media":"","overlay-type":"","overlay-color":"","overlay-opacity":"","overlay-gradient":""},"tablet":{"background-color":"var(--ast-global-color-4)","background-image":"","background-repeat":"repeat","background-position":"center center","background-size":"auto","background-attachment":"scroll","background-type":"","background-media":"","overlay-type":"","overlay-color":"","overlay-opacity":"","overlay-gradient":""},"mobile":{"background-color":"var(--ast-global-color-4)","background-image":"","background-repeat":"repeat","background-position":"center center","background-size":"auto","background-attachment":"scroll","background-type":"","background-media":"","overlay-type":"","overlay-color":"","overlay-opacity":"","overlay-gradient":""}}},"product_brand":[],"product_cat":[28,21],"product_tag":[],"class_list":{"0":"post-1093","1":"product","2":"type-product","3":"status-publish","4":"has-post-thumbnail","6":"product_cat-glass-candle-jars","7":"product_cat-product","8":"desktop-align-left","9":"tablet-align-left","10":"mobile-align-left","12":"first","13":"instock","14":"shipping-taxable","15":"product-type-simple"},"jetpack_sharing_enabled":true,"_links":{"self":[{"href":"https:\/\/mostebglass.com\/pt\/wp-json\/wp\/v2\/product\/1093","targetHints":{"allow":["GET"]}}],"collection":[{"href":"https:\/\/mostebglass.com\/pt\/wp-json\/wp\/v2\/product"}],"about":[{"href":"https:\/\/mostebglass.com\/pt\/wp-json\/wp\/v2\/types\/product"}],"wp:featuredmedia":[{"embeddable":true,"href":"https:\/\/mostebglass.com\/pt\/wp-json\/wp\/v2\/media\/1097"}],"wp:attachment":[{"href":"https:\/\/mostebglass.com\/pt\/wp-json\/wp\/v2\/media?parent=1093"}],"wp:term":[{"taxonomy":"product_brand","embeddable":true,"href":"https:\/\/mostebglass.com\/pt\/wp-json\/wp\/v2\/product_brand?post=1093"},{"taxonomy":"product_cat","embeddable":true,"href":"https:\/\/mostebglass.com\/pt\/wp-json\/wp\/v2\/product_cat?post=1093"},{"taxonomy":"product_tag","embeddable":true,"href":"https:\/\/mostebglass.com\/pt\/wp-json\/wp\/v2\/product_tag?post=1093"}],"curies":[{"name":"wp","href":"https:\/\/api.w.org\/{rel}","templated":true}]}}