{"id":1406,"date":"2025-09-09T12:04:32","date_gmt":"2025-09-09T04:04:32","guid":{"rendered":"https:\/\/mostebglass.com\/?post_type=product&#038;p=1406"},"modified":"2026-03-10T13:54:34","modified_gmt":"2026-03-10T05:54:34","slug":"green-glass-vases-with-vertical-stripes-bulk","status":"publish","type":"product","link":"https:\/\/mostebglass.com\/pt\/green-glass-vases-with-vertical-stripes-bulk\/","title":{"rendered":"Vasos de vidro verde com listras verticais (em atacado)"},"content":{"rendered":"<p>\u00c9 um vaso de vidro com um delicado padr\u00e3o canelado, de cor verde-clara, dispon\u00edvel em tr\u00eas formatos encantadores: ab\u00f3bora, cone e cil\u00edndrico. Os vasos possuem uma boca estreita e alargada que facilita o arranjo de flores.<\/p>\n<h2>Caracter\u00edsticas do produto<\/h2>\n<ul>\n<li><strong>Existem tr\u00eas formas:<\/strong> Escolha uma ab\u00f3bora bonita, um cone moderno ou um cilindro tradicional que combine com o seu estilo de decora\u00e7\u00e3o.<\/li>\n<li><strong>Tonalidade e ondula\u00e7\u00f5es em verde suave:<\/strong> A cor verde suave e p\u00e1lida e as belas ranhuras, com bordas verticais, conferem \u00e0 superf\u00edcie uma apar\u00eancia arcaica.<\/li>\n<li><strong>Base est\u00e1vel e plana:<\/strong> Os vasos s\u00e3o fabricados com fundo plano para garantir a estabilidade em qualquer tipo de superf\u00edcie.<\/li>\n<\/ul>\n<h2>Especifica\u00e7\u00f5es principais<\/h2>\n<table style=\"border-collapse: collapse; width: 80%; margin-left: auto; margin-right: auto;\" border=\"0\" width=\"288\" cellspacing=\"0\" cellpadding=\"0\">\n<tbody>\n<tr style=\"height: 13.50pt;\">\n<td style=\"height: 13.5pt; width: 54pt; text-align: center;\" width=\"72\" height=\"18\">Estilo<\/td>\n<td style=\"width: 54pt; text-align: center;\" width=\"72\">Tamanho<\/td>\n<td style=\"width: 54pt; text-align: center;\" width=\"72\">Material<\/td>\n<td style=\"width: 54pt; text-align: center;\" width=\"72\">Op\u00e7\u00f5es de cores<\/td>\n<\/tr>\n<tr style=\"height: 13.50pt;\">\n<td style=\"height: 13.5pt; text-align: center;\" height=\"18\">Vaso alto<\/td>\n<td style=\"text-align: center;\">68 x 110 x 35 mm<\/td>\n<td class=\"et2\" style=\"text-align: center;\" rowspan=\"3\">Vidro<\/td>\n<td class=\"et2\" style=\"text-align: center;\" rowspan=\"3\">Transparente, Cinza, Verde, Rosa, Personalizado<\/td>\n<\/tr>\n<tr style=\"height: 13.50pt;\">\n<td style=\"height: 13.5pt; text-align: center;\" height=\"18\">Vaso redondo<\/td>\n<td style=\"text-align: center;\">70 x 120 x 40 mm<\/td>\n<\/tr>\n<tr style=\"height: 13.50pt;\">\n<td style=\"height: 13.5pt; text-align: center;\" height=\"18\">Vaso oval<\/td>\n<td style=\"text-align: center;\">106 x 90 x 40 mm<\/td>\n<\/tr>\n<\/tbody>\n<\/table>\n<h2>Hist\u00f3ria de sucesso<\/h2>\n<p>Um de nossos clientes \u00e9 uma grande rede de lojas de decora\u00e7\u00e3o que encomendou nosso conjunto de vasos texturizados verde-s\u00e1lvia, com 5.000 pe\u00e7as de cada modelo. As vendas m\u00e9dias desse estoque coordenado de vasos aumentaram 40%, e a forma da base dos vasos permaneceu intacta durante a entrega nas lojas, sem quebras, resultando em uma taxa de exposi\u00e7\u00e3o de 99,9%. A enorme popularidade do conjunto junto \u00e0 rede resultou em um novo lote de 1,2 milh\u00e3o de vasos para atender \u00e0 demanda em todas as lojas durante as duas temporadas de festas de fim de ano.<\/p>\n<h2>Ideias de personaliza\u00e7\u00e3o para voc\u00ea<\/h2>\n<ol>\n<li><strong>Varia\u00e7\u00f5es com textura canelada:<\/strong> Padr\u00e3o Rishi ou de nervuras verticais na cor rosa para um visual moderno do vaso.<\/li>\n<li><strong>Conjunto de cores sazonais:<\/strong> Ofere\u00e7a conjuntos de vasos de mesa azuis e brancos para casamentos de ver\u00e3o ou rosa para decora\u00e7\u00e3o de casa na primavera.<\/li>\n<li><strong>Inricals com monograma:<\/strong> Adicione detalhes microsc\u00f3picos em folha de ouro nas bordas dos vasos de vidro para criar conjuntos de vasos personalizados que se tornam presentes exclusivos. Transforme o vaso em um arranjo luxuoso para casamentos ou eventos corporativos \u2013 ideal para encomendas de vasos de flores em grande quantidade.<\/li>\n<\/ol>","protected":false},"excerpt":{"rendered":"<p>Cole\u00e7\u00e3o de vasos decorativos de vidro em formatos de ab\u00f3bora, cone e cilindro. Os vasos de mesa texturizados real\u00e7am a decora\u00e7\u00e3o moderna da sua casa. Envio r\u00e1pido para pedidos em grande quantidade.<\/p>","protected":false},"featured_media":1416,"template":"","meta":{"site-sidebar-layout":"default","site-content-layout":"","ast-site-content-layout":"default","site-content-style":"default","site-sidebar-style":"default","ast-global-header-display":"","ast-banner-title-visibility":"","ast-main-header-display":"","ast-hfb-above-header-display":"","ast-hfb-below-header-display":"","ast-hfb-mobile-header-display":"","site-post-title":"","ast-breadcrumbs-content":"","ast-featured-img":"","footer-sml-layout":"","theme-transparent-header-meta":"default","adv-header-id-meta":"","stick-header-meta":"","header-above-stick-meta":"","header-main-stick-meta":"","header-below-stick-meta":"","astra-migrate-meta-layouts":"set","ast-page-background-enabled":"default","ast-page-background-meta":{"desktop":{"background-color":"var(--ast-global-color-5)","background-image":"","background-repeat":"repeat","background-position":"center center","background-size":"auto","background-attachment":"scroll","background-type":"","background-media":"","overlay-type":"","overlay-color":"","overlay-opacity":"","overlay-gradient":""},"tablet":{"background-color":"","background-image":"","background-repeat":"repeat","background-position":"center center","background-size":"auto","background-attachment":"scroll","background-type":"","background-media":"","overlay-type":"","overlay-color":"","overlay-opacity":"","overlay-gradient":""},"mobile":{"background-color":"","background-image":"","background-repeat":"repeat","background-position":"center center","background-size":"auto","background-attachment":"scroll","background-type":"","background-media":"","overlay-type":"","overlay-color":"","overlay-opacity":"","overlay-gradient":""}},"ast-content-background-meta":{"desktop":{"background-color":"var(--ast-global-color-4)","background-image":"","background-repeat":"repeat","background-position":"center center","background-size":"auto","background-attachment":"scroll","background-type":"","background-media":"","overlay-type":"","overlay-color":"","overlay-opacity":"","overlay-gradient":""},"tablet":{"background-color":"var(--ast-global-color-4)","background-image":"","background-repeat":"repeat","background-position":"center center","background-size":"auto","background-attachment":"scroll","background-type":"","background-media":"","overlay-type":"","overlay-color":"","overlay-opacity":"","overlay-gradient":""},"mobile":{"background-color":"var(--ast-global-color-4)","background-image":"","background-repeat":"repeat","background-position":"center center","background-size":"auto","background-attachment":"scroll","background-type":"","background-media":"","overlay-type":"","overlay-color":"","overlay-opacity":"","overlay-gradient":""}}},"product_brand":[],"product_cat":[57,21],"product_tag":[],"class_list":{"0":"post-1406","1":"product","2":"type-product","3":"status-publish","4":"has-post-thumbnail","6":"product_cat-glass-vases","7":"product_cat-product","8":"desktop-align-left","9":"tablet-align-left","10":"mobile-align-left","12":"first","13":"instock","14":"shipping-taxable","15":"product-type-simple"},"jetpack_sharing_enabled":true,"_links":{"self":[{"href":"https:\/\/mostebglass.com\/pt\/wp-json\/wp\/v2\/product\/1406","targetHints":{"allow":["GET"]}}],"collection":[{"href":"https:\/\/mostebglass.com\/pt\/wp-json\/wp\/v2\/product"}],"about":[{"href":"https:\/\/mostebglass.com\/pt\/wp-json\/wp\/v2\/types\/product"}],"wp:featuredmedia":[{"embeddable":true,"href":"https:\/\/mostebglass.com\/pt\/wp-json\/wp\/v2\/media\/1416"}],"wp:attachment":[{"href":"https:\/\/mostebglass.com\/pt\/wp-json\/wp\/v2\/media?parent=1406"}],"wp:term":[{"taxonomy":"product_brand","embeddable":true,"href":"https:\/\/mostebglass.com\/pt\/wp-json\/wp\/v2\/product_brand?post=1406"},{"taxonomy":"product_cat","embeddable":true,"href":"https:\/\/mostebglass.com\/pt\/wp-json\/wp\/v2\/product_cat?post=1406"},{"taxonomy":"product_tag","embeddable":true,"href":"https:\/\/mostebglass.com\/pt\/wp-json\/wp\/v2\/product_tag?post=1406"}],"curies":[{"name":"wp","href":"https:\/\/api.w.org\/{rel}","templated":true}]}}