{"id":1523,"date":"2025-09-09T16:20:01","date_gmt":"2025-09-09T08:20:01","guid":{"rendered":"https:\/\/mostebglass.com\/?post_type=product&#038;p=1523"},"modified":"2026-03-23T14:03:42","modified_gmt":"2026-03-23T06:03:42","slug":"vasos-de-flores-de-vidro-no-atacado-com-um-elegante-efeito-ondulado","status":"publish","type":"product","link":"https:\/\/mostebglass.com\/pt\/wholesale-glass-flower-vases-with-stylish-ripple-effect\/","title":{"rendered":"Vasos de vidro para flores no atacado com elegante efeito ondulado."},"content":{"rendered":"<p>Estes vasos de vidro para flores t\u00eam um formato especial de ondas e s\u00e3o feitos de vidro transparente. S\u00e3o multifuncionais, com um corpo curto e robusto e um gargalo fino, sendo, portanto, ideais para exibir flores individuais ou pequenos arranjos.<\/p>\n<h2>Caracter\u00edsticas do produto<\/h2>\n<ul>\n<li><strong>Padr\u00e3o ondulado:<\/strong> Mesmo vazia, a superf\u00edcie ondulada capta a luz e adiciona profundidade visual.<\/li>\n<li><strong>Pesco\u00e7o estreito e boca estreita:<\/strong> Perfeito para flores individuais ou buqu\u00eas densos, adiciona um toque artesanal ao seu arranjo floral.<\/li>\n<li><strong>Vidro transparente premium:<\/strong> O vidro espesso e resistente transmite uma sensa\u00e7\u00e3o de alta qualidade e \u00e9 inquebr\u00e1vel.<\/li>\n<\/ul>\n<h2>Especifica\u00e7\u00f5es principais<\/h2>\n<table style=\"border-collapse: collapse; margin-left: auto; margin-right: auto; width: 485.27pt;\" border=\"0\" width=\"647\" cellspacing=\"0\" cellpadding=\"0\">\n<tbody>\n<tr style=\"height: 13.50pt;\">\n<td style=\"height: 13.50pt; width: 107.25pt;\" width=\"143\" height=\"18\">Recurso<\/td>\n<td style=\"width: 378.00pt;\" width=\"504\">Especifica\u00e7\u00e3o<\/td>\n<\/tr>\n<tr style=\"height: 13.50pt;\">\n<td style=\"height: 13.50pt;\" height=\"18\">Altura<\/td>\n<td>130 mm<\/td>\n<\/tr>\n<tr style=\"height: 13.50pt;\">\n<td style=\"height: 13.50pt;\" height=\"18\">Di\u00e2metro da base<\/td>\n<td>110 mm<\/td>\n<\/tr>\n<tr style=\"height: 13.50pt;\">\n<td style=\"height: 13.50pt;\" height=\"18\">Estilo do pesco\u00e7o<\/td>\n<td>Fino, afilado<\/td>\n<\/tr>\n<tr style=\"height: 13.50pt;\">\n<td style=\"height: 13.50pt;\" height=\"18\">Abertura da boca<\/td>\n<td>Pequeno (ideal para bot\u00f5es)<\/td>\n<\/tr>\n<tr style=\"height: 13.50pt;\">\n<td style=\"height: 13.50pt;\" height=\"18\">Material<\/td>\n<td>Vidro de alta qualidade<\/td>\n<\/tr>\n<tr style=\"height: 13.50pt;\">\n<td style=\"height: 13.50pt;\" height=\"18\">Terminar<\/td>\n<td>Texturizado (padr\u00e3o de ondas)<\/td>\n<\/tr>\n<tr style=\"height: 13.50pt;\">\n<td style=\"height: 13.50pt;\" height=\"18\">Op\u00e7\u00f5es de cores<\/td>\n<td>Transparente ou com tonalidade personalizada<\/td>\n<\/tr>\n<tr style=\"height: 13.50pt;\">\n<td style=\"height: 13.50pt;\" height=\"18\">Ideal para<\/td>\n<td>Vasos para flores pequenas, arranjos florais, decora\u00e7\u00e3o para casa, expositores de plantas<\/td>\n<\/tr>\n<\/tbody>\n<\/table>\n<h2>Hist\u00f3ria de sucesso<\/h2>\n<p>Nosso pequeno vaso, de perfil baixo e textura diferenciada, passou a integrar uma marca de estilo de vida n\u00f3rdico. Realizamos um processo de personaliza\u00e7\u00e3o para combinar com a est\u00e9tica natural da marca: substitu\u00edmos o material original, vidro transparente, por um material muito mais transparente e com um tom quente, que facilita o apoio de uma \u00fanica haste na vertical sem inclinar; a textura do corpo do vaso foi redesenhada com um padr\u00e3o ondulado, ligeiramente irregular e delicado, conferindo-lhe a apar\u00eancia de um objeto artesanal; e o \u00e2ngulo da borda tamb\u00e9m foi modificado para facilitar o apoio de uma \u00fanica haste na vertical, sem inclinar.<\/p>\n<p>Seis semanas ap\u00f3s o lan\u00e7amento, o produto registrou um crescimento de cerca de 49% nas vendas. Ap\u00f3s o lote inicial esgotar, o produto foi encomendado novamente mais duas vezes e tornou-se um item b\u00e1sico de alta rotatividade, que precisava ser reposto regularmente nos pontos de venda.<\/p>\n<h2>Como personalizar seus vasos de flores?<\/h2>\n<ul>\n<li>Ajuste a profundidade das ondas \u2013 ondula\u00e7\u00f5es mais profundas adicionam dramaticidade, mantendo as mais leves suaves.<\/li>\n<li>Tonalidade para o vidro: o cinza esfuma\u00e7ado cria uma eleg\u00e2ncia intimista, enquanto o verde suave proporciona uma experi\u00eancia natural.<\/li>\n<li>Ajuste o comprimento do pesco\u00e7o \u2013 pessoas mais altas se adaptam melhor a espa\u00e7os menores, enquanto pessoas mais baixas ficam melhor em lugares pequenos.<\/li>\n<\/ul>\n<p>Esses detalhes n\u00e3o s\u00e3o apenas um toque de sofistica\u00e7\u00e3o; eles podem transformar simples recipientes de vidro em pe\u00e7as ic\u00f4nicas de decora\u00e7\u00e3o para a casa.<\/p>","protected":false},"excerpt":{"rendered":"<p data-pm-slice=\"1 1 []\">Elegantes vasos de flores confeccionados em vidro de alta transpar\u00eancia. Os vasos de vidro texturizado com relevo ondulado adicionam um charme vintage \u00e0 decora\u00e7\u00e3o moderna. Amostras gr\u00e1tis.<\/p>","protected":false},"featured_media":4869,"template":"","meta":{"site-sidebar-layout":"default","site-content-layout":"","ast-site-content-layout":"default","site-content-style":"default","site-sidebar-style":"default","ast-global-header-display":"","ast-banner-title-visibility":"","ast-main-header-display":"","ast-hfb-above-header-display":"","ast-hfb-below-header-display":"","ast-hfb-mobile-header-display":"","site-post-title":"","ast-breadcrumbs-content":"","ast-featured-img":"","footer-sml-layout":"","theme-transparent-header-meta":"default","adv-header-id-meta":"","stick-header-meta":"","header-above-stick-meta":"","header-main-stick-meta":"","header-below-stick-meta":"","astra-migrate-meta-layouts":"set","ast-page-background-enabled":"default","ast-page-background-meta":{"desktop":{"background-color":"var(--ast-global-color-5)","background-image":"","background-repeat":"repeat","background-position":"center center","background-size":"auto","background-attachment":"scroll","background-type":"","background-media":"","overlay-type":"","overlay-color":"","overlay-opacity":"","overlay-gradient":""},"tablet":{"background-color":"","background-image":"","background-repeat":"repeat","background-position":"center center","background-size":"auto","background-attachment":"scroll","background-type":"","background-media":"","overlay-type":"","overlay-color":"","overlay-opacity":"","overlay-gradient":""},"mobile":{"background-color":"","background-image":"","background-repeat":"repeat","background-position":"center center","background-size":"auto","background-attachment":"scroll","background-type":"","background-media":"","overlay-type":"","overlay-color":"","overlay-opacity":"","overlay-gradient":""}},"ast-content-background-meta":{"desktop":{"background-color":"var(--ast-global-color-4)","background-image":"","background-repeat":"repeat","background-position":"center center","background-size":"auto","background-attachment":"scroll","background-type":"","background-media":"","overlay-type":"","overlay-color":"","overlay-opacity":"","overlay-gradient":""},"tablet":{"background-color":"var(--ast-global-color-4)","background-image":"","background-repeat":"repeat","background-position":"center center","background-size":"auto","background-attachment":"scroll","background-type":"","background-media":"","overlay-type":"","overlay-color":"","overlay-opacity":"","overlay-gradient":""},"mobile":{"background-color":"var(--ast-global-color-4)","background-image":"","background-repeat":"repeat","background-position":"center center","background-size":"auto","background-attachment":"scroll","background-type":"","background-media":"","overlay-type":"","overlay-color":"","overlay-opacity":"","overlay-gradient":""}}},"product_brand":[],"product_cat":[57,21],"product_tag":[],"class_list":{"0":"post-1523","1":"product","2":"type-product","3":"status-publish","4":"has-post-thumbnail","6":"product_cat-glass-vases","7":"product_cat-product","8":"desktop-align-left","9":"tablet-align-left","10":"mobile-align-left","12":"first","13":"instock","14":"shipping-taxable","15":"product-type-simple"},"jetpack_sharing_enabled":true,"_links":{"self":[{"href":"https:\/\/mostebglass.com\/pt\/wp-json\/wp\/v2\/product\/1523","targetHints":{"allow":["GET"]}}],"collection":[{"href":"https:\/\/mostebglass.com\/pt\/wp-json\/wp\/v2\/product"}],"about":[{"href":"https:\/\/mostebglass.com\/pt\/wp-json\/wp\/v2\/types\/product"}],"wp:featuredmedia":[{"embeddable":true,"href":"https:\/\/mostebglass.com\/pt\/wp-json\/wp\/v2\/media\/4869"}],"wp:attachment":[{"href":"https:\/\/mostebglass.com\/pt\/wp-json\/wp\/v2\/media?parent=1523"}],"wp:term":[{"taxonomy":"product_brand","embeddable":true,"href":"https:\/\/mostebglass.com\/pt\/wp-json\/wp\/v2\/product_brand?post=1523"},{"taxonomy":"product_cat","embeddable":true,"href":"https:\/\/mostebglass.com\/pt\/wp-json\/wp\/v2\/product_cat?post=1523"},{"taxonomy":"product_tag","embeddable":true,"href":"https:\/\/mostebglass.com\/pt\/wp-json\/wp\/v2\/product_tag?post=1523"}],"curies":[{"name":"wp","href":"https:\/\/api.w.org\/{rel}","templated":true}]}}