{"id":1621,"date":"2025-09-11T11:39:16","date_gmt":"2025-09-11T03:39:16","guid":{"rendered":"https:\/\/mostebglass.com\/?post_type=product&#038;p=1621"},"modified":"2026-03-10T14:22:20","modified_gmt":"2026-03-10T06:22:20","slug":"clear-flower-bud-vases-with-thick-base-bulk","status":"publish","type":"product","link":"https:\/\/mostebglass.com\/pt\/clear-flower-bud-vases-with-thick-base-bulk\/","title":{"rendered":"Vasos transparentes para bot\u00f5es de flores com base grossa - Venda a granel"},"content":{"rendered":"<p>Esses vasos para bot\u00f5es de flores t\u00eam um design limpo e suave e est\u00e3o dispon\u00edveis em tr\u00eas formatos diferentes: redondo, trapezoidal e esf\u00e9rico, feitos de vidro cristalino com uma base robusta e espessa.<\/p>\n<h2>Caracter\u00edsticas do produto<\/h2>\n<ul>\n<li><strong>Material v\u00edtreo de alta transpar\u00eancia:<\/strong> \u00c9 feito de vidro transparente de alta pureza, que possui um alto n\u00edvel de clareza e apresenta a vis\u00e3o das flores ou do l\u00edquido em seu interior de forma leve e arejada.<\/li>\n<li><strong>Diversas formas:<\/strong> Existem tr\u00eas formatos diferentes: arredondado e robusto, trapezoidal e arredondado, e podem ser usados \u200b\u200bindividualmente ou em conjunto para atender a uma ampla variedade de necessidades de decora\u00e7\u00e3o de espa\u00e7os.<\/li>\n<li><strong>Design com base espessa:<\/strong> Essa melhoria proporciona estabilidade \u00e0 garrafa, al\u00e9m de aprimorar sua textura e durabilidade.<\/li>\n<\/ul>\n<h2><strong data-spm-anchor-id=\"5176.28103460.0.i16.29ab2e31arMQTt\">Especifica\u00e7\u00f5es principais<\/strong><\/h2>\n<table style=\"border-collapse: collapse; width: 80%; margin-left: auto; margin-right: auto;\" border=\"0\" width=\"216\" cellspacing=\"0\" cellpadding=\"0\">\n<tbody>\n<tr style=\"height: 13.50pt;\">\n<td style=\"height: 13.5pt; width: 54pt; text-align: center;\" width=\"72\" height=\"18\">Estilo<\/td>\n<td style=\"width: 54pt; text-align: center;\" width=\"72\">Dimens\u00f5es<\/td>\n<td style=\"width: 54pt; text-align: center;\" width=\"72\">Op\u00e7\u00f5es de cores<\/td>\n<\/tr>\n<tr style=\"height: 13.50pt;\">\n<td style=\"height: 13.5pt; text-align: center;\" height=\"18\">Vaso pequeno em formato de barriga<\/td>\n<td style=\"text-align: center;\">50 x 68 x 28 mm<\/td>\n<td class=\"et2\" style=\"text-align: center;\" rowspan=\"3\">Transparente ou personalizado<\/td>\n<\/tr>\n<tr style=\"height: 13.50pt;\">\n<td style=\"height: 13.5pt; text-align: center;\" height=\"18\">Vaso Yurt M\u00e9dio<\/td>\n<td style=\"text-align: center;\">70 x 76 x 33 mm<\/td>\n<\/tr>\n<tr style=\"height: 13.50pt;\">\n<td style=\"height: 13.5pt; text-align: center;\" height=\"18\">Vaso grande em formato de barriga<\/td>\n<td style=\"text-align: center;\">67 x 100 x 45 mm<\/td>\n<\/tr>\n<\/tbody>\n<\/table>\n<h2>Caso de sucesso: Padroniza\u00e7\u00e3o de uma rede hoteleira multinacional<\/h2>\n<p>Uma rede hoteleira internacional encomendou nosso conjunto de tr\u00eas vasos de vidro transparente, totalizando 20.000 unidades. A base robusta minimizou em 95% a necessidade de limpeza di\u00e1ria. O corpo transparente combina com qualquer estilo de decora\u00e7\u00e3o, reduzindo em 70% o uso de outras marcas. O hotel ficou extremamente satisfeito e fez um novo pedido de 500.000 vasos para futuras reformas e amplia\u00e7\u00f5es nos pr\u00f3ximos 10 anos.<\/p>\n<h2>Vasos de vidro: op\u00e7\u00f5es de personaliza\u00e7\u00e3o em grande escala<\/h2>\n<ul>\n<li>Detalhes da base: Adicionar um anel discreto ou um chanfro na parte inferior da base com peso contribui para um design mais atraente.<\/li>\n<li>Varia\u00e7\u00f5es no bra\u00e7o: Pequenas altera\u00e7\u00f5es feitas no bra\u00e7o alargado ou alto dos v\u00e1rios formatos de bra\u00e7o conferem a eles diferentes n\u00edveis de suporte para a haste.<\/li>\n<li>Op\u00e7\u00f5es de montagem: Dever\u00edamos ter mais op\u00e7\u00f5es em nosso cat\u00e1logo, onde os clientes pudessem personalizar um conjunto de tr\u00eas pe\u00e7as.<\/li>\n<\/ul>","protected":false},"excerpt":{"rendered":"<p>Vasos transparentes para bot\u00f5es de flores, feitos de vidro cristalino com base espessa. Vasos de vidro dur\u00e1veis, ideais para floristas e decora\u00e7\u00e3o de eventos. Envio r\u00e1pido.<\/p>","protected":false},"featured_media":1623,"template":"","meta":{"site-sidebar-layout":"default","site-content-layout":"","ast-site-content-layout":"default","site-content-style":"default","site-sidebar-style":"default","ast-global-header-display":"","ast-banner-title-visibility":"","ast-main-header-display":"","ast-hfb-above-header-display":"","ast-hfb-below-header-display":"","ast-hfb-mobile-header-display":"","site-post-title":"","ast-breadcrumbs-content":"","ast-featured-img":"","footer-sml-layout":"","theme-transparent-header-meta":"default","adv-header-id-meta":"","stick-header-meta":"","header-above-stick-meta":"","header-main-stick-meta":"","header-below-stick-meta":"","astra-migrate-meta-layouts":"set","ast-page-background-enabled":"default","ast-page-background-meta":{"desktop":{"background-color":"var(--ast-global-color-5)","background-image":"","background-repeat":"repeat","background-position":"center center","background-size":"auto","background-attachment":"scroll","background-type":"","background-media":"","overlay-type":"","overlay-color":"","overlay-opacity":"","overlay-gradient":""},"tablet":{"background-color":"","background-image":"","background-repeat":"repeat","background-position":"center center","background-size":"auto","background-attachment":"scroll","background-type":"","background-media":"","overlay-type":"","overlay-color":"","overlay-opacity":"","overlay-gradient":""},"mobile":{"background-color":"","background-image":"","background-repeat":"repeat","background-position":"center center","background-size":"auto","background-attachment":"scroll","background-type":"","background-media":"","overlay-type":"","overlay-color":"","overlay-opacity":"","overlay-gradient":""}},"ast-content-background-meta":{"desktop":{"background-color":"var(--ast-global-color-4)","background-image":"","background-repeat":"repeat","background-position":"center center","background-size":"auto","background-attachment":"scroll","background-type":"","background-media":"","overlay-type":"","overlay-color":"","overlay-opacity":"","overlay-gradient":""},"tablet":{"background-color":"var(--ast-global-color-4)","background-image":"","background-repeat":"repeat","background-position":"center center","background-size":"auto","background-attachment":"scroll","background-type":"","background-media":"","overlay-type":"","overlay-color":"","overlay-opacity":"","overlay-gradient":""},"mobile":{"background-color":"var(--ast-global-color-4)","background-image":"","background-repeat":"repeat","background-position":"center center","background-size":"auto","background-attachment":"scroll","background-type":"","background-media":"","overlay-type":"","overlay-color":"","overlay-opacity":"","overlay-gradient":""}}},"product_brand":[],"product_cat":[57,21],"product_tag":[],"class_list":{"0":"post-1621","1":"product","2":"type-product","3":"status-publish","4":"has-post-thumbnail","6":"product_cat-glass-vases","7":"product_cat-product","8":"desktop-align-left","9":"tablet-align-left","10":"mobile-align-left","12":"first","13":"instock","14":"shipping-taxable","15":"product-type-simple"},"jetpack_sharing_enabled":true,"_links":{"self":[{"href":"https:\/\/mostebglass.com\/pt\/wp-json\/wp\/v2\/product\/1621","targetHints":{"allow":["GET"]}}],"collection":[{"href":"https:\/\/mostebglass.com\/pt\/wp-json\/wp\/v2\/product"}],"about":[{"href":"https:\/\/mostebglass.com\/pt\/wp-json\/wp\/v2\/types\/product"}],"wp:featuredmedia":[{"embeddable":true,"href":"https:\/\/mostebglass.com\/pt\/wp-json\/wp\/v2\/media\/1623"}],"wp:attachment":[{"href":"https:\/\/mostebglass.com\/pt\/wp-json\/wp\/v2\/media?parent=1621"}],"wp:term":[{"taxonomy":"product_brand","embeddable":true,"href":"https:\/\/mostebglass.com\/pt\/wp-json\/wp\/v2\/product_brand?post=1621"},{"taxonomy":"product_cat","embeddable":true,"href":"https:\/\/mostebglass.com\/pt\/wp-json\/wp\/v2\/product_cat?post=1621"},{"taxonomy":"product_tag","embeddable":true,"href":"https:\/\/mostebglass.com\/pt\/wp-json\/wp\/v2\/product_tag?post=1621"}],"curies":[{"name":"wp","href":"https:\/\/api.w.org\/{rel}","templated":true}]}}