{"id":1963,"date":"2025-09-17T15:40:15","date_gmt":"2025-09-17T07:40:15","guid":{"rendered":"https:\/\/mostebglass.com\/?post_type=product&#038;p=1963"},"modified":"2026-01-27T14:32:53","modified_gmt":"2026-01-27T06:32:53","slug":"wholesale-cylinder-bud-vases-hurricane-glass-candle-holder-set-of-3","status":"publish","type":"product","link":"https:\/\/mostebglass.com\/pt\/wholesale-cylinder-bud-vases-hurricane-glass-candle-holder-set-of-3\/","title":{"rendered":"Conjunto de 3 vasos cil\u00edndricos para flores \u2013 Casti\u00e7ais de vidro para furac\u00e3o"},"content":{"rendered":"<p>S\u00e3o tr\u00eas vasos de vidro transparente, feitos de vidro borossilicato de alta qualidade, que podem ser usados \u200b\u200bcomo mini vasos ou casti\u00e7ais. As tr\u00eas pe\u00e7as t\u00eam o mesmo formato cil\u00edndrico, com 5 cm de di\u00e2metro e 7 cm, 10 cm e 15 cm de altura, formando uma composi\u00e7\u00e3o visual gradual.<\/p>\n<p>Trata-se de um recipiente de vidro transparente e incolor, com paredes laterais lisas e retas e uma base plana e est\u00e1vel. As bordas s\u00e3o claras e polidas com precis\u00e3o, o que contribui para um visual minimalista e moderno. Os recipientes tamb\u00e9m s\u00e3o muito transparentes e leves, apresentando excelente resist\u00eancia ao calor e ao choque t\u00e9rmico devido ao alto teor de s\u00edlica no vidro, o que os torna ideais para velas e arranjos florais, sejam eles frescos ou secos.<\/p>\n<figure id=\"attachment_4198\" aria-describedby=\"caption-attachment-4198\" style=\"width: 500px\" class=\"wp-caption aligncenter\"><img fetchpriority=\"high\" decoding=\"async\" class=\"wp-image-4198\" src=\"https:\/\/mostebglass.com\/wp-content\/uploads\/2025\/09\/Borosilicate-GlassBud-Vases-and-Candle-Holders.webp\" alt=\"Vasos de vidro borossilicato em formato de bot\u00e3o e casti\u00e7ais\" width=\"500\" height=\"500\" srcset=\"https:\/\/mostebglass.com\/wp-content\/uploads\/2025\/09\/Borosilicate-GlassBud-Vases-and-Candle-Holders.webp 1024w, https:\/\/mostebglass.com\/wp-content\/uploads\/2025\/09\/Borosilicate-GlassBud-Vases-and-Candle-Holders-768x768.webp 768w, https:\/\/mostebglass.com\/wp-content\/uploads\/2025\/09\/Borosilicate-GlassBud-Vases-and-Candle-Holders-12x12.webp 12w, https:\/\/mostebglass.com\/wp-content\/uploads\/2025\/09\/Borosilicate-GlassBud-Vases-and-Candle-Holders-300x300.webp 300w, https:\/\/mostebglass.com\/wp-content\/uploads\/2025\/09\/Borosilicate-GlassBud-Vases-and-Candle-Holders-600x600.webp 600w, https:\/\/mostebglass.com\/wp-content\/uploads\/2025\/09\/Borosilicate-GlassBud-Vases-and-Candle-Holders-100x100.webp 100w\" sizes=\"(max-width: 500px) 100vw, 500px\" \/><figcaption id=\"caption-attachment-4198\" class=\"wp-caption-text\">Vasos de vidro borossilicato em formato de bot\u00e3o e casti\u00e7ais<\/figcaption><\/figure>\n<h2>Especifica\u00e7\u00f5es principais<\/h2>\n<table style=\"border-collapse: collapse; margin-left: auto; margin-right: auto; width: 80%;\" border=\"0\" width=\"80%\" cellspacing=\"0\" cellpadding=\"0\">\n<tbody>\n<tr style=\"height: 13.50pt;\">\n<td style=\"height: 13.50pt; width: 69.75pt;\" width=\"93\" height=\"18\">Recurso<\/td>\n<td style=\"width: 190.50pt;\" width=\"254\">Detalhe<\/td>\n<\/tr>\n<tr style=\"height: 13.50pt;\">\n<td style=\"height: 13.50pt;\" height=\"18\">Forma<\/td>\n<td>Cilindro reto<\/td>\n<\/tr>\n<tr style=\"height: 13.50pt;\">\n<td style=\"height: 13.50pt;\" height=\"18\">Material<\/td>\n<td>Vidro borossilicato<\/td>\n<\/tr>\n<tr style=\"height: 13.50pt;\">\n<td style=\"height: 13.50pt;\" height=\"18\">Di\u00e2metro<\/td>\n<td>5 cm (todos os tr\u00eas)<\/td>\n<\/tr>\n<tr style=\"height: 13.50pt;\">\n<td style=\"height: 13.50pt;\" height=\"18\">Alturas<\/td>\n<td>7 cm, 10 cm, 15 cm<\/td>\n<\/tr>\n<tr style=\"height: 13.50pt;\">\n<td style=\"height: 13.50pt;\" height=\"18\">Capacidades<\/td>\n<td>135ml, 195ml, 295ml<\/td>\n<\/tr>\n<tr style=\"height: 13.50pt;\">\n<td style=\"height: 13.50pt;\" height=\"18\">Tipo<\/td>\n<td>Vaso para bot\u00e3o, vaso de flores<\/td>\n<\/tr>\n<tr style=\"height: 13.50pt;\">\n<td style=\"height: 13.50pt;\" height=\"18\">Estilo<\/td>\n<td>Moderno, minimalista<\/td>\n<\/tr>\n<tr style=\"height: 13.50pt;\">\n<td style=\"height: 13.50pt;\" height=\"18\">Usar<\/td>\n<td>Haste \u00fanica, arranjo pequeno<\/td>\n<\/tr>\n<\/tbody>\n<\/table>\n<h2>Sucesso no mundo real: Estiliza\u00e7\u00e3o de hot\u00e9is boutique<\/h2>\n<p>Szk\u0142o borokrzemianowe<\/p>\n<h2>Ideias de personaliza\u00e7\u00e3o<\/h2>\n<p>Quer dar destaque a este design? Experimente estes ajustes \u2014 sem necessidade de embalagem:<\/p>\n<ul>\n<li>Adicione uma curva suave \u2013 Troque as paredes retas por uma forma ligeiramente em ampulheta.<\/li>\n<li>Introduza uma textura com nervuras \u2013 as nervuras verticais captam a luz e aumentam a ader\u00eancia.<\/li>\n<li>Colorir o vidro \u2013 Tons suaves de \u00e2mbar, cinza ou azul adicionam calor ou profundidade.<\/li>\n<li>Crie um pequeno padr\u00e3o \u2013 Uma grade de pontos ou uma onda perto da parte inferior adiciona detalhes sutis.<\/li>\n<\/ul>\n<p>Em suma, a apar\u00eancia geral desses vasos para flores pequenas \u00e9 uma combina\u00e7\u00e3o de estilo simples e sofisticado com uma propor\u00e7\u00e3o tradicional de objetos que s\u00e3o funcionais em sua durabilidade e possuem uma est\u00e9tica vers\u00e1til e elegante, podendo ser usados \u200b\u200bcomo objeto de decora\u00e7\u00e3o ou como ferramenta pr\u00e1tica.<\/p>","protected":false},"excerpt":{"rendered":"<p data-pm-slice=\"1 1 []\">Vasos de vidro borossilicato para flores pequenas, com di\u00e2metro uniforme e alturas vari\u00e1veis. Tamb\u00e9m podem ser usados \u200b\u200bcomo casti\u00e7ais, com design simples para marcas, atacadistas e projetos personalizados.<\/p>","protected":false},"featured_media":1995,"template":"","meta":{"site-sidebar-layout":"default","site-content-layout":"","ast-site-content-layout":"default","site-content-style":"default","site-sidebar-style":"default","ast-global-header-display":"","ast-banner-title-visibility":"","ast-main-header-display":"","ast-hfb-above-header-display":"","ast-hfb-below-header-display":"","ast-hfb-mobile-header-display":"","site-post-title":"","ast-breadcrumbs-content":"","ast-featured-img":"","footer-sml-layout":"","theme-transparent-header-meta":"default","adv-header-id-meta":"","stick-header-meta":"","header-above-stick-meta":"","header-main-stick-meta":"","header-below-stick-meta":"","astra-migrate-meta-layouts":"set","ast-page-background-enabled":"default","ast-page-background-meta":{"desktop":{"background-color":"var(--ast-global-color-5)","background-image":"","background-repeat":"repeat","background-position":"center center","background-size":"auto","background-attachment":"scroll","background-type":"","background-media":"","overlay-type":"","overlay-color":"","overlay-opacity":"","overlay-gradient":""},"tablet":{"background-color":"","background-image":"","background-repeat":"repeat","background-position":"center center","background-size":"auto","background-attachment":"scroll","background-type":"","background-media":"","overlay-type":"","overlay-color":"","overlay-opacity":"","overlay-gradient":""},"mobile":{"background-color":"","background-image":"","background-repeat":"repeat","background-position":"center center","background-size":"auto","background-attachment":"scroll","background-type":"","background-media":"","overlay-type":"","overlay-color":"","overlay-opacity":"","overlay-gradient":""}},"ast-content-background-meta":{"desktop":{"background-color":"var(--ast-global-color-4)","background-image":"","background-repeat":"repeat","background-position":"center center","background-size":"auto","background-attachment":"scroll","background-type":"","background-media":"","overlay-type":"","overlay-color":"","overlay-opacity":"","overlay-gradient":""},"tablet":{"background-color":"var(--ast-global-color-4)","background-image":"","background-repeat":"repeat","background-position":"center center","background-size":"auto","background-attachment":"scroll","background-type":"","background-media":"","overlay-type":"","overlay-color":"","overlay-opacity":"","overlay-gradient":""},"mobile":{"background-color":"var(--ast-global-color-4)","background-image":"","background-repeat":"repeat","background-position":"center center","background-size":"auto","background-attachment":"scroll","background-type":"","background-media":"","overlay-type":"","overlay-color":"","overlay-opacity":"","overlay-gradient":""}}},"product_brand":[],"product_cat":[57,21],"product_tag":[],"class_list":{"0":"post-1963","1":"product","2":"type-product","3":"status-publish","4":"has-post-thumbnail","6":"product_cat-glass-vases","7":"product_cat-product","8":"desktop-align-left","9":"tablet-align-left","10":"mobile-align-left","12":"first","13":"instock","14":"shipping-taxable","15":"product-type-simple"},"jetpack_sharing_enabled":true,"_links":{"self":[{"href":"https:\/\/mostebglass.com\/pt\/wp-json\/wp\/v2\/product\/1963","targetHints":{"allow":["GET"]}}],"collection":[{"href":"https:\/\/mostebglass.com\/pt\/wp-json\/wp\/v2\/product"}],"about":[{"href":"https:\/\/mostebglass.com\/pt\/wp-json\/wp\/v2\/types\/product"}],"wp:featuredmedia":[{"embeddable":true,"href":"https:\/\/mostebglass.com\/pt\/wp-json\/wp\/v2\/media\/1995"}],"wp:attachment":[{"href":"https:\/\/mostebglass.com\/pt\/wp-json\/wp\/v2\/media?parent=1963"}],"wp:term":[{"taxonomy":"product_brand","embeddable":true,"href":"https:\/\/mostebglass.com\/pt\/wp-json\/wp\/v2\/product_brand?post=1963"},{"taxonomy":"product_cat","embeddable":true,"href":"https:\/\/mostebglass.com\/pt\/wp-json\/wp\/v2\/product_cat?post=1963"},{"taxonomy":"product_tag","embeddable":true,"href":"https:\/\/mostebglass.com\/pt\/wp-json\/wp\/v2\/product_tag?post=1963"}],"curies":[{"name":"wp","href":"https:\/\/api.w.org\/{rel}","templated":true}]}}