{"id":1996,"date":"2025-09-17T17:14:21","date_gmt":"2025-09-17T09:14:21","guid":{"rendered":"https:\/\/mostebglass.com\/?post_type=product&#038;p=1996"},"modified":"2026-03-11T12:02:00","modified_gmt":"2026-03-11T04:02:00","slug":"clear-glassware-vases-cylindrical-with-striped-pattern-bulk","status":"publish","type":"product","link":"https:\/\/mostebglass.com\/pt\/clear-glassware-vases-cylindrical-with-striped-pattern-bulk\/","title":{"rendered":"Vasos cil\u00edndricos de vidro transparente com padr\u00e3o listrado (em grande quantidade)"},"content":{"rendered":"<p>Our clear glassware vases, which comes in two sizes of 450 ml and 750 ml. The vases have a tall cylindrical form with well distributed vertical ribbed decorations between the bottom and the top. This fluted vase design will add visual depth to the glass as well as a subtle decorative appeal to the passing of light through the vase; such glass vases are used in the home furnishing, dining tables centerpieces, office desks, cafe tables, wedding tables, event decorations, etc.<\/p>\n<h2><strong>Caracter\u00edsticas do produto<\/strong><\/h2>\n<ul>\n<li><strong>Design com textura canelada:<\/strong> As listras verticais adicionam profundidade e captam a luz. At\u00e9 mesmo um vaso vazio e transparente se transforma em uma bela obra de arte.<\/li>\n<li><strong>O vidro aparente revela as hastes:<\/strong> O vidro transparente permite visualizar claramente cada haste e curva. Perfeito para arranjos de flores hidrop\u00f4nicas.<\/li>\n<li><strong>Design simples:<\/strong> O formato cil\u00edndrico combinado com listras verticais cria um estilo simples e elegante que se integra facilmente a qualquer decora\u00e7\u00e3o de casa.<\/li>\n<\/ul>\n<h2>Especifica\u00e7\u00f5es principais<\/h2>\n<table style=\"border-collapse: collapse; margin-left: auto; margin-right: auto; width: 271.52pt;\" border=\"0\" width=\"362\" cellspacing=\"0\" cellpadding=\"0\">\n<tbody>\n<tr style=\"height: 13.50pt;\">\n<td style=\"height: 13.50pt; width: 87.75pt;\" width=\"117\" height=\"18\">Recurso<\/td>\n<td style=\"width: 183.75pt;\" width=\"245\">Detalhe<\/td>\n<\/tr>\n<tr style=\"height: 13.50pt;\">\n<td style=\"height: 13.50pt;\" height=\"18\">Forma<\/td>\n<td>Cilindro com nervuras<\/td>\n<\/tr>\n<tr style=\"height: 13.50pt;\">\n<td style=\"height: 13.50pt;\" height=\"18\">Material<\/td>\n<td>Vidro borossilicato<\/td>\n<\/tr>\n<tr style=\"height: 13.50pt;\">\n<td style=\"height: 13.50pt;\" height=\"18\">Di\u00e2metro<\/td>\n<td>8,5 cm (ambos)<\/td>\n<\/tr>\n<tr style=\"height: 13.50pt;\">\n<td style=\"height: 13.50pt;\" height=\"18\">Alturas<\/td>\n<td>10 cm, 15 cm<\/td>\n<\/tr>\n<tr style=\"height: 13.50pt;\">\n<td style=\"height: 13.50pt;\" height=\"18\">Capacidade<\/td>\n<td>450ml, 750ml<\/td>\n<\/tr>\n<tr style=\"height: 13.50pt;\">\n<td style=\"height: 13.50pt;\" height=\"18\">Tipo<\/td>\n<td>Vaso de flores, vaso para uma flor, jarro<\/td>\n<\/tr>\n<tr style=\"height: 13.50pt;\">\n<td style=\"height: 13.50pt;\" height=\"18\">Estilo<\/td>\n<td>Moderno, texturizado<\/td>\n<\/tr>\n<tr style=\"height: 13.50pt;\">\n<td style=\"height: 13.50pt;\" height=\"18\">Ideal para<\/td>\n<td>Decora\u00e7\u00e3o para casa, arranjo floral<\/td>\n<\/tr>\n<\/tbody>\n<\/table>\n<h2>Caso de sucesso<\/h2>\n<p>Our 450ml ribbed glass tabletop vase was selected by a local florist who is a boutique florist; they specialize in modern tabletop floral arrangements. A number of modifications were done to suit their aesthetic of minimalist brands: the ribs were a bit deeperened vertically to reflect better in the indoor light; they asked to have the parts of the glass gently frosted; their brand logo was very subtly laser-engraved at the bottom of the vase.<\/p>\n<p>Their sales of sale of tabletop floral set rose by 38 percent in a span of two months and even some of their restaurant partners started ordering these vases separately.<\/p>\n<h2>Dicas de personaliza\u00e7\u00e3o<\/h2>\n<ul>\n<li><strong>Base Engraving:<\/strong> Have a logo quietly but permanently marked on the thick glass base by laser engraving or sandblasted branding the base without hatching the ribbed body design.<\/li>\n<li><strong>Depth of Ribbed Pattern:<\/strong> Choose the depth and distance of the vertical fluted ribs to either achieve a more powerful effect of light-reflection or the minimalist effect.<\/li>\n<li><strong>Decorative Rim Treatment:<\/strong> Decorative: Have a thin electroplated rim around the vase opening in gold or silver to make the vase look decorative to wedding or luxurious decor collections.<\/li>\n<\/ul>","protected":false},"excerpt":{"rendered":"<p data-pm-slice=\"1 1 []\">Vasos cil\u00edndricos de vidro transparente premium com linhas verticais, perfeitos para decoradores, varejistas e floristas. Envio r\u00e1pido e amostras gr\u00e1tis dispon\u00edveis.<\/p>","protected":false},"featured_media":2013,"template":"","meta":{"site-sidebar-layout":"default","site-content-layout":"","ast-site-content-layout":"default","site-content-style":"default","site-sidebar-style":"default","ast-global-header-display":"","ast-banner-title-visibility":"","ast-main-header-display":"","ast-hfb-above-header-display":"","ast-hfb-below-header-display":"","ast-hfb-mobile-header-display":"","site-post-title":"","ast-breadcrumbs-content":"","ast-featured-img":"","footer-sml-layout":"","theme-transparent-header-meta":"default","adv-header-id-meta":"","stick-header-meta":"","header-above-stick-meta":"","header-main-stick-meta":"","header-below-stick-meta":"","astra-migrate-meta-layouts":"set","ast-page-background-enabled":"default","ast-page-background-meta":{"desktop":{"background-color":"var(--ast-global-color-5)","background-image":"","background-repeat":"repeat","background-position":"center center","background-size":"auto","background-attachment":"scroll","background-type":"","background-media":"","overlay-type":"","overlay-color":"","overlay-opacity":"","overlay-gradient":""},"tablet":{"background-color":"","background-image":"","background-repeat":"repeat","background-position":"center center","background-size":"auto","background-attachment":"scroll","background-type":"","background-media":"","overlay-type":"","overlay-color":"","overlay-opacity":"","overlay-gradient":""},"mobile":{"background-color":"","background-image":"","background-repeat":"repeat","background-position":"center center","background-size":"auto","background-attachment":"scroll","background-type":"","background-media":"","overlay-type":"","overlay-color":"","overlay-opacity":"","overlay-gradient":""}},"ast-content-background-meta":{"desktop":{"background-color":"var(--ast-global-color-4)","background-image":"","background-repeat":"repeat","background-position":"center center","background-size":"auto","background-attachment":"scroll","background-type":"","background-media":"","overlay-type":"","overlay-color":"","overlay-opacity":"","overlay-gradient":""},"tablet":{"background-color":"var(--ast-global-color-4)","background-image":"","background-repeat":"repeat","background-position":"center center","background-size":"auto","background-attachment":"scroll","background-type":"","background-media":"","overlay-type":"","overlay-color":"","overlay-opacity":"","overlay-gradient":""},"mobile":{"background-color":"var(--ast-global-color-4)","background-image":"","background-repeat":"repeat","background-position":"center center","background-size":"auto","background-attachment":"scroll","background-type":"","background-media":"","overlay-type":"","overlay-color":"","overlay-opacity":"","overlay-gradient":""}}},"product_brand":[],"product_cat":[57,21],"product_tag":[],"class_list":{"0":"post-1996","1":"product","2":"type-product","3":"status-publish","4":"has-post-thumbnail","6":"product_cat-glass-vases","7":"product_cat-product","8":"desktop-align-left","9":"tablet-align-left","10":"mobile-align-left","12":"first","13":"instock","14":"shipping-taxable","15":"product-type-simple"},"jetpack_sharing_enabled":true,"_links":{"self":[{"href":"https:\/\/mostebglass.com\/pt\/wp-json\/wp\/v2\/product\/1996","targetHints":{"allow":["GET"]}}],"collection":[{"href":"https:\/\/mostebglass.com\/pt\/wp-json\/wp\/v2\/product"}],"about":[{"href":"https:\/\/mostebglass.com\/pt\/wp-json\/wp\/v2\/types\/product"}],"wp:featuredmedia":[{"embeddable":true,"href":"https:\/\/mostebglass.com\/pt\/wp-json\/wp\/v2\/media\/2013"}],"wp:attachment":[{"href":"https:\/\/mostebglass.com\/pt\/wp-json\/wp\/v2\/media?parent=1996"}],"wp:term":[{"taxonomy":"product_brand","embeddable":true,"href":"https:\/\/mostebglass.com\/pt\/wp-json\/wp\/v2\/product_brand?post=1996"},{"taxonomy":"product_cat","embeddable":true,"href":"https:\/\/mostebglass.com\/pt\/wp-json\/wp\/v2\/product_cat?post=1996"},{"taxonomy":"product_tag","embeddable":true,"href":"https:\/\/mostebglass.com\/pt\/wp-json\/wp\/v2\/product_tag?post=1996"}],"curies":[{"name":"wp","href":"https:\/\/api.w.org\/{rel}","templated":true}]}}