{"id":2125,"date":"2025-09-19T15:31:41","date_gmt":"2025-09-19T07:31:41","guid":{"rendered":"https:\/\/mostebglass.com\/?post_type=product&#038;p=2125"},"modified":"2026-03-23T11:59:37","modified_gmt":"2026-03-23T03:59:37","slug":"clear-glass-vases-with-cylindrical-design-wholesale","status":"publish","type":"product","link":"https:\/\/mostebglass.com\/pt\/clear-glass-vases-with-cylindrical-design-wholesale\/","title":{"rendered":"Vasos de vidro transparente com design cil\u00edndrico para venda por atacado"},"content":{"rendered":"<p>Este vaso transparente \u00e9 feito de vidro borossilicato. Seu design cil\u00edndrico simples apresenta uma boca plana, corpo liso e base levemente curvada. Isso n\u00e3o s\u00f3 adiciona profundidade visual, como tamb\u00e9m transmite uma sensa\u00e7\u00e3o de estabilidade.<\/p>\n<h2><strong>Caracter\u00edsticas do produto<\/strong><\/h2>\n<ul>\n<li><strong>Formato cil\u00edndrico minimalista:<\/strong> O formato reto e elegante confere um visual moderno ao vaso, perfeito para qualquer ambiente, do escrit\u00f3rio \u00e0 mesa de casamento.<\/li>\n<li><strong>Base redonda est\u00e1vel:<\/strong> Risco de Tombo \u2013 A base ligeiramente curvada garante que o vaso transparente permane\u00e7a est\u00e1vel em qualquer superf\u00edcie.<\/li>\n<li><strong>Vidro borossilicato:<\/strong> A apar\u00eancia cristalina do vaso permite visualizar claramente a textura das flores e da \u00e1gua.<\/li>\n<\/ul>\n<h2>Especifica\u00e7\u00f5es principais<\/h2>\n<table style=\"border-collapse: collapse; margin-left: auto; margin-right: auto; width: 561.77pt;\" border=\"0\" width=\"749\" cellspacing=\"0\" cellpadding=\"0\">\n<tbody>\n<tr style=\"height: 13.50pt;\">\n<td style=\"height: 13.50pt; width: 105.00pt;\" width=\"140\" height=\"18\">Recurso<\/td>\n<td style=\"width: 456.75pt;\" width=\"609\">Especifica\u00e7\u00e3o<\/td>\n<\/tr>\n<tr style=\"height: 13.50pt;\">\n<td style=\"height: 13.50pt;\" height=\"18\">Material<\/td>\n<td>Vidro transparente<\/td>\n<\/tr>\n<tr style=\"height: 13.50pt;\">\n<td style=\"height: 13.50pt;\" height=\"18\">Forma<\/td>\n<td>Cil\u00edndrico<\/td>\n<\/tr>\n<tr style=\"height: 13.50pt;\">\n<td style=\"height: 13.50pt;\" height=\"18\">Alturas<\/td>\n<td>9 cm, 14,5 cm<\/td>\n<\/tr>\n<tr style=\"height: 13.50pt;\">\n<td style=\"height: 13.50pt;\" height=\"18\">Di\u00e2metro<\/td>\n<td>12 cm (todos os tamanhos)<\/td>\n<\/tr>\n<tr style=\"height: 13.50pt;\">\n<td style=\"height: 13.50pt;\" height=\"18\">Terminar<\/td>\n<td>Suave e transparente<\/td>\n<\/tr>\n<tr style=\"height: 13.50pt;\">\n<td style=\"height: 13.50pt;\" height=\"18\">Estilo<\/td>\n<td>Minimalista, moderno<\/td>\n<\/tr>\n<tr style=\"height: 13.50pt;\">\n<td style=\"height: 13.50pt;\" height=\"18\">Ideal para<\/td>\n<td>V\u00e1rios buqu\u00eas, arranjos florais, flores artificiais, decora\u00e7\u00f5es.<\/td>\n<\/tr>\n<tr style=\"height: 13.50pt;\">\n<td style=\"height: 13.50pt;\" height=\"18\">Uso ideal<\/td>\n<td>Decora\u00e7\u00e3o de interiores, eventos, varejo, hotelaria<\/td>\n<\/tr>\n<\/tbody>\n<\/table>\n<h2>Caso de sucesso<\/h2>\n<p>Uma de suas linhas de produtos utiliza o mini vaso de vidro de 12 cm de altura, de uma marca alem\u00e3, como componente principal. Para se adequar ao posicionamento premium da marca no segmento &#034;fa\u00e7a voc\u00ea mesmo&#034;, introduzimos sucessivas adi\u00e7\u00f5es personalizadas: a espessura da parede de vidro foi mantida em um n\u00edvel mais alto para garantir maior transpar\u00eancia e resist\u00eancia t\u00e9rmica; o acabamento chanfrado na borda foi ligeiramente reduzido para que os usu\u00e1rios pudessem ter a sensa\u00e7\u00e3o de arranhar as m\u00e3os na base do vaso ao empilhar os objetos; e o nome da marca e o n\u00famero de s\u00e9rie do produto foram gravados na parte inferior do vaso para facilitar o controle do estoque.<\/p>\n<p>Em dois meses desde o seu lan\u00e7amento, as vendas do produto aumentaram cerca de 47% e, ao final do primeiro trimestre, o produto j\u00e1 havia registrado duas ondas consecutivas de recompra, tornando-se uma das s\u00e9ries mais vendidas da marca.<\/p>\n<h2>Ideias de personaliza\u00e7\u00e3o<\/h2>\n<ul>\n<li>Adicione uma textura canelada verticalmente para uma jogabilidade leve e sutil e melhor ader\u00eancia.<\/li>\n<li>Para um toque de cor sem perder a eleg\u00e2ncia, aplique uma leve tonalidade de vidro nos tons de fum\u00ea, rosa ou s\u00e1lvia.<\/li>\n<li>Grave a laser um padr\u00e3o geom\u00e9trico ao redor da se\u00e7\u00e3o central para um detalhe exclusivo.<\/li>\n<li>Jateie toda a superf\u00edcie para obter uma textura suave e fosca, mantendo a forma definida.<\/li>\n<\/ul>\n<p>Esses n\u00e3o s\u00e3o apenas ajustes \u2014 s\u00e3o maneiras de transformar um simples vaso de vidro transparente em um momento marcante para a sua marca. Voc\u00ea n\u00e3o precisa de logotipos chamativos. A textura conta a hist\u00f3ria.<\/p>","protected":false},"excerpt":{"rendered":"<p data-pm-slice=\"1 1 []\">Vasos modernos de vidro transparente com design cil\u00edndrico elegante. Perfeitos para arranjos florais, decora\u00e7\u00e3o de casa e compras no atacado. Envio r\u00e1pido com amostras gr\u00e1tis.<\/p>","protected":false},"featured_media":4863,"template":"","meta":{"site-sidebar-layout":"default","site-content-layout":"","ast-site-content-layout":"default","site-content-style":"default","site-sidebar-style":"default","ast-global-header-display":"","ast-banner-title-visibility":"","ast-main-header-display":"","ast-hfb-above-header-display":"","ast-hfb-below-header-display":"","ast-hfb-mobile-header-display":"","site-post-title":"","ast-breadcrumbs-content":"","ast-featured-img":"","footer-sml-layout":"","theme-transparent-header-meta":"default","adv-header-id-meta":"","stick-header-meta":"","header-above-stick-meta":"","header-main-stick-meta":"","header-below-stick-meta":"","astra-migrate-meta-layouts":"set","ast-page-background-enabled":"default","ast-page-background-meta":{"desktop":{"background-color":"var(--ast-global-color-5)","background-image":"","background-repeat":"repeat","background-position":"center center","background-size":"auto","background-attachment":"scroll","background-type":"","background-media":"","overlay-type":"","overlay-color":"","overlay-opacity":"","overlay-gradient":""},"tablet":{"background-color":"","background-image":"","background-repeat":"repeat","background-position":"center center","background-size":"auto","background-attachment":"scroll","background-type":"","background-media":"","overlay-type":"","overlay-color":"","overlay-opacity":"","overlay-gradient":""},"mobile":{"background-color":"","background-image":"","background-repeat":"repeat","background-position":"center center","background-size":"auto","background-attachment":"scroll","background-type":"","background-media":"","overlay-type":"","overlay-color":"","overlay-opacity":"","overlay-gradient":""}},"ast-content-background-meta":{"desktop":{"background-color":"var(--ast-global-color-4)","background-image":"","background-repeat":"repeat","background-position":"center center","background-size":"auto","background-attachment":"scroll","background-type":"","background-media":"","overlay-type":"","overlay-color":"","overlay-opacity":"","overlay-gradient":""},"tablet":{"background-color":"var(--ast-global-color-4)","background-image":"","background-repeat":"repeat","background-position":"center center","background-size":"auto","background-attachment":"scroll","background-type":"","background-media":"","overlay-type":"","overlay-color":"","overlay-opacity":"","overlay-gradient":""},"mobile":{"background-color":"var(--ast-global-color-4)","background-image":"","background-repeat":"repeat","background-position":"center center","background-size":"auto","background-attachment":"scroll","background-type":"","background-media":"","overlay-type":"","overlay-color":"","overlay-opacity":"","overlay-gradient":""}}},"product_brand":[],"product_cat":[57,21],"product_tag":[],"class_list":{"0":"post-2125","1":"product","2":"type-product","3":"status-publish","4":"has-post-thumbnail","6":"product_cat-glass-vases","7":"product_cat-product","8":"desktop-align-left","9":"tablet-align-left","10":"mobile-align-left","12":"first","13":"instock","14":"shipping-taxable","15":"product-type-simple"},"jetpack_sharing_enabled":true,"_links":{"self":[{"href":"https:\/\/mostebglass.com\/pt\/wp-json\/wp\/v2\/product\/2125","targetHints":{"allow":["GET"]}}],"collection":[{"href":"https:\/\/mostebglass.com\/pt\/wp-json\/wp\/v2\/product"}],"about":[{"href":"https:\/\/mostebglass.com\/pt\/wp-json\/wp\/v2\/types\/product"}],"wp:featuredmedia":[{"embeddable":true,"href":"https:\/\/mostebglass.com\/pt\/wp-json\/wp\/v2\/media\/4863"}],"wp:attachment":[{"href":"https:\/\/mostebglass.com\/pt\/wp-json\/wp\/v2\/media?parent=2125"}],"wp:term":[{"taxonomy":"product_brand","embeddable":true,"href":"https:\/\/mostebglass.com\/pt\/wp-json\/wp\/v2\/product_brand?post=2125"},{"taxonomy":"product_cat","embeddable":true,"href":"https:\/\/mostebglass.com\/pt\/wp-json\/wp\/v2\/product_cat?post=2125"},{"taxonomy":"product_tag","embeddable":true,"href":"https:\/\/mostebglass.com\/pt\/wp-json\/wp\/v2\/product_tag?post=2125"}],"curies":[{"name":"wp","href":"https:\/\/api.w.org\/{rel}","templated":true}]}}