{"id":2334,"date":"2025-09-22T16:54:35","date_gmt":"2025-09-22T08:54:35","guid":{"rendered":"https:\/\/mostebglass.com\/?post_type=product&#038;p=2334"},"modified":"2026-01-26T18:04:44","modified_gmt":"2026-01-26T10:04:44","slug":"large-glass-vases-hurricane-candle-holders-wholesale","status":"publish","type":"product","link":"https:\/\/mostebglass.com\/pt\/large-glass-vases-hurricane-candle-holders-wholesale\/","title":{"rendered":"Vasos de vidro grandes de 4800\/5600\/6500ml \u2013 Casti\u00e7ais tipo furac\u00e3o para venda por atacado"},"content":{"rendered":"<p>Nosso conjunto de vasos grandes de vidro borossilicato cont\u00e9m 3 pe\u00e7as de tamanhos variados, com diferentes alturas e di\u00e2metros. Ele oferece tanto vasos para uso livre quanto protetores de vento para velas (casti\u00e7ais resistentes a furac\u00f5es).<\/p>\n<h2>Principais caracter\u00edsticas:<\/h2>\n<ul>\n<li><strong>Utilit\u00e1rio Multiuso<\/strong>Esses recipientes de vidro n\u00e3o s\u00e3o usados \u200b\u200bapenas para arranjos florais, velas flutuantes e casti\u00e7ais, e como decora\u00e7\u00e3o complementar, mas tamb\u00e9m como mini vasos para plantas ornamentais.<\/li>\n<li><strong>Design Eterno<\/strong>Este conjunto caracteriza-se por um formato cil\u00edndrico minimalista e transpar\u00eancia cristalina, adaptando-se perfeitamente a qualquer estilo de decora\u00e7\u00e3o ou tema de evento, como casamentos, festas e decora\u00e7\u00e3o do dia a dia.<\/li>\n<li><strong>Material Premium<\/strong>Fabricado em vidro borossilicato de alta qualidade com superf\u00edcie lisa e excelente transpar\u00eancia, o que lhe confere resist\u00eancia ao calor e alta durabilidade.<\/li>\n<li><strong>Tamanhos multiuso<\/strong>Est\u00e1 dispon\u00edvel em tr\u00eas tamanhos de capacidade: 4800ml, 5600ml e 6500ml, em um conjunto de 3 pe\u00e7as para atender a diversas necessidades de decora\u00e7\u00e3o.<\/li>\n<\/ul>\n<h2>Especifica\u00e7\u00f5es<\/h2>\n<table style=\"border-collapse: collapse; margin-left: auto; margin-right: auto; width: 477.02pt;\" border=\"0\" width=\"636\" cellspacing=\"0\" cellpadding=\"0\">\n<tbody>\n<tr style=\"height: 13.50pt;\">\n<td style=\"height: 13.50pt; width: 105.00pt;\" width=\"140\" height=\"18\">Atributo<\/td>\n<td style=\"width: 372.00pt;\" width=\"496\">Detalhe<\/td>\n<\/tr>\n<tr style=\"height: 13.50pt;\">\n<td style=\"height: 13.50pt;\" height=\"18\">Forma<\/td>\n<td>Cil\u00edndrico<\/td>\n<\/tr>\n<tr style=\"height: 13.50pt;\">\n<td style=\"height: 13.50pt;\" height=\"18\">Material<\/td>\n<td>Vidro transparente<\/td>\n<\/tr>\n<tr style=\"height: 13.50pt;\">\n<td style=\"height: 13.50pt;\" height=\"18\">Alturas<\/td>\n<td>30 cm, 35 cm, 40 cm<\/td>\n<\/tr>\n<tr style=\"height: 13.50pt;\">\n<td style=\"height: 13.50pt;\" height=\"18\">Di\u00e2metro<\/td>\n<td>15 cm (todos os tamanhos)<\/td>\n<\/tr>\n<tr style=\"height: 13.50pt;\">\n<td style=\"height: 13.50pt;\" height=\"18\">Capacidade<\/td>\n<td>4800ml, 5600ml, 6500ml<\/td>\n<\/tr>\n<tr style=\"height: 13.50pt;\">\n<td style=\"height: 13.50pt;\" height=\"18\">Superf\u00edcie<\/td>\n<td>Liso, polido<\/td>\n<\/tr>\n<tr style=\"height: 13.50pt;\">\n<td style=\"height: 13.50pt;\" height=\"18\">Estilo<\/td>\n<td>Moderno, minimalista<\/td>\n<\/tr>\n<tr style=\"height: 13.50pt;\">\n<td style=\"height: 13.50pt;\" height=\"18\">Ideal para<\/td>\n<td>Arranjos de piso, sagu\u00f5es, decora\u00e7\u00e3o de casamento, vitrines de lojas<\/td>\n<\/tr>\n<\/tbody>\n<\/table>\n<h2>Caso de uso real: Rede de varejo de luxo<\/h2>\n<p>Uma loja de moda de luxo queria melhorar a atmosfera da sua loja e reduzir o caos. Para isso, colocou estes grandes vasos de vidro na entrada e nos cantos do provador. Cada vaso grande e transparente cont\u00e9m um galho simulado com um formato \u00fanico \u2014 sem flores, apenas a forma. O vidro transparente confere leveza \u00e0 composi\u00e7\u00e3o. Al\u00e9m disso, o design simples do vaso n\u00e3o desvia a aten\u00e7\u00e3o das roupas. Como resultado, essa mudan\u00e7a aumentou o tempo m\u00e9dio de perman\u00eancia na loja em 18%. Os funcion\u00e1rios tamb\u00e9m elogiam a atmosfera &#034;calma e elegante&#034; da loja. Um gerente chegou a comentar: &#034;\u00c9 mais do que apenas decora\u00e7\u00e3o; \u00e9 uma extens\u00e3o do espa\u00e7o.&#034;<\/p>\n<h2>Dicas para personalizar vasos grandes e transparentes<\/h2>\n<ul>\n<li>Vidros coloridos \u2013 Em \u00e1reas de grande circula\u00e7\u00e3o, utilize tons suaves de cinza ou bronze para criar um ambiente agrad\u00e1vel e reduzir a visibilidade da \u00e1gua.<\/li>\n<li>Base mais espessa \u2013 Aumente o peso da base para maior estabilidade em arranjos artificiais altos.<\/li>\n<li>Fita jateada \u2013 Adicione uma fina faixa horizontal \u00e0 base para personaliza\u00e7\u00e3o da marca \u2013 perfeita para grava\u00e7\u00e3o a laser posterior.<\/li>\n<\/ul>\n<p>Esses grandes vasos de vidro n\u00e3o s\u00e3o apenas op\u00e7\u00f5es. Eles transformam um grande vaso transparente em uma pe\u00e7a de destaque.<\/p>","protected":false},"excerpt":{"rendered":"<p data-pm-slice=\"1 1 []\">Conjunto de vasos grandes de vidro: 3 cilindros vers\u00e1teis de vidro borossilicato para flores, velas e decora\u00e7\u00e3o. Resistentes ao calor, elegantes e perfeitos para casamentos ou para decorar a casa.<\/p>","protected":false},"featured_media":2440,"template":"","meta":{"site-sidebar-layout":"default","site-content-layout":"","ast-site-content-layout":"default","site-content-style":"default","site-sidebar-style":"default","ast-global-header-display":"","ast-banner-title-visibility":"","ast-main-header-display":"","ast-hfb-above-header-display":"","ast-hfb-below-header-display":"","ast-hfb-mobile-header-display":"","site-post-title":"","ast-breadcrumbs-content":"","ast-featured-img":"","footer-sml-layout":"","theme-transparent-header-meta":"default","adv-header-id-meta":"","stick-header-meta":"","header-above-stick-meta":"","header-main-stick-meta":"","header-below-stick-meta":"","astra-migrate-meta-layouts":"set","ast-page-background-enabled":"default","ast-page-background-meta":{"desktop":{"background-color":"var(--ast-global-color-5)","background-image":"","background-repeat":"repeat","background-position":"center center","background-size":"auto","background-attachment":"scroll","background-type":"","background-media":"","overlay-type":"","overlay-color":"","overlay-opacity":"","overlay-gradient":""},"tablet":{"background-color":"","background-image":"","background-repeat":"repeat","background-position":"center center","background-size":"auto","background-attachment":"scroll","background-type":"","background-media":"","overlay-type":"","overlay-color":"","overlay-opacity":"","overlay-gradient":""},"mobile":{"background-color":"","background-image":"","background-repeat":"repeat","background-position":"center center","background-size":"auto","background-attachment":"scroll","background-type":"","background-media":"","overlay-type":"","overlay-color":"","overlay-opacity":"","overlay-gradient":""}},"ast-content-background-meta":{"desktop":{"background-color":"var(--ast-global-color-4)","background-image":"","background-repeat":"repeat","background-position":"center center","background-size":"auto","background-attachment":"scroll","background-type":"","background-media":"","overlay-type":"","overlay-color":"","overlay-opacity":"","overlay-gradient":""},"tablet":{"background-color":"var(--ast-global-color-4)","background-image":"","background-repeat":"repeat","background-position":"center center","background-size":"auto","background-attachment":"scroll","background-type":"","background-media":"","overlay-type":"","overlay-color":"","overlay-opacity":"","overlay-gradient":""},"mobile":{"background-color":"var(--ast-global-color-4)","background-image":"","background-repeat":"repeat","background-position":"center center","background-size":"auto","background-attachment":"scroll","background-type":"","background-media":"","overlay-type":"","overlay-color":"","overlay-opacity":"","overlay-gradient":""}}},"product_brand":[],"product_cat":[57,21],"product_tag":[],"class_list":{"0":"post-2334","1":"product","2":"type-product","3":"status-publish","4":"has-post-thumbnail","6":"product_cat-glass-vases","7":"product_cat-product","8":"desktop-align-left","9":"tablet-align-left","10":"mobile-align-left","12":"first","13":"instock","14":"shipping-taxable","15":"product-type-simple"},"jetpack_sharing_enabled":true,"_links":{"self":[{"href":"https:\/\/mostebglass.com\/pt\/wp-json\/wp\/v2\/product\/2334","targetHints":{"allow":["GET"]}}],"collection":[{"href":"https:\/\/mostebglass.com\/pt\/wp-json\/wp\/v2\/product"}],"about":[{"href":"https:\/\/mostebglass.com\/pt\/wp-json\/wp\/v2\/types\/product"}],"wp:featuredmedia":[{"embeddable":true,"href":"https:\/\/mostebglass.com\/pt\/wp-json\/wp\/v2\/media\/2440"}],"wp:attachment":[{"href":"https:\/\/mostebglass.com\/pt\/wp-json\/wp\/v2\/media?parent=2334"}],"wp:term":[{"taxonomy":"product_brand","embeddable":true,"href":"https:\/\/mostebglass.com\/pt\/wp-json\/wp\/v2\/product_brand?post=2334"},{"taxonomy":"product_cat","embeddable":true,"href":"https:\/\/mostebglass.com\/pt\/wp-json\/wp\/v2\/product_cat?post=2334"},{"taxonomy":"product_tag","embeddable":true,"href":"https:\/\/mostebglass.com\/pt\/wp-json\/wp\/v2\/product_tag?post=2334"}],"curies":[{"name":"wp","href":"https:\/\/api.w.org\/{rel}","templated":true}]}}