{"id":2677,"date":"2025-09-24T16:31:18","date_gmt":"2025-09-24T08:31:18","guid":{"rendered":"https:\/\/mostebglass.com\/?post_type=product&#038;p=2677"},"modified":"2026-03-24T11:45:12","modified_gmt":"2026-03-24T03:45:12","slug":"30-pcs-bud-vase-set-for-decorative-wholesale","status":"publish","type":"product","link":"https:\/\/mostebglass.com\/pt\/30-pcs-bud-vase-set-for-decorative-wholesale\/","title":{"rendered":"Conjunto de 30 Vasinhos Decorativos para Venda por Atacado"},"content":{"rendered":"<p>Nosso conjunto de 30 vasos de vidro \u00e9 confeccionado em vidro transparente com borda dourada. Dispon\u00edvel em diferentes formatos e designs, \u00e9 perfeito para arranjos florais elegantes.<\/p>\n<h2><strong>Caracter\u00edsticas do produto<\/strong><\/h2>\n<ul>\n<li><strong>Vers\u00e1til:<\/strong> Dispon\u00edveis em diferentes formatos, incluindo gargalo estreito, formato de trepadeira redondo e quadrados, esses vasos s\u00e3o perfeitos para o tamanho e estilo de diferentes tipos de flores.<\/li>\n<li><strong>Lindamente decorado:<\/strong> Os vasos apresentam bordas douradas e uma variedade de padr\u00f5es nas laterais, incluindo listras verticais forjadas e padr\u00f5es em relevo.<\/li>\n<li><strong>Em quantidades suficientes:<\/strong> Um conjunto de 30 vasos \u00e9 suficiente para arranjos de diferentes tipos de flores e decora\u00e7\u00f5es em massa.<\/li>\n<\/ul>\n<h2>Especifica\u00e7\u00f5es principais<\/h2>\n<p>&nbsp;<\/p>\n<table style=\"border-collapse: collapse; margin-left: auto; margin-right: auto; width: 443.27pt;\" border=\"0\" width=\"591\" cellspacing=\"0\" cellpadding=\"0\">\n<tbody>\n<tr style=\"height: 13.50pt;\">\n<td style=\"height: 13.50pt; width: 90.00pt;\" width=\"120\" height=\"18\">Recurso<\/td>\n<td style=\"width: 353.25pt;\" width=\"471\">Detalhes<\/td>\n<\/tr>\n<tr style=\"height: 13.50pt;\">\n<td style=\"height: 13.50pt;\" height=\"18\">Tamanho do conjunto<\/td>\n<td>30 pe\u00e7as<\/td>\n<\/tr>\n<tr style=\"height: 13.50pt;\">\n<td style=\"height: 13.50pt;\" height=\"18\">Materiais<\/td>\n<td>Vidro s\u00f3dio-c\u00e1lcico<\/td>\n<\/tr>\n<tr style=\"height: 13.50pt;\">\n<td style=\"height: 13.50pt;\" height=\"18\">Op\u00e7\u00f5es de cores<\/td>\n<td>Transparente, degrad\u00ea rosa\/verde\/azul, champanhe (Personaliz\u00e1vel)<\/td>\n<\/tr>\n<tr style=\"height: 13.50pt;\">\n<td style=\"height: 13.50pt;\" height=\"18\">Terminar<\/td>\n<td>Boca revestida de ouro<\/td>\n<\/tr>\n<tr style=\"height: 13.50pt;\">\n<td style=\"height: 13.50pt;\" height=\"18\">Tipos de vasos<\/td>\n<td>Formatos variados (altos, baixos, alargados, estreitos)<\/td>\n<\/tr>\n<tr style=\"height: 13.50pt;\">\n<td style=\"height: 13.50pt;\" height=\"18\">Ideal para<\/td>\n<td>Vaso para bot\u00e3o, haste artificial, floreira, base para arranjo.<\/td>\n<\/tr>\n<\/tbody>\n<\/table>\n<h2>Caso de sucesso<\/h2>\n<p>Uma marca brit\u00e2nica de decora\u00e7\u00e3o para casa adquiriu uma cole\u00e7\u00e3o de 30 vasos de vidro. Para este design personalizado, utilizamos uma t\u00e9cnica de tratamento de superf\u00edcie composta: texturas em relevo prensado e \u00e1reas localizadas com superf\u00edcies lisas polidas \u00e0 m\u00e3o, criando um contraste visual marcante entre os diferentes formatos dos vasos. As pe\u00e7as de vidro apresentam uma tonalidade champanhe quente, com ligeiras varia\u00e7\u00f5es na transpar\u00eancia, conferindo a cada objeto uma rica sensa\u00e7\u00e3o de profundidade visual. Al\u00e9m disso, criamos an\u00e9is decorativos dourados e tampas ornamentais remov\u00edveis para vasos espec\u00edficos da cole\u00e7\u00e3o.<\/p>\n<p>As vendas da linha de produtos \u00e0 qual esta s\u00e9rie pertence aumentaram 42% em apenas dois meses ap\u00f3s o lan\u00e7amento; um cliente, ent\u00e3o, encomendou imediatamente 60.000 unidades para repor seu estoque.<\/p>\n<h2>Como personalizar seu conjunto de vasos de vidro para flores pequenas?<\/h2>\n<ul>\n<li>Opte por um vaso com ranhuras \u2013 alguns vasos apresentam ranhuras verticais que proporcionam maior textura e melhor ader\u00eancia.<\/li>\n<li>Um padr\u00e3o delicado \u2013 com pequenos pontos, linhas ou ondas naturais \u2013 que s\u00f3 se torna claro com o tempo.<\/li>\n<li>Crie um efeito degrad\u00ea de cima para cima \u2013 em vez de desaparecer de cima para baixo, deixe a cor subir como o sol da manh\u00e3.<\/li>\n<li>D\u00ea um toque sutil de cor a um vaso transparente \u2013 um tom esfuma\u00e7ado, \u00e2mbar ou rosado \u2013 tornando-o \u201ctransparente\u201d para um efeito \u00fanico.<\/li>\n<\/ul>\n<p>N\u00e3o se trata apenas de simples retoques; eles transformam um simples vaso de vidro em uma pe\u00e7a de destaque.<\/p>","protected":false},"excerpt":{"rendered":"<p data-pm-slice=\"1 1 []\">Conjunto de 30 vasos pequenos de vidro transparente para venda por atacado. Modelos variados, perfeitos para floristas, organizadores de eventos e para atender \u00e0s necessidades de decora\u00e7\u00e3o floral em grande quantidade. Envio r\u00e1pido.<\/p>","protected":false},"featured_media":2715,"template":"","meta":{"site-sidebar-layout":"default","site-content-layout":"","ast-site-content-layout":"default","site-content-style":"default","site-sidebar-style":"default","ast-global-header-display":"","ast-banner-title-visibility":"","ast-main-header-display":"","ast-hfb-above-header-display":"","ast-hfb-below-header-display":"","ast-hfb-mobile-header-display":"","site-post-title":"","ast-breadcrumbs-content":"","ast-featured-img":"","footer-sml-layout":"","theme-transparent-header-meta":"default","adv-header-id-meta":"","stick-header-meta":"","header-above-stick-meta":"","header-main-stick-meta":"","header-below-stick-meta":"","astra-migrate-meta-layouts":"set","ast-page-background-enabled":"default","ast-page-background-meta":{"desktop":{"background-color":"var(--ast-global-color-5)","background-image":"","background-repeat":"repeat","background-position":"center center","background-size":"auto","background-attachment":"scroll","background-type":"","background-media":"","overlay-type":"","overlay-color":"","overlay-opacity":"","overlay-gradient":""},"tablet":{"background-color":"","background-image":"","background-repeat":"repeat","background-position":"center center","background-size":"auto","background-attachment":"scroll","background-type":"","background-media":"","overlay-type":"","overlay-color":"","overlay-opacity":"","overlay-gradient":""},"mobile":{"background-color":"","background-image":"","background-repeat":"repeat","background-position":"center center","background-size":"auto","background-attachment":"scroll","background-type":"","background-media":"","overlay-type":"","overlay-color":"","overlay-opacity":"","overlay-gradient":""}},"ast-content-background-meta":{"desktop":{"background-color":"var(--ast-global-color-4)","background-image":"","background-repeat":"repeat","background-position":"center center","background-size":"auto","background-attachment":"scroll","background-type":"","background-media":"","overlay-type":"","overlay-color":"","overlay-opacity":"","overlay-gradient":""},"tablet":{"background-color":"var(--ast-global-color-4)","background-image":"","background-repeat":"repeat","background-position":"center center","background-size":"auto","background-attachment":"scroll","background-type":"","background-media":"","overlay-type":"","overlay-color":"","overlay-opacity":"","overlay-gradient":""},"mobile":{"background-color":"var(--ast-global-color-4)","background-image":"","background-repeat":"repeat","background-position":"center center","background-size":"auto","background-attachment":"scroll","background-type":"","background-media":"","overlay-type":"","overlay-color":"","overlay-opacity":"","overlay-gradient":""}}},"product_brand":[],"product_cat":[57,21],"product_tag":[],"class_list":{"0":"post-2677","1":"product","2":"type-product","3":"status-publish","4":"has-post-thumbnail","6":"product_cat-glass-vases","7":"product_cat-product","8":"desktop-align-left","9":"tablet-align-left","10":"mobile-align-left","12":"first","13":"instock","14":"shipping-taxable","15":"product-type-simple"},"jetpack_sharing_enabled":true,"_links":{"self":[{"href":"https:\/\/mostebglass.com\/pt\/wp-json\/wp\/v2\/product\/2677","targetHints":{"allow":["GET"]}}],"collection":[{"href":"https:\/\/mostebglass.com\/pt\/wp-json\/wp\/v2\/product"}],"about":[{"href":"https:\/\/mostebglass.com\/pt\/wp-json\/wp\/v2\/types\/product"}],"wp:featuredmedia":[{"embeddable":true,"href":"https:\/\/mostebglass.com\/pt\/wp-json\/wp\/v2\/media\/2715"}],"wp:attachment":[{"href":"https:\/\/mostebglass.com\/pt\/wp-json\/wp\/v2\/media?parent=2677"}],"wp:term":[{"taxonomy":"product_brand","embeddable":true,"href":"https:\/\/mostebglass.com\/pt\/wp-json\/wp\/v2\/product_brand?post=2677"},{"taxonomy":"product_cat","embeddable":true,"href":"https:\/\/mostebglass.com\/pt\/wp-json\/wp\/v2\/product_cat?post=2677"},{"taxonomy":"product_tag","embeddable":true,"href":"https:\/\/mostebglass.com\/pt\/wp-json\/wp\/v2\/product_tag?post=2677"}],"curies":[{"name":"wp","href":"https:\/\/api.w.org\/{rel}","templated":true}]}}