{"id":2718,"date":"2025-09-25T09:17:05","date_gmt":"2025-09-25T01:17:05","guid":{"rendered":"https:\/\/mostebglass.com\/?post_type=product&#038;p=2718"},"modified":"2026-03-23T13:29:33","modified_gmt":"2026-03-23T05:29:33","slug":"gradient-glass-vase-set-in-different-shape-bulk","status":"publish","type":"product","link":"https:\/\/mostebglass.com\/pt\/gradient-glass-vase-set-in-different-shape-bulk\/","title":{"rendered":"Conjunto de vasos de vidro degrad\u00ea em diferentes formatos (a granel)"},"content":{"rendered":"<p>Esta cole\u00e7\u00e3o de cinco vasos de vidro apresenta um degrad\u00ea de azul para amarelo, est\u00e1 dispon\u00edvel em diferentes formatos e \u00e9 decorada com texturas delicadas, incluindo desenhos florais em relevo, cortes em diamante, al\u00e9m de designs canelados e em espiral, cada um exibindo sua beleza singular.<\/p>\n<h2><strong>Caracter\u00edsticas do produto<\/strong><\/h2>\n<ul>\n<li><strong>Formas diversas<\/strong>Estes 5 vasos de vidro t\u00eam formatos diferentes, incluindo alongado, espiral, etc., que podem ser adaptados a diferentes formatos de flores e estilos de decora\u00e7\u00e3o.<\/li>\n<li><strong>Gradiente de cores<\/strong>A combina\u00e7\u00e3o de cores em degrad\u00ea azul e amarelo \u00e9 fresca e rica em camadas, adicionando beleza visual ao arranjo floral.<\/li>\n<li><strong>Textura de superf\u00edcie rica<\/strong>Detalhes em textura de diamante, espiral, canelada e floral conferem a cada vaso de vidro um toque artesanal.<\/li>\n<\/ul>\n<h2>Especifica\u00e7\u00f5es principais<\/h2>\n<table style=\"border-collapse: collapse; margin-left: auto; margin-right: auto; width: 468.77pt;\" border=\"0\" width=\"625\" cellspacing=\"0\" cellpadding=\"0\">\n<tbody>\n<tr style=\"height: 13.50pt;\">\n<td style=\"height: 13.5pt; width: 105pt; text-align: center;\" width=\"140\" height=\"18\">Recurso<\/td>\n<td style=\"width: 363.75pt; text-align: center;\" width=\"485\">Detalhes<\/td>\n<\/tr>\n<tr style=\"height: 13.50pt;\">\n<td style=\"height: 13.5pt; text-align: center;\" height=\"18\">Tamanho do conjunto<\/td>\n<td style=\"text-align: center;\">5 pe\u00e7as<\/td>\n<\/tr>\n<tr style=\"height: 13.50pt;\">\n<td style=\"height: 13.5pt; text-align: center;\" height=\"18\">Material<\/td>\n<td style=\"text-align: center;\">Vidro s\u00f3dio-c\u00e1lcico<\/td>\n<\/tr>\n<tr style=\"height: 13.50pt;\">\n<td style=\"height: 13.5pt; text-align: center;\" height=\"18\">Cor<\/td>\n<td style=\"text-align: center;\">Gradiente azul-amarelo (personaliz\u00e1vel)<\/td>\n<\/tr>\n<tr style=\"height: 13.50pt;\">\n<td style=\"height: 13.5pt; text-align: center;\" height=\"18\">Variedade de Designs<\/td>\n<td style=\"text-align: center;\">Alto, estreito, espiral, com nervuras, alargado, texturizado<\/td>\n<\/tr>\n<tr style=\"height: 13.50pt;\">\n<td style=\"height: 13.5pt; text-align: center;\" height=\"18\">Detalhes da superf\u00edcie<\/td>\n<td style=\"text-align: center;\">Padr\u00e3o de diamante, sulco espiral, relevo floral<\/td>\n<\/tr>\n<tr style=\"height: 13.50pt;\">\n<td style=\"height: 13.5pt; text-align: center;\" height=\"18\">Ideal para<\/td>\n<td style=\"text-align: center;\">Vaso de bot\u00e3o, vaso de flores, caule artificial, floreira<\/td>\n<\/tr>\n<tr style=\"height: 13.50pt;\">\n<td style=\"height: 13.5pt; text-align: center;\" height=\"18\">Estilo<\/td>\n<td style=\"text-align: center;\">Vaso moderno, vasos decorativos elegantes<\/td>\n<\/tr>\n<\/tbody>\n<\/table>\n<h2>Hist\u00f3ria de sucesso<\/h2>\n<p>Nossa cole\u00e7\u00e3o de pequenos vasos de mesa foi escolhida por uma marca italiana de curadoria de decora\u00e7\u00e3o para casa. Como a necessidade espec\u00edfica deles era criar composi\u00e7\u00f5es visualmente impactantes, utilizamos uma estrat\u00e9gia de personaliza\u00e7\u00e3o diferenciada: adicionamos mais brilho \u00e0s diversas texturas (relevo em diamante, listras verticais e ondula\u00e7\u00f5es) para que todo o conjunto de produtos apresentasse diferentes camadas de reflex\u00e3o de luz. Al\u00e9m disso, padronizamos as aberturas dos vasos para propor\u00e7\u00f5es mais amplas, adequadas \u00e0 disposi\u00e7\u00e3o de hastes individuais ou arranjos de flores secas. Por fim, criamos embalagens de presente personalizadas que remetem \u00e0 est\u00e9tica dos pr\u00f3prios vasos, estando, portanto, em conson\u00e2ncia com a identidade visual da marca.<\/p>\n<p>Com o seu lan\u00e7amento, as vendas desta s\u00e9rie aumentaram cerca de 58% no primeiro trimestre. No segundo trimestre, a marca fez novas encomendas em grande quantidade do conjunto completo, tornando-o um dos itens de destaque nas suas vitrines.<\/p>\n<h2>Conjunto de vasos de vidro personaliz\u00e1veis<\/h2>\n<ul>\n<li>Grave a laser um motivo exclusivo \u2013 uma pequena folha, um sol ou uma forma abstrata perto da base \u2013 vis\u00edvel apenas de perto.<\/li>\n<li>Texturize o bra\u00e7o do instrumento \u2013 Bordas ranhuradas ou caneladas adicionam um toque de luxo e disfar\u00e7am as impress\u00f5es digitais.<\/li>\n<li>D\u00ea uma leve tonalidade ao vidro transparente \u2013 mesmo as vers\u00f5es \u201ctransparentes\u201d podem ter um toque de calor ou frieza para uma varia\u00e7\u00e3o sutil.<\/li>\n<\/ul>\n<p>Essas n\u00e3o s\u00e3o apenas mudan\u00e7as cosm\u00e9ticas. Elas transformam um belo vaso de vidro em um produto exclusivo.<\/p>","protected":false},"excerpt":{"rendered":"<p data-pm-slice=\"1 1 []\">Conjunto de vaso de vidro e floreira para atacado com detalhes em relevo e formas elegantes. As texturas em relevo e espiral conferem um charme vintage. Amostras gr\u00e1tis dispon\u00edveis.<\/p>","protected":false},"featured_media":2741,"template":"","meta":{"site-sidebar-layout":"default","site-content-layout":"","ast-site-content-layout":"default","site-content-style":"default","site-sidebar-style":"default","ast-global-header-display":"","ast-banner-title-visibility":"","ast-main-header-display":"","ast-hfb-above-header-display":"","ast-hfb-below-header-display":"","ast-hfb-mobile-header-display":"","site-post-title":"","ast-breadcrumbs-content":"","ast-featured-img":"","footer-sml-layout":"","theme-transparent-header-meta":"default","adv-header-id-meta":"","stick-header-meta":"","header-above-stick-meta":"","header-main-stick-meta":"","header-below-stick-meta":"","astra-migrate-meta-layouts":"set","ast-page-background-enabled":"default","ast-page-background-meta":{"desktop":{"background-color":"var(--ast-global-color-5)","background-image":"","background-repeat":"repeat","background-position":"center center","background-size":"auto","background-attachment":"scroll","background-type":"","background-media":"","overlay-type":"","overlay-color":"","overlay-opacity":"","overlay-gradient":""},"tablet":{"background-color":"","background-image":"","background-repeat":"repeat","background-position":"center center","background-size":"auto","background-attachment":"scroll","background-type":"","background-media":"","overlay-type":"","overlay-color":"","overlay-opacity":"","overlay-gradient":""},"mobile":{"background-color":"","background-image":"","background-repeat":"repeat","background-position":"center center","background-size":"auto","background-attachment":"scroll","background-type":"","background-media":"","overlay-type":"","overlay-color":"","overlay-opacity":"","overlay-gradient":""}},"ast-content-background-meta":{"desktop":{"background-color":"var(--ast-global-color-4)","background-image":"","background-repeat":"repeat","background-position":"center center","background-size":"auto","background-attachment":"scroll","background-type":"","background-media":"","overlay-type":"","overlay-color":"","overlay-opacity":"","overlay-gradient":""},"tablet":{"background-color":"var(--ast-global-color-4)","background-image":"","background-repeat":"repeat","background-position":"center center","background-size":"auto","background-attachment":"scroll","background-type":"","background-media":"","overlay-type":"","overlay-color":"","overlay-opacity":"","overlay-gradient":""},"mobile":{"background-color":"var(--ast-global-color-4)","background-image":"","background-repeat":"repeat","background-position":"center center","background-size":"auto","background-attachment":"scroll","background-type":"","background-media":"","overlay-type":"","overlay-color":"","overlay-opacity":"","overlay-gradient":""}}},"product_brand":[],"product_cat":[57,21],"product_tag":[],"class_list":{"0":"post-2718","1":"product","2":"type-product","3":"status-publish","4":"has-post-thumbnail","6":"product_cat-glass-vases","7":"product_cat-product","8":"desktop-align-left","9":"tablet-align-left","10":"mobile-align-left","12":"first","13":"instock","14":"shipping-taxable","15":"product-type-simple"},"jetpack_sharing_enabled":true,"_links":{"self":[{"href":"https:\/\/mostebglass.com\/pt\/wp-json\/wp\/v2\/product\/2718","targetHints":{"allow":["GET"]}}],"collection":[{"href":"https:\/\/mostebglass.com\/pt\/wp-json\/wp\/v2\/product"}],"about":[{"href":"https:\/\/mostebglass.com\/pt\/wp-json\/wp\/v2\/types\/product"}],"wp:featuredmedia":[{"embeddable":true,"href":"https:\/\/mostebglass.com\/pt\/wp-json\/wp\/v2\/media\/2741"}],"wp:attachment":[{"href":"https:\/\/mostebglass.com\/pt\/wp-json\/wp\/v2\/media?parent=2718"}],"wp:term":[{"taxonomy":"product_brand","embeddable":true,"href":"https:\/\/mostebglass.com\/pt\/wp-json\/wp\/v2\/product_brand?post=2718"},{"taxonomy":"product_cat","embeddable":true,"href":"https:\/\/mostebglass.com\/pt\/wp-json\/wp\/v2\/product_cat?post=2718"},{"taxonomy":"product_tag","embeddable":true,"href":"https:\/\/mostebglass.com\/pt\/wp-json\/wp\/v2\/product_tag?post=2718"}],"curies":[{"name":"wp","href":"https:\/\/api.w.org\/{rel}","templated":true}]}}