{"id":2751,"date":"2025-09-25T16:42:19","date_gmt":"2025-09-25T08:42:19","guid":{"rendered":"https:\/\/mostebglass.com\/?post_type=product&#038;p=2751"},"modified":"2026-04-17T13:24:51","modified_gmt":"2026-04-17T05:24:51","slug":"wholesale-4-pcs-textured-gold-flower-vase-set","status":"publish","type":"product","link":"https:\/\/mostebglass.com\/pt\/wholesale-4-pcs-textured-gold-flower-vase-set\/","title":{"rendered":"Conjunto de 4 vasos de flores dourados texturizados para atacado"},"content":{"rendered":"<p>Este conjunto de 4 vasos de flores dourados apresenta diversos formatos, como vasos quadrados, alongados com padr\u00f5es de diamante e vasos com design canelado, e possui um acabamento dourado brilhante que confere um toque de luxo.<\/p>\n<h2><strong>Caracter\u00edsticas do produto<\/strong><\/h2>\n<ul>\n<li><strong>Pron\u00fancia de ouro:<\/strong> Usar o dourado como cor principal cria uma experi\u00eancia incr\u00edvel e adiciona um toque de eleg\u00e2ncia a qualquer lugar.<\/li>\n<li><strong>Quatro formatos \u00fanicos:<\/strong> Os compradores de vasos quadrados, canelados, com textura de diamante e com borda alargada t\u00eam uma ampla variedade de op\u00e7\u00f5es dentro do mesmo conjunto de vasos.<\/li>\n<li><strong>Vers\u00e1til:<\/strong> A opulenta cor dourada, combinada com uma variedade de formas, adapta-se tanto a decora\u00e7\u00f5es minimalistas quanto a estilos mais abstratos.<\/li>\n<\/ul>\n<h2>Especifica\u00e7\u00f5es principais<\/h2>\n<table style=\"border-collapse: collapse; margin-left: auto; margin-right: auto; width: 511.52pt;\" border=\"0\" width=\"682\" cellspacing=\"0\" cellpadding=\"0\">\n<tbody>\n<tr style=\"height: 13.50pt;\">\n<td style=\"height: 13.5pt; width: 105pt; text-align: center;\" width=\"140\" height=\"18\">Recurso<\/td>\n<td style=\"width: 406.5pt; text-align: center;\" width=\"542\">Detalhes<\/td>\n<\/tr>\n<tr style=\"height: 13.50pt;\">\n<td style=\"height: 13.5pt; text-align: center;\" height=\"18\">Tamanho do conjunto<\/td>\n<td style=\"text-align: center;\">4 pe\u00e7as<\/td>\n<\/tr>\n<tr style=\"height: 13.50pt;\">\n<td style=\"height: 13.5pt; text-align: center;\" height=\"18\">Material<\/td>\n<td style=\"text-align: center;\">Vidro s\u00f3dio-c\u00e1lcico com infus\u00e3o de ouro<\/td>\n<\/tr>\n<tr style=\"height: 13.50pt;\">\n<td style=\"height: 13.5pt; text-align: center;\" height=\"18\">Cor<\/td>\n<td style=\"text-align: center;\">Ouro maci\u00e7o (personaliz\u00e1vel)<\/td>\n<\/tr>\n<tr style=\"height: 13.50pt;\">\n<td style=\"height: 13.5pt; text-align: center;\" height=\"18\">Formas<\/td>\n<td style=\"text-align: center;\">Base quadrada, alta com textura de diamante, redonda com nervuras, cilindro canelado<\/td>\n<\/tr>\n<tr style=\"height: 13.50pt;\">\n<td style=\"height: 13.5pt; text-align: center;\" height=\"18\">Textura da superf\u00edcie<\/td>\n<td style=\"text-align: center;\">Padr\u00e3o de diamante, nervuras verticais, corpo canelado<\/td>\n<\/tr>\n<tr style=\"height: 13.50pt;\">\n<td style=\"height: 13.5pt; text-align: center;\" height=\"18\">Ideal para<\/td>\n<td style=\"text-align: center;\">Vaso para bot\u00e3o, vaso de flores, haste artificial, arranjo, floreira<\/td>\n<\/tr>\n<\/tbody>\n<\/table>\n<h2>Caso de sucesso: um pedido personalizado de uma rede nacional de lojas de decora\u00e7\u00e3o para casa.<\/h2>\n<p>A rede americana de decora\u00e7\u00e3o para casa selecionou nosso conjunto de vasos para flores pequenas e criou seu pr\u00f3prio acabamento bicolor em &#034;ouro rosa e lat\u00e3o&#034;. Suas vendas online registraram um aumento de 350% em produtos decorativos durante o lan\u00e7amento. O produto gerou um crescimento nas redes sociais equivalente a US$ 850.000 por meio de campanhas com influenciadores. Ap\u00f3s o sucesso do primeiro projeto, a rede fez seu segundo pedido de 600.000 vasos. Os vasos ser\u00e3o distribu\u00eddos para o novo hotel e para as lojas da empresa.<\/p>\n<h2>Op\u00e7\u00f5es de personaliza\u00e7\u00e3o de vasos de flores dourados<\/h2>\n<ul>\n<li>Acabamentos Met\u00e1licos Personalizados: A empresa oferece diversos acabamentos met\u00e1licos de luxo, incluindo cromo polido, bronze antigo, n\u00edquel preto e p\u00e1tina.<\/li>\n<li>Combina\u00e7\u00f5es de Texturas e Padr\u00f5es: As texturas de superf\u00edcie personaliz\u00e1veis \u200b\u200bpara cada formato de vaso incluem tr\u00eas op\u00e7\u00f5es: lisa, canelada e martelada.<\/li>\n<li>Op\u00e7\u00f5es de personaliza\u00e7\u00e3o: A superf\u00edcie lisa de um dos vasos do conjunto permite a grava\u00e7\u00e3o a laser de iniciais, datas e mensagens curtas.<\/li>\n<\/ul>","protected":false},"excerpt":{"rendered":"<p data-pm-slice=\"1 1 []\">Conjunto de vasos de flores dourados para atacado, uma cole\u00e7\u00e3o luxuosa de quatro pe\u00e7as com designs e texturas exclusivas. Perfeito para casamentos, hot\u00e9is e decora\u00e7\u00f5es sofisticadas.<\/p>","protected":false},"featured_media":4880,"template":"","meta":{"site-sidebar-layout":"default","site-content-layout":"","ast-site-content-layout":"default","site-content-style":"default","site-sidebar-style":"default","ast-global-header-display":"","ast-banner-title-visibility":"","ast-main-header-display":"","ast-hfb-above-header-display":"","ast-hfb-below-header-display":"","ast-hfb-mobile-header-display":"","site-post-title":"","ast-breadcrumbs-content":"","ast-featured-img":"","footer-sml-layout":"","theme-transparent-header-meta":"default","adv-header-id-meta":"","stick-header-meta":"","header-above-stick-meta":"","header-main-stick-meta":"","header-below-stick-meta":"","astra-migrate-meta-layouts":"set","ast-page-background-enabled":"default","ast-page-background-meta":{"desktop":{"background-color":"var(--ast-global-color-5)","background-image":"","background-repeat":"repeat","background-position":"center center","background-size":"auto","background-attachment":"scroll","background-type":"","background-media":"","overlay-type":"","overlay-color":"","overlay-opacity":"","overlay-gradient":""},"tablet":{"background-color":"","background-image":"","background-repeat":"repeat","background-position":"center center","background-size":"auto","background-attachment":"scroll","background-type":"","background-media":"","overlay-type":"","overlay-color":"","overlay-opacity":"","overlay-gradient":""},"mobile":{"background-color":"","background-image":"","background-repeat":"repeat","background-position":"center center","background-size":"auto","background-attachment":"scroll","background-type":"","background-media":"","overlay-type":"","overlay-color":"","overlay-opacity":"","overlay-gradient":""}},"ast-content-background-meta":{"desktop":{"background-color":"var(--ast-global-color-4)","background-image":"","background-repeat":"repeat","background-position":"center center","background-size":"auto","background-attachment":"scroll","background-type":"","background-media":"","overlay-type":"","overlay-color":"","overlay-opacity":"","overlay-gradient":""},"tablet":{"background-color":"var(--ast-global-color-4)","background-image":"","background-repeat":"repeat","background-position":"center center","background-size":"auto","background-attachment":"scroll","background-type":"","background-media":"","overlay-type":"","overlay-color":"","overlay-opacity":"","overlay-gradient":""},"mobile":{"background-color":"var(--ast-global-color-4)","background-image":"","background-repeat":"repeat","background-position":"center center","background-size":"auto","background-attachment":"scroll","background-type":"","background-media":"","overlay-type":"","overlay-color":"","overlay-opacity":"","overlay-gradient":""}}},"product_brand":[],"product_cat":[57,21],"product_tag":[],"class_list":{"0":"post-2751","1":"product","2":"type-product","3":"status-publish","4":"has-post-thumbnail","6":"product_cat-glass-vases","7":"product_cat-product","8":"desktop-align-left","9":"tablet-align-left","10":"mobile-align-left","12":"first","13":"instock","14":"shipping-taxable","15":"product-type-simple"},"jetpack_sharing_enabled":true,"_links":{"self":[{"href":"https:\/\/mostebglass.com\/pt\/wp-json\/wp\/v2\/product\/2751","targetHints":{"allow":["GET"]}}],"collection":[{"href":"https:\/\/mostebglass.com\/pt\/wp-json\/wp\/v2\/product"}],"about":[{"href":"https:\/\/mostebglass.com\/pt\/wp-json\/wp\/v2\/types\/product"}],"wp:featuredmedia":[{"embeddable":true,"href":"https:\/\/mostebglass.com\/pt\/wp-json\/wp\/v2\/media\/4880"}],"wp:attachment":[{"href":"https:\/\/mostebglass.com\/pt\/wp-json\/wp\/v2\/media?parent=2751"}],"wp:term":[{"taxonomy":"product_brand","embeddable":true,"href":"https:\/\/mostebglass.com\/pt\/wp-json\/wp\/v2\/product_brand?post=2751"},{"taxonomy":"product_cat","embeddable":true,"href":"https:\/\/mostebglass.com\/pt\/wp-json\/wp\/v2\/product_cat?post=2751"},{"taxonomy":"product_tag","embeddable":true,"href":"https:\/\/mostebglass.com\/pt\/wp-json\/wp\/v2\/product_tag?post=2751"}],"curies":[{"name":"wp","href":"https:\/\/api.w.org\/{rel}","templated":true}]}}