{"id":2780,"date":"2025-09-26T15:45:47","date_gmt":"2025-09-26T07:45:47","guid":{"rendered":"https:\/\/mostebglass.com\/?post_type=product&#038;p=2780"},"modified":"2026-03-20T14:57:41","modified_gmt":"2026-03-20T06:57:41","slug":"10-pcs-set-of-vases-for-flowers-with-various-shapes-bulk","status":"publish","type":"product","link":"https:\/\/mostebglass.com\/pt\/10-pcs-set-of-vases-for-flowers-with-various-shapes-bulk\/","title":{"rendered":"Conjunto de 10 vasos para flores com formatos variados (a granel)"},"content":{"rendered":"<p>Este conjunto de 10 vasos combina forma e fun\u00e7\u00e3o de maneira impec\u00e1vel. Feitos de vidro s\u00f3dio-c\u00e1lcico resistente, estes vasos para flores est\u00e3o dispon\u00edveis em uma variedade de formatos, padr\u00f5es e cores, adicionando um toque vintage \u00e0 sua decora\u00e7\u00e3o floral.<\/p>\n<h2><strong>Caracter\u00edsticas do produto<\/strong><\/h2>\n<ul>\n<li><strong>Formas diferentes:<\/strong> Voc\u00ea encontrar\u00e1 10 formatos exclusivos \u2013 de vasos estreitos a utens\u00edlios largos \u2013 perfeitos para combinar e misturar em seu arranjo floral.<\/li>\n<li><strong>Textura superficial extensa:<\/strong> Cada vaso de vidro possui um acabamento \u00fanico: nervuras verticais, matelass\u00ea em losango ou relevo complexo, que capturam a luz e adicionam profundidade.<\/li>\n<li><strong>Op\u00e7\u00f5es de cores oportunas:<\/strong> Cada design complementa tanto o estilo de decora\u00e7\u00e3o moderno quanto o vintage, desde o cl\u00e1ssico \u00e2mbar claro e quente at\u00e9 os modernos degrad\u00eas de verde e outros tons.<\/li>\n<\/ul>\n<h2>Especifica\u00e7\u00f5es principais<\/h2>\n<table style=\"border-collapse: collapse; margin-left: auto; margin-right: auto; width: 569.27pt;\" border=\"0\" width=\"759\" cellspacing=\"0\" cellpadding=\"0\">\n<tbody>\n<tr style=\"height: 13.50pt;\">\n<td style=\"height: 13.50pt; width: 139.50pt;\" width=\"186\" height=\"18\">Recurso<\/td>\n<td style=\"width: 429.75pt;\" width=\"573\">Detalhes<\/td>\n<\/tr>\n<tr style=\"height: 13.50pt;\">\n<td style=\"height: 13.50pt;\" height=\"18\">Tamanho do conjunto<\/td>\n<td>Conjunto de 10 vasos<\/td>\n<\/tr>\n<tr style=\"height: 13.50pt;\">\n<td style=\"height: 13.50pt;\" height=\"18\">Material<\/td>\n<td>Vidro s\u00f3dio-c\u00e1lcico<\/td>\n<\/tr>\n<tr style=\"height: 13.50pt;\">\n<td style=\"height: 13.50pt;\" height=\"18\">Cores dispon\u00edveis<\/td>\n<td>Transparente, \u00e2mbar, verde degrad\u00ea, \u00e2mbar degrad\u00ea (personaliz\u00e1vel)<\/td>\n<\/tr>\n<tr style=\"height: 13.50pt;\">\n<td style=\"height: 13.50pt;\" height=\"18\">Variedade de formatos<\/td>\n<td>Vaso para bot\u00e3o, cilindro alto, floreira quadrada, boca alargada, gargalo afunilado<\/td>\n<\/tr>\n<tr style=\"height: 13.50pt;\">\n<td style=\"height: 13.50pt;\" height=\"18\">Acabamento da superf\u00edcie<\/td>\n<td>Com nervuras, acolchoado, em relevo, liso<\/td>\n<\/tr>\n<tr style=\"height: 13.50pt;\">\n<td style=\"height: 13.50pt;\" height=\"18\">Dimens\u00f5es da embalagem<\/td>\n<td>41 cm \u00d7 31 cm \u00d7 11 cm<\/td>\n<\/tr>\n<tr style=\"height: 13.50pt;\">\n<td style=\"height: 13.50pt;\" height=\"18\">Ideal para<\/td>\n<td>Arranjos florais, decora\u00e7\u00e3o para casa, vitrines de lojas<\/td>\n<\/tr>\n<\/tbody>\n<\/table>\n<h2>Caso de sucesso<\/h2>\n<p>A distribuidora de presentes escolheu nossa linha de mini-vasos de vidro transparente e texturizado como um de seus conjuntos de produtos em destaque. O di\u00e2metro interno da abertura dos vasos foi padronizado para garantir uma ampla variedade de arranjos florais comuns e, ao mesmo tempo, criamos padr\u00f5es de textura espec\u00edficos em cada um dos corpos dos vasos (padr\u00f5es lapidados em diamante, padr\u00f5es radiais e finas nervuras verticais). Tamb\u00e9m engrossamos ligeiramente as bases e adicionamos an\u00e9is antiderrapantes para maior estabilidade na exposi\u00e7\u00e3o. A linha \u2014 composta por dez formatos diferentes \u2014 foi posteriormente vendida em conjuntos.<\/p>\n<p>As vendas desta linha aumentaram cerca de 61% nos tr\u00eas meses seguintes ao lan\u00e7amento do produto. O distribuidor fez dois grandes pedidos de reposi\u00e7\u00e3o durante a alta temporada, tornando a cole\u00e7\u00e3o um item essencial que se tornou um sucesso de vendas tanto na plataforma de varejo online quanto nas lojas f\u00edsicas.<\/p>\n<h2>Dicas de personaliza\u00e7\u00e3o para valorizar este conjunto de vasos<\/h2>\n<ul>\n<li>Experimente a grava\u00e7\u00e3o acetinada em vasos selecionados para uma textura suave e fosca que contrasta lindamente com os vasos lisos.<\/li>\n<li>Adicione um toque de cor aos l\u00e1bios \u2014 uma fina faixa de azul cobalto ou dourado na borda cria um efeito sutil, por\u00e9m luxuoso.<\/li>\n<li>Utilize padr\u00f5es simples, como pontos gravados a laser, ondas ou linhas geom\u00e9tricas, para criar um visual moderno e decorativo para vasos.<\/li>\n<li>Para dar uma moldura escultural a hastes pequenas, introduza um corpo suavemente volumoso no estilo de vaso para bot\u00f5es.<\/li>\n<\/ul>\n<p>Esses Twiks permitem que voc\u00ea personalize a cole\u00e7\u00e3o de vasos de vidro para combinar com o estilo da sua marca \u2013 seja para lofts minimalistas ou boutiques r\u00fasticas.<\/p>","protected":false},"excerpt":{"rendered":"<p data-pm-slice=\"1 1 []\">Conjuntos comerciais de 10 vasos para venda por atacado. Vasos dur\u00e1veis \u200b\u200be uniformes para flores, ideais para floristas, organizadores de eventos e empresas do setor de hotelaria.<\/p>","protected":false},"featured_media":2782,"template":"","meta":{"site-sidebar-layout":"default","site-content-layout":"","ast-site-content-layout":"default","site-content-style":"default","site-sidebar-style":"default","ast-global-header-display":"","ast-banner-title-visibility":"","ast-main-header-display":"","ast-hfb-above-header-display":"","ast-hfb-below-header-display":"","ast-hfb-mobile-header-display":"","site-post-title":"","ast-breadcrumbs-content":"","ast-featured-img":"","footer-sml-layout":"","theme-transparent-header-meta":"default","adv-header-id-meta":"","stick-header-meta":"","header-above-stick-meta":"","header-main-stick-meta":"","header-below-stick-meta":"","astra-migrate-meta-layouts":"set","ast-page-background-enabled":"default","ast-page-background-meta":{"desktop":{"background-color":"var(--ast-global-color-5)","background-image":"","background-repeat":"repeat","background-position":"center center","background-size":"auto","background-attachment":"scroll","background-type":"","background-media":"","overlay-type":"","overlay-color":"","overlay-opacity":"","overlay-gradient":""},"tablet":{"background-color":"","background-image":"","background-repeat":"repeat","background-position":"center center","background-size":"auto","background-attachment":"scroll","background-type":"","background-media":"","overlay-type":"","overlay-color":"","overlay-opacity":"","overlay-gradient":""},"mobile":{"background-color":"","background-image":"","background-repeat":"repeat","background-position":"center center","background-size":"auto","background-attachment":"scroll","background-type":"","background-media":"","overlay-type":"","overlay-color":"","overlay-opacity":"","overlay-gradient":""}},"ast-content-background-meta":{"desktop":{"background-color":"var(--ast-global-color-4)","background-image":"","background-repeat":"repeat","background-position":"center center","background-size":"auto","background-attachment":"scroll","background-type":"","background-media":"","overlay-type":"","overlay-color":"","overlay-opacity":"","overlay-gradient":""},"tablet":{"background-color":"var(--ast-global-color-4)","background-image":"","background-repeat":"repeat","background-position":"center center","background-size":"auto","background-attachment":"scroll","background-type":"","background-media":"","overlay-type":"","overlay-color":"","overlay-opacity":"","overlay-gradient":""},"mobile":{"background-color":"var(--ast-global-color-4)","background-image":"","background-repeat":"repeat","background-position":"center center","background-size":"auto","background-attachment":"scroll","background-type":"","background-media":"","overlay-type":"","overlay-color":"","overlay-opacity":"","overlay-gradient":""}}},"product_brand":[],"product_cat":[57,21],"product_tag":[],"class_list":{"0":"post-2780","1":"product","2":"type-product","3":"status-publish","4":"has-post-thumbnail","6":"product_cat-glass-vases","7":"product_cat-product","8":"desktop-align-left","9":"tablet-align-left","10":"mobile-align-left","12":"first","13":"instock","14":"shipping-taxable","15":"product-type-simple"},"jetpack_sharing_enabled":true,"_links":{"self":[{"href":"https:\/\/mostebglass.com\/pt\/wp-json\/wp\/v2\/product\/2780","targetHints":{"allow":["GET"]}}],"collection":[{"href":"https:\/\/mostebglass.com\/pt\/wp-json\/wp\/v2\/product"}],"about":[{"href":"https:\/\/mostebglass.com\/pt\/wp-json\/wp\/v2\/types\/product"}],"wp:featuredmedia":[{"embeddable":true,"href":"https:\/\/mostebglass.com\/pt\/wp-json\/wp\/v2\/media\/2782"}],"wp:attachment":[{"href":"https:\/\/mostebglass.com\/pt\/wp-json\/wp\/v2\/media?parent=2780"}],"wp:term":[{"taxonomy":"product_brand","embeddable":true,"href":"https:\/\/mostebglass.com\/pt\/wp-json\/wp\/v2\/product_brand?post=2780"},{"taxonomy":"product_cat","embeddable":true,"href":"https:\/\/mostebglass.com\/pt\/wp-json\/wp\/v2\/product_cat?post=2780"},{"taxonomy":"product_tag","embeddable":true,"href":"https:\/\/mostebglass.com\/pt\/wp-json\/wp\/v2\/product_tag?post=2780"}],"curies":[{"name":"wp","href":"https:\/\/api.w.org\/{rel}","templated":true}]}}