{"id":3040,"date":"2025-10-15T15:21:06","date_gmt":"2025-10-15T07:21:06","guid":{"rendered":"https:\/\/mostebglass.com\/?post_type=product&#038;p=3040"},"modified":"2025-10-15T17:46:39","modified_gmt":"2025-10-15T09:46:39","slug":"vaso-de-vidro-transparente-vintage-para-decoracao-de-casamento","status":"publish","type":"product","link":"https:\/\/mostebglass.com\/pt\/vintage-clear-glass-bud-vase-for-wedding-decor\/","title":{"rendered":"Vaso de vidro transparente vintage para decora\u00e7\u00e3o de casa e casamento"},"content":{"rendered":"<p>Cansado de vasos de vidro que ficam parados sem fazer nada? Criamos vasos de vidro transparente vintage com relevo retr\u00f4 \u2014 nada de decora\u00e7\u00e3o sem gra\u00e7a. Essas pe\u00e7as transformam a decora\u00e7\u00e3o da sua casa em momentos art\u00edsticos. Pedidos em grande quantidade recebem vasos de vidro personalizados que combinam com a ess\u00eancia da sua marca.<\/p>\n<h2>Caracter\u00edsticas do produto<\/h2>\n<p><strong>Pingente vintage em relevo<\/strong><\/p>\n<p>O padr\u00e3o de diamantes adiciona um toque vintage \u2014 este vaso de vidro transparente vintage exala uma sensa\u00e7\u00e3o artesanal, n\u00e3o de produ\u00e7\u00e3o em massa.<\/p>\n<p><strong>Ideal para flores individuais.<\/strong><\/p>\n<p>O formato esguio \u00e9 perfeito para arranjos de flores individuais \u2014 o foco deste vaso de rosas est\u00e1 nas flores, e n\u00e3o no pr\u00f3prio vaso.<\/p>\n<p><strong>Apresente sua marca instantaneamente.<\/strong><\/p>\n<p>Adicione seu logotipo personalizado a este vaso de rosas para destac\u00e1-lo.<\/p>\n<h2><strong data-spm-anchor-id=\"5176.28103460.0.i18.29ab2e31aVMz0n\">Especifica\u00e7\u00f5es principais<\/strong><\/h2>\n<table style=\"border-collapse: collapse; width: 80%; margin-left: auto; margin-right: auto;\" border=\"0\" width=\"144\" cellspacing=\"0\" cellpadding=\"0\">\n<tbody>\n<tr>\n<td style=\"text-align: center;\" width=\"72\">Atributo<\/td>\n<td style=\"text-align: center;\" width=\"72\">Detalhe<\/td>\n<\/tr>\n<tr>\n<td style=\"text-align: center;\">Op\u00e7\u00e3o de cor<\/td>\n<td style=\"text-align: center;\">Transparente, Marrom, Verde, Azul, Cinza (Personalizado)<\/td>\n<\/tr>\n<tr>\n<td style=\"text-align: center;\">Superf\u00edcie<\/td>\n<td style=\"text-align: center;\">Relevo retr\u00f4<\/td>\n<\/tr>\n<tr>\n<td style=\"text-align: center;\">Caso de uso<\/td>\n<td style=\"text-align: center;\">Vaso para bot\u00e3o, arranjo floral artificial, centro de mesa<\/td>\n<\/tr>\n<tr>\n<td style=\"text-align: center;\">Ideal para<\/td>\n<td style=\"text-align: center;\">Decora\u00e7\u00e3o de interiores, estilo para casamentos, interiores de boutiques<\/td>\n<\/tr>\n<\/tbody>\n<\/table>\n<h2>Hist\u00f3ria de sucesso<\/h2>\n<p>O est\u00fadio floral brit\u00e2nico criou a embalagem perfeita para o projeto de casamento. A marca buscava vasos magn\u00edficos e vers\u00e1teis que real\u00e7assem a beleza das rosas e complementassem o tema de jardim vintage do casal. Eles encomendaram um vaso de vidro personalizado para rosas, decorado com padr\u00f5es florais embutidos em estilo vintage. Feitos com vidro espesso de alta defini\u00e7\u00e3o, os vasos combinam beleza e durabilidade. Cada vaso foi projetado para acomodar uma \u00fanica rosa ou um pequeno buqu\u00ea, tornando-o ideal para arranjos de mesa e lembrancinhas para os convidados. O vaso de rosas se tornou um destaque da decora\u00e7\u00e3o do casamento, e os convidados compartilharam dezenas de posts e stories no Instagram elogiando a combina\u00e7\u00e3o perfeita com o tema rom\u00e2ntico. Ap\u00f3s o evento, o est\u00fadio registrou um aumento de 40% nos pedidos, com novos clientes solicitando o mesmo design para seus casamentos e eventos.<\/p>\n<h2>Seu Guia de Personaliza\u00e7\u00e3o<\/h2>\n<ol>\n<li><strong>Guia floral \u201cBlooming Code\u201d:<\/strong>Um c\u00f3digo QR est\u00e1 gravado na parte inferior, permitindo que voc\u00ea o escaneie para obter informa\u00e7\u00f5es sobre a marca ou manuais do usu\u00e1rio.<\/li>\n<li><strong>Cole\u00e7\u00e3o pr\u00e1tica e personaliz\u00e1vel:<\/strong>O vaso de rosas \u00e9 feito de vidro azul-\u00edndigo profundo e decorado com estrelas prateadas em relevo \u2014 perfeito para um casamento \u00e0 luz da lua. A mensagem \u201cFlorescendo sob as estrelas\u201d est\u00e1 inclu\u00edda.<\/li>\n<\/ol>\n<p>&nbsp;<\/p>","protected":false},"excerpt":{"rendered":"<p>Vasos vintage de vidro transparente para flores pequenas e rosas, com uma eleg\u00e2ncia floral atemporal. Ideais para floristas, organizadores de eventos e varejistas que buscam solu\u00e7\u00f5es de decora\u00e7\u00e3o personaliz\u00e1veis \u200b\u200be de alta qualidade.<\/p>","protected":false},"featured_media":3042,"template":"","meta":{"site-sidebar-layout":"default","site-content-layout":"","ast-site-content-layout":"default","site-content-style":"default","site-sidebar-style":"default","ast-global-header-display":"","ast-banner-title-visibility":"","ast-main-header-display":"","ast-hfb-above-header-display":"","ast-hfb-below-header-display":"","ast-hfb-mobile-header-display":"","site-post-title":"","ast-breadcrumbs-content":"","ast-featured-img":"","footer-sml-layout":"","theme-transparent-header-meta":"default","adv-header-id-meta":"","stick-header-meta":"","header-above-stick-meta":"","header-main-stick-meta":"","header-below-stick-meta":"","astra-migrate-meta-layouts":"set","ast-page-background-enabled":"default","ast-page-background-meta":{"desktop":{"background-color":"var(--ast-global-color-5)","background-image":"","background-repeat":"repeat","background-position":"center center","background-size":"auto","background-attachment":"scroll","background-type":"","background-media":"","overlay-type":"","overlay-color":"","overlay-opacity":"","overlay-gradient":""},"tablet":{"background-color":"","background-image":"","background-repeat":"repeat","background-position":"center center","background-size":"auto","background-attachment":"scroll","background-type":"","background-media":"","overlay-type":"","overlay-color":"","overlay-opacity":"","overlay-gradient":""},"mobile":{"background-color":"","background-image":"","background-repeat":"repeat","background-position":"center center","background-size":"auto","background-attachment":"scroll","background-type":"","background-media":"","overlay-type":"","overlay-color":"","overlay-opacity":"","overlay-gradient":""}},"ast-content-background-meta":{"desktop":{"background-color":"var(--ast-global-color-4)","background-image":"","background-repeat":"repeat","background-position":"center center","background-size":"auto","background-attachment":"scroll","background-type":"","background-media":"","overlay-type":"","overlay-color":"","overlay-opacity":"","overlay-gradient":""},"tablet":{"background-color":"var(--ast-global-color-4)","background-image":"","background-repeat":"repeat","background-position":"center center","background-size":"auto","background-attachment":"scroll","background-type":"","background-media":"","overlay-type":"","overlay-color":"","overlay-opacity":"","overlay-gradient":""},"mobile":{"background-color":"var(--ast-global-color-4)","background-image":"","background-repeat":"repeat","background-position":"center center","background-size":"auto","background-attachment":"scroll","background-type":"","background-media":"","overlay-type":"","overlay-color":"","overlay-opacity":"","overlay-gradient":""}}},"product_brand":[],"product_cat":[21,57],"product_tag":[],"class_list":{"0":"post-3040","1":"product","2":"type-product","3":"status-publish","4":"has-post-thumbnail","6":"product_cat-product","7":"product_cat-glass-vases","8":"desktop-align-left","9":"tablet-align-left","10":"mobile-align-left","12":"first","13":"instock","14":"shipping-taxable","15":"product-type-simple"},"jetpack_sharing_enabled":true,"_links":{"self":[{"href":"https:\/\/mostebglass.com\/pt\/wp-json\/wp\/v2\/product\/3040","targetHints":{"allow":["GET"]}}],"collection":[{"href":"https:\/\/mostebglass.com\/pt\/wp-json\/wp\/v2\/product"}],"about":[{"href":"https:\/\/mostebglass.com\/pt\/wp-json\/wp\/v2\/types\/product"}],"wp:featuredmedia":[{"embeddable":true,"href":"https:\/\/mostebglass.com\/pt\/wp-json\/wp\/v2\/media\/3042"}],"wp:attachment":[{"href":"https:\/\/mostebglass.com\/pt\/wp-json\/wp\/v2\/media?parent=3040"}],"wp:term":[{"taxonomy":"product_brand","embeddable":true,"href":"https:\/\/mostebglass.com\/pt\/wp-json\/wp\/v2\/product_brand?post=3040"},{"taxonomy":"product_cat","embeddable":true,"href":"https:\/\/mostebglass.com\/pt\/wp-json\/wp\/v2\/product_cat?post=3040"},{"taxonomy":"product_tag","embeddable":true,"href":"https:\/\/mostebglass.com\/pt\/wp-json\/wp\/v2\/product_tag?post=3040"}],"curies":[{"name":"wp","href":"https:\/\/api.w.org\/{rel}","templated":true}]}}