{"id":3110,"date":"2025-10-22T17:23:26","date_gmt":"2025-10-22T09:23:26","guid":{"rendered":"https:\/\/mostebglass.com\/?post_type=product&#038;p=3110"},"modified":"2025-10-22T18:01:35","modified_gmt":"2025-10-22T10:01:35","slug":"conjunto-de-vasos-de-vidro-antigos-para-decoracao-de-casa-e-eventos","status":"publish","type":"product","link":"https:\/\/mostebglass.com\/pt\/antique-glass-vases-set-for-home-and-event-decor\/","title":{"rendered":"Conjunto de vasos de vidro antigos transparentes para decora\u00e7\u00e3o de casa e eventos"},"content":{"rendered":"<p>Cansado de vasos que estragam seus arranjos florais? Criamos conjuntos de vasos baixos de vidro transparente, com um charme \u00fanico \u2014 chega de decora\u00e7\u00e3o sem gra\u00e7a! Esses vasos transparentes transformam seu espa\u00e7o em um verdadeiro para\u00edso floral. Pedidos em grande quantidade recebem vasos de vidro personalizados que combinam com o seu estilo.<\/p>\n<h2>Caracter\u00edsticas do produto<\/h2>\n<p><strong>Eleg\u00e2ncia texturizada<\/strong><\/p>\n<p>As nervuras e o padr\u00e3o conferem mais profundidade \u2013 seu pequeno vaso de flores parece uma pe\u00e7a de arte decorativa feita de vidro.<\/p>\n<p><strong>Clareza cristalina<\/strong><\/p>\n<p>O vidro transparente da melhor qualidade revela cada p\u00e9tala - os compradores n\u00e3o resistem ao vaso transparente \u00e0 primeira vista.<\/p>\n<p><strong>Display vers\u00e1til<\/strong><\/p>\n<p>Ideal para mesas de trabalho, prateleiras ou como um suporte decorativo para vasos de flores ocas - seus vasos\/jarros de vidro brilham.<\/p>\n<h2>Especifica\u00e7\u00f5es principais<\/h2>\n<table style=\"border-collapse: collapse; width: 216.03pt;\" border=\"0\" width=\"288\" cellspacing=\"0\" cellpadding=\"0\">\n<tbody>\n<tr style=\"height: 13.50pt;\">\n<td style=\"height: 13.50pt; width: 54.00pt;\" width=\"72\" height=\"18\">Estilo<\/td>\n<td style=\"width: 54.00pt;\" width=\"72\">Tamanho (cm)<\/td>\n<td style=\"width: 54.00pt;\" width=\"72\">Material<\/td>\n<td style=\"width: 54.00pt;\" width=\"72\">Cor<\/td>\n<\/tr>\n<tr style=\"height: 13.50pt;\">\n<td style=\"height: 13.50pt;\" height=\"18\">Canelado<\/td>\n<td>5.5&#215;11.2&#215;3.8<\/td>\n<td class=\"et2\" rowspan=\"3\">Vidro<\/td>\n<td class=\"et2\" rowspan=\"3\">Transparente ou personalizado<\/td>\n<\/tr>\n<tr style=\"height: 13.50pt;\">\n<td style=\"height: 13.50pt;\" height=\"18\">Caba\u00e7a<\/td>\n<td>6.0&#215;11.5&#215;3.8<\/td>\n<\/tr>\n<tr style=\"height: 13.50pt;\">\n<td style=\"height: 13.50pt;\" height=\"18\">Espiral<\/td>\n<td>5.9&#215;11.5&#215;3.8<\/td>\n<\/tr>\n<\/tbody>\n<\/table>\n<h2>Caso de sucesso<\/h2>\n<p>A Decor nos ajudou, em parceria com um est\u00fadio, a criar belos vasos de vidro personalizados para sua cole\u00e7\u00e3o floral sazonal. Cada arranjo possui a borda polida \u00e0 m\u00e3o e vidro espesso, brilhante e de alta transpar\u00eancia, conferindo \u00e0s flores um efeito elegante e refinado, digno de uma galeria de arte. O est\u00fadio desenvolveu uma gama de vasos de vidro sob medida para se adequar a diferentes estilos de interiores \u2014 desde acabamento fosco at\u00e9 bases em \u00e2mbar claro e cinza esfuma\u00e7ado.<\/p>\n<p>Os vasos perfeitos real\u00e7am a textura e as cores de cada flor, embelezando assim o conjunto.<\/p>\n<p>O est\u00fadio alcan\u00e7ou esses resultados em apenas dois meses: as vendas aumentaram 80% e as reclama\u00e7\u00f5es sobre os produtos diminu\u00edram 70%.<\/p>\n<h2>Seu Guia de Personaliza\u00e7\u00e3o<\/h2>\n<ol>\n<li><strong>Superf\u00edcie da garrafa ajust\u00e1vel:<\/strong> Dependendo do estilo da sua marca, selecione uma destas tr\u00eas op\u00e7\u00f5es: jateamento de areia, grava\u00e7\u00e3o a laser ou galvanoplastia, para adicionar o logotipo da sua marca ou texturas exclusivas, tornando o vaso mais reconhec\u00edvel e decorativo.<\/li>\n<li><strong>Personaliza\u00e7\u00e3o de marcas e acess\u00f3rios:<\/strong> Al\u00e9m de uma caixa de presente personalizada, flores secas ou um conjunto de difusor de varetas podem ser usados \u200b\u200bpara presentear ou para fins de aromaterapia, aumentando assim o valor intr\u00ednseco do produto e suas aplica\u00e7\u00f5es potenciais.<\/li>\n<\/ol>\n<p>&nbsp;<\/p>\n<p>&nbsp;<\/p>","protected":false},"excerpt":{"rendered":"<p>Vasos de vidro antigos de alta qualidade para uso comercial. Nossos vasos transparentes oferecem eleg\u00e2ncia atemporal para exibir arranjos florais. Valorize seu estoque com esta cole\u00e7\u00e3o cl\u00e1ssica e de alta qualidade. Consulte-nos para pedidos em grande quantidade.<\/p>","protected":false},"featured_media":3111,"template":"","meta":{"site-sidebar-layout":"default","site-content-layout":"","ast-site-content-layout":"default","site-content-style":"default","site-sidebar-style":"default","ast-global-header-display":"","ast-banner-title-visibility":"","ast-main-header-display":"","ast-hfb-above-header-display":"","ast-hfb-below-header-display":"","ast-hfb-mobile-header-display":"","site-post-title":"","ast-breadcrumbs-content":"","ast-featured-img":"","footer-sml-layout":"","theme-transparent-header-meta":"default","adv-header-id-meta":"","stick-header-meta":"","header-above-stick-meta":"","header-main-stick-meta":"","header-below-stick-meta":"","astra-migrate-meta-layouts":"set","ast-page-background-enabled":"default","ast-page-background-meta":{"desktop":{"background-color":"var(--ast-global-color-5)","background-image":"","background-repeat":"repeat","background-position":"center center","background-size":"auto","background-attachment":"scroll","background-type":"","background-media":"","overlay-type":"","overlay-color":"","overlay-opacity":"","overlay-gradient":""},"tablet":{"background-color":"","background-image":"","background-repeat":"repeat","background-position":"center center","background-size":"auto","background-attachment":"scroll","background-type":"","background-media":"","overlay-type":"","overlay-color":"","overlay-opacity":"","overlay-gradient":""},"mobile":{"background-color":"","background-image":"","background-repeat":"repeat","background-position":"center center","background-size":"auto","background-attachment":"scroll","background-type":"","background-media":"","overlay-type":"","overlay-color":"","overlay-opacity":"","overlay-gradient":""}},"ast-content-background-meta":{"desktop":{"background-color":"var(--ast-global-color-4)","background-image":"","background-repeat":"repeat","background-position":"center center","background-size":"auto","background-attachment":"scroll","background-type":"","background-media":"","overlay-type":"","overlay-color":"","overlay-opacity":"","overlay-gradient":""},"tablet":{"background-color":"var(--ast-global-color-4)","background-image":"","background-repeat":"repeat","background-position":"center center","background-size":"auto","background-attachment":"scroll","background-type":"","background-media":"","overlay-type":"","overlay-color":"","overlay-opacity":"","overlay-gradient":""},"mobile":{"background-color":"var(--ast-global-color-4)","background-image":"","background-repeat":"repeat","background-position":"center center","background-size":"auto","background-attachment":"scroll","background-type":"","background-media":"","overlay-type":"","overlay-color":"","overlay-opacity":"","overlay-gradient":""}}},"product_brand":[],"product_cat":[21,57],"product_tag":[],"class_list":{"0":"post-3110","1":"product","2":"type-product","3":"status-publish","4":"has-post-thumbnail","6":"product_cat-product","7":"product_cat-glass-vases","8":"desktop-align-left","9":"tablet-align-left","10":"mobile-align-left","12":"first","13":"instock","14":"shipping-taxable","15":"product-type-simple"},"jetpack_sharing_enabled":true,"_links":{"self":[{"href":"https:\/\/mostebglass.com\/pt\/wp-json\/wp\/v2\/product\/3110","targetHints":{"allow":["GET"]}}],"collection":[{"href":"https:\/\/mostebglass.com\/pt\/wp-json\/wp\/v2\/product"}],"about":[{"href":"https:\/\/mostebglass.com\/pt\/wp-json\/wp\/v2\/types\/product"}],"wp:featuredmedia":[{"embeddable":true,"href":"https:\/\/mostebglass.com\/pt\/wp-json\/wp\/v2\/media\/3111"}],"wp:attachment":[{"href":"https:\/\/mostebglass.com\/pt\/wp-json\/wp\/v2\/media?parent=3110"}],"wp:term":[{"taxonomy":"product_brand","embeddable":true,"href":"https:\/\/mostebglass.com\/pt\/wp-json\/wp\/v2\/product_brand?post=3110"},{"taxonomy":"product_cat","embeddable":true,"href":"https:\/\/mostebglass.com\/pt\/wp-json\/wp\/v2\/product_cat?post=3110"},{"taxonomy":"product_tag","embeddable":true,"href":"https:\/\/mostebglass.com\/pt\/wp-json\/wp\/v2\/product_tag?post=3110"}],"curies":[{"name":"wp","href":"https:\/\/api.w.org\/{rel}","templated":true}]}}