{"id":3208,"date":"2025-10-29T14:47:45","date_gmt":"2025-10-29T06:47:45","guid":{"rendered":"https:\/\/mostebglass.com\/?post_type=product&#038;p=3208"},"modified":"2025-10-29T17:50:28","modified_gmt":"2025-10-29T09:50:28","slug":"fornecedor-atacadista-de-vasos-de-vidro-curtos-para-botoes","status":"publish","type":"product","link":"https:\/\/mostebglass.com\/pt\/wholesale-short-glass-vase-bud-vases-supplier\/","title":{"rendered":"Vaso de vidro curto em formato de cone para arranjos florais minimalistas."},"content":{"rendered":"<p>Pare de usar vasos de vidro sem gra\u00e7a, pe\u00e7as decorativas que acabam com sua vibra\u00e7\u00e3o floral. Criamos vasos de bot\u00f5es curtos com textura geom\u00e9trica - chega de decora\u00e7\u00e3o plana. Esses conjuntos de vasos de vidro curtos transformam seu espa\u00e7o em um sonho floral. Os pedidos em massa recebem vasos de vidro personalizados para combinar com a alma de sua marca.<\/p>\n<h2>Caracter\u00edsticas do produto<\/h2>\n<p><strong>Textura Geom\u00e9trica\u200d\u200d\u200d\u200d\u200d\u200d\u200d<\/strong><\/p>\n<p>As nervuras no tecido ajudam a dar mais profundidade ao tecido, mas, ao mesmo tempo, n\u00e3o s\u00e3o exageradas - seu vaso minimalista ficar\u00e1 elegante e moderno em qualquer espa\u00e7o.<\/p>\n<p><strong>Cristalino<\/strong><\/p>\n<p>Um recipiente transparente ideal ser\u00e1 aquele que mostrar\u00e1 todas as flores - os clientes ficar\u00e3o encantados com sua natureza clara e transparente desde o in\u00edcio.<\/p>\n<p><strong>Tamanhos diferentes<\/strong><\/p>\n<p>Tr\u00eas tamanhos diferentes, pequeno, m\u00e9dio e grande, para atender \u00e0s diferentes necessidades dos espa\u00e7os - sua cole\u00e7\u00e3o de vasos pode ficar em uma mesa de centro, uma estante ou uma mesa de casamento.<\/p>\n<h2>Especifica\u00e7\u00f5es principais<\/h2>\n<table style=\"border-collapse: collapse; width: 80%; margin-left: auto; margin-right: auto;\" border=\"0\" width=\"288\" cellspacing=\"0\" cellpadding=\"0\">\n<tbody>\n<tr style=\"height: 13.50pt;\">\n<td style=\"height: 13.5pt; width: 54pt; text-align: center;\" width=\"72\" height=\"18\">Estilo<\/td>\n<td style=\"width: 54pt; text-align: center;\" width=\"72\">Tamanho (cm)<\/td>\n<td style=\"width: 54pt; text-align: center;\" width=\"72\">Material<\/td>\n<td style=\"width: 54pt; text-align: center;\" width=\"72\">Cor<\/td>\n<\/tr>\n<tr style=\"height: 13.50pt;\">\n<td style=\"height: 13.5pt; text-align: center;\" height=\"18\">Pequeno<\/td>\n<td style=\"text-align: center;\">5.0&#215;11.5&#215;2.9<\/td>\n<td class=\"et2\" style=\"text-align: center;\" rowspan=\"3\">Vidro<\/td>\n<td class=\"et2\" style=\"text-align: center;\" rowspan=\"3\">Claro ou personalizado<\/td>\n<\/tr>\n<tr style=\"height: 13.50pt;\">\n<td style=\"height: 13.5pt; text-align: center;\" height=\"18\">M\u00e9dio<\/td>\n<td style=\"text-align: center;\">6.6\u00d713.0x3.7<\/td>\n<\/tr>\n<tr style=\"height: 13.50pt;\">\n<td style=\"height: 13.5pt; text-align: center;\" height=\"18\">Grande<\/td>\n<td style=\"text-align: center;\">7.0&#215;14.6&#215;3.5<\/td>\n<\/tr>\n<\/tbody>\n<\/table>\n<h2>Caso de sucesso<\/h2>\n<p>N\u00f3s\u200d\u200d\u200d\u200d\u200d\u200d tivemos uma grande colabora\u00e7\u00e3o com um est\u00fadio boutique de flores de Melbourne, na Austr\u00e1lia, para produzir uma s\u00e9rie de vasos de vidro minimalistas com design personalizado para sua nova linha. A marca criou tr\u00eas tamanhos diferentes de vasos com um padr\u00e3o de diamante que une visualmente os vasos, embora cada um permane\u00e7a distinto. Al\u00e9m disso, os vasos t\u00eam um acabamento fosco e \u00e9 poss\u00edvel ter um logotipo personalizado gravado na base de cada vaso.<\/p>\n<p>A cole\u00e7\u00e3o de vasos acabou se tornando a op\u00e7\u00e3o mais atraente para presentes de casamento e decora\u00e7\u00e3o de casa ap\u00f3s seu lan\u00e7amento. As vendas de vasos do est\u00fadio aumentaram em 40% em apenas dois meses.<\/p>\n<h2>Seu Guia de Personaliza\u00e7\u00e3o<\/h2>\n<ol>\n<li><strong>Personaliza\u00e7\u00e3o\u200d\u200d\u200d\u200d\u200d\u200d\u200d de pe\u00e7as:<\/strong> Para dar ao vaso uma apar\u00eancia mais elegante e complexa, h\u00e1 algumas op\u00e7\u00f5es dispon\u00edveis, como pintura em spray (\u00e2mbar, cinza esfuma\u00e7ado, branco leitoso fosco etc.) ou galvanoplastia com borda dourada.<\/li>\n<li><strong>Aplica\u00e7\u00e3o do logotipo:<\/strong> A marca do vaso pode ser reconhecida de forma sutil e eficaz por meio de serigrafia, hot-stamp ou grava\u00e7\u00e3o do logotipo na parte inferior ou no gargalo do vaso.<\/li>\n<\/ol>","protected":false},"excerpt":{"rendered":"<p>Conjunto de vasos de vidro curtos e elegantes projetados para uma decora\u00e7\u00e3o minimalista. Esses vasos de bot\u00f5es curtos destacam lindamente as flores individuais, perfeitos para casamentos, mesas ou presentes.<\/p>","protected":false},"featured_media":3209,"template":"","meta":{"site-sidebar-layout":"default","site-content-layout":"","ast-site-content-layout":"default","site-content-style":"default","site-sidebar-style":"default","ast-global-header-display":"","ast-banner-title-visibility":"","ast-main-header-display":"","ast-hfb-above-header-display":"","ast-hfb-below-header-display":"","ast-hfb-mobile-header-display":"","site-post-title":"","ast-breadcrumbs-content":"","ast-featured-img":"","footer-sml-layout":"","theme-transparent-header-meta":"default","adv-header-id-meta":"","stick-header-meta":"","header-above-stick-meta":"","header-main-stick-meta":"","header-below-stick-meta":"","astra-migrate-meta-layouts":"set","ast-page-background-enabled":"default","ast-page-background-meta":{"desktop":{"background-color":"var(--ast-global-color-5)","background-image":"","background-repeat":"repeat","background-position":"center center","background-size":"auto","background-attachment":"scroll","background-type":"","background-media":"","overlay-type":"","overlay-color":"","overlay-opacity":"","overlay-gradient":""},"tablet":{"background-color":"","background-image":"","background-repeat":"repeat","background-position":"center center","background-size":"auto","background-attachment":"scroll","background-type":"","background-media":"","overlay-type":"","overlay-color":"","overlay-opacity":"","overlay-gradient":""},"mobile":{"background-color":"","background-image":"","background-repeat":"repeat","background-position":"center center","background-size":"auto","background-attachment":"scroll","background-type":"","background-media":"","overlay-type":"","overlay-color":"","overlay-opacity":"","overlay-gradient":""}},"ast-content-background-meta":{"desktop":{"background-color":"var(--ast-global-color-4)","background-image":"","background-repeat":"repeat","background-position":"center center","background-size":"auto","background-attachment":"scroll","background-type":"","background-media":"","overlay-type":"","overlay-color":"","overlay-opacity":"","overlay-gradient":""},"tablet":{"background-color":"var(--ast-global-color-4)","background-image":"","background-repeat":"repeat","background-position":"center center","background-size":"auto","background-attachment":"scroll","background-type":"","background-media":"","overlay-type":"","overlay-color":"","overlay-opacity":"","overlay-gradient":""},"mobile":{"background-color":"var(--ast-global-color-4)","background-image":"","background-repeat":"repeat","background-position":"center center","background-size":"auto","background-attachment":"scroll","background-type":"","background-media":"","overlay-type":"","overlay-color":"","overlay-opacity":"","overlay-gradient":""}}},"product_brand":[],"product_cat":[21,57],"product_tag":[],"class_list":{"0":"post-3208","1":"product","2":"type-product","3":"status-publish","4":"has-post-thumbnail","6":"product_cat-product","7":"product_cat-glass-vases","8":"desktop-align-left","9":"tablet-align-left","10":"mobile-align-left","12":"first","13":"instock","14":"shipping-taxable","15":"product-type-simple"},"jetpack_sharing_enabled":true,"_links":{"self":[{"href":"https:\/\/mostebglass.com\/pt\/wp-json\/wp\/v2\/product\/3208","targetHints":{"allow":["GET"]}}],"collection":[{"href":"https:\/\/mostebglass.com\/pt\/wp-json\/wp\/v2\/product"}],"about":[{"href":"https:\/\/mostebglass.com\/pt\/wp-json\/wp\/v2\/types\/product"}],"wp:featuredmedia":[{"embeddable":true,"href":"https:\/\/mostebglass.com\/pt\/wp-json\/wp\/v2\/media\/3209"}],"wp:attachment":[{"href":"https:\/\/mostebglass.com\/pt\/wp-json\/wp\/v2\/media?parent=3208"}],"wp:term":[{"taxonomy":"product_brand","embeddable":true,"href":"https:\/\/mostebglass.com\/pt\/wp-json\/wp\/v2\/product_brand?post=3208"},{"taxonomy":"product_cat","embeddable":true,"href":"https:\/\/mostebglass.com\/pt\/wp-json\/wp\/v2\/product_cat?post=3208"},{"taxonomy":"product_tag","embeddable":true,"href":"https:\/\/mostebglass.com\/pt\/wp-json\/wp\/v2\/product_tag?post=3208"}],"curies":[{"name":"wp","href":"https:\/\/api.w.org\/{rel}","templated":true}]}}