{"id":404,"date":"2025-08-13T17:48:15","date_gmt":"2025-08-13T09:48:15","guid":{"rendered":"https:\/\/mostebglass.com\/?post_type=product&#038;p=404"},"modified":"2026-03-19T18:02:29","modified_gmt":"2026-03-19T10:02:29","slug":"candle-jar-wholesale-16oz-candle-jars-bulk-supply","status":"publish","type":"product","link":"https:\/\/mostebglass.com\/pt\/candle-jar-wholesale-16oz-candle-jars-bulk-supply\/","title":{"rendered":"Potes para velas no atacado, 473 ml (16 oz) | Fornecimento em grandes quantidades de potes para velas"},"content":{"rendered":"<p>S\u00e3o potes de vidro texturizado para velas, vendidos a granel, com uma boca larga e arredondada e uma base est\u00e1vel, projetados tanto esteticamente quanto funcionalmente. As velas possuem texturas distintas que as tornam mais eficazes na difus\u00e3o da luz, conferindo aos recipientes uma imagem sofisticada, ideal para casti\u00e7ais de alto padr\u00e3o. Esses potes t\u00eam capacidade para 460 ml (16 oz) e s\u00e3o comumente usados \u200b\u200bpara armazenar velas de soja, velas arom\u00e1ticas e cole\u00e7\u00f5es de luxo para o varejo. Fabricados por um profissional de embalagens de vidro, esses potes de vidro reciclado combinam durabilidade com estilo elegante, tornando-os perfeitos para venda no atacado e fornecimento a granel de potes para velas.<\/p>\n<h2>Especifica\u00e7\u00f5es principais<\/h2>\n<table style=\"border-collapse: collapse; width: 80%; margin-left: auto; margin-right: auto;\" border=\"0\" width=\"637\" cellspacing=\"0\" cellpadding=\"0\">\n<tbody>\n<tr style=\"height: 13.50pt;\">\n<td style=\"height: 13.50pt; width: 153.00pt;\" width=\"204\" height=\"18\">Nome do produto<\/td>\n<td style=\"width: 324.75pt;\" width=\"433\">Pote de vidro com relevo para vela<\/td>\n<\/tr>\n<tr style=\"height: 13.50pt;\">\n<td style=\"height: 13.50pt;\" height=\"18\">Capacidade<\/td>\n<td>460 ml \/ 16 oz<\/td>\n<\/tr>\n<tr style=\"height: 13.50pt;\">\n<td style=\"height: 13.50pt;\" height=\"18\">Material<\/td>\n<td>Vidro s\u00f3dio-c\u00e1lcico (reciclado) sem chumbo<\/td>\n<\/tr>\n<tr style=\"height: 13.50pt;\">\n<td style=\"height: 13.50pt;\" height=\"18\">Forma<\/td>\n<td>Boca redonda e larga com base<\/td>\n<\/tr>\n<tr style=\"height: 13.50pt;\">\n<td style=\"height: 13.50pt;\" height=\"18\">Di\u00e2metro (Superior \/ Inferior)<\/td>\n<td>85 mm \/ 67 mm<\/td>\n<\/tr>\n<tr style=\"height: 13.50pt;\">\n<td style=\"height: 13.50pt;\" height=\"18\">Altura<\/td>\n<td>130 mm<\/td>\n<\/tr>\n<tr style=\"height: 13.50pt;\">\n<td style=\"height: 13.50pt;\" height=\"18\">Cor<\/td>\n<td>Limpar (personaliza\u00e7\u00e3o dispon\u00edvel)<\/td>\n<\/tr>\n<tr style=\"height: 13.50pt;\">\n<td style=\"height: 13.50pt;\" height=\"18\">Processo<\/td>\n<td>prensado \u00e0 m\u00e1quina<\/td>\n<\/tr>\n<tr style=\"height: 13.50pt;\">\n<td style=\"height: 13.50pt;\" height=\"18\">Op\u00e7\u00e3o de tampa<\/td>\n<td>Personaliz\u00e1vel<\/td>\n<\/tr>\n<tr style=\"height: 13.50pt;\">\n<td style=\"height: 13.50pt;\" height=\"18\">Aplicativo<\/td>\n<td>Vela de soja, vela perfumada, produ\u00e7\u00e3o de velas em grande escala<\/td>\n<\/tr>\n<tr style=\"height: 13.50pt;\">\n<td style=\"height: 13.50pt;\" height=\"18\">Tipo de embalagem<\/td>\n<td>Atacado e em grandes quantidades<\/td>\n<\/tr>\n<\/tbody>\n<\/table>\n<h2>Principais caracter\u00edsticas<\/h2>\n<ol>\n<li><strong>Decora\u00e7\u00e3o elegante em relevo<\/strong>A decora\u00e7\u00e3o da superf\u00edcie diferencia o produto e cria recipientes de velas de luxo sofisticados, ideais para marcas de alto padr\u00e3o.<\/li>\n<li><strong>Fabrica\u00e7\u00e3o de velas otimizada:<\/strong> A estrutura de vidro espesso garante um resfriamento uniforme e tamb\u00e9m que o l\u00edquido seja despejado de forma constante para a produ\u00e7\u00e3o de velas em grande quantidade.<\/li>\n<li><strong>Fornece com efici\u00eancia para o atacado<\/strong>O formato homog\u00eaneo e a estrutura robusta do recipiente facilitam o enchimento automatizado, a rotulagem e a produ\u00e7\u00e3o em larga escala de velas em potes para atacado.<\/li>\n<\/ol>\n<h2>Estudo de Caso de Sucesso<\/h2>\n<p>Uma marca premium de fragr\u00e2ncias para casa, sediada nos Estados Unidos, adquiriu 80.000 unidades desses potes de vela de 473 ml (16 oz) por meio do nosso programa de atacado de potes de vela. O cliente \u00e9 uma empresa h\u00edbrida de varejo direto ao consumidor (DTC) que trabalha com produtos ecol\u00f3gicos, como velas.<\/p>\n<p>Eles escolheram copos de vidro reciclado transparentes, gravaram seus pr\u00f3prios logotipos no fundo e colocaram uma tampa de madeira preta fosca em cada pote. Os potes foram utilizados em uma cole\u00e7\u00e3o sazonal de aromaterapia vendida em plataformas online e lojas boutique.<\/p>\n<p>A linha de produtos registrou um crescimento de vendas de 42% em um trimestre, gra\u00e7as ao design exclusivo dos recipientes para velas e \u00e0 atratividade superior da embalagem. Desde ent\u00e3o, o cliente fez v\u00e1rios pedidos em grande quantidade, totalizando mais de 200.000 unidades por ano.<\/p>\n<h2>Recomenda\u00e7\u00f5es de personaliza\u00e7\u00e3o para compradores B2B<\/h2>\n<ul>\n<li><strong>Decora\u00e7\u00e3o de Superf\u00edcies e Marcas<\/strong>Personalize seu casti\u00e7al com acabamento fosco, galvanizado ou serigrafado para criar uma embalagem que reflita a identidade da sua empresa.<\/li>\n<li><strong>Combina\u00e7\u00e3o de tampas<\/strong>Serve como um aprimoramento mais sofisticado do valor percebido, combinando o frasco com op\u00e7\u00f5es de tampa de madeira, metal ou vidro em ambientes de atacado e varejo em grandes quantidades.<\/li>\n<li><strong>Estrat\u00e9gia de cores\/Estrat\u00e9gia de cole\u00e7\u00e3o<\/strong>Desenvolver varia\u00e7\u00f5es de cores coordenadas para linhas de produtos sazonais ou fragr\u00e2ncias, que realcem a presen\u00e7a da marca nas prateleiras e fortale\u00e7am sua imagem.<\/li>\n<\/ul>\n<p>Essas solu\u00e7\u00f5es de embalagens a granel para velas s\u00e3o projetadas para marcas que buscam embalagens de vidro confi\u00e1veis, escal\u00e1veis \u200b\u200be visualmente diferenciadas para os mercados de velas modernos.<\/p>","protected":false},"excerpt":{"rendered":"<p>Potes para velas no atacado, para venda em grandes quantidades de potes de 473 ml (16 oz). Recipientes de vidro reciclado premium para velas, ideais para embalagens de luxo e fornecimento em grandes volumes.<\/p>","protected":false},"featured_media":4832,"template":"","meta":{"site-sidebar-layout":"default","site-content-layout":"","ast-site-content-layout":"default","site-content-style":"default","site-sidebar-style":"default","ast-global-header-display":"","ast-banner-title-visibility":"","ast-main-header-display":"","ast-hfb-above-header-display":"","ast-hfb-below-header-display":"","ast-hfb-mobile-header-display":"","site-post-title":"","ast-breadcrumbs-content":"","ast-featured-img":"","footer-sml-layout":"","theme-transparent-header-meta":"default","adv-header-id-meta":"","stick-header-meta":"","header-above-stick-meta":"","header-main-stick-meta":"","header-below-stick-meta":"","astra-migrate-meta-layouts":"set","ast-page-background-enabled":"default","ast-page-background-meta":{"desktop":{"background-color":"var(--ast-global-color-5)","background-image":"","background-repeat":"repeat","background-position":"center center","background-size":"auto","background-attachment":"scroll","background-type":"","background-media":"","overlay-type":"","overlay-color":"","overlay-opacity":"","overlay-gradient":""},"tablet":{"background-color":"","background-image":"","background-repeat":"repeat","background-position":"center center","background-size":"auto","background-attachment":"scroll","background-type":"","background-media":"","overlay-type":"","overlay-color":"","overlay-opacity":"","overlay-gradient":""},"mobile":{"background-color":"","background-image":"","background-repeat":"repeat","background-position":"center center","background-size":"auto","background-attachment":"scroll","background-type":"","background-media":"","overlay-type":"","overlay-color":"","overlay-opacity":"","overlay-gradient":""}},"ast-content-background-meta":{"desktop":{"background-color":"var(--ast-global-color-4)","background-image":"","background-repeat":"repeat","background-position":"center center","background-size":"auto","background-attachment":"scroll","background-type":"","background-media":"","overlay-type":"","overlay-color":"","overlay-opacity":"","overlay-gradient":""},"tablet":{"background-color":"var(--ast-global-color-4)","background-image":"","background-repeat":"repeat","background-position":"center center","background-size":"auto","background-attachment":"scroll","background-type":"","background-media":"","overlay-type":"","overlay-color":"","overlay-opacity":"","overlay-gradient":""},"mobile":{"background-color":"var(--ast-global-color-4)","background-image":"","background-repeat":"repeat","background-position":"center center","background-size":"auto","background-attachment":"scroll","background-type":"","background-media":"","overlay-type":"","overlay-color":"","overlay-opacity":"","overlay-gradient":""}}},"product_brand":[],"product_cat":[28,21],"product_tag":[36,35],"class_list":{"0":"post-404","1":"product","2":"type-product","3":"status-publish","4":"has-post-thumbnail","6":"product_cat-glass-candle-jars","7":"product_cat-product","8":"product_tag-candle-jars-bulk","9":"product_tag-glass-jar-candles","10":"desktop-align-left","11":"tablet-align-left","12":"mobile-align-left","14":"first","15":"instock","16":"shipping-taxable","17":"product-type-simple"},"jetpack_sharing_enabled":true,"_links":{"self":[{"href":"https:\/\/mostebglass.com\/pt\/wp-json\/wp\/v2\/product\/404","targetHints":{"allow":["GET"]}}],"collection":[{"href":"https:\/\/mostebglass.com\/pt\/wp-json\/wp\/v2\/product"}],"about":[{"href":"https:\/\/mostebglass.com\/pt\/wp-json\/wp\/v2\/types\/product"}],"wp:featuredmedia":[{"embeddable":true,"href":"https:\/\/mostebglass.com\/pt\/wp-json\/wp\/v2\/media\/4832"}],"wp:attachment":[{"href":"https:\/\/mostebglass.com\/pt\/wp-json\/wp\/v2\/media?parent=404"}],"wp:term":[{"taxonomy":"product_brand","embeddable":true,"href":"https:\/\/mostebglass.com\/pt\/wp-json\/wp\/v2\/product_brand?post=404"},{"taxonomy":"product_cat","embeddable":true,"href":"https:\/\/mostebglass.com\/pt\/wp-json\/wp\/v2\/product_cat?post=404"},{"taxonomy":"product_tag","embeddable":true,"href":"https:\/\/mostebglass.com\/pt\/wp-json\/wp\/v2\/product_tag?post=404"}],"curies":[{"name":"wp","href":"https:\/\/api.w.org\/{rel}","templated":true}]}}