{"id":414,"date":"2025-08-18T17:54:30","date_gmt":"2025-08-18T09:54:30","guid":{"rendered":"https:\/\/mostebglass.com\/?post_type=product&#038;p=414"},"modified":"2026-03-23T17:51:35","modified_gmt":"2026-03-23T09:51:35","slug":"wholesale-small-candle-containers-embossed-glass-candle-jars","status":"publish","type":"product","link":"https:\/\/mostebglass.com\/pt\/wholesale-small-candle-containers-embossed-glass-candle-jars\/","title":{"rendered":"Potes de vidro para velas de 90ml com relevo, para venda por atacado."},"content":{"rendered":"<p>Nossos pequenos recipientes para velas s\u00e3o da s\u00e9rie cil\u00edndrica, com baixo volume de 90ml e diversos padr\u00f5es em relevo em sua superf\u00edcie. Todos os recipientes s\u00e3o feitos de vidro transparente de alta qualidade com designs especiais, como losangos geom\u00e9tricos, ranhuras verticais, bolhas em c\u00edrculos ou padr\u00f5es em estilo antigo. As paredes de vidro s\u00e3o extremamente espessas para garantir maior durabilidade e conferir um toque sofisticado. O acabamento transparente permite que a luz da vela se difunda de forma elegante, proporcionando uma apar\u00eancia aconchegante e decorativa.<\/p>\n<h2>Aplicativo<\/h2>\n<p>Esses potes de vidro vazios s\u00e3o ideais para velas arom\u00e1ticas, velas votivas, amostras gr\u00e1tis e outros produtos pequenos. Podem ser usados \u200b\u200bna decora\u00e7\u00e3o de interiores e eventos, em kits para presentes e em servi\u00e7os de hotelaria com temas decorativos espec\u00edficos. Este tamanho, de 90ml, \u00e9 especialmente indicado para marcas e atacadistas que criam kits de teste, linhas promocionais ou cole\u00e7\u00f5es com alta rotatividade em lojas de varejo.<\/p>\n<h2>Especifica\u00e7\u00f5es principais<\/h2>\n<p>&nbsp;<\/p>\n<table style=\"border-collapse: collapse; width: 80%; margin-left: auto; margin-right: auto;\" border=\"0\" width=\"144\" cellspacing=\"0\" cellpadding=\"0\">\n<tbody>\n<tr style=\"height: 13.50pt;\">\n<td style=\"height: 13.50pt; width: 54.00pt;\" width=\"72\" height=\"18\">Recurso<\/td>\n<td style=\"width: 54.00pt;\" width=\"72\">Detalhes<\/td>\n<\/tr>\n<tr style=\"height: 13.50pt;\">\n<td style=\"height: 13.50pt;\" height=\"18\">Capacidade<\/td>\n<td>90ml (55 mm de di\u00e2metro, 52 mm de di\u00e2metro da base, 65 mm de altura)<\/td>\n<\/tr>\n<tr style=\"height: 13.50pt;\">\n<td style=\"height: 13.50pt;\" height=\"18\">Peso<\/td>\n<td>120g<\/td>\n<\/tr>\n<tr style=\"height: 13.50pt;\">\n<td style=\"height: 13.50pt;\" height=\"18\">Padr\u00f5es<\/td>\n<td>Caracol, Pontilhado, Diamante, Vertical, Dente-de-le\u00e3o, Espiral, Girassol, Pontos Retangulares, Em Forma de Leque, Pontos Verticais<\/td>\n<\/tr>\n<tr style=\"height: 13.50pt;\">\n<td style=\"height: 13.50pt;\" height=\"18\">Material<\/td>\n<td>Vidro s\u00f3dio-c\u00e1lcico<\/td>\n<\/tr>\n<tr style=\"height: 13.50pt;\">\n<td style=\"height: 13.50pt;\" height=\"18\">Op\u00e7\u00f5es de personaliza\u00e7\u00e3o<\/td>\n<td>Cor, Logotipo, Tampa, Formato, Tamanho, Caixa de Embalagem<\/td>\n<\/tr>\n<\/tbody>\n<\/table>\n<h2>Caracter\u00edsticas do produto<\/h2>\n<ul>\n<li data-section-id=\"15qnsrz\" data-start=\"867\" data-end=\"932\">Variedade de padr\u00f5es em relevo para linhas de produtos diferenciadas<\/li>\n<li data-section-id=\"1itew8e\" data-start=\"933\" data-end=\"1000\">Capacidade compacta de 90ml, ideal para velas de viagem e amostras.<\/li>\n<li data-section-id=\"12u51z5\" data-start=\"1001\" data-end=\"1056\">Vidro espesso e resistente com excelente difus\u00e3o de luz.<\/li>\n<\/ul>\n<h2>Dicas de personaliza\u00e7\u00e3o<\/h2>\n<ol>\n<li><strong>Tampa\/Embalagem\/Etiqueta<\/strong>Agregue valor ao produto fornecendo acess\u00f3rios e op\u00e7\u00f5es de embalagem sob medida \u2013 tampas personalizadas (metal, bambu, madeira, corti\u00e7a), embalagens internas (almofadas de espuma, caixas de papel kraft, conjuntos para presente), kits com v\u00e1rios potes (para varejo ou promo\u00e7\u00e3o).<\/li>\n<li><strong>Embalagens interativas para atacadistas de potes de velas:<\/strong>Adicione um c\u00f3digo QR na caixa da sua vela, com um link para a hist\u00f3ria da sua marca ou para um tutorial sobre velas. Isso n\u00e3o s\u00f3 orienta os consumidores, como tamb\u00e9m constr\u00f3i confian\u00e7a na sua marca.<\/li>\n<\/ol>","protected":false},"excerpt":{"rendered":"<p>Descubra recipientes pequenos de 90ml para velas com designs em relevo. Essas op\u00e7\u00f5es de potes vazios para velas s\u00e3o ideais para velas perfumadas, kits para presente e personaliza\u00e7\u00e3o no atacado para marcas.<\/p>","protected":false},"featured_media":4878,"template":"","meta":{"site-sidebar-layout":"default","site-content-layout":"","ast-site-content-layout":"default","site-content-style":"default","site-sidebar-style":"default","ast-global-header-display":"","ast-banner-title-visibility":"","ast-main-header-display":"","ast-hfb-above-header-display":"","ast-hfb-below-header-display":"","ast-hfb-mobile-header-display":"","site-post-title":"","ast-breadcrumbs-content":"","ast-featured-img":"","footer-sml-layout":"","theme-transparent-header-meta":"default","adv-header-id-meta":"","stick-header-meta":"","header-above-stick-meta":"","header-main-stick-meta":"","header-below-stick-meta":"","astra-migrate-meta-layouts":"set","ast-page-background-enabled":"default","ast-page-background-meta":{"desktop":{"background-color":"var(--ast-global-color-5)","background-image":"","background-repeat":"repeat","background-position":"center center","background-size":"auto","background-attachment":"scroll","background-type":"","background-media":"","overlay-type":"","overlay-color":"","overlay-opacity":"","overlay-gradient":""},"tablet":{"background-color":"","background-image":"","background-repeat":"repeat","background-position":"center center","background-size":"auto","background-attachment":"scroll","background-type":"","background-media":"","overlay-type":"","overlay-color":"","overlay-opacity":"","overlay-gradient":""},"mobile":{"background-color":"","background-image":"","background-repeat":"repeat","background-position":"center center","background-size":"auto","background-attachment":"scroll","background-type":"","background-media":"","overlay-type":"","overlay-color":"","overlay-opacity":"","overlay-gradient":""}},"ast-content-background-meta":{"desktop":{"background-color":"var(--ast-global-color-4)","background-image":"","background-repeat":"repeat","background-position":"center center","background-size":"auto","background-attachment":"scroll","background-type":"","background-media":"","overlay-type":"","overlay-color":"","overlay-opacity":"","overlay-gradient":""},"tablet":{"background-color":"var(--ast-global-color-4)","background-image":"","background-repeat":"repeat","background-position":"center center","background-size":"auto","background-attachment":"scroll","background-type":"","background-media":"","overlay-type":"","overlay-color":"","overlay-opacity":"","overlay-gradient":""},"mobile":{"background-color":"var(--ast-global-color-4)","background-image":"","background-repeat":"repeat","background-position":"center center","background-size":"auto","background-attachment":"scroll","background-type":"","background-media":"","overlay-type":"","overlay-color":"","overlay-opacity":"","overlay-gradient":""}}},"product_brand":[],"product_cat":[28,21],"product_tag":[39,40],"class_list":{"0":"post-414","1":"product","2":"type-product","3":"status-publish","4":"has-post-thumbnail","6":"product_cat-glass-candle-jars","7":"product_cat-product","8":"product_tag-candle-jar","9":"product_tag-empty-candle-jar","10":"desktop-align-left","11":"tablet-align-left","12":"mobile-align-left","14":"first","15":"instock","16":"shipping-taxable","17":"product-type-simple"},"jetpack_sharing_enabled":true,"_links":{"self":[{"href":"https:\/\/mostebglass.com\/pt\/wp-json\/wp\/v2\/product\/414","targetHints":{"allow":["GET"]}}],"collection":[{"href":"https:\/\/mostebglass.com\/pt\/wp-json\/wp\/v2\/product"}],"about":[{"href":"https:\/\/mostebglass.com\/pt\/wp-json\/wp\/v2\/types\/product"}],"wp:featuredmedia":[{"embeddable":true,"href":"https:\/\/mostebglass.com\/pt\/wp-json\/wp\/v2\/media\/4878"}],"wp:attachment":[{"href":"https:\/\/mostebglass.com\/pt\/wp-json\/wp\/v2\/media?parent=414"}],"wp:term":[{"taxonomy":"product_brand","embeddable":true,"href":"https:\/\/mostebglass.com\/pt\/wp-json\/wp\/v2\/product_brand?post=414"},{"taxonomy":"product_cat","embeddable":true,"href":"https:\/\/mostebglass.com\/pt\/wp-json\/wp\/v2\/product_cat?post=414"},{"taxonomy":"product_tag","embeddable":true,"href":"https:\/\/mostebglass.com\/pt\/wp-json\/wp\/v2\/product_tag?post=414"}],"curies":[{"name":"wp","href":"https:\/\/api.w.org\/{rel}","templated":true}]}}