{"id":424,"date":"2025-08-14T17:38:02","date_gmt":"2025-08-14T09:38:02","guid":{"rendered":"https:\/\/mostebglass.com\/?post_type=product&#038;p=424"},"modified":"2026-02-09T12:02:29","modified_gmt":"2026-02-09T04:02:29","slug":"190ml-diamond-cut-glass-vessels-candle-drinkware-solution","status":"publish","type":"product","link":"https:\/\/mostebglass.com\/pt\/190ml-diamond-cut-glass-vessels-candle-drinkware-solution\/","title":{"rendered":"Recipientes de vidro lapidado em diamante de 190 ml | Solu\u00e7\u00e3o para velas e bebidas"},"content":{"rendered":"<p>Este recipiente de vidro de 190 ml \u00e9 feito de vidro s\u00f3dio-c\u00e1lcico sem chumbo, com formato cil\u00edndrico e laterais retas, al\u00e9m de uma base espessa e est\u00e1vel. A parte externa possui um acabamento texturizado diamantado, que proporciona excelente ader\u00eancia e um efeito de reflexo de luz. O corpo de vidro transparente foi posicionado de forma a conferir maior profundidade e interesse ao design, permitindo a passagem da luz da vela quando utilizado como suporte para velas.<\/p>\n<h2>Aplicativo<\/h2>\n<p>Seu material \u00e9 seguro para contato com alimentos e livre de chumbo, e seu formato \u00e9 confort\u00e1vel, podendo ser reutilizado como copo de u\u00edsque ou coquetel ap\u00f3s a devida limpeza, sendo, portanto, sustent\u00e1vel e multifuncional. \u00c9 ideal para velas arom\u00e1ticas, velas decorativas, kits para presente, decora\u00e7\u00e3o de interiores, ambientes de hotelaria e cole\u00e7\u00f5es de marcas ecologicamente conscientes que prezam pela uni\u00e3o entre forma e funcionalidade.<\/p>\n<h2>Caracter\u00edsticas do produto<\/h2>\n<p><strong>Textura em favo de mel para apelo t\u00e1til:\u00a0<\/strong>A grade hexagonal 3D adiciona interesse visual e, ao mesmo tempo, oferece uma superf\u00edcie antiderrapante para equilibrar o recipiente da vela.<\/p>\n<p><strong>Design multifuncional para maior flexibilidade:\u00a0<\/strong>Pode ser usado como recipiente para velas, \u00f3leos essenciais ou para armazenamento decorativo \u2014 sua adaptabilidade o torna um item desejado por fabricantes de velas que buscam arte funcional.<\/p>\n<h2>Especifica\u00e7\u00f5es principais<\/h2>\n<table style=\"border-collapse: collapse; width: 80%; margin-left: auto; margin-right: auto;\" border=\"0\" width=\"144\" cellspacing=\"0\" cellpadding=\"0\">\n<tbody>\n<tr style=\"height: 13.50pt;\">\n<td style=\"height: 13.50pt; width: 54.00pt;\" width=\"72\" height=\"18\">Recurso<\/td>\n<td style=\"width: 54.00pt;\" width=\"72\">Detalhes<\/td>\n<\/tr>\n<tr style=\"height: 13.50pt;\">\n<td style=\"height: 13.50pt;\" height=\"18\">Capacidade<\/td>\n<td>190ml<\/td>\n<\/tr>\n<tr style=\"height: 13.50pt;\">\n<td style=\"height: 13.50pt;\" height=\"18\">Padr\u00e3o<\/td>\n<td>Grade em favo de mel (textura 3D)<\/td>\n<\/tr>\n<tr style=\"height: 13.50pt;\">\n<td style=\"height: 13.50pt;\" height=\"18\">Dimens\u00f5es<\/td>\n<td>70*70*75 mm<\/td>\n<\/tr>\n<tr style=\"height: 13.50pt;\">\n<td style=\"height: 13.50pt;\" height=\"18\">Material<\/td>\n<td>Vidro s\u00f3dio-c\u00e1lcico sem chumbo<\/td>\n<\/tr>\n<tr style=\"height: 13.50pt;\">\n<td style=\"height: 13.50pt;\" height=\"18\">Cor<\/td>\n<td>Transparente e na sua cor personalizada.<\/td>\n<\/tr>\n<\/tbody>\n<\/table>\n<h2>Dicas avan\u00e7adas de personaliza\u00e7\u00e3o<\/h2>\n<ol>\n<li><strong>Sistemas empilh\u00e1veis \u200b\u200bem formato de colmeia:<\/strong>Projete tampas para potes de velas com bordas que se encaixam para que os potes possam ser empilhados verticalmente. Este truque para economizar espa\u00e7o \u00e9 ideal para consumidores atacadistas de velas que precisam de latas compactas para guardar na garagem, sem abrir m\u00e3o do estilo.<\/li>\n<li><strong>Embalagem interativa:<\/strong>Adicione um c\u00f3digo QR na tampa do frasco de vela com um link para um tutorial sobre como completar e reutilizar os frascos. Isso educa os clientes e aumenta a confian\u00e7a nos seus incr\u00edveis frascos de vela.<\/li>\n<\/ol>","protected":false},"excerpt":{"rendered":"<p>Recipiente de vidro premium de 190ml, sem chumbo, com textura lapidada em diamante, ideal para vendas no atacado. Perfeito para velas, coquet\u00e9is, decora\u00e7\u00e3o e kits para presente. Reutiliz\u00e1vel, elegante e ecol\u00f3gico.<\/p>","protected":false},"featured_media":426,"template":"","meta":{"site-sidebar-layout":"default","site-content-layout":"","ast-site-content-layout":"default","site-content-style":"default","site-sidebar-style":"default","ast-global-header-display":"","ast-banner-title-visibility":"","ast-main-header-display":"","ast-hfb-above-header-display":"","ast-hfb-below-header-display":"","ast-hfb-mobile-header-display":"","site-post-title":"","ast-breadcrumbs-content":"","ast-featured-img":"","footer-sml-layout":"","theme-transparent-header-meta":"default","adv-header-id-meta":"","stick-header-meta":"","header-above-stick-meta":"","header-main-stick-meta":"","header-below-stick-meta":"","astra-migrate-meta-layouts":"set","ast-page-background-enabled":"default","ast-page-background-meta":{"desktop":{"background-color":"var(--ast-global-color-5)","background-image":"","background-repeat":"repeat","background-position":"center center","background-size":"auto","background-attachment":"scroll","background-type":"","background-media":"","overlay-type":"","overlay-color":"","overlay-opacity":"","overlay-gradient":""},"tablet":{"background-color":"","background-image":"","background-repeat":"repeat","background-position":"center center","background-size":"auto","background-attachment":"scroll","background-type":"","background-media":"","overlay-type":"","overlay-color":"","overlay-opacity":"","overlay-gradient":""},"mobile":{"background-color":"","background-image":"","background-repeat":"repeat","background-position":"center center","background-size":"auto","background-attachment":"scroll","background-type":"","background-media":"","overlay-type":"","overlay-color":"","overlay-opacity":"","overlay-gradient":""}},"ast-content-background-meta":{"desktop":{"background-color":"var(--ast-global-color-4)","background-image":"","background-repeat":"repeat","background-position":"center center","background-size":"auto","background-attachment":"scroll","background-type":"","background-media":"","overlay-type":"","overlay-color":"","overlay-opacity":"","overlay-gradient":""},"tablet":{"background-color":"var(--ast-global-color-4)","background-image":"","background-repeat":"repeat","background-position":"center center","background-size":"auto","background-attachment":"scroll","background-type":"","background-media":"","overlay-type":"","overlay-color":"","overlay-opacity":"","overlay-gradient":""},"mobile":{"background-color":"var(--ast-global-color-4)","background-image":"","background-repeat":"repeat","background-position":"center center","background-size":"auto","background-attachment":"scroll","background-type":"","background-media":"","overlay-type":"","overlay-color":"","overlay-opacity":"","overlay-gradient":""}}},"product_brand":[],"product_cat":[28,21],"product_tag":[43,45],"class_list":{"0":"post-424","1":"product","2":"type-product","3":"status-publish","4":"has-post-thumbnail","6":"product_cat-glass-candle-jars","7":"product_cat-product","8":"product_tag-candles-jars","9":"product_tag-unique-jar-candles","10":"desktop-align-left","11":"tablet-align-left","12":"mobile-align-left","14":"first","15":"instock","16":"shipping-taxable","17":"product-type-simple"},"jetpack_sharing_enabled":true,"_links":{"self":[{"href":"https:\/\/mostebglass.com\/pt\/wp-json\/wp\/v2\/product\/424","targetHints":{"allow":["GET"]}}],"collection":[{"href":"https:\/\/mostebglass.com\/pt\/wp-json\/wp\/v2\/product"}],"about":[{"href":"https:\/\/mostebglass.com\/pt\/wp-json\/wp\/v2\/types\/product"}],"wp:featuredmedia":[{"embeddable":true,"href":"https:\/\/mostebglass.com\/pt\/wp-json\/wp\/v2\/media\/426"}],"wp:attachment":[{"href":"https:\/\/mostebglass.com\/pt\/wp-json\/wp\/v2\/media?parent=424"}],"wp:term":[{"taxonomy":"product_brand","embeddable":true,"href":"https:\/\/mostebglass.com\/pt\/wp-json\/wp\/v2\/product_brand?post=424"},{"taxonomy":"product_cat","embeddable":true,"href":"https:\/\/mostebglass.com\/pt\/wp-json\/wp\/v2\/product_cat?post=424"},{"taxonomy":"product_tag","embeddable":true,"href":"https:\/\/mostebglass.com\/pt\/wp-json\/wp\/v2\/product_tag?post=424"}],"curies":[{"name":"wp","href":"https:\/\/api.w.org\/{rel}","templated":true}]}}