{"id":4521,"date":"2026-02-28T15:44:08","date_gmt":"2026-02-28T07:44:08","guid":{"rendered":"https:\/\/mostebglass.com\/?post_type=product&#038;p=4521"},"modified":"2026-02-28T15:51:22","modified_gmt":"2026-02-28T07:51:22","slug":"dual-use-colored-glass-candle-stand-holders-bulk","status":"publish","type":"product","link":"https:\/\/mostebglass.com\/pt\/dual-use-colored-glass-candle-stand-holders-bulk\/","title":{"rendered":"Suportes de vidro colorido para velas de uso duplo - Pacote com v\u00e1rias unidades"},"content":{"rendered":"<p>A s\u00e9rie consiste em um recipiente de vidro de dupla fun\u00e7\u00e3o (suporte para vela e recipiente para vela) com uma base escultural canelada e robusta, e a parte superior com ranhuras verticais. A linha de produtos apresenta diversas varia\u00e7\u00f5es estruturais, com formatos escalonados, cil\u00edndricos e ligeiramente alargados, todos com uma forma geom\u00e9trica harmoniosa. A superf\u00edcie \u00e9 finalizada com texturas lineares em relevo que contribuem para a refra\u00e7\u00e3o da luz e proporcionam um brilho suave quando as velas est\u00e3o acesas.<\/p>\n<figure id=\"attachment_4526\" aria-describedby=\"caption-attachment-4526\" style=\"width: 500px\" class=\"wp-caption aligncenter\"><img fetchpriority=\"high\" decoding=\"async\" class=\"wp-image-4526\" title=\"Casti\u00e7ais de vidro\" src=\"https:\/\/mostebglass.com\/wp-content\/uploads\/2026\/02\/glass-Candle-Stand-Holders.webp\" alt=\"Casti\u00e7ais de vidro\" width=\"500\" height=\"500\" srcset=\"https:\/\/mostebglass.com\/wp-content\/uploads\/2026\/02\/glass-Candle-Stand-Holders.webp 1024w, https:\/\/mostebglass.com\/wp-content\/uploads\/2026\/02\/glass-Candle-Stand-Holders-768x768.webp 768w, https:\/\/mostebglass.com\/wp-content\/uploads\/2026\/02\/glass-Candle-Stand-Holders-12x12.webp 12w, https:\/\/mostebglass.com\/wp-content\/uploads\/2026\/02\/glass-Candle-Stand-Holders-300x300.webp 300w, https:\/\/mostebglass.com\/wp-content\/uploads\/2026\/02\/glass-Candle-Stand-Holders-600x600.webp 600w, https:\/\/mostebglass.com\/wp-content\/uploads\/2026\/02\/glass-Candle-Stand-Holders-100x100.webp 100w\" sizes=\"(max-width: 500px) 100vw, 500px\" \/><figcaption id=\"caption-attachment-4526\" class=\"wp-caption-text\">casti\u00e7ais de vidro \u00e2mbar<\/figcaption><\/figure>\n<p>As varia\u00e7\u00f5es de cor incluem, entre outras, transparente e brilhante, quente e aconchegante, dispon\u00edveis em vidro transparente, rosa, \u00e2mbar, verde e cinza. A espessura do vidro confere estabilidade e durabilidade ao produto.<\/p>\n<h2>Especifica\u00e7\u00f5es principais<\/h2>\n<table style=\"border-collapse: collapse; width: 80%; margin-left: auto; margin-right: auto;\" border=\"0\" width=\"80%\" cellspacing=\"0\" cellpadding=\"0\">\n<tbody>\n<tr style=\"height: 13.50pt;\">\n<td style=\"height: 13.50pt; width: 137.25pt;\" width=\"183\" height=\"18\">Caracter\u00edsticas<\/td>\n<td style=\"width: 270.00pt;\" width=\"360\">Dispon\u00edvel em ambas as extremidades<\/td>\n<\/tr>\n<tr style=\"height: 13.50pt;\">\n<td style=\"height: 13.50pt;\" height=\"18\">Forma<\/td>\n<td>Redondo<\/td>\n<\/tr>\n<tr style=\"height: 13.50pt;\">\n<td style=\"height: 13.50pt;\" height=\"18\">Material<\/td>\n<td>Vidro de s\u00f3dio-c\u00e1lcio sem chumbo<\/td>\n<\/tr>\n<tr style=\"height: 13.50pt;\">\n<td style=\"height: 13.50pt;\" height=\"18\">Estilo<\/td>\n<td>moderno<\/td>\n<\/tr>\n<tr style=\"height: 13.50pt;\">\n<td style=\"height: 13.50pt;\" height=\"18\">Tamanho<\/td>\n<td>A imagem acima est\u00e1 legendada.<\/td>\n<\/tr>\n<tr style=\"height: 13.50pt;\">\n<td style=\"height: 13.50pt;\" height=\"18\">Tratamento de superf\u00edcie<\/td>\n<td>Em relevo<\/td>\n<\/tr>\n<tr style=\"height: 13.50pt;\">\n<td style=\"height: 13.50pt;\" height=\"18\">Cores<\/td>\n<td>Transparente, \u00e2mbar, verde, rosa, cinza<\/td>\n<\/tr>\n<tr style=\"height: 13.50pt;\">\n<td style=\"height: 13.50pt;\" height=\"18\">Op\u00e7\u00f5es de personaliza\u00e7\u00e3o<\/td>\n<td>Cor, tamanho, logotipo, acess\u00f3rios, embalagem<\/td>\n<\/tr>\n<\/tbody>\n<\/table>\n<h2>Aplica\u00e7\u00f5es<\/h2>\n<p>Este programa de televis\u00e3o tem dois objetivos. Um deles apresenta velas de pilar ou velas em pequenos recipientes, e o outro, velas c\u00f4nicas, que podem ser usadas para atender \u00e0s necessidades de um estilo vers\u00e1til em decora\u00e7\u00e3o de casa, eventos de hotelaria, casamentos e decora\u00e7\u00f5es sazonais. A textura ornamental e a diversidade de cores tornam os produtos funcionais para marcas de velas, lojas de artigos para o lar, cole\u00e7\u00f5es de presentes e projetos de decora\u00e7\u00e3o para eventos.<\/p>\n<h2>Sugest\u00f5es para compradores B2B: Personaliza\u00e7\u00e3o<\/h2>\n<ul>\n<li>Grava\u00e7\u00e3o, relevo ou serigrafia do logotipo.<\/li>\n<li>Caixas de papel\u00e3o com a marca da empresa, embalagens personalizadas (caixa de presente, encarte, caixa) e caixas de presente, embalagens personalizadas (caixa de presente, encarte, caixa).<\/li>\n<li>A dimens\u00e3o da demanda varia de acordo com o tamanho de determinadas velas.<\/li>\n<li>Cole\u00e7\u00f5es para o varejo. Desenvolvimento de marcas pr\u00f3prias.<\/li>\n<\/ul>\n<p>Esta s\u00e9rie privilegia tanto a exposi\u00e7\u00e3o est\u00e9tica no ponto de venda quanto a funcionalidade dos casti\u00e7ais, proporcionando excelente distin\u00e7\u00e3o visual para propriet\u00e1rios de marcas e atacadistas.<\/p>","protected":false},"excerpt":{"rendered":"<p>Suportes de vidro multiuso para velas, nas cores transparente, rosa, \u00e2mbar, verde e cinza. Adequados para velas cil\u00edndricas e c\u00f4nicas. Ideais para o varejo, decora\u00e7\u00e3o e projetos de marca pr\u00f3pria.<\/p>","protected":false},"featured_media":4522,"template":"","meta":{"site-sidebar-layout":"default","site-content-layout":"","ast-site-content-layout":"default","site-content-style":"default","site-sidebar-style":"default","ast-global-header-display":"","ast-banner-title-visibility":"","ast-main-header-display":"","ast-hfb-above-header-display":"","ast-hfb-below-header-display":"","ast-hfb-mobile-header-display":"","site-post-title":"","ast-breadcrumbs-content":"","ast-featured-img":"","footer-sml-layout":"","theme-transparent-header-meta":"default","adv-header-id-meta":"","stick-header-meta":"","header-above-stick-meta":"","header-main-stick-meta":"","header-below-stick-meta":"","astra-migrate-meta-layouts":"set","ast-page-background-enabled":"default","ast-page-background-meta":{"desktop":{"background-color":"var(--ast-global-color-5)","background-image":"","background-repeat":"repeat","background-position":"center center","background-size":"auto","background-attachment":"scroll","background-type":"","background-media":"","overlay-type":"","overlay-color":"","overlay-opacity":"","overlay-gradient":""},"tablet":{"background-color":"","background-image":"","background-repeat":"repeat","background-position":"center center","background-size":"auto","background-attachment":"scroll","background-type":"","background-media":"","overlay-type":"","overlay-color":"","overlay-opacity":"","overlay-gradient":""},"mobile":{"background-color":"","background-image":"","background-repeat":"repeat","background-position":"center center","background-size":"auto","background-attachment":"scroll","background-type":"","background-media":"","overlay-type":"","overlay-color":"","overlay-opacity":"","overlay-gradient":""}},"ast-content-background-meta":{"desktop":{"background-color":"var(--ast-global-color-4)","background-image":"","background-repeat":"repeat","background-position":"center center","background-size":"auto","background-attachment":"scroll","background-type":"","background-media":"","overlay-type":"","overlay-color":"","overlay-opacity":"","overlay-gradient":""},"tablet":{"background-color":"var(--ast-global-color-4)","background-image":"","background-repeat":"repeat","background-position":"center center","background-size":"auto","background-attachment":"scroll","background-type":"","background-media":"","overlay-type":"","overlay-color":"","overlay-opacity":"","overlay-gradient":""},"mobile":{"background-color":"var(--ast-global-color-4)","background-image":"","background-repeat":"repeat","background-position":"center center","background-size":"auto","background-attachment":"scroll","background-type":"","background-media":"","overlay-type":"","overlay-color":"","overlay-opacity":"","overlay-gradient":""}}},"product_brand":[],"product_cat":[28,21],"product_tag":[],"class_list":{"0":"post-4521","1":"product","2":"type-product","3":"status-publish","4":"has-post-thumbnail","6":"product_cat-glass-candle-jars","7":"product_cat-product","8":"desktop-align-left","9":"tablet-align-left","10":"mobile-align-left","12":"first","13":"instock","14":"shipping-taxable","15":"product-type-simple"},"jetpack_sharing_enabled":true,"_links":{"self":[{"href":"https:\/\/mostebglass.com\/pt\/wp-json\/wp\/v2\/product\/4521","targetHints":{"allow":["GET"]}}],"collection":[{"href":"https:\/\/mostebglass.com\/pt\/wp-json\/wp\/v2\/product"}],"about":[{"href":"https:\/\/mostebglass.com\/pt\/wp-json\/wp\/v2\/types\/product"}],"wp:featuredmedia":[{"embeddable":true,"href":"https:\/\/mostebglass.com\/pt\/wp-json\/wp\/v2\/media\/4522"}],"wp:attachment":[{"href":"https:\/\/mostebglass.com\/pt\/wp-json\/wp\/v2\/media?parent=4521"}],"wp:term":[{"taxonomy":"product_brand","embeddable":true,"href":"https:\/\/mostebglass.com\/pt\/wp-json\/wp\/v2\/product_brand?post=4521"},{"taxonomy":"product_cat","embeddable":true,"href":"https:\/\/mostebglass.com\/pt\/wp-json\/wp\/v2\/product_cat?post=4521"},{"taxonomy":"product_tag","embeddable":true,"href":"https:\/\/mostebglass.com\/pt\/wp-json\/wp\/v2\/product_tag?post=4521"}],"curies":[{"name":"wp","href":"https:\/\/api.w.org\/{rel}","templated":true}]}}