{"id":463,"date":"2025-08-15T17:57:03","date_gmt":"2025-08-15T09:57:03","guid":{"rendered":"https:\/\/mostebglass.com\/?post_type=product&#038;p=463"},"modified":"2026-03-24T17:19:24","modified_gmt":"2026-03-24T09:19:24","slug":"wholesale-embossed-glass-candle-jars-custom-candle-vessel-supplier","status":"publish","type":"product","link":"https:\/\/mostebglass.com\/pt\/wholesale-embossed-glass-candle-jars-custom-candle-vessel-supplier\/","title":{"rendered":"Potes de vidro texturizado para velas no atacado | Fornecedor de recipientes personalizados para velas"},"content":{"rendered":"<p>Decore seu ambiente com nossos potes de vidro texturizado de alta qualidade para velas. Esta cole\u00e7\u00e3o est\u00e1 dispon\u00edvel em dois tamanhos vers\u00e1teis, 145ml e 225ml, e apresenta quatro padr\u00f5es entrela\u00e7ados diferentes: Girassol, Nuvem Oriental, Floral Delicado e Renda Cl\u00e1ssica. Cada pote possui uma borda ondulada exclusiva, que confere um toque vintage a qualquer ambiente.<\/p>\n<h2>Caracter\u00edsticas<\/h2>\n<ol>\n<li><strong>Vidro de alta transpar\u00eancia<\/strong>Estes potes de vidro em relevo para velas s\u00e3o feitos de vidro transparente, sem chumbo e da mais alta qualidade, para refletir a natureza quente da chama da vela.<\/li>\n<li><strong>Texturas complexas<\/strong>Os padr\u00f5es s\u00e3o fortemente em relevo, conferindo ao produto uma ader\u00eancia antiderrapante e um requintado efeito de luz e sombra quando iluminado.<\/li>\n<li><strong>Detalhes est\u00e9ticos<\/strong>A borda ondulada e recortada confere um contorno distinto em compara\u00e7\u00e3o com os potes comuns de borda plana.<\/li>\n<\/ol>\n<h2>Especifica\u00e7\u00f5es principais<\/h2>\n<table style=\"border-collapse: collapse; width: 80%; margin-left: auto; margin-right: auto;\" border=\"0\" width=\"144\" cellspacing=\"0\" cellpadding=\"0\">\n<tbody>\n<tr style=\"height: 13.50pt;\">\n<td style=\"height: 13.50pt; width: 30%;\" width=\"72\" height=\"18\">Recurso<\/td>\n<td style=\"width: 54.00pt;\" width=\"72\">Detalhes<\/td>\n<\/tr>\n<tr style=\"height: 13.50pt;\">\n<td style=\"height: 13.50pt;\" height=\"18\">145ml<\/td>\n<td>Di\u00e2metro da borda: 65 mm, di\u00e2metro da base: 60 mm, altura: 75 mm.<\/td>\n<\/tr>\n<tr style=\"height: 13.50pt;\">\n<td style=\"height: 13.50pt;\" height=\"18\">225ml<\/td>\n<td>Di\u00e2metro da borda: 75 mm, di\u00e2metro da base: 72 mm, altura: 90 mm.<\/td>\n<\/tr>\n<tr style=\"height: 13.50pt;\">\n<td style=\"height: 13.50pt;\" height=\"18\">Padr\u00f5es<\/td>\n<td>Borda Girassol, Borda Raio de Sol<\/td>\n<\/tr>\n<tr style=\"height: 13.50pt;\">\n<td style=\"height: 13.50pt;\" height=\"18\">Acabamento da superf\u00edcie<\/td>\n<td>Al\u00edvio<\/td>\n<\/tr>\n<tr style=\"height: 13.50pt;\">\n<td style=\"height: 13.50pt;\" height=\"18\">Material<\/td>\n<td>Vidro s\u00f3dio-c\u00e1lcico<\/td>\n<\/tr>\n<tr style=\"height: 13.50pt;\">\n<td style=\"height: 13.50pt;\" height=\"18\">Op\u00e7\u00f5es de personaliza\u00e7\u00e3o<\/td>\n<td>Cor, tampa, tamanho, caixa de embalagem, logotipo, etc.<\/td>\n<\/tr>\n<\/tbody>\n<\/table>\n<h2>Aplica\u00e7\u00f5es e Versatilidade<\/h2>\n<ul>\n<li><strong>Fabrica\u00e7\u00e3o profissional de velas<\/strong>Ideal para projetos caseiros de fa\u00e7a voc\u00ea mesmo com velas de cera de soja, cera de abelha ou parafina.<\/li>\n<li><strong>Decora\u00e7\u00e3o para casa<\/strong>Lindamente confeccionada para ser usada como pe\u00e7a decorativa por si s\u00f3 em lareiras, mesas de centro e mesas de cabeceira.<\/li>\n<li><strong>Armazenamento multiuso<\/strong>Ap\u00f3s o uso da vela, estes potes de vidro com relevo podem ser reutilizados como elegantes porta-pinc\u00e9is de maquiagem, porta-joias ou porta-objetos de papelaria no escrit\u00f3rio.<\/li>\n<li><strong>Presentes e Eventos<\/strong>Os melhores itens para casamento, spa ou decora\u00e7\u00e3o de mesa para as festas de fim de ano.<\/li>\n<\/ul>\n<figure id=\"attachment_4899\" aria-describedby=\"caption-attachment-4899\" style=\"width: 500px\" class=\"wp-caption aligncenter\"><img fetchpriority=\"high\" decoding=\"async\" class=\"wp-image-4899\" src=\"https:\/\/mostebglass.com\/wp-content\/uploads\/2025\/08\/glass-Vintage-Scalloped-Votives.webp\" alt=\"Casti\u00e7ais vintage de vidro com borda ondulada\" width=\"500\" height=\"500\" srcset=\"https:\/\/mostebglass.com\/wp-content\/uploads\/2025\/08\/glass-Vintage-Scalloped-Votives.webp 1024w, https:\/\/mostebglass.com\/wp-content\/uploads\/2025\/08\/glass-Vintage-Scalloped-Votives-768x768.webp 768w, https:\/\/mostebglass.com\/wp-content\/uploads\/2025\/08\/glass-Vintage-Scalloped-Votives-12x12.webp 12w, https:\/\/mostebglass.com\/wp-content\/uploads\/2025\/08\/glass-Vintage-Scalloped-Votives-300x300.webp 300w, https:\/\/mostebglass.com\/wp-content\/uploads\/2025\/08\/glass-Vintage-Scalloped-Votives-600x600.webp 600w, https:\/\/mostebglass.com\/wp-content\/uploads\/2025\/08\/glass-Vintage-Scalloped-Votives-100x100.webp 100w\" sizes=\"(max-width: 500px) 100vw, 500px\" \/><figcaption id=\"caption-attachment-4899\" class=\"wp-caption-text\">Casti\u00e7ais vintage personaliz\u00e1veis \u200b\u200bcom bordas onduladas<\/figcaption><\/figure>\n<h2>Dicas de personaliza\u00e7\u00e3o para empresas<\/h2>\n<p>No caso de clientes B2B, a personaliza\u00e7\u00e3o transformaria um envio gen\u00e9rico em um produto com a marca da empresa. Estes s\u00e3o os dois planos de personaliza\u00e7\u00e3o profissional da sua linha de potes de vidro para velas (145ml e 225ml) que ajudam seus clientes a agregar mais valor ao seu mercado.<\/p>\n<h3>Solu\u00e7\u00f5es personalizadas de tampas e identidade visual da Functional Elegance (Eleg\u00e2ncia Funcional):<\/h3>\n<p>Como esses casti\u00e7ais antigos com borda ondulada possuem um formato caracter\u00edstico, a tampa deve ser projetada especificamente para se encaixar perfeitamente e complementar o visual vintage.<\/p>\n<ol>\n<li><strong>Variedade de materiais<\/strong>Madeira ecol\u00f3gica: Venda tampas de bambu, ac\u00e1cia ou faia com juntas de silicone. Estas s\u00e3o muito procuradas no mercado de velas org\u00e2nicas e de beleza natural.<\/li>\n<li><strong>Acabamentos met\u00e1licos<\/strong>As tampas met\u00e1licas est\u00e3o dispon\u00edveis em dourado eletrodepositado, ouro rosa ou preto fosco, conferindo um visual sofisticado e luxuoso.<\/li>\n<li><strong>Identidade visual: Grava\u00e7\u00e3o a laser<\/strong>Marca\u00e7\u00e3o permanente e de alta precis\u00e3o do logotipo em tampas de madeira.<\/li>\n<li><strong>Logotipos em relevo\/baixo-relevo<\/strong>Essas tampas de metal s\u00e3o moldadas sob medida e trazem o logotipo da marca do cliente gravado no pr\u00f3prio metal.<\/li>\n<li><strong>Valor B2B<\/strong>As tampas proporcionar\u00e3o a reten\u00e7\u00e3o necess\u00e1ria da fragr\u00e2ncia e tornar\u00e3o o recipiente uma unidade de armazenamento reutiliz\u00e1vel ap\u00f3s o t\u00e9rmino da vela.<\/li>\n<\/ol>\n<h3>Processos sofisticados de remo\u00e7\u00e3o de revestimento:<\/h3>\n<ol>\n<li><strong>Pulveriza\u00e7\u00e3o interna\/externa<\/strong>Aplicar uma camada de tinta transl\u00facida com efeito degrad\u00ea (por exemplo, \u00e2mbar ou cinza-fuma\u00e7a) que permita que a chama da vela brilhe atrav\u00e9s das texturas em relevo, conferindo maior profundidade \u00e0 imagem.<\/li>\n<li><strong>Revestimento iridescente\/i\u00f4nico<\/strong>Um acabamento que espelha a textura 3D do vidro com um toque perolado ou um efeito arco-\u00edris, ideal para casamentos e presentes.<\/li>\n<\/ol>\n<h3>Conjuntos de embalagens personalizadas:<\/h3>\n<ol>\n<li><strong>Caixas r\u00edgidas prontas para venda no varejo<\/strong>Caixas de presente de cart\u00e3o r\u00edgido fabricadas especificamente para este fim, em v\u00e1rios tamanhos, com inser\u00e7\u00f5es recortadas em espuma EVA ou EPE para garantir zero quebras durante o manuseio em grande volume e o transporte internacional.<\/li>\n<li><strong>Marca pr\u00f3pria<\/strong>Etiquetas estampadas em folha ou impressas em serigrafia na parte retangular plana do frasco de vidro em grandes quantidades para criar uma solu\u00e7\u00e3o com uma Marca Pr\u00f3pria (OEM).<\/li>\n<li><strong>Valor B2B<\/strong>Uma das solu\u00e7\u00f5es seria estabelecer uma solu\u00e7\u00e3o completa, incluindo a embalagem dos produtos, o que simplificaria a cadeia de suprimentos do cliente e aceleraria o lan\u00e7amento no mercado.<\/li>\n<\/ol>","protected":false},"excerpt":{"rendered":"<p>Potes de vidro texturizado para velas, dispon\u00edveis para venda por atacado. Estampas vintage com bordas onduladas. Fornecimento premium para fabricantes de velas, marcas pr\u00f3prias e atacadistas de decora\u00e7\u00e3o para eventos.<\/p>","protected":false},"featured_media":4897,"template":"","meta":{"site-sidebar-layout":"default","site-content-layout":"","ast-site-content-layout":"default","site-content-style":"default","site-sidebar-style":"default","ast-global-header-display":"","ast-banner-title-visibility":"","ast-main-header-display":"","ast-hfb-above-header-display":"","ast-hfb-below-header-display":"","ast-hfb-mobile-header-display":"","site-post-title":"","ast-breadcrumbs-content":"","ast-featured-img":"","footer-sml-layout":"","theme-transparent-header-meta":"default","adv-header-id-meta":"","stick-header-meta":"","header-above-stick-meta":"","header-main-stick-meta":"","header-below-stick-meta":"","astra-migrate-meta-layouts":"set","ast-page-background-enabled":"default","ast-page-background-meta":{"desktop":{"background-color":"var(--ast-global-color-5)","background-image":"","background-repeat":"repeat","background-position":"center center","background-size":"auto","background-attachment":"scroll","background-type":"","background-media":"","overlay-type":"","overlay-color":"","overlay-opacity":"","overlay-gradient":""},"tablet":{"background-color":"","background-image":"","background-repeat":"repeat","background-position":"center center","background-size":"auto","background-attachment":"scroll","background-type":"","background-media":"","overlay-type":"","overlay-color":"","overlay-opacity":"","overlay-gradient":""},"mobile":{"background-color":"","background-image":"","background-repeat":"repeat","background-position":"center center","background-size":"auto","background-attachment":"scroll","background-type":"","background-media":"","overlay-type":"","overlay-color":"","overlay-opacity":"","overlay-gradient":""}},"ast-content-background-meta":{"desktop":{"background-color":"var(--ast-global-color-4)","background-image":"","background-repeat":"repeat","background-position":"center center","background-size":"auto","background-attachment":"scroll","background-type":"","background-media":"","overlay-type":"","overlay-color":"","overlay-opacity":"","overlay-gradient":""},"tablet":{"background-color":"var(--ast-global-color-4)","background-image":"","background-repeat":"repeat","background-position":"center center","background-size":"auto","background-attachment":"scroll","background-type":"","background-media":"","overlay-type":"","overlay-color":"","overlay-opacity":"","overlay-gradient":""},"mobile":{"background-color":"var(--ast-global-color-4)","background-image":"","background-repeat":"repeat","background-position":"center center","background-size":"auto","background-attachment":"scroll","background-type":"","background-media":"","overlay-type":"","overlay-color":"","overlay-opacity":"","overlay-gradient":""}}},"product_brand":[],"product_cat":[28,21],"product_tag":[51,50],"class_list":{"0":"post-463","1":"product","2":"type-product","3":"status-publish","4":"has-post-thumbnail","6":"product_cat-glass-candle-jars","7":"product_cat-product","8":"product_tag-custom-candle-jars","9":"product_tag-frosted-candle-jars","10":"desktop-align-left","11":"tablet-align-left","12":"mobile-align-left","14":"first","15":"instock","16":"shipping-taxable","17":"product-type-simple"},"jetpack_sharing_enabled":true,"_links":{"self":[{"href":"https:\/\/mostebglass.com\/pt\/wp-json\/wp\/v2\/product\/463","targetHints":{"allow":["GET"]}}],"collection":[{"href":"https:\/\/mostebglass.com\/pt\/wp-json\/wp\/v2\/product"}],"about":[{"href":"https:\/\/mostebglass.com\/pt\/wp-json\/wp\/v2\/types\/product"}],"wp:featuredmedia":[{"embeddable":true,"href":"https:\/\/mostebglass.com\/pt\/wp-json\/wp\/v2\/media\/4897"}],"wp:attachment":[{"href":"https:\/\/mostebglass.com\/pt\/wp-json\/wp\/v2\/media?parent=463"}],"wp:term":[{"taxonomy":"product_brand","embeddable":true,"href":"https:\/\/mostebglass.com\/pt\/wp-json\/wp\/v2\/product_brand?post=463"},{"taxonomy":"product_cat","embeddable":true,"href":"https:\/\/mostebglass.com\/pt\/wp-json\/wp\/v2\/product_cat?post=463"},{"taxonomy":"product_tag","embeddable":true,"href":"https:\/\/mostebglass.com\/pt\/wp-json\/wp\/v2\/product_tag?post=463"}],"curies":[{"name":"wp","href":"https:\/\/api.w.org\/{rel}","templated":true}]}}