{"id":516,"date":"2025-08-18T18:02:10","date_gmt":"2025-08-18T10:02:10","guid":{"rendered":"https:\/\/mostebglass.com\/?post_type=product&#038;p=516"},"modified":"2026-03-18T13:56:58","modified_gmt":"2026-03-18T05:56:58","slug":"reed-diffuser-bottles-polygon-bottom-style-wholesale","status":"publish","type":"product","link":"https:\/\/mostebglass.com\/pt\/reed-diffuser-bottles-polygon-bottom-style-wholesale\/","title":{"rendered":"Frascos difusores de varetas de 120ml com fundo poligonal (venda por atacado)"},"content":{"rendered":"<h2>Apresenta\u00e7\u00e3o do produto<\/h2>\n<p>Voc\u00ea precisa de um difusor de vidro que n\u00e3o apenas contenha \u00f3leos essenciais; ele precisa incorporar a sua marca. Este difusor de varetas possui um design elegante que reflete a luz, criando uma experi\u00eancia sofisticada e din\u00e2mica. \u00c9 a solu\u00e7\u00e3o perfeita para suas necessidades de armazenamento de \u00f3leos essenciais.<\/p>\n<h2>Caracter\u00edsticas do produto<\/h2>\n<ul>\n<li>Vidro de alta qualidade: Utilizamos vidro de alta qualidade para garantir durabilidade e transpar\u00eancia cristalina \u2014 seus \u00f3leos essenciais e fragr\u00e2ncias permanecem puros e ficam \u00f3timos em qualquer prateleira.<\/li>\n<li>Feito sob medida para varetas Reed Depute: A abertura estreita mant\u00e9m a vareta reta, reduzindo a evapora\u00e7\u00e3o e garantindo que sua fragr\u00e2ncia dure mais tempo.<\/li>\n<li>Forma Geom\u00e9trica: O formato poligonal da garrafa \u00e9 \u00fanico, elegante e art\u00edstico, perfeito para qualquer espa\u00e7o.<\/li>\n<\/ul>\n<h2>Caso de sucesso<\/h2>\n<p>Nossos frascos difusores de vidro transparente de 120ml foram escolhidos por uma empresa internacional de decora\u00e7\u00e3o de interiores com sede na Holanda. Falando em detalhes de personaliza\u00e7\u00e3o, o cliente n\u00e3o queria usar tampas de frasco padr\u00e3o e, em vez disso, optou por uma rolha de silicone feita sob medida, que fica habilmente escondida no gargalo; isso n\u00e3o s\u00f3 ajuda a manter as varetas firmemente no lugar, como tamb\u00e9m preserva o visual minimalista e elegante do frasco. At\u00e9 mesmo as varetas foram repaginadas para um formato h\u00edbrido \u2013 varetas retas com ponteiras florais ornamentais \u2013 para adicionar riqueza visual e textura ao produto.<\/p>\n<p>Ap\u00f3s seu lan\u00e7amento, a s\u00e9rie apresentou um crescimento de 29% nas vendas no varejo j\u00e1 no primeiro trimestre. Com uma resposta t\u00e3o positiva do mercado, o cliente fez quatro novos pedidos consecutivos nos sete meses seguintes.<\/p>\n<h2>Deseja personalizar este frasco difusor de varetas?<\/h2>\n<p>Voc\u00ea tem op\u00e7\u00f5es \u2014 op\u00e7\u00f5es de verdade. Quer um acabamento anodizado preto fosco com um logotipo dourado estampado a quente? Sem problemas. Quer um sed\u00e3 com estampa de sorvete, placas personalizadas e etiquetas coloridas? F\u00e1cil. Vidro colorido personalizado? Sem problemas! \u00c9 uma forma de personalizar sua cole\u00e7\u00e3o de frascos difusores de varetas. At\u00e9 a tampa pode ser personalizada com a cor de sua escolha \u2014 madeira, metal ou pl\u00e1stico.<\/p>\n<p>\u00c9 mais do que um simples frasco ou recipiente; \u00e9 a garrafa de vidro exclusiva da sua marca. Pronto para experimentar ou fazer um pedido em grande quantidade? Deixe-nos tornar o lan\u00e7amento do seu pr\u00f3ximo produto inesquec\u00edvel.<\/p>","protected":false},"excerpt":{"rendered":"<p>Frascos difusores de aromaterapia de alta qualidade para atacado, al\u00e9m de marcas de artigos para decora\u00e7\u00e3o de casa. Frascos de vidro personaliz\u00e1veis \u200b\u200bdispon\u00edveis para pedidos em grande quantidade. Amostras gr\u00e1tis dispon\u00edveis.<\/p>","protected":false},"featured_media":4803,"template":"","meta":{"site-sidebar-layout":"default","site-content-layout":"","ast-site-content-layout":"default","site-content-style":"default","site-sidebar-style":"default","ast-global-header-display":"","ast-banner-title-visibility":"","ast-main-header-display":"","ast-hfb-above-header-display":"","ast-hfb-below-header-display":"","ast-hfb-mobile-header-display":"","site-post-title":"","ast-breadcrumbs-content":"","ast-featured-img":"","footer-sml-layout":"","theme-transparent-header-meta":"default","adv-header-id-meta":"","stick-header-meta":"","header-above-stick-meta":"","header-main-stick-meta":"","header-below-stick-meta":"","astra-migrate-meta-layouts":"set","ast-page-background-enabled":"default","ast-page-background-meta":{"desktop":{"background-color":"var(--ast-global-color-5)","background-image":"","background-repeat":"repeat","background-position":"center center","background-size":"auto","background-attachment":"scroll","background-type":"","background-media":"","overlay-type":"","overlay-color":"","overlay-opacity":"","overlay-gradient":""},"tablet":{"background-color":"","background-image":"","background-repeat":"repeat","background-position":"center center","background-size":"auto","background-attachment":"scroll","background-type":"","background-media":"","overlay-type":"","overlay-color":"","overlay-opacity":"","overlay-gradient":""},"mobile":{"background-color":"","background-image":"","background-repeat":"repeat","background-position":"center center","background-size":"auto","background-attachment":"scroll","background-type":"","background-media":"","overlay-type":"","overlay-color":"","overlay-opacity":"","overlay-gradient":""}},"ast-content-background-meta":{"desktop":{"background-color":"var(--ast-global-color-4)","background-image":"","background-repeat":"repeat","background-position":"center center","background-size":"auto","background-attachment":"scroll","background-type":"","background-media":"","overlay-type":"","overlay-color":"","overlay-opacity":"","overlay-gradient":""},"tablet":{"background-color":"var(--ast-global-color-4)","background-image":"","background-repeat":"repeat","background-position":"center center","background-size":"auto","background-attachment":"scroll","background-type":"","background-media":"","overlay-type":"","overlay-color":"","overlay-opacity":"","overlay-gradient":""},"mobile":{"background-color":"var(--ast-global-color-4)","background-image":"","background-repeat":"repeat","background-position":"center center","background-size":"auto","background-attachment":"scroll","background-type":"","background-media":"","overlay-type":"","overlay-color":"","overlay-opacity":"","overlay-gradient":""}}},"product_brand":[],"product_cat":[54],"product_tag":[],"class_list":{"0":"post-516","1":"product","2":"type-product","3":"status-publish","4":"has-post-thumbnail","6":"product_cat-reed-diffuser-bottles","7":"desktop-align-left","8":"tablet-align-left","9":"mobile-align-left","11":"first","12":"instock","13":"shipping-taxable","14":"product-type-simple"},"jetpack_sharing_enabled":true,"_links":{"self":[{"href":"https:\/\/mostebglass.com\/pt\/wp-json\/wp\/v2\/product\/516","targetHints":{"allow":["GET"]}}],"collection":[{"href":"https:\/\/mostebglass.com\/pt\/wp-json\/wp\/v2\/product"}],"about":[{"href":"https:\/\/mostebglass.com\/pt\/wp-json\/wp\/v2\/types\/product"}],"wp:featuredmedia":[{"embeddable":true,"href":"https:\/\/mostebglass.com\/pt\/wp-json\/wp\/v2\/media\/4803"}],"wp:attachment":[{"href":"https:\/\/mostebglass.com\/pt\/wp-json\/wp\/v2\/media?parent=516"}],"wp:term":[{"taxonomy":"product_brand","embeddable":true,"href":"https:\/\/mostebglass.com\/pt\/wp-json\/wp\/v2\/product_brand?post=516"},{"taxonomy":"product_cat","embeddable":true,"href":"https:\/\/mostebglass.com\/pt\/wp-json\/wp\/v2\/product_cat?post=516"},{"taxonomy":"product_tag","embeddable":true,"href":"https:\/\/mostebglass.com\/pt\/wp-json\/wp\/v2\/product_tag?post=516"}],"curies":[{"name":"wp","href":"https:\/\/api.w.org\/{rel}","templated":true}]}}