{"id":531,"date":"2025-08-18T18:02:22","date_gmt":"2025-08-18T10:02:22","guid":{"rendered":"https:\/\/mostebglass.com\/?post_type=product&#038;p=531"},"modified":"2026-03-16T15:30:23","modified_gmt":"2026-03-16T07:30:23","slug":"reed-diffuser-bottles-with-patterned-glass-bulk","status":"publish","type":"product","link":"https:\/\/mostebglass.com\/pt\/reed-diffuser-bottles-with-patterned-glass-bulk\/","title":{"rendered":"Frascos difusores de varetas transparentes de 120ml com vidro estampado (em atacado)"},"content":{"rendered":"<p>Voc\u00ea n\u00e3o est\u00e1 apenas comprando um difusor de varetas, voc\u00ea est\u00e1 criando uma marca. Cada detalhe importa, desde a redu\u00e7\u00e3o do tamanho do vidro at\u00e9 a forma como a fragr\u00e2ncia se espalha pelas varetas. \u00c9 por isso que este difusor de varetas tem um formato arredondado suave, corpo ligeiramente alargado e gargalo fino. O frasco transparente possui um padr\u00e3o sofisticado na superf\u00edcie, que, ao mesmo tempo que discreto, produz um efeito marcante. Ele se destaca da multid\u00e3o de difusores comuns.<\/p>\n<h2>Caracter\u00edsticas do produto<\/h2>\n<ul>\n<li><strong>Material transparente:<\/strong> Feito de vidro transparente, o l\u00edquido difusor fica claramente vis\u00edvel, criando uma experi\u00eancia visual limpa e n\u00edtida.<\/li>\n<li><strong>Acabamento texturizado elegante:<\/strong> O padr\u00e3o decorativo no vidro adiciona profundidade e luxo \u2014 o seu difusor de varetas para \u00f3leos essenciais atinge o n\u00edvel m\u00e1ximo sem parecer exagerado.<\/li>\n<li><strong>Design est\u00e1vel e pr\u00e1tico:<\/strong> A base larga evita que o difusor tombe. O gargalo estreito fixa a vareta difusora e reduz a evapora\u00e7\u00e3o, intensificando a difus\u00e3o do aroma e minimizando o desperd\u00edcio.<\/li>\n<\/ul>\n<h2>Como uma marca reinventou sua linha de produtos<\/h2>\n<p>Nossos frascos difusores de vidro texturizado de 120ml foram escolhidos por uma marca italiana de fragr\u00e2ncias para o lar. Eles especificaram que o vidro utilizado deveria ser de alta transpar\u00eancia, com um padr\u00e3o floral em relevo profundo e tridimensional. O design inclui o logotipo da marca estampado em folha de ouro no ombro do frasco, varetas difusoras de rattan natural e um anel de alum\u00ednio com acabamento dourado fosco.<br \/>\nCom o lan\u00e7amento desta nova s\u00e9rie de difusores, as vendas sazonais registraram um crescimento impressionante de 32% no ciclo de vendas dos primeiros quatro meses. Somente no primeiro ano de lan\u00e7amento do produto, o cliente fez quatro grandes encomendas consecutivas.<\/p>\n<h2>Procurando por personaliza\u00e7\u00e3o? Aqui \u00e9 onde voc\u00ea pode brilhar.<\/h2>\n<p>Esta garrafa \u00e9 personaliz\u00e1vel. A superf\u00edcie texturizada pode real\u00e7ar certos acabamentos. Experimente estes:<\/p>\n<p>As op\u00e7\u00f5es de personaliza\u00e7\u00e3o incluem estampagem a quente (\u00f3tima para logotipos elegantes), etiquetas\/r\u00f3tulos (ideais para edi\u00e7\u00f5es limitadas) e tampas sofisticadas (de madeira, bambu ou metal). O design garante uma libera\u00e7\u00e3o lenta e est\u00e1vel da fragr\u00e2ncia, proporcionando uma experi\u00eancia olfativa mais intensa. Perfeito para novos produtos ou para renovar a embalagem de difusores de fragr\u00e2ncia j\u00e1 existentes.<\/p>","protected":false},"excerpt":{"rendered":"<p>Frascos para difusor de varetas personalizados no atacado \u2013 Designs dur\u00e1veis \u200b\u200be de alta qualidade, criados para os setores de produtos arom\u00e1ticos e decora\u00e7\u00e3o de interiores. Amostras gr\u00e1tis.<\/p>","protected":false},"featured_media":4784,"template":"","meta":{"site-sidebar-layout":"default","site-content-layout":"","ast-site-content-layout":"default","site-content-style":"default","site-sidebar-style":"default","ast-global-header-display":"","ast-banner-title-visibility":"","ast-main-header-display":"","ast-hfb-above-header-display":"","ast-hfb-below-header-display":"","ast-hfb-mobile-header-display":"","site-post-title":"","ast-breadcrumbs-content":"","ast-featured-img":"","footer-sml-layout":"","theme-transparent-header-meta":"default","adv-header-id-meta":"","stick-header-meta":"","header-above-stick-meta":"","header-main-stick-meta":"","header-below-stick-meta":"","astra-migrate-meta-layouts":"set","ast-page-background-enabled":"default","ast-page-background-meta":{"desktop":{"background-color":"var(--ast-global-color-5)","background-image":"","background-repeat":"repeat","background-position":"center center","background-size":"auto","background-attachment":"scroll","background-type":"","background-media":"","overlay-type":"","overlay-color":"","overlay-opacity":"","overlay-gradient":""},"tablet":{"background-color":"","background-image":"","background-repeat":"repeat","background-position":"center center","background-size":"auto","background-attachment":"scroll","background-type":"","background-media":"","overlay-type":"","overlay-color":"","overlay-opacity":"","overlay-gradient":""},"mobile":{"background-color":"","background-image":"","background-repeat":"repeat","background-position":"center center","background-size":"auto","background-attachment":"scroll","background-type":"","background-media":"","overlay-type":"","overlay-color":"","overlay-opacity":"","overlay-gradient":""}},"ast-content-background-meta":{"desktop":{"background-color":"var(--ast-global-color-4)","background-image":"","background-repeat":"repeat","background-position":"center center","background-size":"auto","background-attachment":"scroll","background-type":"","background-media":"","overlay-type":"","overlay-color":"","overlay-opacity":"","overlay-gradient":""},"tablet":{"background-color":"var(--ast-global-color-4)","background-image":"","background-repeat":"repeat","background-position":"center center","background-size":"auto","background-attachment":"scroll","background-type":"","background-media":"","overlay-type":"","overlay-color":"","overlay-opacity":"","overlay-gradient":""},"mobile":{"background-color":"var(--ast-global-color-4)","background-image":"","background-repeat":"repeat","background-position":"center center","background-size":"auto","background-attachment":"scroll","background-type":"","background-media":"","overlay-type":"","overlay-color":"","overlay-opacity":"","overlay-gradient":""}}},"product_brand":[],"product_cat":[54],"product_tag":[],"class_list":{"0":"post-531","1":"product","2":"type-product","3":"status-publish","4":"has-post-thumbnail","6":"product_cat-reed-diffuser-bottles","7":"desktop-align-left","8":"tablet-align-left","9":"mobile-align-left","11":"first","12":"instock","13":"shipping-taxable","14":"product-type-simple"},"jetpack_sharing_enabled":true,"_links":{"self":[{"href":"https:\/\/mostebglass.com\/pt\/wp-json\/wp\/v2\/product\/531","targetHints":{"allow":["GET"]}}],"collection":[{"href":"https:\/\/mostebglass.com\/pt\/wp-json\/wp\/v2\/product"}],"about":[{"href":"https:\/\/mostebglass.com\/pt\/wp-json\/wp\/v2\/types\/product"}],"wp:featuredmedia":[{"embeddable":true,"href":"https:\/\/mostebglass.com\/pt\/wp-json\/wp\/v2\/media\/4784"}],"wp:attachment":[{"href":"https:\/\/mostebglass.com\/pt\/wp-json\/wp\/v2\/media?parent=531"}],"wp:term":[{"taxonomy":"product_brand","embeddable":true,"href":"https:\/\/mostebglass.com\/pt\/wp-json\/wp\/v2\/product_brand?post=531"},{"taxonomy":"product_cat","embeddable":true,"href":"https:\/\/mostebglass.com\/pt\/wp-json\/wp\/v2\/product_cat?post=531"},{"taxonomy":"product_tag","embeddable":true,"href":"https:\/\/mostebglass.com\/pt\/wp-json\/wp\/v2\/product_tag?post=531"}],"curies":[{"name":"wp","href":"https:\/\/api.w.org\/{rel}","templated":true}]}}