{"id":543,"date":"2025-08-18T17:55:37","date_gmt":"2025-08-18T09:55:37","guid":{"rendered":"https:\/\/mostebglass.com\/?post_type=product&#038;p=543"},"modified":"2025-08-19T09:12:37","modified_gmt":"2025-08-19T01:12:37","slug":"frascos-de-velas-pequenos-transparentes-com-textura-ondulada-no-atacado","status":"publish","type":"product","link":"https:\/\/mostebglass.com\/pt\/clear-small-candle-jars-containers-with-dimpled-texture-wholesale\/","title":{"rendered":"Potes de vela pequenos e transparentes \u2013 recipientes de 80 ml com textura em relevo para venda por atacado"},"content":{"rendered":"<p>Procura embalagens para velas em frasco que sejam modernas e intemporais ao mesmo tempo? Os nossos pequenos frascos para velas apresentam uma textura com pequenas depress\u00f5es e uma base est\u00e1vel \u2014 perfeitos para marcas de velas por grosso ou cole\u00e7\u00f5es de frascos para velas de alta qualidade.<\/p>\n<h2>Caracter\u00edsticas do produto<\/h2>\n<p><strong>Textura com ondula\u00e7\u00f5es para um toque agrad\u00e1vel<\/strong><\/p>\n<p>Os padr\u00f5es circulares em relevo neste recipiente para velas adicionam um efeito 3D \u00fanico, fazendo com que sua vela em pote pare\u00e7a um obst\u00e1culo.<\/p>\n<p><strong>Base est\u00e1vel para venda segura de velas no atacado<\/strong><\/p>\n<p>Com 120 gramas, a base plana e espessa garante que esses pequenos frascos de vela n\u00e3o fiquem de cabe\u00e7a para baixo durante o transporte de velas a granel ou o empilhamento no varejo.<\/p>\n<h2>Especifica\u00e7\u00f5es principais<\/h2>\n<table style=\"border-collapse: collapse; width: 80%; margin-left: auto; margin-right: auto;\" border=\"0\" width=\"144\" cellspacing=\"0\" cellpadding=\"0\">\n<tbody>\n<tr style=\"height: 13.50pt;\">\n<td style=\"height: 13.50pt; width: 54.00pt;\" width=\"72\" height=\"18\">Recurso<\/td>\n<td style=\"width: 54.00pt;\" width=\"72\">Detalhes<\/td>\n<\/tr>\n<tr style=\"height: 13.50pt;\">\n<td style=\"height: 13.50pt;\" height=\"18\">Capacidade<\/td>\n<td>80ml<\/td>\n<\/tr>\n<tr style=\"height: 13.50pt;\">\n<td style=\"height: 13.50pt;\" height=\"18\">Peso<\/td>\n<td>120g<\/td>\n<\/tr>\n<tr style=\"height: 13.50pt;\">\n<td style=\"height: 13.50pt;\" height=\"18\">Padr\u00f5es<\/td>\n<td>Textura com covinhas<\/td>\n<\/tr>\n<tr style=\"height: 13.50pt;\">\n<td style=\"height: 13.50pt;\" height=\"18\">Dimens\u00f5es<\/td>\n<td>55*45*64mm<\/td>\n<\/tr>\n<\/tbody>\n<\/table>\n<h2>Dicas profissionais para personaliza\u00e7\u00e3o<\/h2>\n<ol>\n<li><strong>Brincando com as texturas:<\/strong> Use o padr\u00e3o de covinhas para linhas r\u00fasticas em potes de velas ou uma textura lisa para potes de velas a granel.<\/li>\n<li><strong>Perguntas frequentes:<\/strong> Precisa de ajuda para escolher? Consulte-nos sobre nossa sele\u00e7\u00e3o de guias de velas ou pacotes de velas em potes para atacado.<\/li>\n<\/ol>","protected":false},"excerpt":{"rendered":"<p>D\u00ea um toque de sofistica\u00e7\u00e3o \u00e0 sua linha de potes para velas pequenas com designs texturizados. Potes de alta qualidade a pre\u00e7os competitivos para compras no atacado e em grandes quantidades.<\/p>","protected":false},"featured_media":544,"template":"","meta":{"site-sidebar-layout":"default","site-content-layout":"","ast-site-content-layout":"default","site-content-style":"default","site-sidebar-style":"default","ast-global-header-display":"","ast-banner-title-visibility":"","ast-main-header-display":"","ast-hfb-above-header-display":"","ast-hfb-below-header-display":"","ast-hfb-mobile-header-display":"","site-post-title":"","ast-breadcrumbs-content":"","ast-featured-img":"","footer-sml-layout":"","theme-transparent-header-meta":"default","adv-header-id-meta":"","stick-header-meta":"","header-above-stick-meta":"","header-main-stick-meta":"","header-below-stick-meta":"","astra-migrate-meta-layouts":"set","ast-page-background-enabled":"default","ast-page-background-meta":{"desktop":{"background-color":"var(--ast-global-color-5)","background-image":"","background-repeat":"repeat","background-position":"center center","background-size":"auto","background-attachment":"scroll","background-type":"","background-media":"","overlay-type":"","overlay-color":"","overlay-opacity":"","overlay-gradient":""},"tablet":{"background-color":"","background-image":"","background-repeat":"repeat","background-position":"center center","background-size":"auto","background-attachment":"scroll","background-type":"","background-media":"","overlay-type":"","overlay-color":"","overlay-opacity":"","overlay-gradient":""},"mobile":{"background-color":"","background-image":"","background-repeat":"repeat","background-position":"center center","background-size":"auto","background-attachment":"scroll","background-type":"","background-media":"","overlay-type":"","overlay-color":"","overlay-opacity":"","overlay-gradient":""}},"ast-content-background-meta":{"desktop":{"background-color":"var(--ast-global-color-4)","background-image":"","background-repeat":"repeat","background-position":"center center","background-size":"auto","background-attachment":"scroll","background-type":"","background-media":"","overlay-type":"","overlay-color":"","overlay-opacity":"","overlay-gradient":""},"tablet":{"background-color":"var(--ast-global-color-4)","background-image":"","background-repeat":"repeat","background-position":"center center","background-size":"auto","background-attachment":"scroll","background-type":"","background-media":"","overlay-type":"","overlay-color":"","overlay-opacity":"","overlay-gradient":""},"mobile":{"background-color":"var(--ast-global-color-4)","background-image":"","background-repeat":"repeat","background-position":"center center","background-size":"auto","background-attachment":"scroll","background-type":"","background-media":"","overlay-type":"","overlay-color":"","overlay-opacity":"","overlay-gradient":""}}},"product_brand":[],"product_cat":[28],"product_tag":[],"class_list":{"0":"post-543","1":"product","2":"type-product","3":"status-publish","4":"has-post-thumbnail","6":"product_cat-glass-candle-jars","7":"desktop-align-left","8":"tablet-align-left","9":"mobile-align-left","11":"first","12":"instock","13":"shipping-taxable","14":"product-type-simple"},"jetpack_sharing_enabled":true,"_links":{"self":[{"href":"https:\/\/mostebglass.com\/pt\/wp-json\/wp\/v2\/product\/543","targetHints":{"allow":["GET"]}}],"collection":[{"href":"https:\/\/mostebglass.com\/pt\/wp-json\/wp\/v2\/product"}],"about":[{"href":"https:\/\/mostebglass.com\/pt\/wp-json\/wp\/v2\/types\/product"}],"wp:featuredmedia":[{"embeddable":true,"href":"https:\/\/mostebglass.com\/pt\/wp-json\/wp\/v2\/media\/544"}],"wp:attachment":[{"href":"https:\/\/mostebglass.com\/pt\/wp-json\/wp\/v2\/media?parent=543"}],"wp:term":[{"taxonomy":"product_brand","embeddable":true,"href":"https:\/\/mostebglass.com\/pt\/wp-json\/wp\/v2\/product_brand?post=543"},{"taxonomy":"product_cat","embeddable":true,"href":"https:\/\/mostebglass.com\/pt\/wp-json\/wp\/v2\/product_cat?post=543"},{"taxonomy":"product_tag","embeddable":true,"href":"https:\/\/mostebglass.com\/pt\/wp-json\/wp\/v2\/product_tag?post=543"}],"curies":[{"name":"wp","href":"https:\/\/api.w.org\/{rel}","templated":true}]}}