{"id":558,"date":"2025-08-19T11:29:06","date_gmt":"2025-08-19T03:29:06","guid":{"rendered":"https:\/\/mostebglass.com\/?post_type=product&#038;p=558"},"modified":"2026-02-26T18:08:14","modified_gmt":"2026-02-26T10:08:14","slug":"25ml-48ml-flat-rim-mini-glass-candle-jars-for-wholesale","status":"publish","type":"product","link":"https:\/\/mostebglass.com\/pt\/25ml-48ml-flat-rim-mini-glass-candle-jars-for-wholesale\/","title":{"rendered":"Potes de vidro para velas em miniatura, com borda plana, de 25 ml e 48 ml, para venda por atacado."},"content":{"rendered":"<p>Os mini frascos de vidro para velas, de 25 ml e 48 ml, possuem um formato cil\u00edndrico elegante com laterais retas e lisas e uma base espessa e pesada para maior estabilidade. Fabricados em vidro transparente de alta clareza, os frascos apresentam um visual minimalista e moderno, adequando-se tanto ao uso decorativo quanto ao funcional.<\/p>\n<p>O frasco de 25 ml mede 37 x 45 x 28 mm e o de 48 ml mede 45 x 39 x 53 mm. Ambos os mini frascos de vidro possuem borda plana e boca lisa, sem rosca, o que os torna particularmente adequados para a produ\u00e7\u00e3o de velas e facilita a coloca\u00e7\u00e3o da tampa.<\/p>\n<h2>Especifica\u00e7\u00f5es principais<\/h2>\n<table style=\"border-collapse: collapse; width: 80%; margin-left: auto; margin-right: auto;\" border=\"0\" width=\"80%\" cellspacing=\"0\" cellpadding=\"0\">\n<tbody>\n<tr style=\"height: 13.50pt;\">\n<td style=\"height: 13.50pt;\" height=\"18\">Capacidade<\/td>\n<td>25ml (37*45*28mm) \/ 48ml (45*39*53mm)<\/td>\n<\/tr>\n<tr style=\"height: 13.50pt;\">\n<td style=\"height: 13.50pt;\" height=\"18\">Material<\/td>\n<td>Vidro s\u00f3dio-c\u00e1lcico sem chumbo<\/td>\n<\/tr>\n<tr style=\"height: 13.50pt;\">\n<td style=\"height: 13.50pt;\" height=\"18\">Op\u00e7\u00f5es de personaliza\u00e7\u00e3o<\/td>\n<td>Cor, capacidade, tamanho, etiqueta, logotipo, acabamento da superf\u00edcie, acess\u00f3rios.<\/td>\n<\/tr>\n<\/tbody>\n<\/table>\n<h2>Aplicativo<\/h2>\n<p>Al\u00e9m de serem usados \u200b\u200bpara velas, esses potes de vidro com borda plana tamb\u00e9m podem servir como mini copos de dose, copos de degusta\u00e7\u00e3o, amostras ou pequenas por\u00e7\u00f5es de sobremesa, tornando-os vers\u00e1teis nos setores de hotelaria, varejo, kits de presentes e embalagens promocionais.<\/p>\n<h2>Conselhos de alfaiataria<\/h2>\n<ol>\n<li><strong>Tampas para potes de velas ecol\u00f3gicas, vendidas no atacado:<\/strong>Oferecemos uma tampa de veda\u00e7\u00e3o de silicone biodegrad\u00e1vel. Ela agrada a compradores atacadistas e atacadistas que priorizam a estabilidade sem abrir m\u00e3o da alta qualidade e durabilidade.<\/li>\n<li><strong>C\u00f3digo QR integrado para responder \u00e0s perguntas mais frequentes:<\/strong>Voc\u00ea pode incluir um c\u00f3digo QR na tampa do frasco, conectando-o \u00e0 cultura corporativa da sua empresa. Isso permite que os compradores conhe\u00e7am a hist\u00f3ria da sua empresa e o processo de fabrica\u00e7\u00e3o de velas, aumentando o desejo de compra.<\/li>\n<\/ol>","protected":false},"excerpt":{"rendered":"<p>Potes de vidro para mini velas de 25ml e 48ml com borda plana, compat\u00edveis com tampas de bambu ou metal. Ideais para mini velas, kits para presente, varejo e produ\u00e7\u00e3o em larga escala.<\/p>","protected":false},"featured_media":4498,"template":"","meta":{"site-sidebar-layout":"default","site-content-layout":"","ast-site-content-layout":"default","site-content-style":"default","site-sidebar-style":"default","ast-global-header-display":"","ast-banner-title-visibility":"","ast-main-header-display":"","ast-hfb-above-header-display":"","ast-hfb-below-header-display":"","ast-hfb-mobile-header-display":"","site-post-title":"","ast-breadcrumbs-content":"","ast-featured-img":"","footer-sml-layout":"","theme-transparent-header-meta":"default","adv-header-id-meta":"","stick-header-meta":"","header-above-stick-meta":"","header-main-stick-meta":"","header-below-stick-meta":"","astra-migrate-meta-layouts":"set","ast-page-background-enabled":"default","ast-page-background-meta":{"desktop":{"background-color":"var(--ast-global-color-5)","background-image":"","background-repeat":"repeat","background-position":"center center","background-size":"auto","background-attachment":"scroll","background-type":"","background-media":"","overlay-type":"","overlay-color":"","overlay-opacity":"","overlay-gradient":""},"tablet":{"background-color":"","background-image":"","background-repeat":"repeat","background-position":"center center","background-size":"auto","background-attachment":"scroll","background-type":"","background-media":"","overlay-type":"","overlay-color":"","overlay-opacity":"","overlay-gradient":""},"mobile":{"background-color":"","background-image":"","background-repeat":"repeat","background-position":"center center","background-size":"auto","background-attachment":"scroll","background-type":"","background-media":"","overlay-type":"","overlay-color":"","overlay-opacity":"","overlay-gradient":""}},"ast-content-background-meta":{"desktop":{"background-color":"var(--ast-global-color-4)","background-image":"","background-repeat":"repeat","background-position":"center center","background-size":"auto","background-attachment":"scroll","background-type":"","background-media":"","overlay-type":"","overlay-color":"","overlay-opacity":"","overlay-gradient":""},"tablet":{"background-color":"var(--ast-global-color-4)","background-image":"","background-repeat":"repeat","background-position":"center center","background-size":"auto","background-attachment":"scroll","background-type":"","background-media":"","overlay-type":"","overlay-color":"","overlay-opacity":"","overlay-gradient":""},"mobile":{"background-color":"var(--ast-global-color-4)","background-image":"","background-repeat":"repeat","background-position":"center center","background-size":"auto","background-attachment":"scroll","background-type":"","background-media":"","overlay-type":"","overlay-color":"","overlay-opacity":"","overlay-gradient":""}}},"product_brand":[],"product_cat":[28,21],"product_tag":[],"class_list":{"0":"post-558","1":"product","2":"type-product","3":"status-publish","4":"has-post-thumbnail","6":"product_cat-glass-candle-jars","7":"product_cat-product","8":"desktop-align-left","9":"tablet-align-left","10":"mobile-align-left","12":"first","13":"instock","14":"shipping-taxable","15":"product-type-simple"},"jetpack_sharing_enabled":true,"_links":{"self":[{"href":"https:\/\/mostebglass.com\/pt\/wp-json\/wp\/v2\/product\/558","targetHints":{"allow":["GET"]}}],"collection":[{"href":"https:\/\/mostebglass.com\/pt\/wp-json\/wp\/v2\/product"}],"about":[{"href":"https:\/\/mostebglass.com\/pt\/wp-json\/wp\/v2\/types\/product"}],"wp:featuredmedia":[{"embeddable":true,"href":"https:\/\/mostebglass.com\/pt\/wp-json\/wp\/v2\/media\/4498"}],"wp:attachment":[{"href":"https:\/\/mostebglass.com\/pt\/wp-json\/wp\/v2\/media?parent=558"}],"wp:term":[{"taxonomy":"product_brand","embeddable":true,"href":"https:\/\/mostebglass.com\/pt\/wp-json\/wp\/v2\/product_brand?post=558"},{"taxonomy":"product_cat","embeddable":true,"href":"https:\/\/mostebglass.com\/pt\/wp-json\/wp\/v2\/product_cat?post=558"},{"taxonomy":"product_tag","embeddable":true,"href":"https:\/\/mostebglass.com\/pt\/wp-json\/wp\/v2\/product_tag?post=558"}],"curies":[{"name":"wp","href":"https:\/\/api.w.org\/{rel}","templated":true}]}}