{"id":571,"date":"2025-08-19T14:46:43","date_gmt":"2025-08-19T06:46:43","guid":{"rendered":"https:\/\/mostebglass.com\/?post_type=product&#038;p=571"},"modified":"2026-03-20T16:16:32","modified_gmt":"2026-03-20T08:16:32","slug":"frascos-para-velas-de-vidro-fosco-de-80-ml-e-95-ml-no-atacado","status":"publish","type":"product","link":"https:\/\/mostebglass.com\/pt\/80ml-95ml-frosted-glass-candle-jars-wholesale\/","title":{"rendered":"Potes de vidro fosco para velas de 80ml e 95ml no atacado"},"content":{"rendered":"<p>Estes frascos de vidro fosco para velas apresentam um design redondo com boca larga e um acabamento fosco suave que proporciona um efeito visual delicado e difuso. Fabricados em vidro s\u00f3dio-c\u00e1lcico resistente, cada frasco \u00e9 prensado mecanicamente para garantir consist\u00eancia, tornando-o ideal para a produ\u00e7\u00e3o em larga escala de recipientes para velas. Dispon\u00edveis nos tamanhos de 80 ml e 95 ml, estes frascos foscos para velas s\u00e3o amplamente utilizados para velas de soja, velas perfumadas e cole\u00e7\u00f5es premium para o varejo. Seu estilo elegante e moderno aprimora a apresenta\u00e7\u00e3o do produto, tornando-os adequados para frascos de velas de luxo, conjuntos para presente e embalagens de vidro sofisticadas.<\/p>\n<h2>Especifica\u00e7\u00f5es principais<\/h2>\n<table style=\"border-collapse: collapse; width: 80%; margin-left: auto; margin-right: auto;\" border=\"0\" width=\"499\" cellspacing=\"0\" cellpadding=\"0\">\n<tbody>\n<tr style=\"height: 13.50pt;\">\n<td style=\"height: 13.50pt; width: 128.25pt;\" width=\"171\" height=\"18\">Tipo de produto<\/td>\n<td style=\"width: 246.00pt;\" width=\"328\">Potes de vidro fosco para velas<\/td>\n<\/tr>\n<tr style=\"height: 13.50pt;\">\n<td style=\"height: 13.50pt;\" height=\"18\">Material<\/td>\n<td>Vidro s\u00f3dio-c\u00e1lcico<\/td>\n<\/tr>\n<tr style=\"height: 13.50pt;\">\n<td style=\"height: 13.50pt;\" height=\"18\">Acabamento da superf\u00edcie<\/td>\n<td>Fosco (mate)<\/td>\n<\/tr>\n<tr style=\"height: 13.50pt;\">\n<td style=\"height: 13.50pt;\" height=\"18\">Forma<\/td>\n<td>Boca redonda e larga<\/td>\n<\/tr>\n<tr style=\"height: 13.50pt;\">\n<td style=\"height: 13.50pt;\" height=\"18\">Capacidade<\/td>\n<td>80ml \/ 95ml<\/td>\n<\/tr>\n<tr style=\"height: 13.50pt;\">\n<td style=\"height: 13.50pt;\" height=\"18\">Dimens\u00f5es (80 ml)<\/td>\n<td>\u00d852 mm \u00d7 A62 mm (base \u00d845 mm)<\/td>\n<\/tr>\n<tr style=\"height: 13.50pt;\">\n<td style=\"height: 13.50pt;\" height=\"18\">Dimens\u00f5es (95 ml)<\/td>\n<td>\u00d856 mm \u00d7 A66 mm (base \u00d847 mm)<\/td>\n<\/tr>\n<tr style=\"height: 13.50pt;\">\n<td style=\"height: 13.50pt;\" height=\"18\">Op\u00e7\u00f5es de tampa<\/td>\n<td>Tampa de metal\/bambu com anel de silicone<\/td>\n<\/tr>\n<tr style=\"height: 13.50pt;\">\n<td style=\"height: 13.50pt;\" height=\"18\">Cor<\/td>\n<td>Personaliz\u00e1vel<\/td>\n<\/tr>\n<tr style=\"height: 13.50pt;\">\n<td style=\"height: 13.50pt;\" height=\"18\">M\u00e9todo de produ\u00e7\u00e3o<\/td>\n<td>Prensado \u00e0 m\u00e1quina<\/td>\n<\/tr>\n<tr style=\"height: 13.50pt;\">\n<td style=\"height: 13.50pt;\" height=\"18\">Ecol\u00f3gico<\/td>\n<td>Reciclado, reutiliz\u00e1vel<\/td>\n<\/tr>\n<tr style=\"height: 13.50pt;\">\n<td style=\"height: 13.50pt;\" height=\"18\">Quantidade m\u00ednima de encomenda\/fornecimento<\/td>\n<td>\u22651000 unidades, atacado e grandes quantidades<\/td>\n<\/tr>\n<tr style=\"height: 13.50pt;\">\n<td style=\"height: 13.50pt;\" height=\"18\">Personaliza\u00e7\u00e3o<\/td>\n<td>Logotipo, tampa, cor, acabamento, tamanho, formato<\/td>\n<\/tr>\n<\/tbody>\n<\/table>\n<h2>Principais caracter\u00edsticas<\/h2>\n<ol>\n<li><strong>Est\u00e9tica suave e fosca<\/strong>A superf\u00edcie fosca cria um brilho refinado, melhorando o apelo visual nas prateleiras sem a necessidade de embalagem adicional.<\/li>\n<li><strong>Vidro dur\u00e1vel e resistente ao calor<\/strong>A constru\u00e7\u00e3o em vidro mais espesso melhora a resist\u00eancia ao choque t\u00e9rmico, ideal para recipientes de velas a quente.<\/li>\n<li><strong>Boca larga para maior efici\u00eancia<\/strong>A ampla abertura facilita o despejo, o resfriamento e a limpeza da cera \u2013 perfeita para a produ\u00e7\u00e3o automatizada em larga escala.<\/li>\n<\/ol>\n<h2>Estudo de Caso de Sucesso<\/h2>\n<p>Uma marca de velas artesanais na Fran\u00e7a, especializada em produtos de cera de soja org\u00e2nica, adquiriu potes de vidro fosco para velas no atacado para uma linha de produtos sazonal. Como varejista de m\u00e9dio porte e propriet\u00e1ria de marca pr\u00f3pria, a empresa encomendou inicialmente 50.000 unidades, divididas entre os formatos de 80 ml e 95 ml.<\/p>\n<p>A personaliza\u00e7\u00e3o incluiu cores branco fosco e \u00e2mbar, tampa de bambu com grava\u00e7\u00e3o do logotipo e uma identidade visual minimalista para destacar o acabamento fosco. O resultado foi uma linha de recipientes para velas premium que n\u00e3o necessitou de caixas secund\u00e1rias, reduzindo os custos de embalagem em 18%.<\/p>\n<p>Em tr\u00eas meses, a linha de produtos alcan\u00e7ou um aumento de 35% nas vendas no varejo, principalmente no segmento de presentes. Devido \u00e0 forte receptividade do mercado, o cliente fez dois novos pedidos em grande quantidade em um per\u00edodo de seis meses, expandindo para tamanhos adicionais e formatos personalizados.<\/p>\n<h2>Sugest\u00f5es de personaliza\u00e7\u00e3o B2B<\/h2>\n<ol>\n<li><strong>Personaliza\u00e7\u00e3o com foco na marca<\/strong>Utilize serigrafia ou grava\u00e7\u00e3o a laser nos frascos de vidro para velas, criando uma identidade visual elegante e sofisticada sem a necessidade de r\u00f3tulos.<\/li>\n<li><strong>Combina\u00e7\u00e3o de tampa e material<\/strong>Combine suportes de vidro fosco com tampas de bambu para uma identidade visual ecologicamente consciente ou tampas de metal para um estilo mais industrial.<\/li>\n<li><strong>Estrat\u00e9gia de cores para segmenta\u00e7\u00e3o de mercado<\/strong>Desenvolver m\u00faltiplas varia\u00e7\u00f5es de cores (por exemplo, branco, cinza, tons pastel) para atingir diferentes canais de varejo, como spas, decora\u00e7\u00e3o para casa ou cole\u00e7\u00f5es de festas.<\/li>\n<\/ol>","protected":false},"excerpt":{"rendered":"<p>Potes de vidro fosco premium para velas, dispon\u00edveis em 80ml e 95ml. Potes foscos dur\u00e1veis \u200b\u200be personaliz\u00e1veis, ideais para produ\u00e7\u00e3o de velas em atacado e embalagens para varejo.<\/p>","protected":false},"featured_media":4855,"template":"","meta":{"site-sidebar-layout":"default","site-content-layout":"","ast-site-content-layout":"default","site-content-style":"default","site-sidebar-style":"default","ast-global-header-display":"","ast-banner-title-visibility":"","ast-main-header-display":"","ast-hfb-above-header-display":"","ast-hfb-below-header-display":"","ast-hfb-mobile-header-display":"","site-post-title":"","ast-breadcrumbs-content":"","ast-featured-img":"","footer-sml-layout":"","theme-transparent-header-meta":"default","adv-header-id-meta":"","stick-header-meta":"","header-above-stick-meta":"","header-main-stick-meta":"","header-below-stick-meta":"","astra-migrate-meta-layouts":"set","ast-page-background-enabled":"default","ast-page-background-meta":{"desktop":{"background-color":"var(--ast-global-color-5)","background-image":"","background-repeat":"repeat","background-position":"center center","background-size":"auto","background-attachment":"scroll","background-type":"","background-media":"","overlay-type":"","overlay-color":"","overlay-opacity":"","overlay-gradient":""},"tablet":{"background-color":"","background-image":"","background-repeat":"repeat","background-position":"center center","background-size":"auto","background-attachment":"scroll","background-type":"","background-media":"","overlay-type":"","overlay-color":"","overlay-opacity":"","overlay-gradient":""},"mobile":{"background-color":"","background-image":"","background-repeat":"repeat","background-position":"center center","background-size":"auto","background-attachment":"scroll","background-type":"","background-media":"","overlay-type":"","overlay-color":"","overlay-opacity":"","overlay-gradient":""}},"ast-content-background-meta":{"desktop":{"background-color":"var(--ast-global-color-4)","background-image":"","background-repeat":"repeat","background-position":"center center","background-size":"auto","background-attachment":"scroll","background-type":"","background-media":"","overlay-type":"","overlay-color":"","overlay-opacity":"","overlay-gradient":""},"tablet":{"background-color":"var(--ast-global-color-4)","background-image":"","background-repeat":"repeat","background-position":"center center","background-size":"auto","background-attachment":"scroll","background-type":"","background-media":"","overlay-type":"","overlay-color":"","overlay-opacity":"","overlay-gradient":""},"mobile":{"background-color":"var(--ast-global-color-4)","background-image":"","background-repeat":"repeat","background-position":"center center","background-size":"auto","background-attachment":"scroll","background-type":"","background-media":"","overlay-type":"","overlay-color":"","overlay-opacity":"","overlay-gradient":""}}},"product_brand":[],"product_cat":[28,21],"product_tag":[],"class_list":{"0":"post-571","1":"product","2":"type-product","3":"status-publish","4":"has-post-thumbnail","6":"product_cat-glass-candle-jars","7":"product_cat-product","8":"desktop-align-left","9":"tablet-align-left","10":"mobile-align-left","12":"first","13":"instock","14":"shipping-taxable","15":"product-type-simple"},"jetpack_sharing_enabled":true,"_links":{"self":[{"href":"https:\/\/mostebglass.com\/pt\/wp-json\/wp\/v2\/product\/571","targetHints":{"allow":["GET"]}}],"collection":[{"href":"https:\/\/mostebglass.com\/pt\/wp-json\/wp\/v2\/product"}],"about":[{"href":"https:\/\/mostebglass.com\/pt\/wp-json\/wp\/v2\/types\/product"}],"wp:featuredmedia":[{"embeddable":true,"href":"https:\/\/mostebglass.com\/pt\/wp-json\/wp\/v2\/media\/4855"}],"wp:attachment":[{"href":"https:\/\/mostebglass.com\/pt\/wp-json\/wp\/v2\/media?parent=571"}],"wp:term":[{"taxonomy":"product_brand","embeddable":true,"href":"https:\/\/mostebglass.com\/pt\/wp-json\/wp\/v2\/product_brand?post=571"},{"taxonomy":"product_cat","embeddable":true,"href":"https:\/\/mostebglass.com\/pt\/wp-json\/wp\/v2\/product_cat?post=571"},{"taxonomy":"product_tag","embeddable":true,"href":"https:\/\/mostebglass.com\/pt\/wp-json\/wp\/v2\/product_tag?post=571"}],"curies":[{"name":"wp","href":"https:\/\/api.w.org\/{rel}","templated":true}]}}