{"id":585,"date":"2025-08-19T14:49:43","date_gmt":"2025-08-19T06:49:43","guid":{"rendered":"https:\/\/mostebglass.com\/?post_type=product&#038;p=585"},"modified":"2026-03-18T15:41:35","modified_gmt":"2026-03-18T07:41:35","slug":"aromatherapy-bottles-with-textured-glass-wholesale","status":"publish","type":"product","link":"https:\/\/mostebglass.com\/pt\/aromatherapy-bottles-with-textured-glass-wholesale\/","title":{"rendered":"Frascos de Aromaterapia de 50ml e 100ml com Vidro Texturizado para Venda por Atacado"},"content":{"rendered":"<p>Apresentamos nossos difusores de vidro, que tamb\u00e9m funcionam como elegantes frascos para aromaterapia. Fabricado em vidro de alta qualidade, este frasco transparente possui um padr\u00e3o complexo e brilhante, que adiciona um toque de sofistica\u00e7\u00e3o ao seu ambiente.<\/p>\n<h2>Caracter\u00edsticas do produto<\/h2>\n<ul>\n<li><strong>Desenho do padr\u00e3o:<\/strong> Os padr\u00f5es irregulares na garrafa conferem amplitude e dimens\u00e3o, real\u00e7ando seu apelo est\u00e9tico.<\/li>\n<li><strong>Capacidade ideal de 100 ml:<\/strong> O tamanho ideal para quarto, escrit\u00f3rio ou como presente \u2013 desfrute de semanas de fragr\u00e2ncia.<\/li>\n<li><strong>Material transparente:<\/strong> Feito de vidro transparente, o l\u00edquido difusor fica claramente vis\u00edvel.<\/li>\n<\/ul>\n<h2>Caso de sucesso<\/h2>\n<p>Nossos frascos difusores de vidro texturizado foram escolhidos por uma marca de fragr\u00e2ncias de nicho na Fran\u00e7a para integrar sua linha de produtos. O cliente indicou uma capacidade de 200 ml durante a fase de personaliza\u00e7\u00e3o e solicitou que as texturas em relevo no corpo do frasco fossem mais pronunciadas; optaram por um padr\u00e3o assim\u00e9trico com pontilhados e medalh\u00f5es para aumentar a sensa\u00e7\u00e3o t\u00e1til do produto. Para isso, projetamos uma base de vidro com peso para aumentar a estabilidade do frasco. O cliente tamb\u00e9m escolheu varetas difusoras pretas de 28 cm de altura, feitas de fibra, especialmente desenvolvidas para se adequarem perfeitamente ao formato alto e esguio do frasco.<\/p>\n<p>Ap\u00f3s o lan\u00e7amento, a s\u00e9rie registrou um crescimento de 34% nas vendas em loja f\u00edsica em apenas dois meses. O cliente ent\u00e3o fez tr\u00eas novos pedidos consecutivos em grande quantidade, o que permitiu expandir seu canal de distribui\u00e7\u00e3o para muitas lojas de presentes de alto padr\u00e3o na Europa.<\/p>\n<h2>Quer dar o seu toque pessoal? Experimente estas ideias de personaliza\u00e7\u00e3o.<\/h2>\n<ul>\n<li>Experimente personaliz\u00e1-lo com \u00e2mbar ou rosa para um visual moderno e misterioso.<\/li>\n<li>Incentive visitas frequentes oferecendo refis de \u00f3leo essencial para difusor de varetas.<\/li>\n<li>\u041f\u0440\u0438\u043c\u0435\u0440 \u0438\u0441\u043f\u043e\u043b\u044c\u0437\u043e\u0432\u0430\u043d\u0438\u044f: \u0418\u043d\u0434\u0438\u0432\u0438\u0434\u0443\u0430\u043b\u044c\u043d\u0430\u044f \u043a\u0440\u0443\u0433\u043b\u0430\u044f \u0441\u0442\u0435\u043a\u043b\u044f\u043d\u043d\u0430\u044f \u0432\u0430\u0437\u0430 \u0434\u043b\u044f \u0448\u0432\u0435\u0434\u0441\u043a\u043e\u0433\u043e \u0431\u0440\u0435\u043d\u0434\u0430 \u0442\u043e\u0432\u0430\u0440\u043e\u0432 \u0434\u043b\u044f \u0434\u043e\u043c\u0430<\/li>\n<li>Adicione uma rolha personalizada com o logotipo da sua marca \u2014 um pequeno detalhe que agrega um toque de identidade.<\/li>\n<\/ul>\n<p>J\u00e1 ajudamos in\u00fameras marcas a transformar simples frascos difusores de vidro em campe\u00f5es de vendas. Qual \u00e9 a sua vis\u00e3o? N\u00f3s ajudamos voc\u00ea a concretiz\u00e1-la \u2014 um frasco texturizado de cada vez.<\/p>","protected":false},"excerpt":{"rendered":"<p>Difusores de alta qualidade em vidro com frascos para aromaterapia, ideais para encomendas B2B em grandes quantidades e embalagens personalizadas para fragr\u00e2ncias. Amostras gr\u00e1tis.<\/p>","protected":false},"featured_media":4810,"template":"","meta":{"site-sidebar-layout":"default","site-content-layout":"","ast-site-content-layout":"default","site-content-style":"default","site-sidebar-style":"default","ast-global-header-display":"","ast-banner-title-visibility":"","ast-main-header-display":"","ast-hfb-above-header-display":"","ast-hfb-below-header-display":"","ast-hfb-mobile-header-display":"","site-post-title":"","ast-breadcrumbs-content":"","ast-featured-img":"","footer-sml-layout":"","theme-transparent-header-meta":"default","adv-header-id-meta":"","stick-header-meta":"","header-above-stick-meta":"","header-main-stick-meta":"","header-below-stick-meta":"","astra-migrate-meta-layouts":"set","ast-page-background-enabled":"default","ast-page-background-meta":{"desktop":{"background-color":"var(--ast-global-color-5)","background-image":"","background-repeat":"repeat","background-position":"center center","background-size":"auto","background-attachment":"scroll","background-type":"","background-media":"","overlay-type":"","overlay-color":"","overlay-opacity":"","overlay-gradient":""},"tablet":{"background-color":"","background-image":"","background-repeat":"repeat","background-position":"center center","background-size":"auto","background-attachment":"scroll","background-type":"","background-media":"","overlay-type":"","overlay-color":"","overlay-opacity":"","overlay-gradient":""},"mobile":{"background-color":"","background-image":"","background-repeat":"repeat","background-position":"center center","background-size":"auto","background-attachment":"scroll","background-type":"","background-media":"","overlay-type":"","overlay-color":"","overlay-opacity":"","overlay-gradient":""}},"ast-content-background-meta":{"desktop":{"background-color":"var(--ast-global-color-4)","background-image":"","background-repeat":"repeat","background-position":"center center","background-size":"auto","background-attachment":"scroll","background-type":"","background-media":"","overlay-type":"","overlay-color":"","overlay-opacity":"","overlay-gradient":""},"tablet":{"background-color":"var(--ast-global-color-4)","background-image":"","background-repeat":"repeat","background-position":"center center","background-size":"auto","background-attachment":"scroll","background-type":"","background-media":"","overlay-type":"","overlay-color":"","overlay-opacity":"","overlay-gradient":""},"mobile":{"background-color":"var(--ast-global-color-4)","background-image":"","background-repeat":"repeat","background-position":"center center","background-size":"auto","background-attachment":"scroll","background-type":"","background-media":"","overlay-type":"","overlay-color":"","overlay-opacity":"","overlay-gradient":""}}},"product_brand":[],"product_cat":[54],"product_tag":[],"class_list":{"0":"post-585","1":"product","2":"type-product","3":"status-publish","4":"has-post-thumbnail","6":"product_cat-reed-diffuser-bottles","7":"desktop-align-left","8":"tablet-align-left","9":"mobile-align-left","11":"first","12":"instock","13":"shipping-taxable","14":"product-type-simple"},"jetpack_sharing_enabled":true,"_links":{"self":[{"href":"https:\/\/mostebglass.com\/pt\/wp-json\/wp\/v2\/product\/585","targetHints":{"allow":["GET"]}}],"collection":[{"href":"https:\/\/mostebglass.com\/pt\/wp-json\/wp\/v2\/product"}],"about":[{"href":"https:\/\/mostebglass.com\/pt\/wp-json\/wp\/v2\/types\/product"}],"wp:featuredmedia":[{"embeddable":true,"href":"https:\/\/mostebglass.com\/pt\/wp-json\/wp\/v2\/media\/4810"}],"wp:attachment":[{"href":"https:\/\/mostebglass.com\/pt\/wp-json\/wp\/v2\/media?parent=585"}],"wp:term":[{"taxonomy":"product_brand","embeddable":true,"href":"https:\/\/mostebglass.com\/pt\/wp-json\/wp\/v2\/product_brand?post=585"},{"taxonomy":"product_cat","embeddable":true,"href":"https:\/\/mostebglass.com\/pt\/wp-json\/wp\/v2\/product_cat?post=585"},{"taxonomy":"product_tag","embeddable":true,"href":"https:\/\/mostebglass.com\/pt\/wp-json\/wp\/v2\/product_tag?post=585"}],"curies":[{"name":"wp","href":"https:\/\/api.w.org\/{rel}","templated":true}]}}