{"id":628,"date":"2025-08-20T11:11:44","date_gmt":"2025-08-20T03:11:44","guid":{"rendered":"https:\/\/mostebglass.com\/?post_type=product&#038;p=628"},"modified":"2026-03-25T16:04:07","modified_gmt":"2026-03-25T08:04:07","slug":"small-transparent-tealight-cups-bulk","status":"publish","type":"product","link":"https:\/\/mostebglass.com\/pt\/small-transparent-tealight-cups-bulk\/","title":{"rendered":"Copos pequenos e transparentes para velas de ch\u00e1, 25ml (em grande quantidade)"},"content":{"rendered":"<p>Procura recipientes para velas de alta qualidade que aliem funcionalidade e estilo? Os nossos recipientes de vidro para velas a granel s\u00e3o a op\u00e7\u00e3o ideal para marcas. Concebidos para estabilidade, transpar\u00eancia e adaptabilidade, estes recipientes s\u00e3o perfeitos para a produ\u00e7\u00e3o de velas em grande escala ou para embalagens de retalho.<\/p>\n<h2>Caracter\u00edsticas do produto<\/h2>\n<ul>\n<li><strong>Fabrica\u00e7\u00e3o de vidro resistente ao calor: <\/strong>Feitos de vidro, estes copos Chaiti n\u00e3o racham nem se desintegram durante a queima prolongada \u2013 ideais para revendedores de velas a granel e organizadores de eventos.<\/li>\n<li><strong>Empilh\u00e1vel para otimizar o espa\u00e7o: <\/strong>O formato cil\u00edndrico de baixo perfil permite que o copo Telleight seja embalado com seguran\u00e7a. Isso reduz os custos de envio e a necessidade de espa\u00e7o para armazenamento \u2013 ideal para potes de velas grandes vendidos no atacado.<\/li>\n<\/ul>\n<h2>Especifica\u00e7\u00f5es principais<\/h2>\n<table style=\"border-collapse: collapse; width: 80%; margin-left: auto; margin-right: auto;\" border=\"0\" width=\"144\" cellspacing=\"0\" cellpadding=\"0\">\n<tbody>\n<tr style=\"height: 13.50pt;\">\n<td style=\"height: 13.50pt; width: 54.00pt;\" width=\"72\" height=\"18\">Recurso<\/td>\n<td style=\"width: 54.00pt;\" width=\"72\">Detalhes<\/td>\n<\/tr>\n<tr style=\"height: 13.50pt;\">\n<td style=\"height: 13.50pt;\" height=\"18\">Capacidade<\/td>\n<td>25ml<\/td>\n<\/tr>\n<tr style=\"height: 13.50pt;\">\n<td style=\"height: 13.50pt;\" height=\"18\">Dimens\u00f5es<\/td>\n<td>46*44*26mm<\/td>\n<\/tr>\n<tr style=\"height: 13.50pt;\">\n<td style=\"height: 13.50pt;\" height=\"18\">Peso<\/td>\n<td>50g<\/td>\n<\/tr>\n<tr style=\"height: 13.50pt;\">\n<td style=\"height: 13.50pt;\" height=\"18\">Op\u00e7\u00f5es de cores<\/td>\n<td>Vidro transparente ou com tonalidade personalizada<\/td>\n<\/tr>\n<\/tbody>\n<\/table>\n<h2>Caso de sucesso<\/h2>\n<p>Nossos copos para velas tealight foram distribu\u00eddos por um distribuidor de velas na Espanha em uma embalagem promocional sazonal. Os copos receberam uma camada de cores semitransparentes aplicada por meio de um processo de recozimento, permitindo baixos n\u00edveis de difus\u00e3o de luz e, ao mesmo tempo, uniformizando os lotes. A embalagem tamb\u00e9m foi projetada com bandejas empilh\u00e1veis \u200b\u200be divis\u00f3rias protetoras para otimizar o transporte e reduzir quebras em remessas a granel.<\/p>\n<p>A nova linha de velas tealight aumentou as vendas em 34% em apenas 5 semanas e, desde ent\u00e3o, eles j\u00e1 encomendaram um segundo lote de mais de 100.000 unidades.<\/p>\n<h2>Dicas de adapta\u00e7\u00e3o para voc\u00ea<\/h2>\n<ol>\n<li><strong>Op\u00e7\u00f5es de revestimento colorido:<\/strong> Adicione acabamentos transl\u00facidos, foscos, met\u00e1licos ou degrad\u00ea para produzir diversos efeitos de ilumina\u00e7\u00e3o na vela quando ela estiver acesa.<\/li>\n<li><strong>Cria\u00e7\u00e3o de logotipo:<\/strong> Incorpore serigrafia, decalques ou identifica\u00e7\u00f5es em relevo na superf\u00edcie do vidro para serem usadas como marca.<\/li>\n<li><strong>Op\u00e7\u00f5es de tampa\/cobertura:<\/strong> Ofere\u00e7a tampas de pl\u00e1stico, metal ou papel para proteger contra poeira e melhorar a apresenta\u00e7\u00e3o dos produtos no ponto de venda.<\/li>\n<\/ol>","protected":false},"excerpt":{"rendered":"<p>Descubra copos para velas tealight dur\u00e1veis \u200b\u200bem grandes quantidades a pre\u00e7os competitivos. Perfeitos para velas de luxo, personaliza\u00e7\u00e3o de marcas e pedidos no atacado.<\/p>","protected":false},"featured_media":4918,"template":"","meta":{"site-sidebar-layout":"default","site-content-layout":"","ast-site-content-layout":"default","site-content-style":"default","site-sidebar-style":"default","ast-global-header-display":"","ast-banner-title-visibility":"","ast-main-header-display":"","ast-hfb-above-header-display":"","ast-hfb-below-header-display":"","ast-hfb-mobile-header-display":"","site-post-title":"","ast-breadcrumbs-content":"","ast-featured-img":"","footer-sml-layout":"","theme-transparent-header-meta":"default","adv-header-id-meta":"","stick-header-meta":"","header-above-stick-meta":"","header-main-stick-meta":"","header-below-stick-meta":"","astra-migrate-meta-layouts":"set","ast-page-background-enabled":"default","ast-page-background-meta":{"desktop":{"background-color":"var(--ast-global-color-5)","background-image":"","background-repeat":"repeat","background-position":"center center","background-size":"auto","background-attachment":"scroll","background-type":"","background-media":"","overlay-type":"","overlay-color":"","overlay-opacity":"","overlay-gradient":""},"tablet":{"background-color":"","background-image":"","background-repeat":"repeat","background-position":"center center","background-size":"auto","background-attachment":"scroll","background-type":"","background-media":"","overlay-type":"","overlay-color":"","overlay-opacity":"","overlay-gradient":""},"mobile":{"background-color":"","background-image":"","background-repeat":"repeat","background-position":"center center","background-size":"auto","background-attachment":"scroll","background-type":"","background-media":"","overlay-type":"","overlay-color":"","overlay-opacity":"","overlay-gradient":""}},"ast-content-background-meta":{"desktop":{"background-color":"var(--ast-global-color-4)","background-image":"","background-repeat":"repeat","background-position":"center center","background-size":"auto","background-attachment":"scroll","background-type":"","background-media":"","overlay-type":"","overlay-color":"","overlay-opacity":"","overlay-gradient":""},"tablet":{"background-color":"var(--ast-global-color-4)","background-image":"","background-repeat":"repeat","background-position":"center center","background-size":"auto","background-attachment":"scroll","background-type":"","background-media":"","overlay-type":"","overlay-color":"","overlay-opacity":"","overlay-gradient":""},"mobile":{"background-color":"var(--ast-global-color-4)","background-image":"","background-repeat":"repeat","background-position":"center center","background-size":"auto","background-attachment":"scroll","background-type":"","background-media":"","overlay-type":"","overlay-color":"","overlay-opacity":"","overlay-gradient":""}}},"product_brand":[],"product_cat":[28,21],"product_tag":[],"class_list":{"0":"post-628","1":"product","2":"type-product","3":"status-publish","4":"has-post-thumbnail","6":"product_cat-glass-candle-jars","7":"product_cat-product","8":"desktop-align-left","9":"tablet-align-left","10":"mobile-align-left","12":"first","13":"instock","14":"shipping-taxable","15":"product-type-simple"},"jetpack_sharing_enabled":true,"_links":{"self":[{"href":"https:\/\/mostebglass.com\/pt\/wp-json\/wp\/v2\/product\/628","targetHints":{"allow":["GET"]}}],"collection":[{"href":"https:\/\/mostebglass.com\/pt\/wp-json\/wp\/v2\/product"}],"about":[{"href":"https:\/\/mostebglass.com\/pt\/wp-json\/wp\/v2\/types\/product"}],"wp:featuredmedia":[{"embeddable":true,"href":"https:\/\/mostebglass.com\/pt\/wp-json\/wp\/v2\/media\/4918"}],"wp:attachment":[{"href":"https:\/\/mostebglass.com\/pt\/wp-json\/wp\/v2\/media?parent=628"}],"wp:term":[{"taxonomy":"product_brand","embeddable":true,"href":"https:\/\/mostebglass.com\/pt\/wp-json\/wp\/v2\/product_brand?post=628"},{"taxonomy":"product_cat","embeddable":true,"href":"https:\/\/mostebglass.com\/pt\/wp-json\/wp\/v2\/product_cat?post=628"},{"taxonomy":"product_tag","embeddable":true,"href":"https:\/\/mostebglass.com\/pt\/wp-json\/wp\/v2\/product_tag?post=628"}],"curies":[{"name":"wp","href":"https:\/\/api.w.org\/{rel}","templated":true}]}}