{"id":696,"date":"2025-08-21T09:48:11","date_gmt":"2025-08-21T01:48:11","guid":{"rendered":"https:\/\/mostebglass.com\/?post_type=product&#038;p=696"},"modified":"2026-03-20T13:25:38","modified_gmt":"2026-03-20T05:25:38","slug":"frascos-de-difusor-de-palheta-por-atacado-com-listras-verticais","status":"publish","type":"product","link":"https:\/\/mostebglass.com\/pt\/wholesale-reed-diffuser-bottles-with-vertical-stripes\/","title":{"rendered":"Frascos para difusor de varetas de 50ml e 100ml com listras verticais para venda por atacado."},"content":{"rendered":"<p>Uma aromaterapia limpa e profissional procura um frasco de vidro que represente a sua marca? Este difusor de \u00f3leos essenciais com varetas, com design em rattan transparente, apresenta um corpo liso e arredondado com textura canelada vertical \u2013 um design simples e elegante que o torna um frasco de aromaterapia ideal para uso imediato.<\/p>\n<h2>Caracter\u00edsticas do produto<\/h2>\n<ul>\n<li><strong>Design elegante e pr\u00e1tico:<\/strong> O formato arredondado com ranhuras verticais confere um toque moderno ao seu frasco de vidro para aromaterapia, aumentando a sua ader\u00eancia e profundidade visual.<\/li>\n<li><strong>Vidro Premium:<\/strong> Fabricado em vidro de alta qualidade, evita o emba\u00e7amento e preserva a integridade da sua fragr\u00e2ncia, sendo ideal para armazenamento a longo prazo.<\/li>\n<li><strong>Pesco\u00e7o rosqueado:<\/strong> O gargalo roscado permite f\u00e1cil integra\u00e7\u00e3o com uma tampa de rosca para garantir uma veda\u00e7\u00e3o segura.<\/li>\n<\/ul>\n<h2>Caso de sucesso<\/h2>\n<p>Uma das marcas espanholas de fragr\u00e2ncias para casa escolheu nosso frasco difusor redondo de 50ml com textura canelada. O cliente optou por um acabamento personalizado com rosca de precis\u00e3o no gargalo, que permite um encaixe perfeito com um colarinho de cer\u00e2mica desenvolvido pela empresa, al\u00e9m de oferecer a op\u00e7\u00e3o de usar qualquer tipo de tampa. Ademais, o cliente solicitou o uso de varetas de fibra de carbono para garantir a forte difus\u00e3o da fragr\u00e2ncia; tamb\u00e9m os auxiliamos na cria\u00e7\u00e3o de um r\u00f3tulo minimalista e envolvente com uma leve sobreposi\u00e7\u00e3o de textura micro-relevo.<\/p>\n<p>Ap\u00f3s o lan\u00e7amento da s\u00e9rie, houve um aumento de 29% nas vendas no varejo em apenas um trimestre; o cliente fez quatro grandes pedidos consecutivos nos cinco meses seguintes.<\/p>\n<h2>Dicas de personaliza\u00e7\u00e3o<\/h2>\n<ul>\n<li>Cor do frasco: Vidro \u00e2mbar suave (para prote\u00e7\u00e3o UV)<\/li>\n<li>Tampa: Rosque\u00e1vel em alum\u00ednio preto com inser\u00e7\u00e3o para palheta<\/li>\n<li>Tamanho: Precisa de um formato exclusivo? Podemos adaptar o tamanho \u00e0s suas necessidades espec\u00edficas de aromaterapia.<\/li>\n<li>Logotipo: Aumente o reconhecimento da marca imprimindo, gravando em relevo ou em baixo-relevo o seu logotipo em uma garrafa ou tampa.<\/li>\n<\/ul>\n<p>Quer voc\u00ea venda difusores de varetas ou difusores de \u00f3leos essenciais com varetas, estes frascos para difusores de varetas no atacado garantem um fornecimento de alta qualidade. N\u00e3o perca esta oportunidade de adquirir seus produtos hoje mesmo!<\/p>","protected":false},"excerpt":{"rendered":"<p>Difusores de vidro personalizados e difusores de varetas de vidro para venda por atacado. Embalagens de vidro resistentes para grandes quantidades, ideais para as ind\u00fastrias de aromaterapia e decora\u00e7\u00e3o de interiores. Amostras gr\u00e1tis.<\/p>","protected":false},"featured_media":4836,"template":"","meta":{"site-sidebar-layout":"default","site-content-layout":"","ast-site-content-layout":"default","site-content-style":"default","site-sidebar-style":"default","ast-global-header-display":"","ast-banner-title-visibility":"","ast-main-header-display":"","ast-hfb-above-header-display":"","ast-hfb-below-header-display":"","ast-hfb-mobile-header-display":"","site-post-title":"","ast-breadcrumbs-content":"","ast-featured-img":"","footer-sml-layout":"","theme-transparent-header-meta":"default","adv-header-id-meta":"","stick-header-meta":"","header-above-stick-meta":"","header-main-stick-meta":"","header-below-stick-meta":"","astra-migrate-meta-layouts":"set","ast-page-background-enabled":"default","ast-page-background-meta":{"desktop":{"background-color":"var(--ast-global-color-5)","background-image":"","background-repeat":"repeat","background-position":"center center","background-size":"auto","background-attachment":"scroll","background-type":"","background-media":"","overlay-type":"","overlay-color":"","overlay-opacity":"","overlay-gradient":""},"tablet":{"background-color":"","background-image":"","background-repeat":"repeat","background-position":"center center","background-size":"auto","background-attachment":"scroll","background-type":"","background-media":"","overlay-type":"","overlay-color":"","overlay-opacity":"","overlay-gradient":""},"mobile":{"background-color":"","background-image":"","background-repeat":"repeat","background-position":"center center","background-size":"auto","background-attachment":"scroll","background-type":"","background-media":"","overlay-type":"","overlay-color":"","overlay-opacity":"","overlay-gradient":""}},"ast-content-background-meta":{"desktop":{"background-color":"var(--ast-global-color-4)","background-image":"","background-repeat":"repeat","background-position":"center center","background-size":"auto","background-attachment":"scroll","background-type":"","background-media":"","overlay-type":"","overlay-color":"","overlay-opacity":"","overlay-gradient":""},"tablet":{"background-color":"var(--ast-global-color-4)","background-image":"","background-repeat":"repeat","background-position":"center center","background-size":"auto","background-attachment":"scroll","background-type":"","background-media":"","overlay-type":"","overlay-color":"","overlay-opacity":"","overlay-gradient":""},"mobile":{"background-color":"var(--ast-global-color-4)","background-image":"","background-repeat":"repeat","background-position":"center center","background-size":"auto","background-attachment":"scroll","background-type":"","background-media":"","overlay-type":"","overlay-color":"","overlay-opacity":"","overlay-gradient":""}}},"product_brand":[],"product_cat":[54],"product_tag":[],"class_list":{"0":"post-696","1":"product","2":"type-product","3":"status-publish","4":"has-post-thumbnail","6":"product_cat-reed-diffuser-bottles","7":"desktop-align-left","8":"tablet-align-left","9":"mobile-align-left","11":"first","12":"instock","13":"shipping-taxable","14":"product-type-simple"},"jetpack_sharing_enabled":true,"_links":{"self":[{"href":"https:\/\/mostebglass.com\/pt\/wp-json\/wp\/v2\/product\/696","targetHints":{"allow":["GET"]}}],"collection":[{"href":"https:\/\/mostebglass.com\/pt\/wp-json\/wp\/v2\/product"}],"about":[{"href":"https:\/\/mostebglass.com\/pt\/wp-json\/wp\/v2\/types\/product"}],"wp:featuredmedia":[{"embeddable":true,"href":"https:\/\/mostebglass.com\/pt\/wp-json\/wp\/v2\/media\/4836"}],"wp:attachment":[{"href":"https:\/\/mostebglass.com\/pt\/wp-json\/wp\/v2\/media?parent=696"}],"wp:term":[{"taxonomy":"product_brand","embeddable":true,"href":"https:\/\/mostebglass.com\/pt\/wp-json\/wp\/v2\/product_brand?post=696"},{"taxonomy":"product_cat","embeddable":true,"href":"https:\/\/mostebglass.com\/pt\/wp-json\/wp\/v2\/product_cat?post=696"},{"taxonomy":"product_tag","embeddable":true,"href":"https:\/\/mostebglass.com\/pt\/wp-json\/wp\/v2\/product_tag?post=696"}],"curies":[{"name":"wp","href":"https:\/\/api.w.org\/{rel}","templated":true}]}}