{"id":717,"date":"2025-08-21T13:15:37","date_gmt":"2025-08-21T05:15:37","guid":{"rendered":"https:\/\/mostebglass.com\/?post_type=product&#038;p=717"},"modified":"2026-02-10T11:17:05","modified_gmt":"2026-02-10T03:17:05","slug":"glass-jars-with-cork-lids-candle-storage-spice-containers","status":"publish","type":"product","link":"https:\/\/mostebglass.com\/pt\/glass-jars-with-cork-lids-candle-storage-spice-containers\/","title":{"rendered":"Potes de vidro de 100ml e 200ml com tampas de corti\u00e7a | Recipientes para velas, armazenamento e especiarias"},"content":{"rendered":"<p>Estes frascos de vidro com tampas de corti\u00e7a (100 ml e 200 ml) t\u00eam formato cil\u00edndrico arredondado, com paredes laterais lisas e suavemente arredondadas e uma ampla abertura para facilitar o enchimento e o acesso ao conte\u00fado. S\u00e3o feitos de vidro maci\u00e7o e pesado, e est\u00e3o dispon\u00edveis nas cores transparente, \u00e2mbar, preto e verde, oferecendo diversidade visual e prote\u00e7\u00e3o contra a luz. Os frascos s\u00e3o acompanhados por uma tampa de corti\u00e7a natural com encaixe perfeito na boca, que \u00e9 muito f\u00e1cil de fechar e proporciona um contraste quente e org\u00e2nico com o corpo de vidro.<\/p>\n<figure id=\"attachment_4426\" aria-describedby=\"caption-attachment-4426\" style=\"width: 500px\" class=\"wp-caption aligncenter\"><img fetchpriority=\"high\" decoding=\"async\" class=\"wp-image-4426\" src=\"https:\/\/mostebglass.com\/wp-content\/uploads\/2025\/08\/100ml-200ml-glass-jars-with-cork-lids.webp\" alt=\"Frascos de vidro de 100ml e 200ml com tampas de corti\u00e7a.\" width=\"500\" height=\"500\" srcset=\"https:\/\/mostebglass.com\/wp-content\/uploads\/2025\/08\/100ml-200ml-glass-jars-with-cork-lids.webp 1024w, https:\/\/mostebglass.com\/wp-content\/uploads\/2025\/08\/100ml-200ml-glass-jars-with-cork-lids-768x768.webp 768w, https:\/\/mostebglass.com\/wp-content\/uploads\/2025\/08\/100ml-200ml-glass-jars-with-cork-lids-12x12.webp 12w, https:\/\/mostebglass.com\/wp-content\/uploads\/2025\/08\/100ml-200ml-glass-jars-with-cork-lids-300x300.webp 300w, https:\/\/mostebglass.com\/wp-content\/uploads\/2025\/08\/100ml-200ml-glass-jars-with-cork-lids-600x600.webp 600w, https:\/\/mostebglass.com\/wp-content\/uploads\/2025\/08\/100ml-200ml-glass-jars-with-cork-lids-100x100.webp 100w\" sizes=\"(max-width: 500px) 100vw, 500px\" \/><figcaption id=\"caption-attachment-4426\" class=\"wp-caption-text\">Frascos de vidro de 100ml e 200ml com tampas de corti\u00e7a.<\/figcaption><\/figure>\n<h2>Principais caracter\u00edsticas<\/h2>\n<p>Possuem uma base plana e est\u00e1vel, espessura uniforme das paredes e dimens\u00f5es compactas que se adaptam a embalagens de pequeno volume. A tampa de corti\u00e7a impede a exposi\u00e7\u00e3o excessiva \u00e0 poeira e garante que a tampa possa ser aberta e fechada repetidamente.<\/p>\n<h2>Aplica\u00e7\u00f5es<\/h2>\n<p>Os frascos podem ser facilmente utilizados para diversas finalidades, como frascos para velas (para armazenar pequenas velas perfumadas), frascos de armazenamento (ervas, especiarias, sais ou ch\u00e1), frascos decorativos (decora\u00e7\u00e3o para casa ou conjuntos de presentes) e solu\u00e7\u00f5es de embalagem (artigos de artesanato ou amostras de cosm\u00e9ticos). Sua apar\u00eancia multifuncional \u00e9 adequada para marcas de varejo, aplica\u00e7\u00f5es na \u00e1rea de hotelaria e programas de embalagens personalizadas.<\/p>\n<h2>Especifica\u00e7\u00f5es principais<\/h2>\n<table style=\"border-collapse: collapse; width: 80%; margin-right: auto; margin-left: auto;\" border=\"0\" width=\"144\" cellspacing=\"0\" cellpadding=\"0\">\n<tbody>\n<tr>\n<td width=\"72\">Recurso<\/td>\n<td width=\"72\">Detalhes<\/td>\n<\/tr>\n<tr>\n<td>Dimens\u00f5es<\/td>\n<td>100ml (64mm * 63mm), 200ml (69mm * 93mm)<\/td>\n<\/tr>\n<tr>\n<td>Op\u00e7\u00f5es de cores<\/td>\n<td>Transparente, verde, \u00e2mbar, preto fosco ou cor personalizada.<\/td>\n<\/tr>\n<tr>\n<td>Material<\/td>\n<td>Vidro s\u00f3dio-c\u00e1lcico sem chumbo e corti\u00e7a natural.<\/td>\n<\/tr>\n<\/tbody>\n<\/table>\n<figure id=\"attachment_4430\" aria-describedby=\"caption-attachment-4430\" style=\"width: 500px\" class=\"wp-caption aligncenter\"><img decoding=\"async\" class=\"wp-image-4430\" src=\"https:\/\/mostebglass.com\/wp-content\/uploads\/2025\/08\/100ml-glass-jars-with-cork-lids.webp\" alt=\"Frascos de vidro de 100ml com tampas de corti\u00e7a.\" width=\"500\" height=\"500\" srcset=\"https:\/\/mostebglass.com\/wp-content\/uploads\/2025\/08\/100ml-glass-jars-with-cork-lids.webp 1024w, https:\/\/mostebglass.com\/wp-content\/uploads\/2025\/08\/100ml-glass-jars-with-cork-lids-768x768.webp 768w, https:\/\/mostebglass.com\/wp-content\/uploads\/2025\/08\/100ml-glass-jars-with-cork-lids-12x12.webp 12w, https:\/\/mostebglass.com\/wp-content\/uploads\/2025\/08\/100ml-glass-jars-with-cork-lids-300x300.webp 300w, https:\/\/mostebglass.com\/wp-content\/uploads\/2025\/08\/100ml-glass-jars-with-cork-lids-600x600.webp 600w, https:\/\/mostebglass.com\/wp-content\/uploads\/2025\/08\/100ml-glass-jars-with-cork-lids-100x100.webp 100w\" sizes=\"(max-width: 500px) 100vw, 500px\" \/><figcaption id=\"caption-attachment-4430\" class=\"wp-caption-text\">Frascos de vidro de 100ml<\/figcaption><\/figure>\n<h2>Ideias de personaliza\u00e7\u00e3o para voc\u00ea<\/h2>\n<ol>\n<li><strong>Est\u00eancil de textura sazonal:<\/strong>Aplique a textura personalizada (por exemplo, flocos de neve para o inverno, flocos de neve ou flores para a primavera) em vidro usando revestimentos resistentes ao calor. Ideal para potes de vela \u00e2mbar na cole\u00e7\u00e3o de velas sazonais ou para venda de velas no atacado.<\/li>\n<li><strong>Inser\u00e7\u00f5es de corti\u00e7a com a marca:<\/strong> Aplica\u00e7\u00e3o de laser para um toque de alta qualidade na embalagem de velas por atacado, desde a tampa de corti\u00e7a at\u00e9 o logotipo ou padr\u00e3o.<\/li>\n<\/ol>\n<p>&nbsp;<\/p>","protected":false},"excerpt":{"rendered":"<p>Potes de vidro vers\u00e1teis, pequenos, com tampas de corti\u00e7a, ideais para velas, armazenamento, temperos e embalagens decorativas. Solu\u00e7\u00f5es personalizadas para varejo e atacado.<\/p>","protected":false},"featured_media":4431,"template":"","meta":{"site-sidebar-layout":"default","site-content-layout":"","ast-site-content-layout":"default","site-content-style":"default","site-sidebar-style":"default","ast-global-header-display":"","ast-banner-title-visibility":"","ast-main-header-display":"","ast-hfb-above-header-display":"","ast-hfb-below-header-display":"","ast-hfb-mobile-header-display":"","site-post-title":"","ast-breadcrumbs-content":"","ast-featured-img":"","footer-sml-layout":"","theme-transparent-header-meta":"default","adv-header-id-meta":"","stick-header-meta":"","header-above-stick-meta":"","header-main-stick-meta":"","header-below-stick-meta":"","astra-migrate-meta-layouts":"set","ast-page-background-enabled":"default","ast-page-background-meta":{"desktop":{"background-color":"var(--ast-global-color-5)","background-image":"","background-repeat":"repeat","background-position":"center center","background-size":"auto","background-attachment":"scroll","background-type":"","background-media":"","overlay-type":"","overlay-color":"","overlay-opacity":"","overlay-gradient":""},"tablet":{"background-color":"","background-image":"","background-repeat":"repeat","background-position":"center center","background-size":"auto","background-attachment":"scroll","background-type":"","background-media":"","overlay-type":"","overlay-color":"","overlay-opacity":"","overlay-gradient":""},"mobile":{"background-color":"","background-image":"","background-repeat":"repeat","background-position":"center center","background-size":"auto","background-attachment":"scroll","background-type":"","background-media":"","overlay-type":"","overlay-color":"","overlay-opacity":"","overlay-gradient":""}},"ast-content-background-meta":{"desktop":{"background-color":"var(--ast-global-color-4)","background-image":"","background-repeat":"repeat","background-position":"center center","background-size":"auto","background-attachment":"scroll","background-type":"","background-media":"","overlay-type":"","overlay-color":"","overlay-opacity":"","overlay-gradient":""},"tablet":{"background-color":"var(--ast-global-color-4)","background-image":"","background-repeat":"repeat","background-position":"center center","background-size":"auto","background-attachment":"scroll","background-type":"","background-media":"","overlay-type":"","overlay-color":"","overlay-opacity":"","overlay-gradient":""},"mobile":{"background-color":"var(--ast-global-color-4)","background-image":"","background-repeat":"repeat","background-position":"center center","background-size":"auto","background-attachment":"scroll","background-type":"","background-media":"","overlay-type":"","overlay-color":"","overlay-opacity":"","overlay-gradient":""}}},"product_brand":[],"product_cat":[28,21],"product_tag":[],"class_list":{"0":"post-717","1":"product","2":"type-product","3":"status-publish","4":"has-post-thumbnail","6":"product_cat-glass-candle-jars","7":"product_cat-product","8":"desktop-align-left","9":"tablet-align-left","10":"mobile-align-left","12":"first","13":"instock","14":"shipping-taxable","15":"product-type-simple"},"jetpack_sharing_enabled":true,"_links":{"self":[{"href":"https:\/\/mostebglass.com\/pt\/wp-json\/wp\/v2\/product\/717","targetHints":{"allow":["GET"]}}],"collection":[{"href":"https:\/\/mostebglass.com\/pt\/wp-json\/wp\/v2\/product"}],"about":[{"href":"https:\/\/mostebglass.com\/pt\/wp-json\/wp\/v2\/types\/product"}],"wp:featuredmedia":[{"embeddable":true,"href":"https:\/\/mostebglass.com\/pt\/wp-json\/wp\/v2\/media\/4431"}],"wp:attachment":[{"href":"https:\/\/mostebglass.com\/pt\/wp-json\/wp\/v2\/media?parent=717"}],"wp:term":[{"taxonomy":"product_brand","embeddable":true,"href":"https:\/\/mostebglass.com\/pt\/wp-json\/wp\/v2\/product_brand?post=717"},{"taxonomy":"product_cat","embeddable":true,"href":"https:\/\/mostebglass.com\/pt\/wp-json\/wp\/v2\/product_cat?post=717"},{"taxonomy":"product_tag","embeddable":true,"href":"https:\/\/mostebglass.com\/pt\/wp-json\/wp\/v2\/product_tag?post=717"}],"curies":[{"name":"wp","href":"https:\/\/api.w.org\/{rel}","templated":true}]}}