{"id":760,"date":"2025-08-22T08:49:51","date_gmt":"2025-08-22T00:49:51","guid":{"rendered":"https:\/\/mostebglass.com\/?post_type=product&#038;p=760"},"modified":"2026-05-15T16:54:54","modified_gmt":"2026-05-15T08:54:54","slug":"glass-reed-diffuser-containers-with-ribbed-bulk","status":"publish","type":"product","link":"https:\/\/mostebglass.com\/pt\/glass-reed-diffuser-containers-with-ribbed-bulk\/","title":{"rendered":"100ml 200ml Glass Reed Diffuser Containers with Ribbed Bulk"},"content":{"rendered":"<p>Trata-se de um conjunto de frascos de perfume de vidro (100 ml e 200 ml) que, por exemplo, serve como recipiente para difusor de varetas. Apresentam um formato cil\u00edndrico organizado, cuja base oval proporciona estabilidade. Os corpos de vidro possuem textura canelada vertical, conferindo um aspecto refinado e linear, al\u00e9m de contribu\u00edrem para a maior reflex\u00e3o da luz devido ao l\u00edquido colorido em seu interior.<\/p>\n<h2>Anexos<\/h2>\n<p>As rolhas em forma de T dos frascos tamb\u00e9m possuem acabamento dourado, criando um contraste elegante e sofisticado com o vidro transparente. Diversas varetas de difus\u00e3o podem ser encontradas na abertura, com o objetivo de espalhar bem os aromas. A rolha e a tampa, cuidadosamente encaixadas, contribuem para uma apar\u00eancia elegante e requintada, posicionando os frascos como difusores de alta qualidade.<\/p>\n<h2>Aplicativo<\/h2>\n<p>Esses luxuosos frascos difusores podem ser usados \u200b\u200bem perfumarias dom\u00e9sticas como difusores de varetas. Al\u00e9m disso, tamb\u00e9m podem ser usados \u200b\u200bcomo um pequeno vaso de flores em recipientes decorativos. S\u00e3o comumente utilizados em resid\u00eancias, estabelecimentos de hotelaria e lojas de artigos de luxo. O vidro texturizado e a tampa met\u00e1lica se combinam para garantir que cada difusor de varetas tenha um recipiente elegante que possa ser exibido de forma decorativa e assegure a libera\u00e7\u00e3o cont\u00ednua da fragr\u00e2ncia.<\/p>\n<h2>Caso de sucesso<\/h2>\n<p>A French home fragrance company had to find a good packaging solution for its all-new high-end aromatherapy line. The client after a careful inspection of many suppliers chose one of our geometrically shaped glass diffuser bottles. The bottles were customised with bespoke spray-painted finishes in smoky gray and amber colours, to complement the company\u2019s unique fragrance lines. In addition, the client had a custom silk-screen print process for their brand logo and a thicker black fiber diffuser reed as well as electroplated gold neck rings to create a very polished and sophisticated look.<\/p>\n<p>Since launching this new collection, the client has seen a 35% uplift in sales of their premium fragrance category in the first quarter alone. These luxury diffuser bottles were met with a very positive response and reviews from both the distributors and online consumers and the brand subsequently made continuous orders for these items, thereby expanding the product line with limited edition seasonal releases.<\/p>\n<h2>Como personalizar o seu?<\/h2>\n<p>Voc\u00ea tem op\u00e7\u00f5es \u2014 e n\u00f3s vamos te ajudar a acertar em cada detalhe.<\/p>\n<ul>\n<li>Acabamentos especiais: Experimente vidro fosco, tampas coloridas ou at\u00e9 mesmo impress\u00e3o em dois tons para um visual diferenciado.<\/li>\n<li>Cor do frasco: Troque o vidro transparente por vidro fum\u00ea preto, azul oceano ou \u00e2mbar suave. O vidro escuro do difusor reduz o risco de exposi\u00e7\u00e3o \u00e0 luz e preserva a qualidade do \u00f3leo.<\/li>\n<li>Tamanho: Escolha 40ml para amostras, 100ml para venda a retalho padr\u00e3o ou 200ml para conjuntos de oferta premium.<\/li>\n<li>Logotipo e identidade visual: Imprima seu logotipo diretamente no vidro ou use etiquetas personalizadas.<\/li>\n<\/ul>\n<p>Esses frascos difusores no atacado n\u00e3o s\u00e3o apenas recipientes. Eles representam a primeira impress\u00e3o da sua marca. Fa\u00e7a com que ela conte.<\/p>","protected":false},"excerpt":{"rendered":"<p>The reed diffuser containers with ribbed glass, and gold stopper. These luxury diffuser bottles Ideal for brands and fragrance lines. Free samples.<\/p>","protected":false},"featured_media":5337,"template":"","meta":{"site-sidebar-layout":"default","site-content-layout":"","ast-site-content-layout":"default","site-content-style":"default","site-sidebar-style":"default","ast-global-header-display":"","ast-banner-title-visibility":"","ast-main-header-display":"","ast-hfb-above-header-display":"","ast-hfb-below-header-display":"","ast-hfb-mobile-header-display":"","site-post-title":"","ast-breadcrumbs-content":"","ast-featured-img":"","footer-sml-layout":"","theme-transparent-header-meta":"default","adv-header-id-meta":"","stick-header-meta":"","header-above-stick-meta":"","header-main-stick-meta":"","header-below-stick-meta":"","astra-migrate-meta-layouts":"set","ast-page-background-enabled":"default","ast-page-background-meta":{"desktop":{"background-color":"var(--ast-global-color-5)","background-image":"","background-repeat":"repeat","background-position":"center center","background-size":"auto","background-attachment":"scroll","background-type":"","background-media":"","overlay-type":"","overlay-color":"","overlay-opacity":"","overlay-gradient":""},"tablet":{"background-color":"","background-image":"","background-repeat":"repeat","background-position":"center center","background-size":"auto","background-attachment":"scroll","background-type":"","background-media":"","overlay-type":"","overlay-color":"","overlay-opacity":"","overlay-gradient":""},"mobile":{"background-color":"","background-image":"","background-repeat":"repeat","background-position":"center center","background-size":"auto","background-attachment":"scroll","background-type":"","background-media":"","overlay-type":"","overlay-color":"","overlay-opacity":"","overlay-gradient":""}},"ast-content-background-meta":{"desktop":{"background-color":"var(--ast-global-color-4)","background-image":"","background-repeat":"repeat","background-position":"center center","background-size":"auto","background-attachment":"scroll","background-type":"","background-media":"","overlay-type":"","overlay-color":"","overlay-opacity":"","overlay-gradient":""},"tablet":{"background-color":"var(--ast-global-color-4)","background-image":"","background-repeat":"repeat","background-position":"center center","background-size":"auto","background-attachment":"scroll","background-type":"","background-media":"","overlay-type":"","overlay-color":"","overlay-opacity":"","overlay-gradient":""},"mobile":{"background-color":"var(--ast-global-color-4)","background-image":"","background-repeat":"repeat","background-position":"center center","background-size":"auto","background-attachment":"scroll","background-type":"","background-media":"","overlay-type":"","overlay-color":"","overlay-opacity":"","overlay-gradient":""}}},"product_brand":[],"product_cat":[54,21],"product_tag":[],"class_list":{"0":"post-760","1":"product","2":"type-product","3":"status-publish","4":"has-post-thumbnail","6":"product_cat-reed-diffuser-bottles","7":"product_cat-product","8":"desktop-align-left","9":"tablet-align-left","10":"mobile-align-left","12":"first","13":"instock","14":"shipping-taxable","15":"product-type-simple"},"jetpack_sharing_enabled":true,"_links":{"self":[{"href":"https:\/\/mostebglass.com\/pt\/wp-json\/wp\/v2\/product\/760","targetHints":{"allow":["GET"]}}],"collection":[{"href":"https:\/\/mostebglass.com\/pt\/wp-json\/wp\/v2\/product"}],"about":[{"href":"https:\/\/mostebglass.com\/pt\/wp-json\/wp\/v2\/types\/product"}],"wp:featuredmedia":[{"embeddable":true,"href":"https:\/\/mostebglass.com\/pt\/wp-json\/wp\/v2\/media\/5337"}],"wp:attachment":[{"href":"https:\/\/mostebglass.com\/pt\/wp-json\/wp\/v2\/media?parent=760"}],"wp:term":[{"taxonomy":"product_brand","embeddable":true,"href":"https:\/\/mostebglass.com\/pt\/wp-json\/wp\/v2\/product_brand?post=760"},{"taxonomy":"product_cat","embeddable":true,"href":"https:\/\/mostebglass.com\/pt\/wp-json\/wp\/v2\/product_cat?post=760"},{"taxonomy":"product_tag","embeddable":true,"href":"https:\/\/mostebglass.com\/pt\/wp-json\/wp\/v2\/product_tag?post=760"}],"curies":[{"name":"wp","href":"https:\/\/api.w.org\/{rel}","templated":true}]}}