{"id":805,"date":"2025-08-22T17:00:16","date_gmt":"2025-08-22T09:00:16","guid":{"rendered":"https:\/\/mostebglass.com\/?post_type=product&#038;p=805"},"modified":"2026-03-16T16:09:15","modified_gmt":"2026-03-16T08:09:15","slug":"diffuser-glass-bottle-with-diamond-pattern-bulk","status":"publish","type":"product","link":"https:\/\/mostebglass.com\/pt\/diffuser-glass-bottle-with-diamond-pattern-bulk\/","title":{"rendered":"Frasco difusor de vidro de 200ml com padr\u00e3o de diamante (a granel)"},"content":{"rendered":"<p>Procurando um frasco de vidro sofisticado para difusor? Este frasco de vidro transparente apresenta um formato elegante e arredondado. \u00c9 decorado com um delicado padr\u00e3o de diamante e possui um gargalo estreito. \u00c9 vers\u00e1til o suficiente para atender a todas as suas necessidades de aromaterapia e \u00e9 perfeito como difusor de varetas ou para uso em outros difusores.<\/p>\n<h2>Caracter\u00edsticas do produto<\/h2>\n<ul>\n<li><strong>Formato cl\u00e1ssico:<\/strong> O gargalo fino e elegante cria um formato sofisticado que complementa diversos estilos de aromaterapia e fica lindo exposto.<\/li>\n<li><strong>Design de diamante texturizado:<\/strong> O padr\u00e3o em diamante adiciona um toque de sofistica\u00e7\u00e3o, fazendo com que esses difusores de varetas se destaquem na prateleira.<\/li>\n<li><strong>Vidro Premium:<\/strong> Fabricados em vidro de alta qualidade, estes frascos difusores s\u00e3o dur\u00e1veis \u200b\u200be elegantes, valorizando qualquer embalagem de aromaterapia.<\/li>\n<\/ul>\n<h2>Hist\u00f3rias de sucesso<\/h2>\n<p>Nosso frasco difusor de 200ml foi escolhido por uma empresa francesa de perfumes devido ao seu design com textura cristalina. O frasco \u00e9 feito de vidro de alta transpar\u00eancia e refinado com uma grava\u00e7\u00e3o em relevo facetada e profunda, projetada para maximizar a refra\u00e7\u00e3o da luz. Possui um colarinho de alum\u00ednio banhado a ouro e varetas difusoras de fibra preta; o logotipo da marca tamb\u00e9m est\u00e1 impresso em branco no ombro do frasco.<\/p>\n<p>Ap\u00f3s o lan\u00e7amento oficial, o produto registrou um crescimento fenomenal nas vendas, de 38% durante a temporada. Posteriormente, o cliente fez cinco pedidos consecutivos em grande quantidade no primeiro ano de lan\u00e7amento do produto.<\/p>\n<h2>Deseja personalizar? Veja por onde come\u00e7ar.<\/h2>\n<ul>\n<li>Jogo de cores: Alterne entre transparente, preto, azul ou tonalidades personalizadas.<\/li>\n<li>Estilos de tampas: Escolha madeira, metal ou bambu \u2014 cada um transmite uma vibra\u00e7\u00e3o diferente.<\/li>\n<li>Ajustes de tamanho: Embora o frasco de 200ml seja o preferido do p\u00fablico, voc\u00ea pode ajustar as capacidades em grandes quantidades para oferecer variedade \u2014 100ml para kits de viagem ou 300ml para uso dom\u00e9stico em maior quantidade. Combine-os em um conjunto para aumentar as vendas de seus suprimentos para difusor.<\/li>\n<\/ul>\n<p>Essas garrafas difusoras a granel n\u00e3o s\u00e3o apenas funcionais. Elas representam o primeiro contato com a sua marca.<\/p>","protected":false},"excerpt":{"rendered":"<p>Frascos difusores e frascos de vidro difusores em grandes quantidades para venda por atacado. Qualidade premium, personaliz\u00e1veis, descontos para compras em grande quantidade dispon\u00edveis para o seu neg\u00f3cio.<\/p>","protected":false},"featured_media":4786,"template":"","meta":{"site-sidebar-layout":"default","site-content-layout":"","ast-site-content-layout":"default","site-content-style":"default","site-sidebar-style":"default","ast-global-header-display":"","ast-banner-title-visibility":"","ast-main-header-display":"","ast-hfb-above-header-display":"","ast-hfb-below-header-display":"","ast-hfb-mobile-header-display":"","site-post-title":"","ast-breadcrumbs-content":"","ast-featured-img":"","footer-sml-layout":"","theme-transparent-header-meta":"default","adv-header-id-meta":"","stick-header-meta":"","header-above-stick-meta":"","header-main-stick-meta":"","header-below-stick-meta":"","astra-migrate-meta-layouts":"set","ast-page-background-enabled":"default","ast-page-background-meta":{"desktop":{"background-color":"var(--ast-global-color-5)","background-image":"","background-repeat":"repeat","background-position":"center center","background-size":"auto","background-attachment":"scroll","background-type":"","background-media":"","overlay-type":"","overlay-color":"","overlay-opacity":"","overlay-gradient":""},"tablet":{"background-color":"","background-image":"","background-repeat":"repeat","background-position":"center center","background-size":"auto","background-attachment":"scroll","background-type":"","background-media":"","overlay-type":"","overlay-color":"","overlay-opacity":"","overlay-gradient":""},"mobile":{"background-color":"","background-image":"","background-repeat":"repeat","background-position":"center center","background-size":"auto","background-attachment":"scroll","background-type":"","background-media":"","overlay-type":"","overlay-color":"","overlay-opacity":"","overlay-gradient":""}},"ast-content-background-meta":{"desktop":{"background-color":"var(--ast-global-color-4)","background-image":"","background-repeat":"repeat","background-position":"center center","background-size":"auto","background-attachment":"scroll","background-type":"","background-media":"","overlay-type":"","overlay-color":"","overlay-opacity":"","overlay-gradient":""},"tablet":{"background-color":"var(--ast-global-color-4)","background-image":"","background-repeat":"repeat","background-position":"center center","background-size":"auto","background-attachment":"scroll","background-type":"","background-media":"","overlay-type":"","overlay-color":"","overlay-opacity":"","overlay-gradient":""},"mobile":{"background-color":"var(--ast-global-color-4)","background-image":"","background-repeat":"repeat","background-position":"center center","background-size":"auto","background-attachment":"scroll","background-type":"","background-media":"","overlay-type":"","overlay-color":"","overlay-opacity":"","overlay-gradient":""}}},"product_brand":[],"product_cat":[54],"product_tag":[],"class_list":{"0":"post-805","1":"product","2":"type-product","3":"status-publish","4":"has-post-thumbnail","6":"product_cat-reed-diffuser-bottles","7":"desktop-align-left","8":"tablet-align-left","9":"mobile-align-left","11":"first","12":"instock","13":"shipping-taxable","14":"product-type-simple"},"jetpack_sharing_enabled":true,"_links":{"self":[{"href":"https:\/\/mostebglass.com\/pt\/wp-json\/wp\/v2\/product\/805","targetHints":{"allow":["GET"]}}],"collection":[{"href":"https:\/\/mostebglass.com\/pt\/wp-json\/wp\/v2\/product"}],"about":[{"href":"https:\/\/mostebglass.com\/pt\/wp-json\/wp\/v2\/types\/product"}],"wp:featuredmedia":[{"embeddable":true,"href":"https:\/\/mostebglass.com\/pt\/wp-json\/wp\/v2\/media\/4786"}],"wp:attachment":[{"href":"https:\/\/mostebglass.com\/pt\/wp-json\/wp\/v2\/media?parent=805"}],"wp:term":[{"taxonomy":"product_brand","embeddable":true,"href":"https:\/\/mostebglass.com\/pt\/wp-json\/wp\/v2\/product_brand?post=805"},{"taxonomy":"product_cat","embeddable":true,"href":"https:\/\/mostebglass.com\/pt\/wp-json\/wp\/v2\/product_cat?post=805"},{"taxonomy":"product_tag","embeddable":true,"href":"https:\/\/mostebglass.com\/pt\/wp-json\/wp\/v2\/product_tag?post=805"}],"curies":[{"name":"wp","href":"https:\/\/api.w.org\/{rel}","templated":true}]}}