{"id":823,"date":"2025-08-25T08:40:08","date_gmt":"2025-08-25T00:40:08","guid":{"rendered":"https:\/\/mostebglass.com\/?post_type=product&#038;p=823"},"modified":"2026-03-06T17:54:45","modified_gmt":"2026-03-06T09:54:45","slug":"frascos-difusores-de-vidro-transparente-para-fragrancias-a-granel-com-ranhuras","status":"publish","type":"product","link":"https:\/\/mostebglass.com\/pt\/bulk-clear-fragrance-glass-diffuser-bottles-with-grooves\/","title":{"rendered":"Frascos de vidro transparente para difusor de fragr\u00e2ncias, com ranhuras, tamanhos 110ml e 130ml (embalagem a granel)."},"content":{"rendered":"<p>Conhe\u00e7a os seus pr\u00f3ximos frascos difusores de vidro transparente mais vendidos: elegantes frascos cil\u00edndricos de vidro transparente com uma delicada textura ranhurada na vertical. O gargalo estreito e a boca rosqueada garantem um encaixe seguro para tampas e difusores de varetas. Seja para adquirir suprimentos para uma nova linha ou para ampliar sua cole\u00e7\u00e3o de acess\u00f3rios para difusores, estes frascos difusores de fragr\u00e2ncias s\u00e3o pr\u00e1ticos e t\u00eam um design incr\u00edvel.<\/p>\n<h2>Caracter\u00edsticas do produto<\/h2>\n<ul>\n<li><strong>Clareza e brilho premium:<\/strong> Nossos frascos difusores de vidro transparente oferecem uma vis\u00e3o n\u00edtida da sua fragr\u00e2ncia, com clareza cristalina e acabamento de alto brilho.<\/li>\n<li><strong>Textura aderente e visual elegante:<\/strong> The vertical grooves of the bottle serve a purpose, and that is tactile appeal and helps the consumer hold the scent diffuser with sticks.w<\/li>\n<li><strong>Forma simples:<\/strong> Formato cil\u00edndrico com gargalo estreito, linhas limpas e suaves, adequado para diversos estilos de decora\u00e7\u00e3o, e que se integra perfeitamente a qualquer ambiente.<\/li>\n<\/ul>\n<h2>Sucesso real, resultados reais<\/h2>\n<p>Uma marca lan\u00e7ou uma nova linha de difusores de lavanda e baunilha no tamanho de 130ml. Optaram por um frasco de vidro laqueado preto fosco com tampa de alum\u00ednio dourado escovado e rattan natural. A parte frontal do frasco apresenta um elegante logotipo impresso em serigrafia. Em tr\u00eas meses, a linha de difusores esgotou em duas grandes redes de boutiques. O motivo? Os frascos t\u00eam um aspecto sofisticado e requintado. Os lojistas afirmam que os clientes os escolhem em primeiro lugar, gra\u00e7as \u00e0 textura e \u00e0 transpar\u00eancia do vidro.<\/p>\n<h2>Como personalizar esses frascos difusores de vidro<\/h2>\n<p>Vamos personalizar este difusor para voc\u00ea. Veja como:<\/p>\n<ul>\n<li>Combina\u00e7\u00e3o de cores: Escolha entre um difusor cl\u00e1ssico ou opte por uma paleta de cores ousada. Oferecemos cores personalizadas (fum\u00ea, s\u00e1lvia, \u00e2mbar, degrad\u00ea, etc.) e acabamentos fosco\/acetinado.<\/li>\n<li>Combina\u00e7\u00e3o de tampas: Escolha entre tampas com imita\u00e7\u00e3o de madeira, alum\u00ednio, bambu ou rattan de madeira verdadeira. Deseja um toque de luxo? Uma tampa magn\u00e9tica pode ser adicionada.<\/li>\n<li>Tamanhos flex\u00edveis: Os tamanhos padr\u00e3o s\u00e3o 110ml e 130ml, mas oferecemos tamanhos ajust\u00e1veis \u200b\u200bpara pedidos em grandes quantidades no atacado.<\/li>\n<li>Adicione seu logotipo por meio de serigrafia ou relevo para difusores de vidro personalizados.<\/li>\n<li>Embalagem: Oferecemos op\u00e7\u00f5es de embalagens ecol\u00f3gicas para aromaterapia, incluindo caixas de papel\u00e3o reciclado e embalagens biodegrad\u00e1veis, ideais para marcas sustent\u00e1veis.<\/li>\n<\/ul>\n<p>Esses n\u00e3o s\u00e3o apenas recipientes para aromaterapia; s\u00e3o ferramentas para fortalecer sua marca. Ao comprar frascos para difusores de fragr\u00e2ncias no atacado conosco, voc\u00ea adquire mais do que apenas frascos de vidro; voc\u00ea ganha um parceiro de design.<\/p>","protected":false},"excerpt":{"rendered":"<p>Frascos de vidro para difusores e frascos para difusores de fragr\u00e2ncias no atacado. Direto da f\u00e1brica, designs personaliz\u00e1veis, fornecimento em grandes quantidades com amostras gr\u00e1tis para marcas de fragr\u00e2ncias.<\/p>","protected":false},"featured_media":4652,"template":"","meta":{"site-sidebar-layout":"default","site-content-layout":"","ast-site-content-layout":"default","site-content-style":"default","site-sidebar-style":"default","ast-global-header-display":"","ast-banner-title-visibility":"","ast-main-header-display":"","ast-hfb-above-header-display":"","ast-hfb-below-header-display":"","ast-hfb-mobile-header-display":"","site-post-title":"","ast-breadcrumbs-content":"","ast-featured-img":"","footer-sml-layout":"","theme-transparent-header-meta":"default","adv-header-id-meta":"","stick-header-meta":"","header-above-stick-meta":"","header-main-stick-meta":"","header-below-stick-meta":"","astra-migrate-meta-layouts":"set","ast-page-background-enabled":"default","ast-page-background-meta":{"desktop":{"background-color":"var(--ast-global-color-5)","background-image":"","background-repeat":"repeat","background-position":"center center","background-size":"auto","background-attachment":"scroll","background-type":"","background-media":"","overlay-type":"","overlay-color":"","overlay-opacity":"","overlay-gradient":""},"tablet":{"background-color":"","background-image":"","background-repeat":"repeat","background-position":"center center","background-size":"auto","background-attachment":"scroll","background-type":"","background-media":"","overlay-type":"","overlay-color":"","overlay-opacity":"","overlay-gradient":""},"mobile":{"background-color":"","background-image":"","background-repeat":"repeat","background-position":"center center","background-size":"auto","background-attachment":"scroll","background-type":"","background-media":"","overlay-type":"","overlay-color":"","overlay-opacity":"","overlay-gradient":""}},"ast-content-background-meta":{"desktop":{"background-color":"var(--ast-global-color-4)","background-image":"","background-repeat":"repeat","background-position":"center center","background-size":"auto","background-attachment":"scroll","background-type":"","background-media":"","overlay-type":"","overlay-color":"","overlay-opacity":"","overlay-gradient":""},"tablet":{"background-color":"var(--ast-global-color-4)","background-image":"","background-repeat":"repeat","background-position":"center center","background-size":"auto","background-attachment":"scroll","background-type":"","background-media":"","overlay-type":"","overlay-color":"","overlay-opacity":"","overlay-gradient":""},"mobile":{"background-color":"var(--ast-global-color-4)","background-image":"","background-repeat":"repeat","background-position":"center center","background-size":"auto","background-attachment":"scroll","background-type":"","background-media":"","overlay-type":"","overlay-color":"","overlay-opacity":"","overlay-gradient":""}}},"product_brand":[],"product_cat":[54],"product_tag":[],"class_list":{"0":"post-823","1":"product","2":"type-product","3":"status-publish","4":"has-post-thumbnail","6":"product_cat-reed-diffuser-bottles","7":"desktop-align-left","8":"tablet-align-left","9":"mobile-align-left","11":"first","12":"instock","13":"shipping-taxable","14":"product-type-simple"},"jetpack_sharing_enabled":true,"_links":{"self":[{"href":"https:\/\/mostebglass.com\/pt\/wp-json\/wp\/v2\/product\/823","targetHints":{"allow":["GET"]}}],"collection":[{"href":"https:\/\/mostebglass.com\/pt\/wp-json\/wp\/v2\/product"}],"about":[{"href":"https:\/\/mostebglass.com\/pt\/wp-json\/wp\/v2\/types\/product"}],"wp:featuredmedia":[{"embeddable":true,"href":"https:\/\/mostebglass.com\/pt\/wp-json\/wp\/v2\/media\/4652"}],"wp:attachment":[{"href":"https:\/\/mostebglass.com\/pt\/wp-json\/wp\/v2\/media?parent=823"}],"wp:term":[{"taxonomy":"product_brand","embeddable":true,"href":"https:\/\/mostebglass.com\/pt\/wp-json\/wp\/v2\/product_brand?post=823"},{"taxonomy":"product_cat","embeddable":true,"href":"https:\/\/mostebglass.com\/pt\/wp-json\/wp\/v2\/product_cat?post=823"},{"taxonomy":"product_tag","embeddable":true,"href":"https:\/\/mostebglass.com\/pt\/wp-json\/wp\/v2\/product_tag?post=823"}],"curies":[{"name":"wp","href":"https:\/\/api.w.org\/{rel}","templated":true}]}}